{"id":6289,"date":"2025-09-05T11:55:14","date_gmt":"2025-09-05T08:55:14","guid":{"rendered":"https:\/\/4sezonai.lt\/instructions-for-deleting-personal-data\/"},"modified":"2025-11-06T18:16:28","modified_gmt":"2025-11-06T16:16:28","slug":"instructions-for-deleting-personal-data","status":"publish","type":"page","link":"https:\/\/4sezonai.lt\/en\/instructions-for-deleting-personal-data\/","title":{"rendered":"Instructions for deleting personal data"},"content":{"rendered":"\n<p>Season 4 takes user privacy very seriously. If you have used our app and wish to have your personal data deleted, please follow the steps below. <\/p>\n\n<h2 class=\"wp-block-heading\">Instructions for deleting personal data<\/h2>\n\n<p>To request deletion of your personal data:<\/p>\n\n<ol class=\"wp-block-list\">\n<li>Please send an email to <a>info@4sezonai.lt<\/a>with the subject line: &#8216; <strong>Data erasure request<\/strong>&#8216;. <\/li>\n\n\n\n<li>Include the following information in your letter:\n<ul class=\"wp-block-list\">\n<li>Your name and surname<\/li>\n\n\n\n<li>The email address associated with your account or use of the app <\/li>\n\n\n\n<li>Short description of the application (optional)<\/li>\n<\/ul>\n<\/li>\n<\/ol>\n\n<p>Our team will review and process your request within 7 working days. Once we have done so, we will confirm that your data has been deleted. <\/p>\n\n<h2 class=\"wp-block-heading\">Important information<\/h2>\n\n<ul class=\"wp-block-list\">\n<li>Once deleted, your data cannot be recovered.<\/li>\n\n\n\n<li>We may retain certain information if required to do so by legal or regulatory obligations.<\/li>\n<\/ul>\n\n<p><\/p>\n","protected":false},"excerpt":{"rendered":"<p>Season 4 takes user privacy very seriously. If you have used our app and wish to have your personal data deleted, please follow the steps below. Instructions for deleting personal data To request deletion of your personal data: Our team will review and process your request within 7 working days. Once we have done so, [&hellip;]<\/p>\n","protected":false},"author":35,"featured_media":0,"parent":0,"menu_order":0,"comment_status":"closed","ping_status":"closed","template":"","meta":{"_acf_changed":false,"wprm-recipe-roundup-name":"","wprm-recipe-roundup-description":"","footnotes":""},"class_list":["post-6289","page","type-page","status-publish","hentry"],"blocksy_meta":[],"acf":[],"yoast_head":"<!-- This site is optimized with the Yoast SEO plugin v25.5 - https:\/\/yoast.com\/wordpress\/plugins\/seo\/ -->\n<title>Instructions for deleting personal data - 4sezonai<\/title>\n<meta name=\"robots\" content=\"index, follow, max-snippet:-1, max-image-preview:large, max-video-preview:-1\" \/>\n<link rel=\"canonical\" href=\"https:\/\/4sezonai.lt\/en\/instructions-for-deleting-personal-data\/\" \/>\n<meta property=\"og:locale\" content=\"en_US\" \/>\n<meta property=\"og:type\" content=\"article\" \/>\n<meta property=\"og:title\" content=\"Instructions for deleting personal data - 4sezonai\" \/>\n<meta property=\"og:description\" content=\"Season 4 takes user privacy very seriously. If you have used our app and wish to have your personal data deleted, please follow the steps below. Instructions for deleting personal data To request deletion of your personal data: Our team will review and process your request within 7 working days. Once we have done so, [&hellip;]\" \/>\n<meta property=\"og:url\" content=\"https:\/\/4sezonai.lt\/en\/instructions-for-deleting-personal-data\/\" \/>\n<meta property=\"og:site_name\" content=\"4sezonai\" \/>\n<meta property=\"article:publisher\" content=\"https:\/\/www.facebook.com\/4sezonai.lt\" \/>\n<meta property=\"article:modified_time\" content=\"2025-11-06T16:16:28+00:00\" \/>\n<meta name=\"twitter:card\" content=\"summary_large_image\" \/>\n<meta name=\"twitter:label1\" content=\"Est. reading time\" \/>\n\t<meta name=\"twitter:data1\" content=\"1 minute\" \/>\n<script type=\"application\/ld+json\" class=\"yoast-schema-graph\">{\"@context\":\"https:\/\/schema.org\",\"@graph\":[{\"@type\":\"WebPage\",\"@id\":\"https:\/\/4sezonai.lt\/en\/instructions-for-deleting-personal-data\/\",\"url\":\"https:\/\/4sezonai.lt\/en\/instructions-for-deleting-personal-data\/\",\"name\":\"Instructions for deleting personal data - 4sezonai\",\"isPartOf\":{\"@id\":\"https:\/\/4sezonai.lt\/en\/#website\"},\"datePublished\":\"2025-09-05T08:55:14+00:00\",\"dateModified\":\"2025-11-06T16:16:28+00:00\",\"breadcrumb\":{\"@id\":\"https:\/\/4sezonai.lt\/en\/instructions-for-deleting-personal-data\/#breadcrumb\"},\"inLanguage\":\"en-US\",\"potentialAction\":[{\"@type\":\"ReadAction\",\"target\":[\"https:\/\/4sezonai.lt\/en\/instructions-for-deleting-personal-data\/\"]}]},{\"@type\":\"BreadcrumbList\",\"@id\":\"https:\/\/4sezonai.lt\/en\/instructions-for-deleting-personal-data\/#breadcrumb\",\"itemListElement\":[{\"@type\":\"ListItem\",\"position\":1,\"name\":\"Pagrindinis\",\"item\":\"https:\/\/4sezonai.lt\/en\/\"},{\"@type\":\"ListItem\",\"position\":2,\"name\":\"Instructions for deleting personal data\"}]},{\"@type\":\"WebSite\",\"@id\":\"https:\/\/4sezonai.lt\/en\/#website\",\"url\":\"https:\/\/4sezonai.lt\/en\/\",\"name\":\"4sezonai\",\"description\":\"Auk\u0161\u010diausios kokyb\u0117s liofilzuoti produktai\",\"publisher\":{\"@id\":\"https:\/\/4sezonai.lt\/en\/#organization\"},\"potentialAction\":[{\"@type\":\"SearchAction\",\"target\":{\"@type\":\"EntryPoint\",\"urlTemplate\":\"https:\/\/4sezonai.lt\/en\/?s={search_term_string}\"},\"query-input\":{\"@type\":\"PropertyValueSpecification\",\"valueRequired\":true,\"valueName\":\"search_term_string\"}}],\"inLanguage\":\"en-US\"},{\"@type\":\"Organization\",\"@id\":\"https:\/\/4sezonai.lt\/en\/#organization\",\"name\":\"4sezonai\",\"url\":\"https:\/\/4sezonai.lt\/en\/\",\"logo\":{\"@type\":\"ImageObject\",\"inLanguage\":\"en-US\",\"@id\":\"https:\/\/4sezonai.lt\/en\/#\/schema\/logo\/image\/\",\"url\":\"https:\/\/4sezonai.lt\/wp-content\/uploads\/2024\/04\/4-Sezonai-logotipas.png\",\"contentUrl\":\"https:\/\/4sezonai.lt\/wp-content\/uploads\/2024\/04\/4-Sezonai-logotipas.png\",\"width\":712,\"height\":712,\"caption\":\"4sezonai\"},\"image\":{\"@id\":\"https:\/\/4sezonai.lt\/en\/#\/schema\/logo\/image\/\"},\"sameAs\":[\"https:\/\/www.facebook.com\/4sezonai.lt\",\"https:\/\/www.instagram.com\/4sezonai_\/\"]}]}<\/script>\n<!-- \/ Yoast SEO plugin. -->","yoast_head_json":{"title":"Instructions for deleting personal data - 4sezonai","robots":{"index":"index","follow":"follow","max-snippet":"max-snippet:-1","max-image-preview":"max-image-preview:large","max-video-preview":"max-video-preview:-1"},"canonical":"https:\/\/4sezonai.lt\/en\/instructions-for-deleting-personal-data\/","og_locale":"en_US","og_type":"article","og_title":"Instructions for deleting personal data - 4sezonai","og_description":"Season 4 takes user privacy very seriously. If you have used our app and wish to have your personal data deleted, please follow the steps below. Instructions for deleting personal data To request deletion of your personal data: Our team will review and process your request within 7 working days. Once we have done so, [&hellip;]","og_url":"https:\/\/4sezonai.lt\/en\/instructions-for-deleting-personal-data\/","og_site_name":"4sezonai","article_publisher":"https:\/\/www.facebook.com\/4sezonai.lt","article_modified_time":"2025-11-06T16:16:28+00:00","twitter_card":"summary_large_image","twitter_misc":{"Est. reading time":"1 minute"},"schema":{"@context":"https:\/\/schema.org","@graph":[{"@type":"WebPage","@id":"https:\/\/4sezonai.lt\/en\/instructions-for-deleting-personal-data\/","url":"https:\/\/4sezonai.lt\/en\/instructions-for-deleting-personal-data\/","name":"Instructions for deleting personal data - 4sezonai","isPartOf":{"@id":"https:\/\/4sezonai.lt\/en\/#website"},"datePublished":"2025-09-05T08:55:14+00:00","dateModified":"2025-11-06T16:16:28+00:00","breadcrumb":{"@id":"https:\/\/4sezonai.lt\/en\/instructions-for-deleting-personal-data\/#breadcrumb"},"inLanguage":"en-US","potentialAction":[{"@type":"ReadAction","target":["https:\/\/4sezonai.lt\/en\/instructions-for-deleting-personal-data\/"]}]},{"@type":"BreadcrumbList","@id":"https:\/\/4sezonai.lt\/en\/instructions-for-deleting-personal-data\/#breadcrumb","itemListElement":[{"@type":"ListItem","position":1,"name":"Pagrindinis","item":"https:\/\/4sezonai.lt\/en\/"},{"@type":"ListItem","position":2,"name":"Instructions for deleting personal data"}]},{"@type":"WebSite","@id":"https:\/\/4sezonai.lt\/en\/#website","url":"https:\/\/4sezonai.lt\/en\/","name":"4sezonai","description":"Auk\u0161\u010diausios kokyb\u0117s liofilzuoti produktai","publisher":{"@id":"https:\/\/4sezonai.lt\/en\/#organization"},"potentialAction":[{"@type":"SearchAction","target":{"@type":"EntryPoint","urlTemplate":"https:\/\/4sezonai.lt\/en\/?s={search_term_string}"},"query-input":{"@type":"PropertyValueSpecification","valueRequired":true,"valueName":"search_term_string"}}],"inLanguage":"en-US"},{"@type":"Organization","@id":"https:\/\/4sezonai.lt\/en\/#organization","name":"4sezonai","url":"https:\/\/4sezonai.lt\/en\/","logo":{"@type":"ImageObject","inLanguage":"en-US","@id":"https:\/\/4sezonai.lt\/en\/#\/schema\/logo\/image\/","url":"https:\/\/4sezonai.lt\/wp-content\/uploads\/2024\/04\/4-Sezonai-logotipas.png","contentUrl":"https:\/\/4sezonai.lt\/wp-content\/uploads\/2024\/04\/4-Sezonai-logotipas.png","width":712,"height":712,"caption":"4sezonai"},"image":{"@id":"https:\/\/4sezonai.lt\/en\/#\/schema\/logo\/image\/"},"sameAs":["https:\/\/www.facebook.com\/4sezonai.lt","https:\/\/www.instagram.com\/4sezonai_\/"]}]}},"_links":{"self":[{"href":"https:\/\/4sezonai.lt\/en\/wp-json\/wp\/v2\/pages\/6289","targetHints":{"allow":["GET"]}}],"collection":[{"href":"https:\/\/4sezonai.lt\/en\/wp-json\/wp\/v2\/pages"}],"about":[{"href":"https:\/\/4sezonai.lt\/en\/wp-json\/wp\/v2\/types\/page"}],"author":[{"embeddable":true,"href":"https:\/\/4sezonai.lt\/en\/wp-json\/wp\/v2\/users\/35"}],"replies":[{"embeddable":true,"href":"https:\/\/4sezonai.lt\/en\/wp-json\/wp\/v2\/comments?post=6289"}],"version-history":[{"count":0,"href":"https:\/\/4sezonai.lt\/en\/wp-json\/wp\/v2\/pages\/6289\/revisions"}],"wp:attachment":[{"href":"https:\/\/4sezonai.lt\/en\/wp-json\/wp\/v2\/media?parent=6289"}],"curies":[{"name":"wp","href":"https:\/\/api.w.org\/{rel}","templated":true}]}}