{"id":6363,"date":"2024-11-09T14:11:52","date_gmt":"2024-11-09T12:11:52","guid":{"rendered":"https:\/\/4sezonai.lt\/produktas\/spice-set-aromas\/"},"modified":"2024-11-09T14:11:52","modified_gmt":"2024-11-09T12:11:52","slug":"spice-set-aromas","status":"publish","type":"product","link":"https:\/\/4sezonai.lt\/en\/product\/spice-set-aromas\/","title":{"rendered":"Spice set &#8220;Aromas&#8221;"},"content":{"rendered":"<p>This set is designed for those who appreciate natural flavours and aromas in their dishes.<\/p>\n<p>It includes:<\/p>\n<ul>\n<li><strong><a href=\"https:\/\/4sezonai.lt\/produktas\/liofilizuotu-citrinu-milteliai\/\">Freeze-dried lemon powder<\/a><\/strong><\/li>\n<li><strong><a href=\"https:\/\/4sezonai.lt\/produktas\/liofilizuotos-petrazoles\/\">Freeze-dried parsley<\/a><\/strong><\/li>\n<li><strong><a href=\"https:\/\/4sezonai.lt\/produktas\/liofilizuotu-cesnaku-gabaliukai\/\">Freeze-dried garlic pieces<\/a><\/strong><\/li>\n<li><strong><a href=\"https:\/\/4sezonai.lt\/produktas\/liofilizuotu-imbieru-milteliai\/\">Freeze-dried ginger powder<\/a><\/strong><\/li>\n<\/ul>\n<p>All the spices have an intense flavour and a distinctive aroma, and are ideal for a wide range of dishes, from marinades to sauces and soups.<\/p>\n<p>The set is packed in an elegant pink box with a window, tied with a blue ribbon and topped with silky blue paper inside. It is not only a functional spice set, but also a great gift that will impress with its aesthetics and practicality. <\/p>\n","protected":false},"excerpt":{"rendered":"<p>A fragrant gift for those who love natural flavours &#8211; aesthetically packaged.<br \/>\nIngredients: lemon powder, parsley, garlic pieces, ginger powder<br \/>\nAll spices freeze-dried &#8211; intense flavour and aroma<br \/>\nPacked in a pink box with a window, a ribbon and a silk paper<\/p>\n","protected":false},"featured_media":2762,"comment_status":"open","ping_status":"closed","template":"","meta":{"_acf_changed":false,"wprm-recipe-roundup-name":"","wprm-recipe-roundup-description":""},"product_brand":[],"product_cat":[348,344],"product_tag":[],"class_list":{"0":"post-6363","1":"product","2":"type-product","3":"status-publish","4":"has-post-thumbnail","6":"product_cat-gift-sets-2","7":"product_cat-uncategorized","9":"first","10":"instock","11":"shipping-taxable","12":"purchasable","13":"product-type-simple"},"acf":[],"yoast_head":"<!-- This site is optimized with the Yoast SEO plugin v25.5 - https:\/\/yoast.com\/wordpress\/plugins\/seo\/ -->\n<title>Spice set &quot;Aromas&quot; - 4sezonai<\/title>\n<meta name=\"robots\" content=\"index, follow, max-snippet:-1, max-image-preview:large, max-video-preview:-1\" \/>\n<link rel=\"canonical\" href=\"https:\/\/4sezonai.lt\/en\/product\/spice-set-aromas\/\" \/>\n<meta property=\"og:locale\" content=\"en_US\" \/>\n<meta property=\"og:type\" content=\"article\" \/>\n<meta property=\"og:title\" content=\"Spice set &quot;Aromas&quot; - 4sezonai\" \/>\n<meta property=\"og:description\" content=\"A fragrant gift for those who love natural flavours - aesthetically packaged. Ingredients: lemon powder, parsley, garlic pieces, ginger powder All spices freeze-dried - intense flavour and aroma Packed in a pink box with a window, a ribbon and a silk paper\" \/>\n<meta property=\"og:url\" content=\"https:\/\/4sezonai.lt\/en\/product\/spice-set-aromas\/\" \/>\n<meta property=\"og:site_name\" content=\"4sezonai\" \/>\n<meta property=\"article:publisher\" content=\"https:\/\/www.facebook.com\/4sezonai.lt\" \/>\n<meta property=\"og:image\" content=\"https:\/\/4sezonai.lt\/wp-content\/uploads\/2024\/11\/web-54.jpg\" \/>\n\t<meta property=\"og:image:width\" content=\"1024\" \/>\n\t<meta property=\"og:image:height\" content=\"1024\" \/>\n\t<meta property=\"og:image:type\" content=\"image\/jpeg\" \/>\n<meta name=\"twitter:card\" content=\"summary_large_image\" \/>\n<script type=\"application\/ld+json\" class=\"yoast-schema-graph\">{\"@context\":\"https:\/\/schema.org\",\"@graph\":[{\"@type\":\"WebPage\",\"@id\":\"https:\/\/4sezonai.lt\/en\/product\/spice-set-aromas\/\",\"url\":\"https:\/\/4sezonai.lt\/en\/product\/spice-set-aromas\/\",\"name\":\"Spice set \\\"Aromas\\\" - 4sezonai\",\"isPartOf\":{\"@id\":\"https:\/\/4sezonai.lt\/en\/#website\"},\"primaryImageOfPage\":{\"@id\":\"https:\/\/4sezonai.lt\/en\/product\/spice-set-aromas\/#primaryimage\"},\"image\":{\"@id\":\"https:\/\/4sezonai.lt\/en\/product\/spice-set-aromas\/#primaryimage\"},\"thumbnailUrl\":\"https:\/\/4sezonai.lt\/wp-content\/uploads\/2024\/11\/web-54.jpg\",\"datePublished\":\"2024-11-09T12:11:52+00:00\",\"breadcrumb\":{\"@id\":\"https:\/\/4sezonai.lt\/en\/product\/spice-set-aromas\/#breadcrumb\"},\"inLanguage\":\"en-US\",\"potentialAction\":[{\"@type\":\"ReadAction\",\"target\":[\"https:\/\/4sezonai.lt\/en\/product\/spice-set-aromas\/\"]}]},{\"@type\":\"ImageObject\",\"inLanguage\":\"en-US\",\"@id\":\"https:\/\/4sezonai.lt\/en\/product\/spice-set-aromas\/#primaryimage\",\"url\":\"https:\/\/4sezonai.lt\/wp-content\/uploads\/2024\/11\/web-54.jpg\",\"contentUrl\":\"https:\/\/4sezonai.lt\/wp-content\/uploads\/2024\/11\/web-54.jpg\",\"width\":1024,\"height\":1024,\"caption\":\"Freeze-dried spices set\"},{\"@type\":\"BreadcrumbList\",\"@id\":\"https:\/\/4sezonai.lt\/en\/product\/spice-set-aromas\/#breadcrumb\",\"itemListElement\":[{\"@type\":\"ListItem\",\"position\":1,\"name\":\"Pagrindinis\",\"item\":\"https:\/\/4sezonai.lt\/en\/\"},{\"@type\":\"ListItem\",\"position\":2,\"name\":\"Shop\",\"item\":\"https:\/\/4sezonai.lt\/en\/shop\/\"},{\"@type\":\"ListItem\",\"position\":3,\"name\":\"Spice set &#8222;Aromas&#8221;\"}]},{\"@type\":\"WebSite\",\"@id\":\"https:\/\/4sezonai.lt\/en\/#website\",\"url\":\"https:\/\/4sezonai.lt\/en\/\",\"name\":\"4sezonai\",\"description\":\"Auk\u0161\u010diausios kokyb\u0117s liofilzuoti produktai\",\"publisher\":{\"@id\":\"https:\/\/4sezonai.lt\/en\/#organization\"},\"potentialAction\":[{\"@type\":\"SearchAction\",\"target\":{\"@type\":\"EntryPoint\",\"urlTemplate\":\"https:\/\/4sezonai.lt\/en\/?s={search_term_string}\"},\"query-input\":{\"@type\":\"PropertyValueSpecification\",\"valueRequired\":true,\"valueName\":\"search_term_string\"}}],\"inLanguage\":\"en-US\"},{\"@type\":\"Organization\",\"@id\":\"https:\/\/4sezonai.lt\/en\/#organization\",\"name\":\"4sezonai\",\"url\":\"https:\/\/4sezonai.lt\/en\/\",\"logo\":{\"@type\":\"ImageObject\",\"inLanguage\":\"en-US\",\"@id\":\"https:\/\/4sezonai.lt\/en\/#\/schema\/logo\/image\/\",\"url\":\"https:\/\/4sezonai.lt\/wp-content\/uploads\/2024\/04\/4-Sezonai-logotipas.png\",\"contentUrl\":\"https:\/\/4sezonai.lt\/wp-content\/uploads\/2024\/04\/4-Sezonai-logotipas.png\",\"width\":712,\"height\":712,\"caption\":\"4sezonai\"},\"image\":{\"@id\":\"https:\/\/4sezonai.lt\/en\/#\/schema\/logo\/image\/\"},\"sameAs\":[\"https:\/\/www.facebook.com\/4sezonai.lt\",\"https:\/\/www.instagram.com\/4sezonai_\/\"]}]}<\/script>\n<!-- \/ Yoast SEO plugin. -->","yoast_head_json":{"title":"Spice set \"Aromas\" - 4sezonai","robots":{"index":"index","follow":"follow","max-snippet":"max-snippet:-1","max-image-preview":"max-image-preview:large","max-video-preview":"max-video-preview:-1"},"canonical":"https:\/\/4sezonai.lt\/en\/product\/spice-set-aromas\/","og_locale":"en_US","og_type":"article","og_title":"Spice set \"Aromas\" - 4sezonai","og_description":"A fragrant gift for those who love natural flavours - aesthetically packaged. Ingredients: lemon powder, parsley, garlic pieces, ginger powder All spices freeze-dried - intense flavour and aroma Packed in a pink box with a window, a ribbon and a silk paper","og_url":"https:\/\/4sezonai.lt\/en\/product\/spice-set-aromas\/","og_site_name":"4sezonai","article_publisher":"https:\/\/www.facebook.com\/4sezonai.lt","og_image":[{"width":1024,"height":1024,"url":"https:\/\/4sezonai.lt\/wp-content\/uploads\/2024\/11\/web-54.jpg","type":"image\/jpeg"}],"twitter_card":"summary_large_image","schema":{"@context":"https:\/\/schema.org","@graph":[{"@type":"WebPage","@id":"https:\/\/4sezonai.lt\/en\/product\/spice-set-aromas\/","url":"https:\/\/4sezonai.lt\/en\/product\/spice-set-aromas\/","name":"Spice set \"Aromas\" - 4sezonai","isPartOf":{"@id":"https:\/\/4sezonai.lt\/en\/#website"},"primaryImageOfPage":{"@id":"https:\/\/4sezonai.lt\/en\/product\/spice-set-aromas\/#primaryimage"},"image":{"@id":"https:\/\/4sezonai.lt\/en\/product\/spice-set-aromas\/#primaryimage"},"thumbnailUrl":"https:\/\/4sezonai.lt\/wp-content\/uploads\/2024\/11\/web-54.jpg","datePublished":"2024-11-09T12:11:52+00:00","breadcrumb":{"@id":"https:\/\/4sezonai.lt\/en\/product\/spice-set-aromas\/#breadcrumb"},"inLanguage":"en-US","potentialAction":[{"@type":"ReadAction","target":["https:\/\/4sezonai.lt\/en\/product\/spice-set-aromas\/"]}]},{"@type":"ImageObject","inLanguage":"en-US","@id":"https:\/\/4sezonai.lt\/en\/product\/spice-set-aromas\/#primaryimage","url":"https:\/\/4sezonai.lt\/wp-content\/uploads\/2024\/11\/web-54.jpg","contentUrl":"https:\/\/4sezonai.lt\/wp-content\/uploads\/2024\/11\/web-54.jpg","width":1024,"height":1024,"caption":"Freeze-dried spices set"},{"@type":"BreadcrumbList","@id":"https:\/\/4sezonai.lt\/en\/product\/spice-set-aromas\/#breadcrumb","itemListElement":[{"@type":"ListItem","position":1,"name":"Pagrindinis","item":"https:\/\/4sezonai.lt\/en\/"},{"@type":"ListItem","position":2,"name":"Shop","item":"https:\/\/4sezonai.lt\/en\/shop\/"},{"@type":"ListItem","position":3,"name":"Spice set &#8222;Aromas&#8221;"}]},{"@type":"WebSite","@id":"https:\/\/4sezonai.lt\/en\/#website","url":"https:\/\/4sezonai.lt\/en\/","name":"4sezonai","description":"Auk\u0161\u010diausios kokyb\u0117s liofilzuoti produktai","publisher":{"@id":"https:\/\/4sezonai.lt\/en\/#organization"},"potentialAction":[{"@type":"SearchAction","target":{"@type":"EntryPoint","urlTemplate":"https:\/\/4sezonai.lt\/en\/?s={search_term_string}"},"query-input":{"@type":"PropertyValueSpecification","valueRequired":true,"valueName":"search_term_string"}}],"inLanguage":"en-US"},{"@type":"Organization","@id":"https:\/\/4sezonai.lt\/en\/#organization","name":"4sezonai","url":"https:\/\/4sezonai.lt\/en\/","logo":{"@type":"ImageObject","inLanguage":"en-US","@id":"https:\/\/4sezonai.lt\/en\/#\/schema\/logo\/image\/","url":"https:\/\/4sezonai.lt\/wp-content\/uploads\/2024\/04\/4-Sezonai-logotipas.png","contentUrl":"https:\/\/4sezonai.lt\/wp-content\/uploads\/2024\/04\/4-Sezonai-logotipas.png","width":712,"height":712,"caption":"4sezonai"},"image":{"@id":"https:\/\/4sezonai.lt\/en\/#\/schema\/logo\/image\/"},"sameAs":["https:\/\/www.facebook.com\/4sezonai.lt","https:\/\/www.instagram.com\/4sezonai_\/"]}]}},"_links":{"self":[{"href":"https:\/\/4sezonai.lt\/en\/wp-json\/wp\/v2\/product\/6363","targetHints":{"allow":["GET"]}}],"collection":[{"href":"https:\/\/4sezonai.lt\/en\/wp-json\/wp\/v2\/product"}],"about":[{"href":"https:\/\/4sezonai.lt\/en\/wp-json\/wp\/v2\/types\/product"}],"replies":[{"embeddable":true,"href":"https:\/\/4sezonai.lt\/en\/wp-json\/wp\/v2\/comments?post=6363"}],"wp:featuredmedia":[{"embeddable":true,"href":"https:\/\/4sezonai.lt\/en\/wp-json\/wp\/v2\/media\/2762"}],"wp:attachment":[{"href":"https:\/\/4sezonai.lt\/en\/wp-json\/wp\/v2\/media?parent=6363"}],"wp:term":[{"taxonomy":"product_brand","embeddable":true,"href":"https:\/\/4sezonai.lt\/en\/wp-json\/wp\/v2\/product_brand?post=6363"},{"taxonomy":"product_cat","embeddable":true,"href":"https:\/\/4sezonai.lt\/en\/wp-json\/wp\/v2\/product_cat?post=6363"},{"taxonomy":"product_tag","embeddable":true,"href":"https:\/\/4sezonai.lt\/en\/wp-json\/wp\/v2\/product_tag?post=6363"}],"curies":[{"name":"wp","href":"https:\/\/api.w.org\/{rel}","templated":true}]}}