{"id":6364,"date":"2024-11-09T13:46:25","date_gmt":"2024-11-09T11:46:25","guid":{"rendered":"https:\/\/4sezonai.lt\/produktas\/snack-set-berry-paradise\/"},"modified":"2024-11-09T13:46:25","modified_gmt":"2024-11-09T11:46:25","slug":"snack-set-berry-paradise","status":"publish","type":"product","link":"https:\/\/4sezonai.lt\/en\/product\/snack-set-berry-paradise\/","title":{"rendered":"Snack set &#8220;Berry Paradise&#8221;"},"content":{"rendered":"<p>Discover the diversity of nature&#8217;s flavours with our Berry Paradise set!<\/p>\n<p>This set includes carefully selected and freeze-dried products:<\/p>\n<ul>\n<li><strong><a href=\"https:\/\/4sezonai.lt\/produktas\/liofilizuotos-uogos\/\">Freeze-dried berry mix<\/a><\/strong><\/li>\n<li><strong><a href=\"https:\/\/4sezonai.lt\/produktas\/liofilizuotos-melynes\/\">Freeze-dried wild blueberries<\/a><\/strong><\/li>\n<li><strong><a href=\"https:\/\/4sezonai.lt\/produktas\/liofilizuoti-obuoliai\/\">Freeze-dried apples<\/a><\/strong><\/li>\n<li><strong><a href=\"https:\/\/4sezonai.lt\/produktas\/liofilizuotos-braskes\/\">Freeze-dried strawberries<\/a><\/strong><\/li>\n<li><strong><a href=\"https:\/\/4sezonai.lt\/produktas\/liofilizuoti-pomidorai-su-druska-ir-bazilikais\/\">Freeze-dried tomatoes<\/a><\/strong><\/li>\n<\/ul>\n<p>All the ingredients have retained their natural aroma, flavour and nutritional value, making them perfect for snacks, desserts and breakfast.<\/p>\n<p>Packaged in an elegant &#8220;Box 4S&#8221; with our logo, the set will not only delight your taste buds, but also make the perfect gift for special occasions. Try this freeze-dried goodies set and enjoy a healthy, tasty and practical snack! <\/p>\n","protected":false},"excerpt":{"rendered":"<p>An abundance of Lithuanian and garden delicacies &#8211; a stylish gift for a berry lover.<br \/>\nContains: berry mix, hand-picked wild blueberries, Lithuanian strawberries, apples and tomatoes<br \/>\nAll natural, freeze-dried ingredients &#8211; no additives or sugar<br \/>\nPackaged in an elegant box with a logo &#8211; ready to hand<\/p>\n","protected":false},"featured_media":6367,"comment_status":"open","ping_status":"closed","template":"","meta":{"_acf_changed":false,"wprm-recipe-roundup-name":"","wprm-recipe-roundup-description":""},"product_brand":[],"product_cat":[347,348],"product_tag":[],"class_list":{"0":"post-6364","1":"product","2":"type-product","3":"status-publish","4":"has-post-thumbnail","6":"product_cat-berries","7":"product_cat-gift-sets-2","9":"first","10":"instock","11":"shipping-taxable","12":"purchasable","13":"product-type-variable"},"acf":[],"yoast_head":"<!-- This site is optimized with the Yoast SEO plugin v25.5 - https:\/\/yoast.com\/wordpress\/plugins\/seo\/ -->\n<title>Snack set &quot;Berry Paradise&quot; - 4sezonai<\/title>\n<meta name=\"robots\" content=\"index, follow, max-snippet:-1, max-image-preview:large, max-video-preview:-1\" \/>\n<link rel=\"canonical\" href=\"https:\/\/4sezonai.lt\/en\/product\/snack-set-berry-paradise\/\" \/>\n<meta property=\"og:locale\" content=\"en_US\" \/>\n<meta property=\"og:type\" content=\"article\" \/>\n<meta property=\"og:title\" content=\"Snack set &quot;Berry Paradise&quot; - 4sezonai\" \/>\n<meta property=\"og:description\" content=\"An abundance of Lithuanian and garden delicacies - a stylish gift for a berry lover. Contains: berry mix, hand-picked wild blueberries, Lithuanian strawberries, apples and tomatoes All natural, freeze-dried ingredients - no additives or sugar Packaged in an elegant box with a logo - ready to hand\" \/>\n<meta property=\"og:url\" content=\"https:\/\/4sezonai.lt\/en\/product\/snack-set-berry-paradise\/\" \/>\n<meta property=\"og:site_name\" content=\"4sezonai\" \/>\n<meta property=\"article:publisher\" content=\"https:\/\/www.facebook.com\/4sezonai.lt\" \/>\n<meta property=\"og:image\" content=\"https:\/\/4sezonai.lt\/wp-content\/uploads\/2024\/11\/web-52.jpg\" \/>\n\t<meta property=\"og:image:width\" content=\"1024\" \/>\n\t<meta property=\"og:image:height\" content=\"683\" \/>\n\t<meta property=\"og:image:type\" content=\"image\/jpeg\" \/>\n<meta name=\"twitter:card\" content=\"summary_large_image\" \/>\n<script type=\"application\/ld+json\" class=\"yoast-schema-graph\">{\"@context\":\"https:\/\/schema.org\",\"@graph\":[{\"@type\":\"WebPage\",\"@id\":\"https:\/\/4sezonai.lt\/en\/product\/snack-set-berry-paradise\/\",\"url\":\"https:\/\/4sezonai.lt\/en\/product\/snack-set-berry-paradise\/\",\"name\":\"Snack set \\\"Berry Paradise\\\" - 4sezonai\",\"isPartOf\":{\"@id\":\"https:\/\/4sezonai.lt\/en\/#website\"},\"primaryImageOfPage\":{\"@id\":\"https:\/\/4sezonai.lt\/en\/product\/snack-set-berry-paradise\/#primaryimage\"},\"image\":{\"@id\":\"https:\/\/4sezonai.lt\/en\/product\/snack-set-berry-paradise\/#primaryimage\"},\"thumbnailUrl\":\"https:\/\/4sezonai.lt\/wp-content\/uploads\/2024\/11\/web-52.jpg\",\"datePublished\":\"2024-11-09T11:46:25+00:00\",\"breadcrumb\":{\"@id\":\"https:\/\/4sezonai.lt\/en\/product\/snack-set-berry-paradise\/#breadcrumb\"},\"inLanguage\":\"en-US\",\"potentialAction\":[{\"@type\":\"ReadAction\",\"target\":[\"https:\/\/4sezonai.lt\/en\/product\/snack-set-berry-paradise\/\"]}]},{\"@type\":\"ImageObject\",\"inLanguage\":\"en-US\",\"@id\":\"https:\/\/4sezonai.lt\/en\/product\/snack-set-berry-paradise\/#primaryimage\",\"url\":\"https:\/\/4sezonai.lt\/wp-content\/uploads\/2024\/11\/web-52.jpg\",\"contentUrl\":\"https:\/\/4sezonai.lt\/wp-content\/uploads\/2024\/11\/web-52.jpg\",\"width\":1024,\"height\":683,\"caption\":\"Freeze-dried berries\"},{\"@type\":\"BreadcrumbList\",\"@id\":\"https:\/\/4sezonai.lt\/en\/product\/snack-set-berry-paradise\/#breadcrumb\",\"itemListElement\":[{\"@type\":\"ListItem\",\"position\":1,\"name\":\"Pagrindinis\",\"item\":\"https:\/\/4sezonai.lt\/en\/\"},{\"@type\":\"ListItem\",\"position\":2,\"name\":\"Shop\",\"item\":\"https:\/\/4sezonai.lt\/en\/shop\/\"},{\"@type\":\"ListItem\",\"position\":3,\"name\":\"Snack set &#8222;Berry Paradise&#8221;\"}]},{\"@type\":\"WebSite\",\"@id\":\"https:\/\/4sezonai.lt\/en\/#website\",\"url\":\"https:\/\/4sezonai.lt\/en\/\",\"name\":\"4sezonai\",\"description\":\"Auk\u0161\u010diausios kokyb\u0117s liofilzuoti produktai\",\"publisher\":{\"@id\":\"https:\/\/4sezonai.lt\/en\/#organization\"},\"potentialAction\":[{\"@type\":\"SearchAction\",\"target\":{\"@type\":\"EntryPoint\",\"urlTemplate\":\"https:\/\/4sezonai.lt\/en\/?s={search_term_string}\"},\"query-input\":{\"@type\":\"PropertyValueSpecification\",\"valueRequired\":true,\"valueName\":\"search_term_string\"}}],\"inLanguage\":\"en-US\"},{\"@type\":\"Organization\",\"@id\":\"https:\/\/4sezonai.lt\/en\/#organization\",\"name\":\"4sezonai\",\"url\":\"https:\/\/4sezonai.lt\/en\/\",\"logo\":{\"@type\":\"ImageObject\",\"inLanguage\":\"en-US\",\"@id\":\"https:\/\/4sezonai.lt\/en\/#\/schema\/logo\/image\/\",\"url\":\"https:\/\/4sezonai.lt\/wp-content\/uploads\/2024\/04\/4-Sezonai-logotipas.png\",\"contentUrl\":\"https:\/\/4sezonai.lt\/wp-content\/uploads\/2024\/04\/4-Sezonai-logotipas.png\",\"width\":712,\"height\":712,\"caption\":\"4sezonai\"},\"image\":{\"@id\":\"https:\/\/4sezonai.lt\/en\/#\/schema\/logo\/image\/\"},\"sameAs\":[\"https:\/\/www.facebook.com\/4sezonai.lt\",\"https:\/\/www.instagram.com\/4sezonai_\/\"]}]}<\/script>\n<!-- \/ Yoast SEO plugin. -->","yoast_head_json":{"title":"Snack set \"Berry Paradise\" - 4sezonai","robots":{"index":"index","follow":"follow","max-snippet":"max-snippet:-1","max-image-preview":"max-image-preview:large","max-video-preview":"max-video-preview:-1"},"canonical":"https:\/\/4sezonai.lt\/en\/product\/snack-set-berry-paradise\/","og_locale":"en_US","og_type":"article","og_title":"Snack set \"Berry Paradise\" - 4sezonai","og_description":"An abundance of Lithuanian and garden delicacies - a stylish gift for a berry lover. Contains: berry mix, hand-picked wild blueberries, Lithuanian strawberries, apples and tomatoes All natural, freeze-dried ingredients - no additives or sugar Packaged in an elegant box with a logo - ready to hand","og_url":"https:\/\/4sezonai.lt\/en\/product\/snack-set-berry-paradise\/","og_site_name":"4sezonai","article_publisher":"https:\/\/www.facebook.com\/4sezonai.lt","og_image":[{"width":1024,"height":683,"url":"https:\/\/4sezonai.lt\/wp-content\/uploads\/2024\/11\/web-52.jpg","type":"image\/jpeg"}],"twitter_card":"summary_large_image","schema":{"@context":"https:\/\/schema.org","@graph":[{"@type":"WebPage","@id":"https:\/\/4sezonai.lt\/en\/product\/snack-set-berry-paradise\/","url":"https:\/\/4sezonai.lt\/en\/product\/snack-set-berry-paradise\/","name":"Snack set \"Berry Paradise\" - 4sezonai","isPartOf":{"@id":"https:\/\/4sezonai.lt\/en\/#website"},"primaryImageOfPage":{"@id":"https:\/\/4sezonai.lt\/en\/product\/snack-set-berry-paradise\/#primaryimage"},"image":{"@id":"https:\/\/4sezonai.lt\/en\/product\/snack-set-berry-paradise\/#primaryimage"},"thumbnailUrl":"https:\/\/4sezonai.lt\/wp-content\/uploads\/2024\/11\/web-52.jpg","datePublished":"2024-11-09T11:46:25+00:00","breadcrumb":{"@id":"https:\/\/4sezonai.lt\/en\/product\/snack-set-berry-paradise\/#breadcrumb"},"inLanguage":"en-US","potentialAction":[{"@type":"ReadAction","target":["https:\/\/4sezonai.lt\/en\/product\/snack-set-berry-paradise\/"]}]},{"@type":"ImageObject","inLanguage":"en-US","@id":"https:\/\/4sezonai.lt\/en\/product\/snack-set-berry-paradise\/#primaryimage","url":"https:\/\/4sezonai.lt\/wp-content\/uploads\/2024\/11\/web-52.jpg","contentUrl":"https:\/\/4sezonai.lt\/wp-content\/uploads\/2024\/11\/web-52.jpg","width":1024,"height":683,"caption":"Freeze-dried berries"},{"@type":"BreadcrumbList","@id":"https:\/\/4sezonai.lt\/en\/product\/snack-set-berry-paradise\/#breadcrumb","itemListElement":[{"@type":"ListItem","position":1,"name":"Pagrindinis","item":"https:\/\/4sezonai.lt\/en\/"},{"@type":"ListItem","position":2,"name":"Shop","item":"https:\/\/4sezonai.lt\/en\/shop\/"},{"@type":"ListItem","position":3,"name":"Snack set &#8222;Berry Paradise&#8221;"}]},{"@type":"WebSite","@id":"https:\/\/4sezonai.lt\/en\/#website","url":"https:\/\/4sezonai.lt\/en\/","name":"4sezonai","description":"Auk\u0161\u010diausios kokyb\u0117s liofilzuoti produktai","publisher":{"@id":"https:\/\/4sezonai.lt\/en\/#organization"},"potentialAction":[{"@type":"SearchAction","target":{"@type":"EntryPoint","urlTemplate":"https:\/\/4sezonai.lt\/en\/?s={search_term_string}"},"query-input":{"@type":"PropertyValueSpecification","valueRequired":true,"valueName":"search_term_string"}}],"inLanguage":"en-US"},{"@type":"Organization","@id":"https:\/\/4sezonai.lt\/en\/#organization","name":"4sezonai","url":"https:\/\/4sezonai.lt\/en\/","logo":{"@type":"ImageObject","inLanguage":"en-US","@id":"https:\/\/4sezonai.lt\/en\/#\/schema\/logo\/image\/","url":"https:\/\/4sezonai.lt\/wp-content\/uploads\/2024\/04\/4-Sezonai-logotipas.png","contentUrl":"https:\/\/4sezonai.lt\/wp-content\/uploads\/2024\/04\/4-Sezonai-logotipas.png","width":712,"height":712,"caption":"4sezonai"},"image":{"@id":"https:\/\/4sezonai.lt\/en\/#\/schema\/logo\/image\/"},"sameAs":["https:\/\/www.facebook.com\/4sezonai.lt","https:\/\/www.instagram.com\/4sezonai_\/"]}]}},"_links":{"self":[{"href":"https:\/\/4sezonai.lt\/en\/wp-json\/wp\/v2\/product\/6364","targetHints":{"allow":["GET"]}}],"collection":[{"href":"https:\/\/4sezonai.lt\/en\/wp-json\/wp\/v2\/product"}],"about":[{"href":"https:\/\/4sezonai.lt\/en\/wp-json\/wp\/v2\/types\/product"}],"replies":[{"embeddable":true,"href":"https:\/\/4sezonai.lt\/en\/wp-json\/wp\/v2\/comments?post=6364"}],"wp:featuredmedia":[{"embeddable":true,"href":"https:\/\/4sezonai.lt\/en\/wp-json\/wp\/v2\/media\/6367"}],"wp:attachment":[{"href":"https:\/\/4sezonai.lt\/en\/wp-json\/wp\/v2\/media?parent=6364"}],"wp:term":[{"taxonomy":"product_brand","embeddable":true,"href":"https:\/\/4sezonai.lt\/en\/wp-json\/wp\/v2\/product_brand?post=6364"},{"taxonomy":"product_cat","embeddable":true,"href":"https:\/\/4sezonai.lt\/en\/wp-json\/wp\/v2\/product_cat?post=6364"},{"taxonomy":"product_tag","embeddable":true,"href":"https:\/\/4sezonai.lt\/en\/wp-json\/wp\/v2\/product_tag?post=6364"}],"curies":[{"name":"wp","href":"https:\/\/api.w.org\/{rel}","templated":true}]}}