{"id":6378,"date":"2024-11-09T14:26:10","date_gmt":"2024-11-09T12:26:10","guid":{"rendered":"https:\/\/4sezonai.lt\/produktas\/herbal-harmony-spice-set\/"},"modified":"2024-11-09T14:26:10","modified_gmt":"2024-11-09T12:26:10","slug":"herbal-harmony-spice-set","status":"publish","type":"product","link":"https:\/\/4sezonai.lt\/en\/product\/herbal-harmony-spice-set\/","title":{"rendered":"Herbal Harmony spice set"},"content":{"rendered":"<p>This set is a perfectly balanced combination of flavours for your culinary experiments.<\/p>\n<p>The set includes:<\/p>\n<ul>\n<li><strong><a href=\"https:\/\/4sezonai.lt\/produktas\/liofilizuotas-baziliku-pesto\/\">Basil Pesto<\/a><\/strong><\/li>\n<li><strong><a href=\"https:\/\/4sezonai.lt\/produktas\/liofilizuoti-krapai\/\">Freeze-dried dill<\/a><\/strong><\/li>\n<li><strong><a href=\"https:\/\/4sezonai.lt\/produktas\/liofilizuotu-prieskoniu-misinys-cesnakinis\/\">Spice blend &#8220;Garlic&#8221;<\/a><\/strong><\/li>\n<li><strong><a href=\"https:\/\/4sezonai.lt\/produktas\/liofilizuotu-prieskoniu-misinys-bulvems\/\">Spice mix for &#8220;Potatoes&#8221;<\/a><\/strong><\/li>\n<\/ul>\n<p>All the spices are natural, intensely flavoured and add a distinctive taste to the dishes. This set is perfect for both everyday meals and gourmet dinners. <\/p>\n<p>Packaged in an elegant pink box with a window, tied with a blue ribbon and topped with blue silk paper, it will not only be a useful kitchen accessory, but also a luxury gift for anyone who appreciates quality and naturalness.<\/p>\n","protected":false},"excerpt":{"rendered":"<p>A variety of herbs for everyday meals &#8211; the gift is ready.<br \/>\nContains: freeze-dried dill, parsley, basil pesto and mixed vegetables<br \/>\nNo salt or additives &#8211; only natural, fresh ingredients<br \/>\nPackaged in a pink gift box with paper and ribbon<\/p>\n","protected":false},"featured_media":2771,"comment_status":"open","ping_status":"closed","template":"","meta":{"_acf_changed":false,"wprm-recipe-roundup-name":"","wprm-recipe-roundup-description":""},"product_brand":[],"product_cat":[348,344],"product_tag":[],"class_list":{"0":"post-6378","1":"product","2":"type-product","3":"status-publish","4":"has-post-thumbnail","6":"product_cat-gift-sets-2","7":"product_cat-uncategorized","9":"first","10":"instock","11":"shipping-taxable","12":"purchasable","13":"product-type-simple"},"acf":[],"yoast_head":"<!-- This site is optimized with the Yoast SEO plugin v25.5 - https:\/\/yoast.com\/wordpress\/plugins\/seo\/ -->\n<title>Herbal Harmony spice set - 4sezonai<\/title>\n<meta name=\"robots\" content=\"index, follow, max-snippet:-1, max-image-preview:large, max-video-preview:-1\" \/>\n<link rel=\"canonical\" href=\"https:\/\/4sezonai.lt\/en\/product\/herbal-harmony-spice-set\/\" \/>\n<meta property=\"og:locale\" content=\"en_US\" \/>\n<meta property=\"og:type\" content=\"article\" \/>\n<meta property=\"og:title\" content=\"Herbal Harmony spice set - 4sezonai\" \/>\n<meta property=\"og:description\" content=\"A variety of herbs for everyday meals - the gift is ready. Contains: freeze-dried dill, parsley, basil pesto and mixed vegetables No salt or additives - only natural, fresh ingredients Packaged in a pink gift box with paper and ribbon\" \/>\n<meta property=\"og:url\" content=\"https:\/\/4sezonai.lt\/en\/product\/herbal-harmony-spice-set\/\" \/>\n<meta property=\"og:site_name\" content=\"4sezonai\" \/>\n<meta property=\"article:publisher\" content=\"https:\/\/www.facebook.com\/4sezonai.lt\" \/>\n<meta property=\"og:image\" content=\"https:\/\/4sezonai.lt\/wp-content\/uploads\/2024\/11\/web-58.jpg\" \/>\n\t<meta property=\"og:image:width\" content=\"1024\" \/>\n\t<meta property=\"og:image:height\" content=\"1024\" \/>\n\t<meta property=\"og:image:type\" content=\"image\/jpeg\" \/>\n<meta name=\"twitter:card\" content=\"summary_large_image\" \/>\n<script type=\"application\/ld+json\" class=\"yoast-schema-graph\">{\"@context\":\"https:\/\/schema.org\",\"@graph\":[{\"@type\":\"WebPage\",\"@id\":\"https:\/\/4sezonai.lt\/en\/product\/herbal-harmony-spice-set\/\",\"url\":\"https:\/\/4sezonai.lt\/en\/product\/herbal-harmony-spice-set\/\",\"name\":\"Herbal Harmony spice set - 4sezonai\",\"isPartOf\":{\"@id\":\"https:\/\/4sezonai.lt\/en\/#website\"},\"primaryImageOfPage\":{\"@id\":\"https:\/\/4sezonai.lt\/en\/product\/herbal-harmony-spice-set\/#primaryimage\"},\"image\":{\"@id\":\"https:\/\/4sezonai.lt\/en\/product\/herbal-harmony-spice-set\/#primaryimage\"},\"thumbnailUrl\":\"https:\/\/4sezonai.lt\/wp-content\/uploads\/2024\/11\/web-58.jpg\",\"datePublished\":\"2024-11-09T12:26:10+00:00\",\"breadcrumb\":{\"@id\":\"https:\/\/4sezonai.lt\/en\/product\/herbal-harmony-spice-set\/#breadcrumb\"},\"inLanguage\":\"en-US\",\"potentialAction\":[{\"@type\":\"ReadAction\",\"target\":[\"https:\/\/4sezonai.lt\/en\/product\/herbal-harmony-spice-set\/\"]}]},{\"@type\":\"ImageObject\",\"inLanguage\":\"en-US\",\"@id\":\"https:\/\/4sezonai.lt\/en\/product\/herbal-harmony-spice-set\/#primaryimage\",\"url\":\"https:\/\/4sezonai.lt\/wp-content\/uploads\/2024\/11\/web-58.jpg\",\"contentUrl\":\"https:\/\/4sezonai.lt\/wp-content\/uploads\/2024\/11\/web-58.jpg\",\"width\":1024,\"height\":1024,\"caption\":\"Freeze-dried spices set\"},{\"@type\":\"BreadcrumbList\",\"@id\":\"https:\/\/4sezonai.lt\/en\/product\/herbal-harmony-spice-set\/#breadcrumb\",\"itemListElement\":[{\"@type\":\"ListItem\",\"position\":1,\"name\":\"Pagrindinis\",\"item\":\"https:\/\/4sezonai.lt\/en\/\"},{\"@type\":\"ListItem\",\"position\":2,\"name\":\"Shop\",\"item\":\"https:\/\/4sezonai.lt\/en\/shop\/\"},{\"@type\":\"ListItem\",\"position\":3,\"name\":\"Herbal Harmony spice set\"}]},{\"@type\":\"WebSite\",\"@id\":\"https:\/\/4sezonai.lt\/en\/#website\",\"url\":\"https:\/\/4sezonai.lt\/en\/\",\"name\":\"4sezonai\",\"description\":\"Auk\u0161\u010diausios kokyb\u0117s liofilzuoti produktai\",\"publisher\":{\"@id\":\"https:\/\/4sezonai.lt\/en\/#organization\"},\"potentialAction\":[{\"@type\":\"SearchAction\",\"target\":{\"@type\":\"EntryPoint\",\"urlTemplate\":\"https:\/\/4sezonai.lt\/en\/?s={search_term_string}\"},\"query-input\":{\"@type\":\"PropertyValueSpecification\",\"valueRequired\":true,\"valueName\":\"search_term_string\"}}],\"inLanguage\":\"en-US\"},{\"@type\":\"Organization\",\"@id\":\"https:\/\/4sezonai.lt\/en\/#organization\",\"name\":\"4sezonai\",\"url\":\"https:\/\/4sezonai.lt\/en\/\",\"logo\":{\"@type\":\"ImageObject\",\"inLanguage\":\"en-US\",\"@id\":\"https:\/\/4sezonai.lt\/en\/#\/schema\/logo\/image\/\",\"url\":\"https:\/\/4sezonai.lt\/wp-content\/uploads\/2024\/04\/4-Sezonai-logotipas.png\",\"contentUrl\":\"https:\/\/4sezonai.lt\/wp-content\/uploads\/2024\/04\/4-Sezonai-logotipas.png\",\"width\":712,\"height\":712,\"caption\":\"4sezonai\"},\"image\":{\"@id\":\"https:\/\/4sezonai.lt\/en\/#\/schema\/logo\/image\/\"},\"sameAs\":[\"https:\/\/www.facebook.com\/4sezonai.lt\",\"https:\/\/www.instagram.com\/4sezonai_\/\"]}]}<\/script>\n<!-- \/ Yoast SEO plugin. -->","yoast_head_json":{"title":"Herbal Harmony spice set - 4sezonai","robots":{"index":"index","follow":"follow","max-snippet":"max-snippet:-1","max-image-preview":"max-image-preview:large","max-video-preview":"max-video-preview:-1"},"canonical":"https:\/\/4sezonai.lt\/en\/product\/herbal-harmony-spice-set\/","og_locale":"en_US","og_type":"article","og_title":"Herbal Harmony spice set - 4sezonai","og_description":"A variety of herbs for everyday meals - the gift is ready. Contains: freeze-dried dill, parsley, basil pesto and mixed vegetables No salt or additives - only natural, fresh ingredients Packaged in a pink gift box with paper and ribbon","og_url":"https:\/\/4sezonai.lt\/en\/product\/herbal-harmony-spice-set\/","og_site_name":"4sezonai","article_publisher":"https:\/\/www.facebook.com\/4sezonai.lt","og_image":[{"width":1024,"height":1024,"url":"https:\/\/4sezonai.lt\/wp-content\/uploads\/2024\/11\/web-58.jpg","type":"image\/jpeg"}],"twitter_card":"summary_large_image","schema":{"@context":"https:\/\/schema.org","@graph":[{"@type":"WebPage","@id":"https:\/\/4sezonai.lt\/en\/product\/herbal-harmony-spice-set\/","url":"https:\/\/4sezonai.lt\/en\/product\/herbal-harmony-spice-set\/","name":"Herbal Harmony spice set - 4sezonai","isPartOf":{"@id":"https:\/\/4sezonai.lt\/en\/#website"},"primaryImageOfPage":{"@id":"https:\/\/4sezonai.lt\/en\/product\/herbal-harmony-spice-set\/#primaryimage"},"image":{"@id":"https:\/\/4sezonai.lt\/en\/product\/herbal-harmony-spice-set\/#primaryimage"},"thumbnailUrl":"https:\/\/4sezonai.lt\/wp-content\/uploads\/2024\/11\/web-58.jpg","datePublished":"2024-11-09T12:26:10+00:00","breadcrumb":{"@id":"https:\/\/4sezonai.lt\/en\/product\/herbal-harmony-spice-set\/#breadcrumb"},"inLanguage":"en-US","potentialAction":[{"@type":"ReadAction","target":["https:\/\/4sezonai.lt\/en\/product\/herbal-harmony-spice-set\/"]}]},{"@type":"ImageObject","inLanguage":"en-US","@id":"https:\/\/4sezonai.lt\/en\/product\/herbal-harmony-spice-set\/#primaryimage","url":"https:\/\/4sezonai.lt\/wp-content\/uploads\/2024\/11\/web-58.jpg","contentUrl":"https:\/\/4sezonai.lt\/wp-content\/uploads\/2024\/11\/web-58.jpg","width":1024,"height":1024,"caption":"Freeze-dried spices set"},{"@type":"BreadcrumbList","@id":"https:\/\/4sezonai.lt\/en\/product\/herbal-harmony-spice-set\/#breadcrumb","itemListElement":[{"@type":"ListItem","position":1,"name":"Pagrindinis","item":"https:\/\/4sezonai.lt\/en\/"},{"@type":"ListItem","position":2,"name":"Shop","item":"https:\/\/4sezonai.lt\/en\/shop\/"},{"@type":"ListItem","position":3,"name":"Herbal Harmony spice set"}]},{"@type":"WebSite","@id":"https:\/\/4sezonai.lt\/en\/#website","url":"https:\/\/4sezonai.lt\/en\/","name":"4sezonai","description":"Auk\u0161\u010diausios kokyb\u0117s liofilzuoti produktai","publisher":{"@id":"https:\/\/4sezonai.lt\/en\/#organization"},"potentialAction":[{"@type":"SearchAction","target":{"@type":"EntryPoint","urlTemplate":"https:\/\/4sezonai.lt\/en\/?s={search_term_string}"},"query-input":{"@type":"PropertyValueSpecification","valueRequired":true,"valueName":"search_term_string"}}],"inLanguage":"en-US"},{"@type":"Organization","@id":"https:\/\/4sezonai.lt\/en\/#organization","name":"4sezonai","url":"https:\/\/4sezonai.lt\/en\/","logo":{"@type":"ImageObject","inLanguage":"en-US","@id":"https:\/\/4sezonai.lt\/en\/#\/schema\/logo\/image\/","url":"https:\/\/4sezonai.lt\/wp-content\/uploads\/2024\/04\/4-Sezonai-logotipas.png","contentUrl":"https:\/\/4sezonai.lt\/wp-content\/uploads\/2024\/04\/4-Sezonai-logotipas.png","width":712,"height":712,"caption":"4sezonai"},"image":{"@id":"https:\/\/4sezonai.lt\/en\/#\/schema\/logo\/image\/"},"sameAs":["https:\/\/www.facebook.com\/4sezonai.lt","https:\/\/www.instagram.com\/4sezonai_\/"]}]}},"_links":{"self":[{"href":"https:\/\/4sezonai.lt\/en\/wp-json\/wp\/v2\/product\/6378","targetHints":{"allow":["GET"]}}],"collection":[{"href":"https:\/\/4sezonai.lt\/en\/wp-json\/wp\/v2\/product"}],"about":[{"href":"https:\/\/4sezonai.lt\/en\/wp-json\/wp\/v2\/types\/product"}],"replies":[{"embeddable":true,"href":"https:\/\/4sezonai.lt\/en\/wp-json\/wp\/v2\/comments?post=6378"}],"wp:featuredmedia":[{"embeddable":true,"href":"https:\/\/4sezonai.lt\/en\/wp-json\/wp\/v2\/media\/2771"}],"wp:attachment":[{"href":"https:\/\/4sezonai.lt\/en\/wp-json\/wp\/v2\/media?parent=6378"}],"wp:term":[{"taxonomy":"product_brand","embeddable":true,"href":"https:\/\/4sezonai.lt\/en\/wp-json\/wp\/v2\/product_brand?post=6378"},{"taxonomy":"product_cat","embeddable":true,"href":"https:\/\/4sezonai.lt\/en\/wp-json\/wp\/v2\/product_cat?post=6378"},{"taxonomy":"product_tag","embeddable":true,"href":"https:\/\/4sezonai.lt\/en\/wp-json\/wp\/v2\/product_tag?post=6378"}],"curies":[{"name":"wp","href":"https:\/\/api.w.org\/{rel}","templated":true}]}}