{"id":6379,"date":"2024-11-09T14:02:02","date_gmt":"2024-11-09T12:02:02","guid":{"rendered":"https:\/\/4sezonai.lt\/produktas\/snack-set-forest-and-tropical-combination\/"},"modified":"2024-11-09T14:02:02","modified_gmt":"2024-11-09T12:02:02","slug":"snack-set-forest-and-tropical-combination","status":"publish","type":"product","link":"https:\/\/4sezonai.lt\/en\/product\/snack-set-forest-and-tropical-combination\/","title":{"rendered":"Snack set &#8220;Forest and Tropical Combination&#8221;"},"content":{"rendered":"<p>This set combines the best of the forest and the tropics, allowing you to enjoy exceptional flavours at any time!<\/p>\n<p>The set includes:<\/p>\n<ul>\n<li><strong><a href=\"https:\/\/4sezonai.lt\/produktas\/liofilizuotos-zemuoges\/\">Freeze-dried wild strawberries<\/a><\/strong><\/li>\n<li><strong><a href=\"https:\/\/4sezonai.lt\/produktas\/liofilizuoti-ananasai-su-mangais\/\">Freeze-dried pineapple with mangoes<\/a><\/strong><\/li>\n<li><strong><a href=\"https:\/\/4sezonai.lt\/produktas\/liofilizuoti-obuoliai\/\">Freeze-dried apples<\/a><\/strong><\/li>\n<li><strong><a href=\"https:\/\/4sezonai.lt\/produktas\/liofilizuotos-braskes\/\">Freeze-dried strawberries<\/a><\/strong><\/li>\n<li style=\"text-align: left;\"><strong><a href=\"https:\/\/4sezonai.lt\/produktas\/liofilizuotos-melynes\/\">Freeze-dried wild blueberries<\/a><\/strong><\/li>\n<\/ul>\n<p>All products are carefully selected, preserving their natural flavour, aroma and nutrients.<\/p>\n<p>Packaged in a stylish gift box with our logo, this set will make a great addition to your snack table or gift choice. The perfect balance between natural flavours and exotic! <\/p>\n","protected":false},"excerpt":{"rendered":"<p>A fusion of Lithuanian forests and sweet tropical flavours &#8211; a unique gift.<br \/>\nContains: hand-picked strawberries and blueberries from local forests, Lithuanian apples, strawberries and sweet mangoes and pineapples<br \/>\nSugar-free and additive-free &#8211; only naturally sweet, freeze-dried fruits and berries<br \/>\nPackaged in a gift box with a logo &#8211; ready to give<\/p>\n","protected":false},"featured_media":6381,"comment_status":"open","ping_status":"closed","template":"","meta":{"_acf_changed":false,"wprm-recipe-roundup-name":"","wprm-recipe-roundup-description":""},"product_brand":[],"product_cat":[348],"product_tag":[],"class_list":{"0":"post-6379","1":"product","2":"type-product","3":"status-publish","4":"has-post-thumbnail","6":"product_cat-gift-sets-2","8":"first","9":"instock","10":"shipping-taxable","11":"purchasable","12":"product-type-variable"},"acf":[],"yoast_head":"<!-- This site is optimized with the Yoast SEO plugin v25.5 - https:\/\/yoast.com\/wordpress\/plugins\/seo\/ -->\n<title>Snack set &quot;Forest and Tropical Combination&quot; - 4sezonai<\/title>\n<meta name=\"robots\" content=\"index, follow, max-snippet:-1, max-image-preview:large, max-video-preview:-1\" \/>\n<link rel=\"canonical\" href=\"https:\/\/4sezonai.lt\/en\/product\/snack-set-forest-and-tropical-combination\/\" \/>\n<meta property=\"og:locale\" content=\"en_US\" \/>\n<meta property=\"og:type\" content=\"article\" \/>\n<meta property=\"og:title\" content=\"Snack set &quot;Forest and Tropical Combination&quot; - 4sezonai\" \/>\n<meta property=\"og:description\" content=\"A fusion of Lithuanian forests and sweet tropical flavours - a unique gift. Contains: hand-picked strawberries and blueberries from local forests, Lithuanian apples, strawberries and sweet mangoes and pineapples Sugar-free and additive-free - only naturally sweet, freeze-dried fruits and berries Packaged in a gift box with a logo - ready to give\" \/>\n<meta property=\"og:url\" content=\"https:\/\/4sezonai.lt\/en\/product\/snack-set-forest-and-tropical-combination\/\" \/>\n<meta property=\"og:site_name\" content=\"4sezonai\" \/>\n<meta property=\"article:publisher\" content=\"https:\/\/www.facebook.com\/4sezonai.lt\" \/>\n<meta property=\"og:image\" content=\"https:\/\/4sezonai.lt\/wp-content\/uploads\/2024\/11\/web-61.jpg\" \/>\n\t<meta property=\"og:image:width\" content=\"1024\" \/>\n\t<meta property=\"og:image:height\" content=\"683\" \/>\n\t<meta property=\"og:image:type\" content=\"image\/jpeg\" \/>\n<meta name=\"twitter:card\" content=\"summary_large_image\" \/>\n<script type=\"application\/ld+json\" class=\"yoast-schema-graph\">{\"@context\":\"https:\/\/schema.org\",\"@graph\":[{\"@type\":\"WebPage\",\"@id\":\"https:\/\/4sezonai.lt\/en\/product\/snack-set-forest-and-tropical-combination\/\",\"url\":\"https:\/\/4sezonai.lt\/en\/product\/snack-set-forest-and-tropical-combination\/\",\"name\":\"Snack set \\\"Forest and Tropical Combination\\\" - 4sezonai\",\"isPartOf\":{\"@id\":\"https:\/\/4sezonai.lt\/en\/#website\"},\"primaryImageOfPage\":{\"@id\":\"https:\/\/4sezonai.lt\/en\/product\/snack-set-forest-and-tropical-combination\/#primaryimage\"},\"image\":{\"@id\":\"https:\/\/4sezonai.lt\/en\/product\/snack-set-forest-and-tropical-combination\/#primaryimage\"},\"thumbnailUrl\":\"https:\/\/4sezonai.lt\/wp-content\/uploads\/2024\/11\/web-61.jpg\",\"datePublished\":\"2024-11-09T12:02:02+00:00\",\"breadcrumb\":{\"@id\":\"https:\/\/4sezonai.lt\/en\/product\/snack-set-forest-and-tropical-combination\/#breadcrumb\"},\"inLanguage\":\"en-US\",\"potentialAction\":[{\"@type\":\"ReadAction\",\"target\":[\"https:\/\/4sezonai.lt\/en\/product\/snack-set-forest-and-tropical-combination\/\"]}]},{\"@type\":\"ImageObject\",\"inLanguage\":\"en-US\",\"@id\":\"https:\/\/4sezonai.lt\/en\/product\/snack-set-forest-and-tropical-combination\/#primaryimage\",\"url\":\"https:\/\/4sezonai.lt\/wp-content\/uploads\/2024\/11\/web-61.jpg\",\"contentUrl\":\"https:\/\/4sezonai.lt\/wp-content\/uploads\/2024\/11\/web-61.jpg\",\"width\":1024,\"height\":683,\"caption\":\"Freeze-dried berries\"},{\"@type\":\"BreadcrumbList\",\"@id\":\"https:\/\/4sezonai.lt\/en\/product\/snack-set-forest-and-tropical-combination\/#breadcrumb\",\"itemListElement\":[{\"@type\":\"ListItem\",\"position\":1,\"name\":\"Pagrindinis\",\"item\":\"https:\/\/4sezonai.lt\/en\/\"},{\"@type\":\"ListItem\",\"position\":2,\"name\":\"Shop\",\"item\":\"https:\/\/4sezonai.lt\/en\/shop\/\"},{\"@type\":\"ListItem\",\"position\":3,\"name\":\"Snack set &#8222;Forest and Tropical Combination&#8221;\"}]},{\"@type\":\"WebSite\",\"@id\":\"https:\/\/4sezonai.lt\/en\/#website\",\"url\":\"https:\/\/4sezonai.lt\/en\/\",\"name\":\"4sezonai\",\"description\":\"Auk\u0161\u010diausios kokyb\u0117s liofilzuoti produktai\",\"publisher\":{\"@id\":\"https:\/\/4sezonai.lt\/en\/#organization\"},\"potentialAction\":[{\"@type\":\"SearchAction\",\"target\":{\"@type\":\"EntryPoint\",\"urlTemplate\":\"https:\/\/4sezonai.lt\/en\/?s={search_term_string}\"},\"query-input\":{\"@type\":\"PropertyValueSpecification\",\"valueRequired\":true,\"valueName\":\"search_term_string\"}}],\"inLanguage\":\"en-US\"},{\"@type\":\"Organization\",\"@id\":\"https:\/\/4sezonai.lt\/en\/#organization\",\"name\":\"4sezonai\",\"url\":\"https:\/\/4sezonai.lt\/en\/\",\"logo\":{\"@type\":\"ImageObject\",\"inLanguage\":\"en-US\",\"@id\":\"https:\/\/4sezonai.lt\/en\/#\/schema\/logo\/image\/\",\"url\":\"https:\/\/4sezonai.lt\/wp-content\/uploads\/2024\/04\/4-Sezonai-logotipas.png\",\"contentUrl\":\"https:\/\/4sezonai.lt\/wp-content\/uploads\/2024\/04\/4-Sezonai-logotipas.png\",\"width\":712,\"height\":712,\"caption\":\"4sezonai\"},\"image\":{\"@id\":\"https:\/\/4sezonai.lt\/en\/#\/schema\/logo\/image\/\"},\"sameAs\":[\"https:\/\/www.facebook.com\/4sezonai.lt\",\"https:\/\/www.instagram.com\/4sezonai_\/\"]}]}<\/script>\n<!-- \/ Yoast SEO plugin. -->","yoast_head_json":{"title":"Snack set \"Forest and Tropical Combination\" - 4sezonai","robots":{"index":"index","follow":"follow","max-snippet":"max-snippet:-1","max-image-preview":"max-image-preview:large","max-video-preview":"max-video-preview:-1"},"canonical":"https:\/\/4sezonai.lt\/en\/product\/snack-set-forest-and-tropical-combination\/","og_locale":"en_US","og_type":"article","og_title":"Snack set \"Forest and Tropical Combination\" - 4sezonai","og_description":"A fusion of Lithuanian forests and sweet tropical flavours - a unique gift. Contains: hand-picked strawberries and blueberries from local forests, Lithuanian apples, strawberries and sweet mangoes and pineapples Sugar-free and additive-free - only naturally sweet, freeze-dried fruits and berries Packaged in a gift box with a logo - ready to give","og_url":"https:\/\/4sezonai.lt\/en\/product\/snack-set-forest-and-tropical-combination\/","og_site_name":"4sezonai","article_publisher":"https:\/\/www.facebook.com\/4sezonai.lt","og_image":[{"width":1024,"height":683,"url":"https:\/\/4sezonai.lt\/wp-content\/uploads\/2024\/11\/web-61.jpg","type":"image\/jpeg"}],"twitter_card":"summary_large_image","schema":{"@context":"https:\/\/schema.org","@graph":[{"@type":"WebPage","@id":"https:\/\/4sezonai.lt\/en\/product\/snack-set-forest-and-tropical-combination\/","url":"https:\/\/4sezonai.lt\/en\/product\/snack-set-forest-and-tropical-combination\/","name":"Snack set \"Forest and Tropical Combination\" - 4sezonai","isPartOf":{"@id":"https:\/\/4sezonai.lt\/en\/#website"},"primaryImageOfPage":{"@id":"https:\/\/4sezonai.lt\/en\/product\/snack-set-forest-and-tropical-combination\/#primaryimage"},"image":{"@id":"https:\/\/4sezonai.lt\/en\/product\/snack-set-forest-and-tropical-combination\/#primaryimage"},"thumbnailUrl":"https:\/\/4sezonai.lt\/wp-content\/uploads\/2024\/11\/web-61.jpg","datePublished":"2024-11-09T12:02:02+00:00","breadcrumb":{"@id":"https:\/\/4sezonai.lt\/en\/product\/snack-set-forest-and-tropical-combination\/#breadcrumb"},"inLanguage":"en-US","potentialAction":[{"@type":"ReadAction","target":["https:\/\/4sezonai.lt\/en\/product\/snack-set-forest-and-tropical-combination\/"]}]},{"@type":"ImageObject","inLanguage":"en-US","@id":"https:\/\/4sezonai.lt\/en\/product\/snack-set-forest-and-tropical-combination\/#primaryimage","url":"https:\/\/4sezonai.lt\/wp-content\/uploads\/2024\/11\/web-61.jpg","contentUrl":"https:\/\/4sezonai.lt\/wp-content\/uploads\/2024\/11\/web-61.jpg","width":1024,"height":683,"caption":"Freeze-dried berries"},{"@type":"BreadcrumbList","@id":"https:\/\/4sezonai.lt\/en\/product\/snack-set-forest-and-tropical-combination\/#breadcrumb","itemListElement":[{"@type":"ListItem","position":1,"name":"Pagrindinis","item":"https:\/\/4sezonai.lt\/en\/"},{"@type":"ListItem","position":2,"name":"Shop","item":"https:\/\/4sezonai.lt\/en\/shop\/"},{"@type":"ListItem","position":3,"name":"Snack set &#8222;Forest and Tropical Combination&#8221;"}]},{"@type":"WebSite","@id":"https:\/\/4sezonai.lt\/en\/#website","url":"https:\/\/4sezonai.lt\/en\/","name":"4sezonai","description":"Auk\u0161\u010diausios kokyb\u0117s liofilzuoti produktai","publisher":{"@id":"https:\/\/4sezonai.lt\/en\/#organization"},"potentialAction":[{"@type":"SearchAction","target":{"@type":"EntryPoint","urlTemplate":"https:\/\/4sezonai.lt\/en\/?s={search_term_string}"},"query-input":{"@type":"PropertyValueSpecification","valueRequired":true,"valueName":"search_term_string"}}],"inLanguage":"en-US"},{"@type":"Organization","@id":"https:\/\/4sezonai.lt\/en\/#organization","name":"4sezonai","url":"https:\/\/4sezonai.lt\/en\/","logo":{"@type":"ImageObject","inLanguage":"en-US","@id":"https:\/\/4sezonai.lt\/en\/#\/schema\/logo\/image\/","url":"https:\/\/4sezonai.lt\/wp-content\/uploads\/2024\/04\/4-Sezonai-logotipas.png","contentUrl":"https:\/\/4sezonai.lt\/wp-content\/uploads\/2024\/04\/4-Sezonai-logotipas.png","width":712,"height":712,"caption":"4sezonai"},"image":{"@id":"https:\/\/4sezonai.lt\/en\/#\/schema\/logo\/image\/"},"sameAs":["https:\/\/www.facebook.com\/4sezonai.lt","https:\/\/www.instagram.com\/4sezonai_\/"]}]}},"_links":{"self":[{"href":"https:\/\/4sezonai.lt\/en\/wp-json\/wp\/v2\/product\/6379","targetHints":{"allow":["GET"]}}],"collection":[{"href":"https:\/\/4sezonai.lt\/en\/wp-json\/wp\/v2\/product"}],"about":[{"href":"https:\/\/4sezonai.lt\/en\/wp-json\/wp\/v2\/types\/product"}],"replies":[{"embeddable":true,"href":"https:\/\/4sezonai.lt\/en\/wp-json\/wp\/v2\/comments?post=6379"}],"wp:featuredmedia":[{"embeddable":true,"href":"https:\/\/4sezonai.lt\/en\/wp-json\/wp\/v2\/media\/6381"}],"wp:attachment":[{"href":"https:\/\/4sezonai.lt\/en\/wp-json\/wp\/v2\/media?parent=6379"}],"wp:term":[{"taxonomy":"product_brand","embeddable":true,"href":"https:\/\/4sezonai.lt\/en\/wp-json\/wp\/v2\/product_brand?post=6379"},{"taxonomy":"product_cat","embeddable":true,"href":"https:\/\/4sezonai.lt\/en\/wp-json\/wp\/v2\/product_cat?post=6379"},{"taxonomy":"product_tag","embeddable":true,"href":"https:\/\/4sezonai.lt\/en\/wp-json\/wp\/v2\/product_tag?post=6379"}],"curies":[{"name":"wp","href":"https:\/\/api.w.org\/{rel}","templated":true}]}}