{"id":6414,"date":"2025-11-03T14:22:42","date_gmt":"2025-11-03T12:22:42","guid":{"rendered":"https:\/\/4sezonai.lt\/produktas\/freeze-dried-gluten-intestinal-balance\/"},"modified":"2025-11-23T19:30:35","modified_gmt":"2025-11-23T17:30:35","slug":"freeze-dried-gluten-intestinal-balance","status":"publish","type":"product","link":"https:\/\/4sezonai.lt\/en\/product\/freeze-dried-gluten-intestinal-balance\/","title":{"rendered":"Freeze-dried Smoothie &#8220;Intestinal balance&#8221;"},"content":{"rendered":"<p data-start=\"422\" data-end=\"739\">Gut Balance is a nutritious, pure blend of freeze-dried ingredients to help maintain the natural intestinal microflora, digestive rhythm and satiety. This smoothie is especially suitable for those who want to feel light after a hard day, to restore digestive balance or to start a gentle detox. <\/p>\n<p data-start=\"741\" data-end=\"788\"><strong data-start=\"741\" data-end=\"786\">Key ingredients and how they work:<\/strong><\/p>\n<ul data-start=\"789\" data-end=\"1291\">\n<li data-start=\"789\" data-end=\"926\">\n<p data-start=\"791\" data-end=\"926\"><strong data-start=\"791\" data-end=\"839\">The seed hulls of the white plantain seed <\/strong> are a natural source of fibre, helping to maintain intestinal function and satiety.<\/p>\n<\/li>\n<li data-start=\"927\" data-end=\"1044\">\n<p data-start=\"929\" data-end=\"1044\"><strong data-start=\"929\" data-end=\"957\">Inulin (agave origin)<\/strong> is a prebiotic that feeds good bacteria and promotes microbiota balance.<\/p>\n<\/li>\n<li data-start=\"1045\" data-end=\"1170\">\n<p data-start=\"1047\" data-end=\"1170\"><strong data-start=\"1047\" data-end=\"1078\">Chia seeds and flaxseeds<\/strong> &#8211; provide extra omega-3 fatty acids, plant protein and natural texture.<\/p>\n<\/li>\n<li data-start=\"1171\" data-end=\"1291\">\n<p data-start=\"1173\" data-end=\"1291\"><strong data-start=\"1173\" data-end=\"1210\">Freeze-dried fruit and berries<\/strong> &#8211; for a fresh taste and to support natural digestive processes.<\/p>\n<\/li>\n<\/ul>\n<p><b>To use: <\/b>add water to a 250 ml bottle, shake and drink immediately. Suitable as a nutritious snack or as a light substitute for one meal. <\/p>\n<p data-start=\"1451\" data-end=\"1602\"><strong data-start=\"1451\" data-end=\"1463\">Ingredients:<\/strong><br data-start=\"1463\" data-end=\"1466\">White-headed plantain seed hulls, inulin (agave), freeze-dried apples, freeze-dried bananas, freeze-dried raspberries, chia seeds, ground flaxseed, freeze-dried ginger, Ceylon cinnamon.<\/p>\n<p data-start=\"1604\" data-end=\"1715\"><strong data-start=\"1604\" data-end=\"1656\">No sugar, no preservatives, no artificial additives.<\/strong><br data-start=\"1656\" data-end=\"1659\">Made with natural, hand-selected ingredients.<\/p>\n<p style=\"font-weight: 400;\"><strong>Net weight<\/strong>: 30 g<\/p>\n<p style=\"font-weight: 400;\">Store in a dry, dark and cool place.<\/p>\n","protected":false},"excerpt":{"rendered":"<p>A functional freeze-dried gluten to help maintain a healthy digestive system, a feeling of satiety and a natural balance of the microbiota. Balanced with fibre, prebiotics and fruit &#8211; when you want a feeling of lightness and cleanliness. <\/p>\n","protected":false},"featured_media":6193,"comment_status":"open","ping_status":"closed","template":"","meta":{"_acf_changed":false,"wprm-recipe-roundup-name":"","wprm-recipe-roundup-description":""},"product_brand":[],"product_cat":[353],"product_tag":[],"class_list":{"0":"post-6414","1":"product","2":"type-product","3":"status-publish","4":"has-post-thumbnail","6":"product_cat-smoothies","8":"first","9":"instock","10":"shipping-taxable","11":"purchasable","12":"product-type-simple"},"acf":[],"yoast_head":"<!-- This site is optimized with the Yoast SEO plugin v25.5 - https:\/\/yoast.com\/wordpress\/plugins\/seo\/ -->\n<title>Freeze-dried Smoothie &quot;Intestinal balance&quot; - 4sezonai<\/title>\n<meta name=\"description\" content=\"Freeze-dried gluten for gut balance - natural fibre, prebiotics and fruit for good health and lightness every day.\" \/>\n<meta name=\"robots\" content=\"index, follow, max-snippet:-1, max-image-preview:large, max-video-preview:-1\" \/>\n<link rel=\"canonical\" href=\"https:\/\/4sezonai.lt\/en\/product\/freeze-dried-gluten-intestinal-balance\/\" \/>\n<meta property=\"og:locale\" content=\"en_US\" \/>\n<meta property=\"og:type\" content=\"article\" \/>\n<meta property=\"og:title\" content=\"Freeze-dried Smoothie &quot;Intestinal balance&quot; - 4sezonai\" \/>\n<meta property=\"og:description\" content=\"Freeze-dried gluten for gut balance - natural fibre, prebiotics and fruit for good health and lightness every day.\" \/>\n<meta property=\"og:url\" content=\"https:\/\/4sezonai.lt\/en\/product\/freeze-dried-gluten-intestinal-balance\/\" \/>\n<meta property=\"og:site_name\" content=\"4sezonai\" \/>\n<meta property=\"article:publisher\" content=\"https:\/\/www.facebook.com\/4sezonai.lt\" \/>\n<meta property=\"article:modified_time\" content=\"2025-11-23T17:30:35+00:00\" \/>\n<meta property=\"og:image\" content=\"https:\/\/4sezonai.lt\/wp-content\/uploads\/2025\/11\/Zarnyno-balansas.jpg\" \/>\n\t<meta property=\"og:image:width\" content=\"1500\" \/>\n\t<meta property=\"og:image:height\" content=\"1500\" \/>\n\t<meta property=\"og:image:type\" content=\"image\/jpeg\" \/>\n<meta name=\"twitter:card\" content=\"summary_large_image\" \/>\n<meta name=\"twitter:label1\" content=\"Est. reading time\" \/>\n\t<meta name=\"twitter:data1\" content=\"1 minute\" \/>\n<script type=\"application\/ld+json\" class=\"yoast-schema-graph\">{\"@context\":\"https:\/\/schema.org\",\"@graph\":[{\"@type\":\"WebPage\",\"@id\":\"https:\/\/4sezonai.lt\/en\/product\/freeze-dried-gluten-intestinal-balance\/\",\"url\":\"https:\/\/4sezonai.lt\/en\/product\/freeze-dried-gluten-intestinal-balance\/\",\"name\":\"Freeze-dried Smoothie \\\"Intestinal balance\\\" - 4sezonai\",\"isPartOf\":{\"@id\":\"https:\/\/4sezonai.lt\/en\/#website\"},\"primaryImageOfPage\":{\"@id\":\"https:\/\/4sezonai.lt\/en\/product\/freeze-dried-gluten-intestinal-balance\/#primaryimage\"},\"image\":{\"@id\":\"https:\/\/4sezonai.lt\/en\/product\/freeze-dried-gluten-intestinal-balance\/#primaryimage\"},\"thumbnailUrl\":\"https:\/\/4sezonai.lt\/wp-content\/uploads\/2025\/11\/Zarnyno-balansas.jpg\",\"datePublished\":\"2025-11-03T12:22:42+00:00\",\"dateModified\":\"2025-11-23T17:30:35+00:00\",\"description\":\"Freeze-dried gluten for gut balance - natural fibre, prebiotics and fruit for good health and lightness every day.\",\"breadcrumb\":{\"@id\":\"https:\/\/4sezonai.lt\/en\/product\/freeze-dried-gluten-intestinal-balance\/#breadcrumb\"},\"inLanguage\":\"en-US\",\"potentialAction\":[{\"@type\":\"ReadAction\",\"target\":[\"https:\/\/4sezonai.lt\/en\/product\/freeze-dried-gluten-intestinal-balance\/\"]}]},{\"@type\":\"ImageObject\",\"inLanguage\":\"en-US\",\"@id\":\"https:\/\/4sezonai.lt\/en\/product\/freeze-dried-gluten-intestinal-balance\/#primaryimage\",\"url\":\"https:\/\/4sezonai.lt\/wp-content\/uploads\/2025\/11\/Zarnyno-balansas.jpg\",\"contentUrl\":\"https:\/\/4sezonai.lt\/wp-content\/uploads\/2025\/11\/Zarnyno-balansas.jpg\",\"width\":1500,\"height\":1500},{\"@type\":\"BreadcrumbList\",\"@id\":\"https:\/\/4sezonai.lt\/en\/product\/freeze-dried-gluten-intestinal-balance\/#breadcrumb\",\"itemListElement\":[{\"@type\":\"ListItem\",\"position\":1,\"name\":\"Pagrindinis\",\"item\":\"https:\/\/4sezonai.lt\/en\/\"},{\"@type\":\"ListItem\",\"position\":2,\"name\":\"Shop\",\"item\":\"https:\/\/4sezonai.lt\/en\/shop\/\"},{\"@type\":\"ListItem\",\"position\":3,\"name\":\"Freeze-dried Smoothie &#8222;Intestinal balance&#8221;\"}]},{\"@type\":\"WebSite\",\"@id\":\"https:\/\/4sezonai.lt\/en\/#website\",\"url\":\"https:\/\/4sezonai.lt\/en\/\",\"name\":\"4sezonai\",\"description\":\"Auk\u0161\u010diausios kokyb\u0117s liofilzuoti produktai\",\"publisher\":{\"@id\":\"https:\/\/4sezonai.lt\/en\/#organization\"},\"potentialAction\":[{\"@type\":\"SearchAction\",\"target\":{\"@type\":\"EntryPoint\",\"urlTemplate\":\"https:\/\/4sezonai.lt\/en\/?s={search_term_string}\"},\"query-input\":{\"@type\":\"PropertyValueSpecification\",\"valueRequired\":true,\"valueName\":\"search_term_string\"}}],\"inLanguage\":\"en-US\"},{\"@type\":\"Organization\",\"@id\":\"https:\/\/4sezonai.lt\/en\/#organization\",\"name\":\"4sezonai\",\"url\":\"https:\/\/4sezonai.lt\/en\/\",\"logo\":{\"@type\":\"ImageObject\",\"inLanguage\":\"en-US\",\"@id\":\"https:\/\/4sezonai.lt\/en\/#\/schema\/logo\/image\/\",\"url\":\"https:\/\/4sezonai.lt\/wp-content\/uploads\/2024\/04\/4-Sezonai-logotipas.png\",\"contentUrl\":\"https:\/\/4sezonai.lt\/wp-content\/uploads\/2024\/04\/4-Sezonai-logotipas.png\",\"width\":712,\"height\":712,\"caption\":\"4sezonai\"},\"image\":{\"@id\":\"https:\/\/4sezonai.lt\/en\/#\/schema\/logo\/image\/\"},\"sameAs\":[\"https:\/\/www.facebook.com\/4sezonai.lt\",\"https:\/\/www.instagram.com\/4sezonai_\/\"]}]}<\/script>\n<!-- \/ Yoast SEO plugin. -->","yoast_head_json":{"title":"Freeze-dried Smoothie \"Intestinal balance\" - 4sezonai","description":"Freeze-dried gluten for gut balance - natural fibre, prebiotics and fruit for good health and lightness every day.","robots":{"index":"index","follow":"follow","max-snippet":"max-snippet:-1","max-image-preview":"max-image-preview:large","max-video-preview":"max-video-preview:-1"},"canonical":"https:\/\/4sezonai.lt\/en\/product\/freeze-dried-gluten-intestinal-balance\/","og_locale":"en_US","og_type":"article","og_title":"Freeze-dried Smoothie \"Intestinal balance\" - 4sezonai","og_description":"Freeze-dried gluten for gut balance - natural fibre, prebiotics and fruit for good health and lightness every day.","og_url":"https:\/\/4sezonai.lt\/en\/product\/freeze-dried-gluten-intestinal-balance\/","og_site_name":"4sezonai","article_publisher":"https:\/\/www.facebook.com\/4sezonai.lt","article_modified_time":"2025-11-23T17:30:35+00:00","og_image":[{"width":1500,"height":1500,"url":"https:\/\/4sezonai.lt\/wp-content\/uploads\/2025\/11\/Zarnyno-balansas.jpg","type":"image\/jpeg"}],"twitter_card":"summary_large_image","twitter_misc":{"Est. reading time":"1 minute"},"schema":{"@context":"https:\/\/schema.org","@graph":[{"@type":"WebPage","@id":"https:\/\/4sezonai.lt\/en\/product\/freeze-dried-gluten-intestinal-balance\/","url":"https:\/\/4sezonai.lt\/en\/product\/freeze-dried-gluten-intestinal-balance\/","name":"Freeze-dried Smoothie \"Intestinal balance\" - 4sezonai","isPartOf":{"@id":"https:\/\/4sezonai.lt\/en\/#website"},"primaryImageOfPage":{"@id":"https:\/\/4sezonai.lt\/en\/product\/freeze-dried-gluten-intestinal-balance\/#primaryimage"},"image":{"@id":"https:\/\/4sezonai.lt\/en\/product\/freeze-dried-gluten-intestinal-balance\/#primaryimage"},"thumbnailUrl":"https:\/\/4sezonai.lt\/wp-content\/uploads\/2025\/11\/Zarnyno-balansas.jpg","datePublished":"2025-11-03T12:22:42+00:00","dateModified":"2025-11-23T17:30:35+00:00","description":"Freeze-dried gluten for gut balance - natural fibre, prebiotics and fruit for good health and lightness every day.","breadcrumb":{"@id":"https:\/\/4sezonai.lt\/en\/product\/freeze-dried-gluten-intestinal-balance\/#breadcrumb"},"inLanguage":"en-US","potentialAction":[{"@type":"ReadAction","target":["https:\/\/4sezonai.lt\/en\/product\/freeze-dried-gluten-intestinal-balance\/"]}]},{"@type":"ImageObject","inLanguage":"en-US","@id":"https:\/\/4sezonai.lt\/en\/product\/freeze-dried-gluten-intestinal-balance\/#primaryimage","url":"https:\/\/4sezonai.lt\/wp-content\/uploads\/2025\/11\/Zarnyno-balansas.jpg","contentUrl":"https:\/\/4sezonai.lt\/wp-content\/uploads\/2025\/11\/Zarnyno-balansas.jpg","width":1500,"height":1500},{"@type":"BreadcrumbList","@id":"https:\/\/4sezonai.lt\/en\/product\/freeze-dried-gluten-intestinal-balance\/#breadcrumb","itemListElement":[{"@type":"ListItem","position":1,"name":"Pagrindinis","item":"https:\/\/4sezonai.lt\/en\/"},{"@type":"ListItem","position":2,"name":"Shop","item":"https:\/\/4sezonai.lt\/en\/shop\/"},{"@type":"ListItem","position":3,"name":"Freeze-dried Smoothie &#8222;Intestinal balance&#8221;"}]},{"@type":"WebSite","@id":"https:\/\/4sezonai.lt\/en\/#website","url":"https:\/\/4sezonai.lt\/en\/","name":"4sezonai","description":"Auk\u0161\u010diausios kokyb\u0117s liofilzuoti produktai","publisher":{"@id":"https:\/\/4sezonai.lt\/en\/#organization"},"potentialAction":[{"@type":"SearchAction","target":{"@type":"EntryPoint","urlTemplate":"https:\/\/4sezonai.lt\/en\/?s={search_term_string}"},"query-input":{"@type":"PropertyValueSpecification","valueRequired":true,"valueName":"search_term_string"}}],"inLanguage":"en-US"},{"@type":"Organization","@id":"https:\/\/4sezonai.lt\/en\/#organization","name":"4sezonai","url":"https:\/\/4sezonai.lt\/en\/","logo":{"@type":"ImageObject","inLanguage":"en-US","@id":"https:\/\/4sezonai.lt\/en\/#\/schema\/logo\/image\/","url":"https:\/\/4sezonai.lt\/wp-content\/uploads\/2024\/04\/4-Sezonai-logotipas.png","contentUrl":"https:\/\/4sezonai.lt\/wp-content\/uploads\/2024\/04\/4-Sezonai-logotipas.png","width":712,"height":712,"caption":"4sezonai"},"image":{"@id":"https:\/\/4sezonai.lt\/en\/#\/schema\/logo\/image\/"},"sameAs":["https:\/\/www.facebook.com\/4sezonai.lt","https:\/\/www.instagram.com\/4sezonai_\/"]}]}},"_links":{"self":[{"href":"https:\/\/4sezonai.lt\/en\/wp-json\/wp\/v2\/product\/6414","targetHints":{"allow":["GET"]}}],"collection":[{"href":"https:\/\/4sezonai.lt\/en\/wp-json\/wp\/v2\/product"}],"about":[{"href":"https:\/\/4sezonai.lt\/en\/wp-json\/wp\/v2\/types\/product"}],"replies":[{"embeddable":true,"href":"https:\/\/4sezonai.lt\/en\/wp-json\/wp\/v2\/comments?post=6414"}],"wp:featuredmedia":[{"embeddable":true,"href":"https:\/\/4sezonai.lt\/en\/wp-json\/wp\/v2\/media\/6193"}],"wp:attachment":[{"href":"https:\/\/4sezonai.lt\/en\/wp-json\/wp\/v2\/media?parent=6414"}],"wp:term":[{"taxonomy":"product_brand","embeddable":true,"href":"https:\/\/4sezonai.lt\/en\/wp-json\/wp\/v2\/product_brand?post=6414"},{"taxonomy":"product_cat","embeddable":true,"href":"https:\/\/4sezonai.lt\/en\/wp-json\/wp\/v2\/product_cat?post=6414"},{"taxonomy":"product_tag","embeddable":true,"href":"https:\/\/4sezonai.lt\/en\/wp-json\/wp\/v2\/product_tag?post=6414"}],"curies":[{"name":"wp","href":"https:\/\/api.w.org\/{rel}","templated":true}]}}