{"id":6421,"date":"2025-11-03T21:47:09","date_gmt":"2025-11-03T19:47:09","guid":{"rendered":"https:\/\/4sezonai.lt\/produktas\/freeze-dried-detox-green-gluten-nut\/"},"modified":"2025-11-23T19:30:02","modified_gmt":"2025-11-23T17:30:02","slug":"freeze-dried-detox-green-gluten-nut","status":"publish","type":"product","link":"https:\/\/4sezonai.lt\/en\/product\/freeze-dried-detox-green-gluten-nut\/","title":{"rendered":"Freeze-dried Detox Green Smoothie"},"content":{"rendered":"<p data-start=\"191\" data-end=\"460\">&#8220;Detox Green is a functional blend of greens and fruits for gentle cleansing, inner balance and a feeling of lightness. The formula is balanced to provide chlorophyll, polyphenols and prebiotic fibre to support digestion and microbiota. <\/p>\n<ul>\n<li data-start=\"462\" data-end=\"952\"><strong>The hulls of the seeds of the white plantain<\/strong> and <strong>inulin<\/strong> provide the basis for fibre, which contributes to regular digestion.<\/li>\n<li data-start=\"462\" data-end=\"952\"><strong>Spinach<\/strong> and <strong>spirulina<\/strong> provide chlorophyll and minerals, while <strong>lemon<\/strong> provides freshness and vitamin C.<\/li>\n<li data-start=\"462\" data-end=\"952\"><strong>Blueberries<\/strong> and <strong>apples<\/strong> add antioxidants and natural sweetness, while <strong>bananas<\/strong> add smooth texture and potassium.<\/li>\n<li data-start=\"462\" data-end=\"952\"><strong>Jerusalem artichokes<\/strong> add a prebiotic effect, <strong>parsley<\/strong> adds green freshness.<\/li>\n<li data-start=\"462\" data-end=\"952\"><strong>Mint<\/strong> and <strong>ginger<\/strong> complete the flavour, while <strong>wheat germ<\/strong> juice powder provides additional micronutrients.<\/li>\n<\/ul>\n<p data-start=\"954\" data-end=\"1054\">Recommended for the morning or after busy days when you want lightness and clarity of flavour without sugar spikes.<\/p>\n<p><b>To use: <\/b>add water to a 250 ml bottle, shake and drink immediately. Suitable as a nutritious snack or as a light substitute for one meal. <\/p>\n<p data-start=\"1451\" data-end=\"1602\"><strong data-start=\"1451\" data-end=\"1463\">Ingredients:<\/strong><br data-start=\"1463\" data-end=\"1466\">Sea buckthorn seed hulls, inulin (agave), apples, blueberries, bananas, spinach, lemon, Jerusalem artichokes, spirulina, parsley, flaxseed, mint, ginger, wheat germ juice powder.<\/p>\n<p data-start=\"1604\" data-end=\"1715\"><strong data-start=\"1604\" data-end=\"1656\">No sugar, no preservatives, no artificial additives.<\/strong><br data-start=\"1656\" data-end=\"1659\">Made with natural, hand-selected ingredients.<\/p>\n<p style=\"font-weight: 400;\"><strong>Net weight<\/strong>: 30 g<\/p>\n<p style=\"font-weight: 400;\">Store in a dry, dark and cool place.<\/p>\n","protected":false},"excerpt":{"rendered":"<p>A smoothie for gentle detoxification, re-energising and a feeling of lightness. Greens, spirulina, lemon and Jerusalem artichokes help to naturally cleanse and revitalise the body. <\/p>\n","protected":false},"featured_media":6189,"comment_status":"open","ping_status":"closed","template":"","meta":{"_acf_changed":false,"wprm-recipe-roundup-name":"","wprm-recipe-roundup-description":""},"product_brand":[],"product_cat":[353],"product_tag":[],"class_list":{"0":"post-6421","1":"product","2":"type-product","3":"status-publish","4":"has-post-thumbnail","6":"product_cat-smoothies","8":"first","9":"instock","10":"shipping-taxable","11":"purchasable","12":"product-type-simple"},"acf":[],"yoast_head":"<!-- This site is optimized with the Yoast SEO plugin v25.5 - https:\/\/yoast.com\/wordpress\/plugins\/seo\/ -->\n<title>Freeze-dried Detox Green Smoothie - 4sezonai<\/title>\n<meta name=\"description\" content=\"Freeze-dried gluten for gut balance - natural fibre, prebiotics and fruit for good health and lightness every day. Green detox gluten with spinach, blueberries, lemon and spirulina - fibre, antioxidants and freshness for daily ease.\" \/>\n<meta name=\"robots\" content=\"index, follow, max-snippet:-1, max-image-preview:large, max-video-preview:-1\" \/>\n<link rel=\"canonical\" href=\"https:\/\/4sezonai.lt\/en\/product\/freeze-dried-detox-green-gluten-nut\/\" \/>\n<meta property=\"og:locale\" content=\"en_US\" \/>\n<meta property=\"og:type\" content=\"article\" \/>\n<meta property=\"og:title\" content=\"Freeze-dried Detox Green Smoothie - 4sezonai\" \/>\n<meta property=\"og:description\" content=\"Freeze-dried gluten for gut balance - natural fibre, prebiotics and fruit for good health and lightness every day. Green detox gluten with spinach, blueberries, lemon and spirulina - fibre, antioxidants and freshness for daily ease.\" \/>\n<meta property=\"og:url\" content=\"https:\/\/4sezonai.lt\/en\/product\/freeze-dried-detox-green-gluten-nut\/\" \/>\n<meta property=\"og:site_name\" content=\"4sezonai\" \/>\n<meta property=\"article:publisher\" content=\"https:\/\/www.facebook.com\/4sezonai.lt\" \/>\n<meta property=\"article:modified_time\" content=\"2025-11-23T17:30:02+00:00\" \/>\n<meta property=\"og:image\" content=\"https:\/\/4sezonai.lt\/wp-content\/uploads\/2025\/11\/Detox.jpg\" \/>\n\t<meta property=\"og:image:width\" content=\"1500\" \/>\n\t<meta property=\"og:image:height\" content=\"1500\" \/>\n\t<meta property=\"og:image:type\" content=\"image\/jpeg\" \/>\n<meta name=\"twitter:card\" content=\"summary_large_image\" \/>\n<meta name=\"twitter:label1\" content=\"Est. reading time\" \/>\n\t<meta name=\"twitter:data1\" content=\"1 minute\" \/>\n<script type=\"application\/ld+json\" class=\"yoast-schema-graph\">{\"@context\":\"https:\/\/schema.org\",\"@graph\":[{\"@type\":\"WebPage\",\"@id\":\"https:\/\/4sezonai.lt\/en\/product\/freeze-dried-detox-green-gluten-nut\/\",\"url\":\"https:\/\/4sezonai.lt\/en\/product\/freeze-dried-detox-green-gluten-nut\/\",\"name\":\"Freeze-dried Detox Green Smoothie - 4sezonai\",\"isPartOf\":{\"@id\":\"https:\/\/4sezonai.lt\/en\/#website\"},\"primaryImageOfPage\":{\"@id\":\"https:\/\/4sezonai.lt\/en\/product\/freeze-dried-detox-green-gluten-nut\/#primaryimage\"},\"image\":{\"@id\":\"https:\/\/4sezonai.lt\/en\/product\/freeze-dried-detox-green-gluten-nut\/#primaryimage\"},\"thumbnailUrl\":\"https:\/\/4sezonai.lt\/wp-content\/uploads\/2025\/11\/Detox.jpg\",\"datePublished\":\"2025-11-03T19:47:09+00:00\",\"dateModified\":\"2025-11-23T17:30:02+00:00\",\"description\":\"Freeze-dried gluten for gut balance - natural fibre, prebiotics and fruit for good health and lightness every day. Green detox gluten with spinach, blueberries, lemon and spirulina - fibre, antioxidants and freshness for daily ease.\",\"breadcrumb\":{\"@id\":\"https:\/\/4sezonai.lt\/en\/product\/freeze-dried-detox-green-gluten-nut\/#breadcrumb\"},\"inLanguage\":\"en-US\",\"potentialAction\":[{\"@type\":\"ReadAction\",\"target\":[\"https:\/\/4sezonai.lt\/en\/product\/freeze-dried-detox-green-gluten-nut\/\"]}]},{\"@type\":\"ImageObject\",\"inLanguage\":\"en-US\",\"@id\":\"https:\/\/4sezonai.lt\/en\/product\/freeze-dried-detox-green-gluten-nut\/#primaryimage\",\"url\":\"https:\/\/4sezonai.lt\/wp-content\/uploads\/2025\/11\/Detox.jpg\",\"contentUrl\":\"https:\/\/4sezonai.lt\/wp-content\/uploads\/2025\/11\/Detox.jpg\",\"width\":1500,\"height\":1500,\"caption\":\"detox\"},{\"@type\":\"BreadcrumbList\",\"@id\":\"https:\/\/4sezonai.lt\/en\/product\/freeze-dried-detox-green-gluten-nut\/#breadcrumb\",\"itemListElement\":[{\"@type\":\"ListItem\",\"position\":1,\"name\":\"Pagrindinis\",\"item\":\"https:\/\/4sezonai.lt\/en\/\"},{\"@type\":\"ListItem\",\"position\":2,\"name\":\"Shop\",\"item\":\"https:\/\/4sezonai.lt\/en\/shop\/\"},{\"@type\":\"ListItem\",\"position\":3,\"name\":\"Freeze-dried Detox Green Smoothie\"}]},{\"@type\":\"WebSite\",\"@id\":\"https:\/\/4sezonai.lt\/en\/#website\",\"url\":\"https:\/\/4sezonai.lt\/en\/\",\"name\":\"4sezonai\",\"description\":\"Auk\u0161\u010diausios kokyb\u0117s liofilzuoti produktai\",\"publisher\":{\"@id\":\"https:\/\/4sezonai.lt\/en\/#organization\"},\"potentialAction\":[{\"@type\":\"SearchAction\",\"target\":{\"@type\":\"EntryPoint\",\"urlTemplate\":\"https:\/\/4sezonai.lt\/en\/?s={search_term_string}\"},\"query-input\":{\"@type\":\"PropertyValueSpecification\",\"valueRequired\":true,\"valueName\":\"search_term_string\"}}],\"inLanguage\":\"en-US\"},{\"@type\":\"Organization\",\"@id\":\"https:\/\/4sezonai.lt\/en\/#organization\",\"name\":\"4sezonai\",\"url\":\"https:\/\/4sezonai.lt\/en\/\",\"logo\":{\"@type\":\"ImageObject\",\"inLanguage\":\"en-US\",\"@id\":\"https:\/\/4sezonai.lt\/en\/#\/schema\/logo\/image\/\",\"url\":\"https:\/\/4sezonai.lt\/wp-content\/uploads\/2024\/04\/4-Sezonai-logotipas.png\",\"contentUrl\":\"https:\/\/4sezonai.lt\/wp-content\/uploads\/2024\/04\/4-Sezonai-logotipas.png\",\"width\":712,\"height\":712,\"caption\":\"4sezonai\"},\"image\":{\"@id\":\"https:\/\/4sezonai.lt\/en\/#\/schema\/logo\/image\/\"},\"sameAs\":[\"https:\/\/www.facebook.com\/4sezonai.lt\",\"https:\/\/www.instagram.com\/4sezonai_\/\"]}]}<\/script>\n<!-- \/ Yoast SEO plugin. -->","yoast_head_json":{"title":"Freeze-dried Detox Green Smoothie - 4sezonai","description":"Freeze-dried gluten for gut balance - natural fibre, prebiotics and fruit for good health and lightness every day. Green detox gluten with spinach, blueberries, lemon and spirulina - fibre, antioxidants and freshness for daily ease.","robots":{"index":"index","follow":"follow","max-snippet":"max-snippet:-1","max-image-preview":"max-image-preview:large","max-video-preview":"max-video-preview:-1"},"canonical":"https:\/\/4sezonai.lt\/en\/product\/freeze-dried-detox-green-gluten-nut\/","og_locale":"en_US","og_type":"article","og_title":"Freeze-dried Detox Green Smoothie - 4sezonai","og_description":"Freeze-dried gluten for gut balance - natural fibre, prebiotics and fruit for good health and lightness every day. Green detox gluten with spinach, blueberries, lemon and spirulina - fibre, antioxidants and freshness for daily ease.","og_url":"https:\/\/4sezonai.lt\/en\/product\/freeze-dried-detox-green-gluten-nut\/","og_site_name":"4sezonai","article_publisher":"https:\/\/www.facebook.com\/4sezonai.lt","article_modified_time":"2025-11-23T17:30:02+00:00","og_image":[{"width":1500,"height":1500,"url":"https:\/\/4sezonai.lt\/wp-content\/uploads\/2025\/11\/Detox.jpg","type":"image\/jpeg"}],"twitter_card":"summary_large_image","twitter_misc":{"Est. reading time":"1 minute"},"schema":{"@context":"https:\/\/schema.org","@graph":[{"@type":"WebPage","@id":"https:\/\/4sezonai.lt\/en\/product\/freeze-dried-detox-green-gluten-nut\/","url":"https:\/\/4sezonai.lt\/en\/product\/freeze-dried-detox-green-gluten-nut\/","name":"Freeze-dried Detox Green Smoothie - 4sezonai","isPartOf":{"@id":"https:\/\/4sezonai.lt\/en\/#website"},"primaryImageOfPage":{"@id":"https:\/\/4sezonai.lt\/en\/product\/freeze-dried-detox-green-gluten-nut\/#primaryimage"},"image":{"@id":"https:\/\/4sezonai.lt\/en\/product\/freeze-dried-detox-green-gluten-nut\/#primaryimage"},"thumbnailUrl":"https:\/\/4sezonai.lt\/wp-content\/uploads\/2025\/11\/Detox.jpg","datePublished":"2025-11-03T19:47:09+00:00","dateModified":"2025-11-23T17:30:02+00:00","description":"Freeze-dried gluten for gut balance - natural fibre, prebiotics and fruit for good health and lightness every day. Green detox gluten with spinach, blueberries, lemon and spirulina - fibre, antioxidants and freshness for daily ease.","breadcrumb":{"@id":"https:\/\/4sezonai.lt\/en\/product\/freeze-dried-detox-green-gluten-nut\/#breadcrumb"},"inLanguage":"en-US","potentialAction":[{"@type":"ReadAction","target":["https:\/\/4sezonai.lt\/en\/product\/freeze-dried-detox-green-gluten-nut\/"]}]},{"@type":"ImageObject","inLanguage":"en-US","@id":"https:\/\/4sezonai.lt\/en\/product\/freeze-dried-detox-green-gluten-nut\/#primaryimage","url":"https:\/\/4sezonai.lt\/wp-content\/uploads\/2025\/11\/Detox.jpg","contentUrl":"https:\/\/4sezonai.lt\/wp-content\/uploads\/2025\/11\/Detox.jpg","width":1500,"height":1500,"caption":"detox"},{"@type":"BreadcrumbList","@id":"https:\/\/4sezonai.lt\/en\/product\/freeze-dried-detox-green-gluten-nut\/#breadcrumb","itemListElement":[{"@type":"ListItem","position":1,"name":"Pagrindinis","item":"https:\/\/4sezonai.lt\/en\/"},{"@type":"ListItem","position":2,"name":"Shop","item":"https:\/\/4sezonai.lt\/en\/shop\/"},{"@type":"ListItem","position":3,"name":"Freeze-dried Detox Green Smoothie"}]},{"@type":"WebSite","@id":"https:\/\/4sezonai.lt\/en\/#website","url":"https:\/\/4sezonai.lt\/en\/","name":"4sezonai","description":"Auk\u0161\u010diausios kokyb\u0117s liofilzuoti produktai","publisher":{"@id":"https:\/\/4sezonai.lt\/en\/#organization"},"potentialAction":[{"@type":"SearchAction","target":{"@type":"EntryPoint","urlTemplate":"https:\/\/4sezonai.lt\/en\/?s={search_term_string}"},"query-input":{"@type":"PropertyValueSpecification","valueRequired":true,"valueName":"search_term_string"}}],"inLanguage":"en-US"},{"@type":"Organization","@id":"https:\/\/4sezonai.lt\/en\/#organization","name":"4sezonai","url":"https:\/\/4sezonai.lt\/en\/","logo":{"@type":"ImageObject","inLanguage":"en-US","@id":"https:\/\/4sezonai.lt\/en\/#\/schema\/logo\/image\/","url":"https:\/\/4sezonai.lt\/wp-content\/uploads\/2024\/04\/4-Sezonai-logotipas.png","contentUrl":"https:\/\/4sezonai.lt\/wp-content\/uploads\/2024\/04\/4-Sezonai-logotipas.png","width":712,"height":712,"caption":"4sezonai"},"image":{"@id":"https:\/\/4sezonai.lt\/en\/#\/schema\/logo\/image\/"},"sameAs":["https:\/\/www.facebook.com\/4sezonai.lt","https:\/\/www.instagram.com\/4sezonai_\/"]}]}},"_links":{"self":[{"href":"https:\/\/4sezonai.lt\/en\/wp-json\/wp\/v2\/product\/6421","targetHints":{"allow":["GET"]}}],"collection":[{"href":"https:\/\/4sezonai.lt\/en\/wp-json\/wp\/v2\/product"}],"about":[{"href":"https:\/\/4sezonai.lt\/en\/wp-json\/wp\/v2\/types\/product"}],"replies":[{"embeddable":true,"href":"https:\/\/4sezonai.lt\/en\/wp-json\/wp\/v2\/comments?post=6421"}],"wp:featuredmedia":[{"embeddable":true,"href":"https:\/\/4sezonai.lt\/en\/wp-json\/wp\/v2\/media\/6189"}],"wp:attachment":[{"href":"https:\/\/4sezonai.lt\/en\/wp-json\/wp\/v2\/media?parent=6421"}],"wp:term":[{"taxonomy":"product_brand","embeddable":true,"href":"https:\/\/4sezonai.lt\/en\/wp-json\/wp\/v2\/product_brand?post=6421"},{"taxonomy":"product_cat","embeddable":true,"href":"https:\/\/4sezonai.lt\/en\/wp-json\/wp\/v2\/product_cat?post=6421"},{"taxonomy":"product_tag","embeddable":true,"href":"https:\/\/4sezonai.lt\/en\/wp-json\/wp\/v2\/product_tag?post=6421"}],"curies":[{"name":"wp","href":"https:\/\/api.w.org\/{rel}","templated":true}]}}