{"id":6434,"date":"2025-11-03T22:01:22","date_gmt":"2025-11-03T20:01:22","guid":{"rendered":"https:\/\/4sezonai.lt\/produktas\/freeze-dried-gluten-for-immunity\/"},"modified":"2025-11-23T19:29:20","modified_gmt":"2025-11-23T17:29:20","slug":"freeze-dried-gluten-for-immunity","status":"publish","type":"product","link":"https:\/\/4sezonai.lt\/en\/product\/freeze-dried-gluten-for-immunity\/","title":{"rendered":"Freeze-dried Smoothie &#8220;For immunity&#8221;"},"content":{"rendered":"<p data-start=\"3038\" data-end=\"3274\">A natural dose of vitamins and antioxidants for stronger immunity. It combines <strong>sea buckthorn, pineapple, mangoes<\/strong> and <strong>cranberries<\/strong>, which are rich in vitamin C and polyphenols to help fight oxidative stress. <\/p>\n<p data-start=\"3276\" data-end=\"3493\"><strong>Chia seeds, inulin<\/strong> and <strong>flaxseed<\/strong> support the intestinal microflora &#8211; the basis for a strong immune system.<\/p>\n<p data-start=\"3276\" data-end=\"3493\"><strong>Apples<\/strong> provide a softness, while <strong>turmeric<\/strong>, <strong>ginger<\/strong> and <strong>pepper<\/strong> act as a natural anti-inflammatory complex.<\/p>\n<p data-start=\"3495\" data-end=\"3585\">The perfect choice for the cold season or when you need extra resistance and energy.<\/p>\n<p><b>To use: <\/b>add water to a 250 ml bottle, shake and drink immediately. Suitable as a nutritious snack or as a light substitute for one meal. <\/p>\n<p data-start=\"1451\" data-end=\"1602\"><strong data-start=\"1451\" data-end=\"1463\">Ingredients: <\/strong>inulin (agave), apples, pineapple, mangoes, cranberries, sea buckthorn, chia seeds, flaxseed, turmeric, ginger, Ceylon cinnamon, pepper.<\/p>\n<p data-start=\"1604\" data-end=\"1715\"><strong data-start=\"1604\" data-end=\"1656\">No sugar, no preservatives, no artificial additives.<\/strong><br data-start=\"1656\" data-end=\"1659\">Made with natural, hand-selected ingredients.<\/p>\n<p style=\"font-weight: 400;\"><strong>Net weight<\/strong>: 30 g<\/p>\n<p style=\"font-weight: 400;\">Store in a dry, dark and cool place.<\/p>\n","protected":false},"excerpt":{"rendered":"<p>Fruit gluten for immunity. Sea buckthorn, mango, pineapple and chia seeds &#8211; a natural combination of vitamins and antioxidants. <\/p>\n","protected":false},"featured_media":6212,"comment_status":"open","ping_status":"closed","template":"","meta":{"_acf_changed":false,"wprm-recipe-roundup-name":"","wprm-recipe-roundup-description":""},"product_brand":[],"product_cat":[353],"product_tag":[],"class_list":{"0":"post-6434","1":"product","2":"type-product","3":"status-publish","4":"has-post-thumbnail","6":"product_cat-smoothies","8":"first","9":"instock","10":"shipping-taxable","11":"purchasable","12":"product-type-simple"},"acf":[],"yoast_head":"<!-- This site is optimized with the Yoast SEO plugin v25.5 - https:\/\/yoast.com\/wordpress\/plugins\/seo\/ -->\n<title>Freeze-dried Smoothie &quot;For immunity&quot; - 4sezonai<\/title>\n<meta name=\"description\" content=\"Immunity smoothie with sea buckthorn, mango and ginger - natural vitamins and antioxidants for stronger protection.\" \/>\n<meta name=\"robots\" content=\"index, follow, max-snippet:-1, max-image-preview:large, max-video-preview:-1\" \/>\n<link rel=\"canonical\" href=\"https:\/\/4sezonai.lt\/en\/product\/freeze-dried-gluten-for-immunity\/\" \/>\n<meta property=\"og:locale\" content=\"en_US\" \/>\n<meta property=\"og:type\" content=\"article\" \/>\n<meta property=\"og:title\" content=\"Freeze-dried Smoothie &quot;For immunity&quot; - 4sezonai\" \/>\n<meta property=\"og:description\" content=\"Immunity smoothie with sea buckthorn, mango and ginger - natural vitamins and antioxidants for stronger protection.\" \/>\n<meta property=\"og:url\" content=\"https:\/\/4sezonai.lt\/en\/product\/freeze-dried-gluten-for-immunity\/\" \/>\n<meta property=\"og:site_name\" content=\"4sezonai\" \/>\n<meta property=\"article:publisher\" content=\"https:\/\/www.facebook.com\/4sezonai.lt\" \/>\n<meta property=\"article:modified_time\" content=\"2025-11-23T17:29:20+00:00\" \/>\n<meta property=\"og:image\" content=\"https:\/\/4sezonai.lt\/wp-content\/uploads\/2025\/11\/Imunitetui.jpg\" \/>\n\t<meta property=\"og:image:width\" content=\"1500\" \/>\n\t<meta property=\"og:image:height\" content=\"1500\" \/>\n\t<meta property=\"og:image:type\" content=\"image\/jpeg\" \/>\n<meta name=\"twitter:card\" content=\"summary_large_image\" \/>\n<meta name=\"twitter:label1\" content=\"Est. reading time\" \/>\n\t<meta name=\"twitter:data1\" content=\"1 minute\" \/>\n<script type=\"application\/ld+json\" class=\"yoast-schema-graph\">{\"@context\":\"https:\/\/schema.org\",\"@graph\":[{\"@type\":\"WebPage\",\"@id\":\"https:\/\/4sezonai.lt\/en\/product\/freeze-dried-gluten-for-immunity\/\",\"url\":\"https:\/\/4sezonai.lt\/en\/product\/freeze-dried-gluten-for-immunity\/\",\"name\":\"Freeze-dried Smoothie \\\"For immunity\\\" - 4sezonai\",\"isPartOf\":{\"@id\":\"https:\/\/4sezonai.lt\/en\/#website\"},\"primaryImageOfPage\":{\"@id\":\"https:\/\/4sezonai.lt\/en\/product\/freeze-dried-gluten-for-immunity\/#primaryimage\"},\"image\":{\"@id\":\"https:\/\/4sezonai.lt\/en\/product\/freeze-dried-gluten-for-immunity\/#primaryimage\"},\"thumbnailUrl\":\"https:\/\/4sezonai.lt\/wp-content\/uploads\/2025\/11\/Imunitetui.jpg\",\"datePublished\":\"2025-11-03T20:01:22+00:00\",\"dateModified\":\"2025-11-23T17:29:20+00:00\",\"description\":\"Immunity smoothie with sea buckthorn, mango and ginger - natural vitamins and antioxidants for stronger protection.\",\"breadcrumb\":{\"@id\":\"https:\/\/4sezonai.lt\/en\/product\/freeze-dried-gluten-for-immunity\/#breadcrumb\"},\"inLanguage\":\"en-US\",\"potentialAction\":[{\"@type\":\"ReadAction\",\"target\":[\"https:\/\/4sezonai.lt\/en\/product\/freeze-dried-gluten-for-immunity\/\"]}]},{\"@type\":\"ImageObject\",\"inLanguage\":\"en-US\",\"@id\":\"https:\/\/4sezonai.lt\/en\/product\/freeze-dried-gluten-for-immunity\/#primaryimage\",\"url\":\"https:\/\/4sezonai.lt\/wp-content\/uploads\/2025\/11\/Imunitetui.jpg\",\"contentUrl\":\"https:\/\/4sezonai.lt\/wp-content\/uploads\/2025\/11\/Imunitetui.jpg\",\"width\":1500,\"height\":1500,\"caption\":\"imunitetui\"},{\"@type\":\"BreadcrumbList\",\"@id\":\"https:\/\/4sezonai.lt\/en\/product\/freeze-dried-gluten-for-immunity\/#breadcrumb\",\"itemListElement\":[{\"@type\":\"ListItem\",\"position\":1,\"name\":\"Pagrindinis\",\"item\":\"https:\/\/4sezonai.lt\/en\/\"},{\"@type\":\"ListItem\",\"position\":2,\"name\":\"Shop\",\"item\":\"https:\/\/4sezonai.lt\/en\/shop\/\"},{\"@type\":\"ListItem\",\"position\":3,\"name\":\"Freeze-dried Smoothie &#8222;For immunity&#8221;\"}]},{\"@type\":\"WebSite\",\"@id\":\"https:\/\/4sezonai.lt\/en\/#website\",\"url\":\"https:\/\/4sezonai.lt\/en\/\",\"name\":\"4sezonai\",\"description\":\"Auk\u0161\u010diausios kokyb\u0117s liofilzuoti produktai\",\"publisher\":{\"@id\":\"https:\/\/4sezonai.lt\/en\/#organization\"},\"potentialAction\":[{\"@type\":\"SearchAction\",\"target\":{\"@type\":\"EntryPoint\",\"urlTemplate\":\"https:\/\/4sezonai.lt\/en\/?s={search_term_string}\"},\"query-input\":{\"@type\":\"PropertyValueSpecification\",\"valueRequired\":true,\"valueName\":\"search_term_string\"}}],\"inLanguage\":\"en-US\"},{\"@type\":\"Organization\",\"@id\":\"https:\/\/4sezonai.lt\/en\/#organization\",\"name\":\"4sezonai\",\"url\":\"https:\/\/4sezonai.lt\/en\/\",\"logo\":{\"@type\":\"ImageObject\",\"inLanguage\":\"en-US\",\"@id\":\"https:\/\/4sezonai.lt\/en\/#\/schema\/logo\/image\/\",\"url\":\"https:\/\/4sezonai.lt\/wp-content\/uploads\/2024\/04\/4-Sezonai-logotipas.png\",\"contentUrl\":\"https:\/\/4sezonai.lt\/wp-content\/uploads\/2024\/04\/4-Sezonai-logotipas.png\",\"width\":712,\"height\":712,\"caption\":\"4sezonai\"},\"image\":{\"@id\":\"https:\/\/4sezonai.lt\/en\/#\/schema\/logo\/image\/\"},\"sameAs\":[\"https:\/\/www.facebook.com\/4sezonai.lt\",\"https:\/\/www.instagram.com\/4sezonai_\/\"]}]}<\/script>\n<!-- \/ Yoast SEO plugin. -->","yoast_head_json":{"title":"Freeze-dried Smoothie \"For immunity\" - 4sezonai","description":"Immunity smoothie with sea buckthorn, mango and ginger - natural vitamins and antioxidants for stronger protection.","robots":{"index":"index","follow":"follow","max-snippet":"max-snippet:-1","max-image-preview":"max-image-preview:large","max-video-preview":"max-video-preview:-1"},"canonical":"https:\/\/4sezonai.lt\/en\/product\/freeze-dried-gluten-for-immunity\/","og_locale":"en_US","og_type":"article","og_title":"Freeze-dried Smoothie \"For immunity\" - 4sezonai","og_description":"Immunity smoothie with sea buckthorn, mango and ginger - natural vitamins and antioxidants for stronger protection.","og_url":"https:\/\/4sezonai.lt\/en\/product\/freeze-dried-gluten-for-immunity\/","og_site_name":"4sezonai","article_publisher":"https:\/\/www.facebook.com\/4sezonai.lt","article_modified_time":"2025-11-23T17:29:20+00:00","og_image":[{"width":1500,"height":1500,"url":"https:\/\/4sezonai.lt\/wp-content\/uploads\/2025\/11\/Imunitetui.jpg","type":"image\/jpeg"}],"twitter_card":"summary_large_image","twitter_misc":{"Est. reading time":"1 minute"},"schema":{"@context":"https:\/\/schema.org","@graph":[{"@type":"WebPage","@id":"https:\/\/4sezonai.lt\/en\/product\/freeze-dried-gluten-for-immunity\/","url":"https:\/\/4sezonai.lt\/en\/product\/freeze-dried-gluten-for-immunity\/","name":"Freeze-dried Smoothie \"For immunity\" - 4sezonai","isPartOf":{"@id":"https:\/\/4sezonai.lt\/en\/#website"},"primaryImageOfPage":{"@id":"https:\/\/4sezonai.lt\/en\/product\/freeze-dried-gluten-for-immunity\/#primaryimage"},"image":{"@id":"https:\/\/4sezonai.lt\/en\/product\/freeze-dried-gluten-for-immunity\/#primaryimage"},"thumbnailUrl":"https:\/\/4sezonai.lt\/wp-content\/uploads\/2025\/11\/Imunitetui.jpg","datePublished":"2025-11-03T20:01:22+00:00","dateModified":"2025-11-23T17:29:20+00:00","description":"Immunity smoothie with sea buckthorn, mango and ginger - natural vitamins and antioxidants for stronger protection.","breadcrumb":{"@id":"https:\/\/4sezonai.lt\/en\/product\/freeze-dried-gluten-for-immunity\/#breadcrumb"},"inLanguage":"en-US","potentialAction":[{"@type":"ReadAction","target":["https:\/\/4sezonai.lt\/en\/product\/freeze-dried-gluten-for-immunity\/"]}]},{"@type":"ImageObject","inLanguage":"en-US","@id":"https:\/\/4sezonai.lt\/en\/product\/freeze-dried-gluten-for-immunity\/#primaryimage","url":"https:\/\/4sezonai.lt\/wp-content\/uploads\/2025\/11\/Imunitetui.jpg","contentUrl":"https:\/\/4sezonai.lt\/wp-content\/uploads\/2025\/11\/Imunitetui.jpg","width":1500,"height":1500,"caption":"imunitetui"},{"@type":"BreadcrumbList","@id":"https:\/\/4sezonai.lt\/en\/product\/freeze-dried-gluten-for-immunity\/#breadcrumb","itemListElement":[{"@type":"ListItem","position":1,"name":"Pagrindinis","item":"https:\/\/4sezonai.lt\/en\/"},{"@type":"ListItem","position":2,"name":"Shop","item":"https:\/\/4sezonai.lt\/en\/shop\/"},{"@type":"ListItem","position":3,"name":"Freeze-dried Smoothie &#8222;For immunity&#8221;"}]},{"@type":"WebSite","@id":"https:\/\/4sezonai.lt\/en\/#website","url":"https:\/\/4sezonai.lt\/en\/","name":"4sezonai","description":"Auk\u0161\u010diausios kokyb\u0117s liofilzuoti produktai","publisher":{"@id":"https:\/\/4sezonai.lt\/en\/#organization"},"potentialAction":[{"@type":"SearchAction","target":{"@type":"EntryPoint","urlTemplate":"https:\/\/4sezonai.lt\/en\/?s={search_term_string}"},"query-input":{"@type":"PropertyValueSpecification","valueRequired":true,"valueName":"search_term_string"}}],"inLanguage":"en-US"},{"@type":"Organization","@id":"https:\/\/4sezonai.lt\/en\/#organization","name":"4sezonai","url":"https:\/\/4sezonai.lt\/en\/","logo":{"@type":"ImageObject","inLanguage":"en-US","@id":"https:\/\/4sezonai.lt\/en\/#\/schema\/logo\/image\/","url":"https:\/\/4sezonai.lt\/wp-content\/uploads\/2024\/04\/4-Sezonai-logotipas.png","contentUrl":"https:\/\/4sezonai.lt\/wp-content\/uploads\/2024\/04\/4-Sezonai-logotipas.png","width":712,"height":712,"caption":"4sezonai"},"image":{"@id":"https:\/\/4sezonai.lt\/en\/#\/schema\/logo\/image\/"},"sameAs":["https:\/\/www.facebook.com\/4sezonai.lt","https:\/\/www.instagram.com\/4sezonai_\/"]}]}},"_links":{"self":[{"href":"https:\/\/4sezonai.lt\/en\/wp-json\/wp\/v2\/product\/6434","targetHints":{"allow":["GET"]}}],"collection":[{"href":"https:\/\/4sezonai.lt\/en\/wp-json\/wp\/v2\/product"}],"about":[{"href":"https:\/\/4sezonai.lt\/en\/wp-json\/wp\/v2\/types\/product"}],"replies":[{"embeddable":true,"href":"https:\/\/4sezonai.lt\/en\/wp-json\/wp\/v2\/comments?post=6434"}],"wp:featuredmedia":[{"embeddable":true,"href":"https:\/\/4sezonai.lt\/en\/wp-json\/wp\/v2\/media\/6212"}],"wp:attachment":[{"href":"https:\/\/4sezonai.lt\/en\/wp-json\/wp\/v2\/media?parent=6434"}],"wp:term":[{"taxonomy":"product_brand","embeddable":true,"href":"https:\/\/4sezonai.lt\/en\/wp-json\/wp\/v2\/product_brand?post=6434"},{"taxonomy":"product_cat","embeddable":true,"href":"https:\/\/4sezonai.lt\/en\/wp-json\/wp\/v2\/product_cat?post=6434"},{"taxonomy":"product_tag","embeddable":true,"href":"https:\/\/4sezonai.lt\/en\/wp-json\/wp\/v2\/product_tag?post=6434"}],"curies":[{"name":"wp","href":"https:\/\/api.w.org\/{rel}","templated":true}]}}