{"id":6485,"date":"2024-11-06T19:15:51","date_gmt":"2024-11-06T17:15:51","guid":{"rendered":"https:\/\/4sezonai.lt\/produktas\/basil-pesto\/"},"modified":"2025-11-06T18:20:45","modified_gmt":"2025-11-06T16:20:45","slug":"basil-pesto","status":"publish","type":"product","link":"https:\/\/4sezonai.lt\/en\/product\/basil-pesto\/","title":{"rendered":"Basil PESTO"},"content":{"rendered":"<p>Freeze-dried Basil Pesto &#8211; new in your kitchen!<\/p>\n<p>Looking for a special flavour accent but don&#8217;t have time to make fresh pesto? Try our freeze-dried basil pesto, a product that will take your culinary experience to the next level! The all-natural composition without preservatives, sugars or chemical additives guarantees the highest quality and taste.  <\/p>\n<p>As it is completely new on the market, it is difficult to prove that this product is completely unique and amazing. Not only because of its practicality, when only a teaspoon of fresh PESTO is needed, but also because of its ease of preparation. Just mix the powder with oil and enjoy the taste of fresh basil PESTO.  <\/p>\n<p>Benefits of freeze-dried basil PESTO:<\/p>\n<ul>\n<li>natural, pure composition, without any chemical additives, preservatives or sugars;<\/li>\n<li>requires no special storage conditions, even after washing (can be stored in cupboards, drawers and other natural environments);<\/li>\n<li>It&#8217;s convenient to make fresh pesto for just one snack;<\/li>\n<li>the possibility to choose your favourite oil, although we recommend olive oil, it&#8217;s great to be able to use your own, top quality, even freshly pressed oil;<\/li>\n<li>we can control the texture of the sauce itself: the recommended ratio is 1:2, i.e. 1 part sauce powder and 2 parts oil, mix it all together and you have a sauce, but if you want it thicker or more liquid, you can easily adjust the oil content;<\/li>\n<li>extremely simple and quick to use: mix the powder with oil and taste; if you want a more pungent taste, you can leave it to stand longer and then taste it;<\/li>\n<li>Even the pesto sauce doesn&#8217;t have to be consumed immediately, it can keep for up to 7 days in the fridge.<\/li>\n<\/ul>\n<p>This unique freeze-dried basil pesto is a real find for those in a hurry and for gourmets who want to keep control over the quality and taste of their dishes.<\/p>\n<p><strong>Ingredients<\/strong>: salt, cashew nuts, hard cheese (salt, enzyme, MILK, YEAST), freeze-dried garlic, freeze-dried basil, freeze-dried spinach, black pepper.<\/p>\n<ul>\n<li>Store in a particularly dry, dark and cool place.<\/li>\n<li>Net weight 110 g<\/li>\n<\/ul>\n","protected":false},"excerpt":{"rendered":"<p>The taste of fresh pesto in just one minute, without any compromise.<br \/>\nIngredients: salt, cashew nuts, hard cheese, freeze-dried garlic, basil, spinach and black pepper<br \/>\nJust mix with your preferred oil and enjoy fresh pesto<br \/>\nConvenient to use due to its long shelf life even after opening &#8211; can be stored in the cupboard<\/p>\n","protected":false},"featured_media":7289,"comment_status":"open","ping_status":"closed","template":"","meta":{"_acf_changed":false,"wprm-recipe-roundup-name":"","wprm-recipe-roundup-description":""},"product_brand":[],"product_cat":[344],"product_tag":[],"class_list":{"0":"post-6485","1":"product","2":"type-product","3":"status-publish","4":"has-post-thumbnail","6":"product_cat-uncategorized","8":"first","9":"instock","10":"shipping-taxable","11":"purchasable","12":"product-type-simple"},"acf":[],"yoast_head":"<!-- This site is optimized with the Yoast SEO plugin v25.5 - https:\/\/yoast.com\/wordpress\/plugins\/seo\/ -->\n<title>Basil PESTO - 4sezonai<\/title>\n<meta name=\"robots\" content=\"index, follow, max-snippet:-1, max-image-preview:large, max-video-preview:-1\" \/>\n<link rel=\"canonical\" href=\"https:\/\/4sezonai.lt\/en\/product\/basil-pesto\/\" \/>\n<meta property=\"og:locale\" content=\"en_US\" \/>\n<meta property=\"og:type\" content=\"article\" \/>\n<meta property=\"og:title\" content=\"Basil PESTO - 4sezonai\" \/>\n<meta property=\"og:description\" content=\"The taste of fresh pesto in just one minute, without any compromise. Ingredients: salt, cashew nuts, hard cheese, freeze-dried garlic, basil, spinach and black pepper Just mix with your preferred oil and enjoy fresh pesto Convenient to use due to its long shelf life even after opening - can be stored in the cupboard\" \/>\n<meta property=\"og:url\" content=\"https:\/\/4sezonai.lt\/en\/product\/basil-pesto\/\" \/>\n<meta property=\"og:site_name\" content=\"4sezonai\" \/>\n<meta property=\"article:publisher\" content=\"https:\/\/www.facebook.com\/4sezonai.lt\" \/>\n<meta property=\"article:modified_time\" content=\"2025-11-06T16:20:45+00:00\" \/>\n<meta property=\"og:image\" content=\"https:\/\/4sezonai.lt\/wp-content\/uploads\/2025\/06\/GB9A2677.jpg\" \/>\n\t<meta property=\"og:image:width\" content=\"1184\" \/>\n\t<meta property=\"og:image:height\" content=\"1184\" \/>\n\t<meta property=\"og:image:type\" content=\"image\/jpeg\" \/>\n<meta name=\"twitter:card\" content=\"summary_large_image\" \/>\n<meta name=\"twitter:label1\" content=\"Est. reading time\" \/>\n\t<meta name=\"twitter:data1\" content=\"2 minutes\" \/>\n<script type=\"application\/ld+json\" class=\"yoast-schema-graph\">{\"@context\":\"https:\/\/schema.org\",\"@graph\":[{\"@type\":\"WebPage\",\"@id\":\"https:\/\/4sezonai.lt\/en\/product\/basil-pesto\/\",\"url\":\"https:\/\/4sezonai.lt\/en\/product\/basil-pesto\/\",\"name\":\"Basil PESTO - 4sezonai\",\"isPartOf\":{\"@id\":\"https:\/\/4sezonai.lt\/en\/#website\"},\"primaryImageOfPage\":{\"@id\":\"https:\/\/4sezonai.lt\/en\/product\/basil-pesto\/#primaryimage\"},\"image\":{\"@id\":\"https:\/\/4sezonai.lt\/en\/product\/basil-pesto\/#primaryimage\"},\"thumbnailUrl\":\"https:\/\/4sezonai.lt\/wp-content\/uploads\/2025\/06\/GB9A2677.jpg\",\"datePublished\":\"2024-11-06T17:15:51+00:00\",\"dateModified\":\"2025-11-06T16:20:45+00:00\",\"breadcrumb\":{\"@id\":\"https:\/\/4sezonai.lt\/en\/product\/basil-pesto\/#breadcrumb\"},\"inLanguage\":\"en-US\",\"potentialAction\":[{\"@type\":\"ReadAction\",\"target\":[\"https:\/\/4sezonai.lt\/en\/product\/basil-pesto\/\"]}]},{\"@type\":\"ImageObject\",\"inLanguage\":\"en-US\",\"@id\":\"https:\/\/4sezonai.lt\/en\/product\/basil-pesto\/#primaryimage\",\"url\":\"https:\/\/4sezonai.lt\/wp-content\/uploads\/2025\/06\/GB9A2677.jpg\",\"contentUrl\":\"https:\/\/4sezonai.lt\/wp-content\/uploads\/2025\/06\/GB9A2677.jpg\",\"width\":1184,\"height\":1184},{\"@type\":\"BreadcrumbList\",\"@id\":\"https:\/\/4sezonai.lt\/en\/product\/basil-pesto\/#breadcrumb\",\"itemListElement\":[{\"@type\":\"ListItem\",\"position\":1,\"name\":\"Pagrindinis\",\"item\":\"https:\/\/4sezonai.lt\/en\/\"},{\"@type\":\"ListItem\",\"position\":2,\"name\":\"Shop\",\"item\":\"https:\/\/4sezonai.lt\/en\/shop\/\"},{\"@type\":\"ListItem\",\"position\":3,\"name\":\"Basil PESTO\"}]},{\"@type\":\"WebSite\",\"@id\":\"https:\/\/4sezonai.lt\/en\/#website\",\"url\":\"https:\/\/4sezonai.lt\/en\/\",\"name\":\"4sezonai\",\"description\":\"Auk\u0161\u010diausios kokyb\u0117s liofilzuoti produktai\",\"publisher\":{\"@id\":\"https:\/\/4sezonai.lt\/en\/#organization\"},\"potentialAction\":[{\"@type\":\"SearchAction\",\"target\":{\"@type\":\"EntryPoint\",\"urlTemplate\":\"https:\/\/4sezonai.lt\/en\/?s={search_term_string}\"},\"query-input\":{\"@type\":\"PropertyValueSpecification\",\"valueRequired\":true,\"valueName\":\"search_term_string\"}}],\"inLanguage\":\"en-US\"},{\"@type\":\"Organization\",\"@id\":\"https:\/\/4sezonai.lt\/en\/#organization\",\"name\":\"4sezonai\",\"url\":\"https:\/\/4sezonai.lt\/en\/\",\"logo\":{\"@type\":\"ImageObject\",\"inLanguage\":\"en-US\",\"@id\":\"https:\/\/4sezonai.lt\/en\/#\/schema\/logo\/image\/\",\"url\":\"https:\/\/4sezonai.lt\/wp-content\/uploads\/2024\/04\/4-Sezonai-logotipas.png\",\"contentUrl\":\"https:\/\/4sezonai.lt\/wp-content\/uploads\/2024\/04\/4-Sezonai-logotipas.png\",\"width\":712,\"height\":712,\"caption\":\"4sezonai\"},\"image\":{\"@id\":\"https:\/\/4sezonai.lt\/en\/#\/schema\/logo\/image\/\"},\"sameAs\":[\"https:\/\/www.facebook.com\/4sezonai.lt\",\"https:\/\/www.instagram.com\/4sezonai_\/\"]}]}<\/script>\n<!-- \/ Yoast SEO plugin. -->","yoast_head_json":{"title":"Basil PESTO - 4sezonai","robots":{"index":"index","follow":"follow","max-snippet":"max-snippet:-1","max-image-preview":"max-image-preview:large","max-video-preview":"max-video-preview:-1"},"canonical":"https:\/\/4sezonai.lt\/en\/product\/basil-pesto\/","og_locale":"en_US","og_type":"article","og_title":"Basil PESTO - 4sezonai","og_description":"The taste of fresh pesto in just one minute, without any compromise. Ingredients: salt, cashew nuts, hard cheese, freeze-dried garlic, basil, spinach and black pepper Just mix with your preferred oil and enjoy fresh pesto Convenient to use due to its long shelf life even after opening - can be stored in the cupboard","og_url":"https:\/\/4sezonai.lt\/en\/product\/basil-pesto\/","og_site_name":"4sezonai","article_publisher":"https:\/\/www.facebook.com\/4sezonai.lt","article_modified_time":"2025-11-06T16:20:45+00:00","og_image":[{"width":1184,"height":1184,"url":"https:\/\/4sezonai.lt\/wp-content\/uploads\/2025\/06\/GB9A2677.jpg","type":"image\/jpeg"}],"twitter_card":"summary_large_image","twitter_misc":{"Est. reading time":"2 minutes"},"schema":{"@context":"https:\/\/schema.org","@graph":[{"@type":"WebPage","@id":"https:\/\/4sezonai.lt\/en\/product\/basil-pesto\/","url":"https:\/\/4sezonai.lt\/en\/product\/basil-pesto\/","name":"Basil PESTO - 4sezonai","isPartOf":{"@id":"https:\/\/4sezonai.lt\/en\/#website"},"primaryImageOfPage":{"@id":"https:\/\/4sezonai.lt\/en\/product\/basil-pesto\/#primaryimage"},"image":{"@id":"https:\/\/4sezonai.lt\/en\/product\/basil-pesto\/#primaryimage"},"thumbnailUrl":"https:\/\/4sezonai.lt\/wp-content\/uploads\/2025\/06\/GB9A2677.jpg","datePublished":"2024-11-06T17:15:51+00:00","dateModified":"2025-11-06T16:20:45+00:00","breadcrumb":{"@id":"https:\/\/4sezonai.lt\/en\/product\/basil-pesto\/#breadcrumb"},"inLanguage":"en-US","potentialAction":[{"@type":"ReadAction","target":["https:\/\/4sezonai.lt\/en\/product\/basil-pesto\/"]}]},{"@type":"ImageObject","inLanguage":"en-US","@id":"https:\/\/4sezonai.lt\/en\/product\/basil-pesto\/#primaryimage","url":"https:\/\/4sezonai.lt\/wp-content\/uploads\/2025\/06\/GB9A2677.jpg","contentUrl":"https:\/\/4sezonai.lt\/wp-content\/uploads\/2025\/06\/GB9A2677.jpg","width":1184,"height":1184},{"@type":"BreadcrumbList","@id":"https:\/\/4sezonai.lt\/en\/product\/basil-pesto\/#breadcrumb","itemListElement":[{"@type":"ListItem","position":1,"name":"Pagrindinis","item":"https:\/\/4sezonai.lt\/en\/"},{"@type":"ListItem","position":2,"name":"Shop","item":"https:\/\/4sezonai.lt\/en\/shop\/"},{"@type":"ListItem","position":3,"name":"Basil PESTO"}]},{"@type":"WebSite","@id":"https:\/\/4sezonai.lt\/en\/#website","url":"https:\/\/4sezonai.lt\/en\/","name":"4sezonai","description":"Auk\u0161\u010diausios kokyb\u0117s liofilzuoti produktai","publisher":{"@id":"https:\/\/4sezonai.lt\/en\/#organization"},"potentialAction":[{"@type":"SearchAction","target":{"@type":"EntryPoint","urlTemplate":"https:\/\/4sezonai.lt\/en\/?s={search_term_string}"},"query-input":{"@type":"PropertyValueSpecification","valueRequired":true,"valueName":"search_term_string"}}],"inLanguage":"en-US"},{"@type":"Organization","@id":"https:\/\/4sezonai.lt\/en\/#organization","name":"4sezonai","url":"https:\/\/4sezonai.lt\/en\/","logo":{"@type":"ImageObject","inLanguage":"en-US","@id":"https:\/\/4sezonai.lt\/en\/#\/schema\/logo\/image\/","url":"https:\/\/4sezonai.lt\/wp-content\/uploads\/2024\/04\/4-Sezonai-logotipas.png","contentUrl":"https:\/\/4sezonai.lt\/wp-content\/uploads\/2024\/04\/4-Sezonai-logotipas.png","width":712,"height":712,"caption":"4sezonai"},"image":{"@id":"https:\/\/4sezonai.lt\/en\/#\/schema\/logo\/image\/"},"sameAs":["https:\/\/www.facebook.com\/4sezonai.lt","https:\/\/www.instagram.com\/4sezonai_\/"]}]}},"_links":{"self":[{"href":"https:\/\/4sezonai.lt\/en\/wp-json\/wp\/v2\/product\/6485","targetHints":{"allow":["GET"]}}],"collection":[{"href":"https:\/\/4sezonai.lt\/en\/wp-json\/wp\/v2\/product"}],"about":[{"href":"https:\/\/4sezonai.lt\/en\/wp-json\/wp\/v2\/types\/product"}],"replies":[{"embeddable":true,"href":"https:\/\/4sezonai.lt\/en\/wp-json\/wp\/v2\/comments?post=6485"}],"wp:featuredmedia":[{"embeddable":true,"href":"https:\/\/4sezonai.lt\/en\/wp-json\/wp\/v2\/media\/7289"}],"wp:attachment":[{"href":"https:\/\/4sezonai.lt\/en\/wp-json\/wp\/v2\/media?parent=6485"}],"wp:term":[{"taxonomy":"product_brand","embeddable":true,"href":"https:\/\/4sezonai.lt\/en\/wp-json\/wp\/v2\/product_brand?post=6485"},{"taxonomy":"product_cat","embeddable":true,"href":"https:\/\/4sezonai.lt\/en\/wp-json\/wp\/v2\/product_cat?post=6485"},{"taxonomy":"product_tag","embeddable":true,"href":"https:\/\/4sezonai.lt\/en\/wp-json\/wp\/v2\/product_tag?post=6485"}],"curies":[{"name":"wp","href":"https:\/\/api.w.org\/{rel}","templated":true}]}}