{"id":6511,"date":"2024-02-08T13:27:23","date_gmt":"2024-02-08T11:27:23","guid":{"rendered":"https:\/\/4sezonai.lt\/produktas\/chocolate-making-kit-for-berry-lovers\/"},"modified":"2024-02-08T13:27:23","modified_gmt":"2024-02-08T11:27:23","slug":"chocolate-making-kit-for-berry-lovers","status":"publish","type":"product","link":"https:\/\/4sezonai.lt\/en\/product\/chocolate-making-kit-for-berry-lovers\/","title":{"rendered":"Chocolate making kit for &#8220;Berry lovers&#8221;"},"content":{"rendered":"<p align=\"left\"><span style=\"color: #555555\"><span style=\"font-family: Times New Roman, serif\"><span style=\"font-size: medium\">Have you ever thought that making chocolate could bring you closer together? We offer you not only a kit, but also an activity that will create warm emotions, laughter, conversations and wonderful memories. Also available as a gift set. Do this activity with your other half or create family traditions during holidays and other important occasions.     <\/span><\/span><\/span><\/p>\n<p align=\"left\"><strong><span style=\"color: #555555\"><span style=\"font-family: Times New Roman, serif\"><span style=\"font-size: medium\">The set includes:<\/span><\/span><\/span><\/strong><\/p>\n<ul>\n<li><span style=\"color: #555555\"><span style=\"font-family: Times New Roman, serif\"><span style=\"font-size: medium\">Silicone mould with 6 small chocolate bars and 3 larger ones<\/span><\/span><\/span><\/li>\n<li><a href=\"https:\/\/4sezonai.lt\/produktas\/liofilizuotos-braskes\/\">Freeze-dried strawberries,<\/a> 250 ml<\/li>\n<li><a href=\"https:\/\/4sezonai.lt\/produktas\/liofilizuotos-avietes\/\">Freeze-dried raspberries<\/a>, 250 ml<\/li>\n<li><a href=\"https:\/\/4sezonai.lt\/produktas\/liofilizuotos-melynes\/\">Freeze-dried blueberries,<\/a> 250 ml<\/li>\n<li><span style=\"color: #555555\"><span style=\"font-family: Times New Roman, serif\"><span style=\"font-size: medium\">Choice of MULATE chocolate (black, unless another is preferred)<\/span><\/span><\/span><\/li>\n<li><span style=\"color: #555555\"><span style=\"font-family: Times New Roman, serif\"><span style=\"font-size: medium\">Silicone mould<\/span><\/span><\/span><\/li>\n<\/ul>\n<p align=\"left\"><span style=\"color: #555555\"><span style=\"font-family: Times New Roman, serif\"><span style=\"font-size: medium\"><b>Chocolate making kit packaged in a Valentine&#8217;s Day box with hearts.<\/b><\/span><\/span><\/span><\/p>\n<p align=\"left\"><span style=\"color: #555555\"><span style=\"font-family: Times New Roman, serif\"><span style=\"font-size: medium\">We&#8217;ll take care of all the extras, and all you have to do is enjoy the quality chocolate with freeze-dried berries and treat your family, friends and colleagues.<\/span><\/span><\/span><\/p>\n<p align=\"left\">Delivery may take up to 5 days.<\/p>\n","protected":false},"excerpt":{"rendered":"<p>Looking for a special gift? This Valentine&#8217;s Day chocolate set with freeze-dried strawberries, raspberries and blueberries will create a sweet memory together. Perfect for couples, family or friends.  <\/p>\n","protected":false},"featured_media":1417,"comment_status":"open","ping_status":"closed","template":"","meta":{"_acf_changed":false,"wprm-recipe-roundup-name":"","wprm-recipe-roundup-description":""},"product_brand":[],"product_cat":[348],"product_tag":[],"class_list":{"0":"post-6511","1":"product","2":"type-product","3":"status-publish","4":"has-post-thumbnail","6":"product_cat-gift-sets-2","8":"first","9":"instock","10":"shipping-taxable","11":"purchasable","12":"product-type-simple"},"acf":[],"yoast_head":"<!-- This site is optimized with the Yoast SEO plugin v25.5 - https:\/\/yoast.com\/wordpress\/plugins\/seo\/ -->\n<title>Chocolate making gift set for Berry lovers -4sezonai%<\/title>\n<meta name=\"description\" content=\"Chocolate making gift set including freeze-dried strawberries, raspberries and blueberries, a selection of MULATE chocolate and a silicone mould.\" \/>\n<meta name=\"robots\" content=\"index, follow, max-snippet:-1, max-image-preview:large, max-video-preview:-1\" \/>\n<link rel=\"canonical\" href=\"https:\/\/4sezonai.lt\/en\/product\/chocolate-making-kit-for-berry-lovers\/\" \/>\n<meta property=\"og:locale\" content=\"en_US\" \/>\n<meta property=\"og:type\" content=\"article\" \/>\n<meta property=\"og:title\" content=\"Chocolate making gift set for Berry lovers -4sezonai%\" \/>\n<meta property=\"og:description\" content=\"Chocolate making gift set including freeze-dried strawberries, raspberries and blueberries, a selection of MULATE chocolate and a silicone mould.\" \/>\n<meta property=\"og:url\" content=\"https:\/\/4sezonai.lt\/en\/product\/chocolate-making-kit-for-berry-lovers\/\" \/>\n<meta property=\"og:site_name\" content=\"4sezonai\" \/>\n<meta property=\"article:publisher\" content=\"https:\/\/www.facebook.com\/4sezonai.lt\" \/>\n<meta property=\"og:image\" content=\"https:\/\/4sezonai.lt\/wp-content\/uploads\/2024\/02\/Sokolado-gaminimas-namuose-1.jpg\" \/>\n\t<meta property=\"og:image:width\" content=\"1200\" \/>\n\t<meta property=\"og:image:height\" content=\"800\" \/>\n\t<meta property=\"og:image:type\" content=\"image\/jpeg\" \/>\n<meta name=\"twitter:card\" content=\"summary_large_image\" \/>\n<meta name=\"twitter:label1\" content=\"Est. reading time\" \/>\n\t<meta name=\"twitter:data1\" content=\"1 minute\" \/>\n<script type=\"application\/ld+json\" class=\"yoast-schema-graph\">{\"@context\":\"https:\/\/schema.org\",\"@graph\":[{\"@type\":\"WebPage\",\"@id\":\"https:\/\/4sezonai.lt\/en\/product\/chocolate-making-kit-for-berry-lovers\/\",\"url\":\"https:\/\/4sezonai.lt\/en\/product\/chocolate-making-kit-for-berry-lovers\/\",\"name\":\"Chocolate making gift set for Berry lovers -4sezonai%\",\"isPartOf\":{\"@id\":\"https:\/\/4sezonai.lt\/en\/#website\"},\"primaryImageOfPage\":{\"@id\":\"https:\/\/4sezonai.lt\/en\/product\/chocolate-making-kit-for-berry-lovers\/#primaryimage\"},\"image\":{\"@id\":\"https:\/\/4sezonai.lt\/en\/product\/chocolate-making-kit-for-berry-lovers\/#primaryimage\"},\"thumbnailUrl\":\"https:\/\/4sezonai.lt\/wp-content\/uploads\/2024\/02\/Sokolado-gaminimas-namuose-1.jpg\",\"datePublished\":\"2024-02-08T11:27:23+00:00\",\"description\":\"Chocolate making gift set including freeze-dried strawberries, raspberries and blueberries, a selection of MULATE chocolate and a silicone mould.\",\"breadcrumb\":{\"@id\":\"https:\/\/4sezonai.lt\/en\/product\/chocolate-making-kit-for-berry-lovers\/#breadcrumb\"},\"inLanguage\":\"en-US\",\"potentialAction\":[{\"@type\":\"ReadAction\",\"target\":[\"https:\/\/4sezonai.lt\/en\/product\/chocolate-making-kit-for-berry-lovers\/\"]}]},{\"@type\":\"ImageObject\",\"inLanguage\":\"en-US\",\"@id\":\"https:\/\/4sezonai.lt\/en\/product\/chocolate-making-kit-for-berry-lovers\/#primaryimage\",\"url\":\"https:\/\/4sezonai.lt\/wp-content\/uploads\/2024\/02\/Sokolado-gaminimas-namuose-1.jpg\",\"contentUrl\":\"https:\/\/4sezonai.lt\/wp-content\/uploads\/2024\/02\/Sokolado-gaminimas-namuose-1.jpg\",\"width\":1200,\"height\":800},{\"@type\":\"BreadcrumbList\",\"@id\":\"https:\/\/4sezonai.lt\/en\/product\/chocolate-making-kit-for-berry-lovers\/#breadcrumb\",\"itemListElement\":[{\"@type\":\"ListItem\",\"position\":1,\"name\":\"Pagrindinis\",\"item\":\"https:\/\/4sezonai.lt\/en\/\"},{\"@type\":\"ListItem\",\"position\":2,\"name\":\"Shop\",\"item\":\"https:\/\/4sezonai.lt\/en\/shop\/\"},{\"@type\":\"ListItem\",\"position\":3,\"name\":\"Chocolate making kit for &#8222;Berry lovers&#8221;\"}]},{\"@type\":\"WebSite\",\"@id\":\"https:\/\/4sezonai.lt\/en\/#website\",\"url\":\"https:\/\/4sezonai.lt\/en\/\",\"name\":\"4sezonai\",\"description\":\"Auk\u0161\u010diausios kokyb\u0117s liofilzuoti produktai\",\"publisher\":{\"@id\":\"https:\/\/4sezonai.lt\/en\/#organization\"},\"potentialAction\":[{\"@type\":\"SearchAction\",\"target\":{\"@type\":\"EntryPoint\",\"urlTemplate\":\"https:\/\/4sezonai.lt\/en\/?s={search_term_string}\"},\"query-input\":{\"@type\":\"PropertyValueSpecification\",\"valueRequired\":true,\"valueName\":\"search_term_string\"}}],\"inLanguage\":\"en-US\"},{\"@type\":\"Organization\",\"@id\":\"https:\/\/4sezonai.lt\/en\/#organization\",\"name\":\"4sezonai\",\"url\":\"https:\/\/4sezonai.lt\/en\/\",\"logo\":{\"@type\":\"ImageObject\",\"inLanguage\":\"en-US\",\"@id\":\"https:\/\/4sezonai.lt\/en\/#\/schema\/logo\/image\/\",\"url\":\"https:\/\/4sezonai.lt\/wp-content\/uploads\/2024\/04\/4-Sezonai-logotipas.png\",\"contentUrl\":\"https:\/\/4sezonai.lt\/wp-content\/uploads\/2024\/04\/4-Sezonai-logotipas.png\",\"width\":712,\"height\":712,\"caption\":\"4sezonai\"},\"image\":{\"@id\":\"https:\/\/4sezonai.lt\/en\/#\/schema\/logo\/image\/\"},\"sameAs\":[\"https:\/\/www.facebook.com\/4sezonai.lt\",\"https:\/\/www.instagram.com\/4sezonai_\/\"]}]}<\/script>\n<!-- \/ Yoast SEO plugin. -->","yoast_head_json":{"title":"Chocolate making gift set for Berry lovers -4sezonai%","description":"Chocolate making gift set including freeze-dried strawberries, raspberries and blueberries, a selection of MULATE chocolate and a silicone mould.","robots":{"index":"index","follow":"follow","max-snippet":"max-snippet:-1","max-image-preview":"max-image-preview:large","max-video-preview":"max-video-preview:-1"},"canonical":"https:\/\/4sezonai.lt\/en\/product\/chocolate-making-kit-for-berry-lovers\/","og_locale":"en_US","og_type":"article","og_title":"Chocolate making gift set for Berry lovers -4sezonai%","og_description":"Chocolate making gift set including freeze-dried strawberries, raspberries and blueberries, a selection of MULATE chocolate and a silicone mould.","og_url":"https:\/\/4sezonai.lt\/en\/product\/chocolate-making-kit-for-berry-lovers\/","og_site_name":"4sezonai","article_publisher":"https:\/\/www.facebook.com\/4sezonai.lt","og_image":[{"width":1200,"height":800,"url":"https:\/\/4sezonai.lt\/wp-content\/uploads\/2024\/02\/Sokolado-gaminimas-namuose-1.jpg","type":"image\/jpeg"}],"twitter_card":"summary_large_image","twitter_misc":{"Est. reading time":"1 minute"},"schema":{"@context":"https:\/\/schema.org","@graph":[{"@type":"WebPage","@id":"https:\/\/4sezonai.lt\/en\/product\/chocolate-making-kit-for-berry-lovers\/","url":"https:\/\/4sezonai.lt\/en\/product\/chocolate-making-kit-for-berry-lovers\/","name":"Chocolate making gift set for Berry lovers -4sezonai%","isPartOf":{"@id":"https:\/\/4sezonai.lt\/en\/#website"},"primaryImageOfPage":{"@id":"https:\/\/4sezonai.lt\/en\/product\/chocolate-making-kit-for-berry-lovers\/#primaryimage"},"image":{"@id":"https:\/\/4sezonai.lt\/en\/product\/chocolate-making-kit-for-berry-lovers\/#primaryimage"},"thumbnailUrl":"https:\/\/4sezonai.lt\/wp-content\/uploads\/2024\/02\/Sokolado-gaminimas-namuose-1.jpg","datePublished":"2024-02-08T11:27:23+00:00","description":"Chocolate making gift set including freeze-dried strawberries, raspberries and blueberries, a selection of MULATE chocolate and a silicone mould.","breadcrumb":{"@id":"https:\/\/4sezonai.lt\/en\/product\/chocolate-making-kit-for-berry-lovers\/#breadcrumb"},"inLanguage":"en-US","potentialAction":[{"@type":"ReadAction","target":["https:\/\/4sezonai.lt\/en\/product\/chocolate-making-kit-for-berry-lovers\/"]}]},{"@type":"ImageObject","inLanguage":"en-US","@id":"https:\/\/4sezonai.lt\/en\/product\/chocolate-making-kit-for-berry-lovers\/#primaryimage","url":"https:\/\/4sezonai.lt\/wp-content\/uploads\/2024\/02\/Sokolado-gaminimas-namuose-1.jpg","contentUrl":"https:\/\/4sezonai.lt\/wp-content\/uploads\/2024\/02\/Sokolado-gaminimas-namuose-1.jpg","width":1200,"height":800},{"@type":"BreadcrumbList","@id":"https:\/\/4sezonai.lt\/en\/product\/chocolate-making-kit-for-berry-lovers\/#breadcrumb","itemListElement":[{"@type":"ListItem","position":1,"name":"Pagrindinis","item":"https:\/\/4sezonai.lt\/en\/"},{"@type":"ListItem","position":2,"name":"Shop","item":"https:\/\/4sezonai.lt\/en\/shop\/"},{"@type":"ListItem","position":3,"name":"Chocolate making kit for &#8222;Berry lovers&#8221;"}]},{"@type":"WebSite","@id":"https:\/\/4sezonai.lt\/en\/#website","url":"https:\/\/4sezonai.lt\/en\/","name":"4sezonai","description":"Auk\u0161\u010diausios kokyb\u0117s liofilzuoti produktai","publisher":{"@id":"https:\/\/4sezonai.lt\/en\/#organization"},"potentialAction":[{"@type":"SearchAction","target":{"@type":"EntryPoint","urlTemplate":"https:\/\/4sezonai.lt\/en\/?s={search_term_string}"},"query-input":{"@type":"PropertyValueSpecification","valueRequired":true,"valueName":"search_term_string"}}],"inLanguage":"en-US"},{"@type":"Organization","@id":"https:\/\/4sezonai.lt\/en\/#organization","name":"4sezonai","url":"https:\/\/4sezonai.lt\/en\/","logo":{"@type":"ImageObject","inLanguage":"en-US","@id":"https:\/\/4sezonai.lt\/en\/#\/schema\/logo\/image\/","url":"https:\/\/4sezonai.lt\/wp-content\/uploads\/2024\/04\/4-Sezonai-logotipas.png","contentUrl":"https:\/\/4sezonai.lt\/wp-content\/uploads\/2024\/04\/4-Sezonai-logotipas.png","width":712,"height":712,"caption":"4sezonai"},"image":{"@id":"https:\/\/4sezonai.lt\/en\/#\/schema\/logo\/image\/"},"sameAs":["https:\/\/www.facebook.com\/4sezonai.lt","https:\/\/www.instagram.com\/4sezonai_\/"]}]}},"_links":{"self":[{"href":"https:\/\/4sezonai.lt\/en\/wp-json\/wp\/v2\/product\/6511","targetHints":{"allow":["GET"]}}],"collection":[{"href":"https:\/\/4sezonai.lt\/en\/wp-json\/wp\/v2\/product"}],"about":[{"href":"https:\/\/4sezonai.lt\/en\/wp-json\/wp\/v2\/types\/product"}],"replies":[{"embeddable":true,"href":"https:\/\/4sezonai.lt\/en\/wp-json\/wp\/v2\/comments?post=6511"}],"wp:featuredmedia":[{"embeddable":true,"href":"https:\/\/4sezonai.lt\/en\/wp-json\/wp\/v2\/media\/1417"}],"wp:attachment":[{"href":"https:\/\/4sezonai.lt\/en\/wp-json\/wp\/v2\/media?parent=6511"}],"wp:term":[{"taxonomy":"product_brand","embeddable":true,"href":"https:\/\/4sezonai.lt\/en\/wp-json\/wp\/v2\/product_brand?post=6511"},{"taxonomy":"product_cat","embeddable":true,"href":"https:\/\/4sezonai.lt\/en\/wp-json\/wp\/v2\/product_cat?post=6511"},{"taxonomy":"product_tag","embeddable":true,"href":"https:\/\/4sezonai.lt\/en\/wp-json\/wp\/v2\/product_tag?post=6511"}],"curies":[{"name":"wp","href":"https:\/\/api.w.org\/{rel}","templated":true}]}}