{"id":6537,"date":"2024-02-15T20:52:47","date_gmt":"2024-02-15T17:52:47","guid":{"rendered":"https:\/\/4sezonai.lt\/produktas\/sugar-free-lollipops-with-freeze-dried-orphan-flowers-and-strawberries-1-piece-15-g\/"},"modified":"2024-02-15T20:52:47","modified_gmt":"2024-02-15T18:52:47","slug":"sugar-free-lollipops-with-freeze-dried-orphan-flowers-and-strawberries-1-piece-15-g","status":"publish","type":"product","link":"https:\/\/4sezonai.lt\/en\/product\/sugar-free-lollipops-with-freeze-dried-orphan-flowers-and-strawberries-1-piece-15-g\/","title":{"rendered":"Sugar-free lollipops with freeze-dried orphan flowers and strawberries, 1 piece (15 g)"},"content":{"rendered":"<div class=\"woocommerce-tabs wc-tabs-wrapper\">\n<div id=\"tab-description\" class=\"woocommerce-Tabs-panel woocommerce-Tabs-panel--description panel entry-content wc-tab\" role=\"tabpanel\" aria-labelledby=\"tab-title-description\">\n<p><strong>Handmade sugar-free lollipops with freeze-dried orphan flowers and strawberries, 1 piece (15 g)<\/strong><\/p>\n<p>Yes, you read it right! Sugar-free lollipops that can be the perfect substitute for sweets for your little sweet tooth. Not only are our products healthy, nutritious and tasty, but now we&#8217;ll be able to spoil the little ones too.  <\/p>\n<ul>\n<li>The lollipops are made from isomalt, a sugar substitute that has little or no effect on blood sugar levels and does not stimulate insulin release. It also does not promote tooth decay and is considered to be extremely tooth-friendly. <\/li>\n<li>Each lollipop is flavoured with our freeze-dried products: <a href=\"https:\/\/4sezonai.lt\/produktas\/liofilizuoti-naslaiciu-ziedai\/\">orphan flowers<\/a> and <a href=\"https:\/\/4sezonai.lt\/produktas\/liofilizuotos-zemuoges\/\">strawberries<\/a><\/li>\n<li>Handmade, each with a unique look.<\/li>\n<li>Ideal for gifts, thank-you notes and festive decorations.<\/li>\n<li>WE&#8217;VE REPLACED PLASTIC STICKS WITH WOODEN ONES!<\/li>\n<\/ul>\n<p>&nbsp;<\/p>\n<\/div>\n<\/div>\n","protected":false},"excerpt":{"rendered":"<p>Handmade candy with wooden stick of exceptional beauty &#8211; made of tooth-friendly isomalt, flavoured with freeze-dried orphan flowers and strawberries.<br \/>\nA great gift for children or festive occasions &#8211; an original choice instead of live flowers!<\/p>\n","protected":false},"featured_media":7283,"comment_status":"open","ping_status":"closed","template":"","meta":{"_acf_changed":false,"wprm-recipe-roundup-name":"","wprm-recipe-roundup-description":""},"product_brand":[],"product_cat":[390],"product_tag":[],"class_list":{"0":"post-6537","1":"product","2":"type-product","3":"status-publish","4":"has-post-thumbnail","6":"product_cat-sweets","8":"first","9":"instock","10":"shipping-taxable","11":"purchasable","12":"product-type-simple"},"acf":[],"yoast_head":"<!-- This site is optimized with the Yoast SEO plugin v25.5 - https:\/\/yoast.com\/wordpress\/plugins\/seo\/ -->\n<title>Sugar-free lollipops with freeze-dried orphan flowers and strawberries, 1 piece (15 g) - 4sezonai<\/title>\n<meta name=\"description\" content=\"Sugar-free lollipops flavoured with our freeze-dried products: pansy blossoms and strawberries.Made by hand, each one has a unique look.\" \/>\n<meta name=\"robots\" content=\"index, follow, max-snippet:-1, max-image-preview:large, max-video-preview:-1\" \/>\n<link rel=\"canonical\" href=\"https:\/\/4sezonai.lt\/en\/product\/sugar-free-lollipops-with-freeze-dried-orphan-flowers-and-strawberries-1-piece-15-g\/\" \/>\n<meta property=\"og:locale\" content=\"en_US\" \/>\n<meta property=\"og:type\" content=\"article\" \/>\n<meta property=\"og:title\" content=\"Sugar-free lollipops with freeze-dried orphan flowers and strawberries, 1 piece (15 g) - 4sezonai\" \/>\n<meta property=\"og:description\" content=\"Sugar-free lollipops flavoured with our freeze-dried products: pansy blossoms and strawberries.Made by hand, each one has a unique look.\" \/>\n<meta property=\"og:url\" content=\"https:\/\/4sezonai.lt\/en\/product\/sugar-free-lollipops-with-freeze-dried-orphan-flowers-and-strawberries-1-piece-15-g\/\" \/>\n<meta property=\"og:site_name\" content=\"4sezonai\" \/>\n<meta property=\"article:publisher\" content=\"https:\/\/www.facebook.com\/4sezonai.lt\" \/>\n<meta property=\"article:modified_time\" content=\"2024-02-15T18:52:47+00:00\" \/>\n<meta property=\"og:image\" content=\"https:\/\/4sezonai.lt\/wp-content\/uploads\/2024\/02\/IMG_4903-scaled.jpeg\" \/>\n\t<meta property=\"og:image:width\" content=\"1920\" \/>\n\t<meta property=\"og:image:height\" content=\"2560\" \/>\n\t<meta property=\"og:image:type\" content=\"image\/jpeg\" \/>\n<meta name=\"twitter:card\" content=\"summary_large_image\" \/>\n<meta name=\"twitter:label1\" content=\"Est. reading time\" \/>\n\t<meta name=\"twitter:data1\" content=\"1 minute\" \/>\n<script type=\"application\/ld+json\" class=\"yoast-schema-graph\">{\"@context\":\"https:\/\/schema.org\",\"@graph\":[{\"@type\":\"WebPage\",\"@id\":\"https:\/\/4sezonai.lt\/en\/product\/sugar-free-lollipops-with-freeze-dried-orphan-flowers-and-strawberries-1-piece-15-g\/\",\"url\":\"https:\/\/4sezonai.lt\/en\/product\/sugar-free-lollipops-with-freeze-dried-orphan-flowers-and-strawberries-1-piece-15-g\/\",\"name\":\"Sugar-free lollipops with freeze-dried orphan flowers and strawberries, 1 piece (15 g) - 4sezonai\",\"isPartOf\":{\"@id\":\"https:\/\/4sezonai.lt\/en\/#website\"},\"primaryImageOfPage\":{\"@id\":\"https:\/\/4sezonai.lt\/en\/product\/sugar-free-lollipops-with-freeze-dried-orphan-flowers-and-strawberries-1-piece-15-g\/#primaryimage\"},\"image\":{\"@id\":\"https:\/\/4sezonai.lt\/en\/product\/sugar-free-lollipops-with-freeze-dried-orphan-flowers-and-strawberries-1-piece-15-g\/#primaryimage\"},\"thumbnailUrl\":\"https:\/\/4sezonai.lt\/wp-content\/uploads\/2024\/02\/IMG_4903-scaled.jpeg\",\"datePublished\":\"2024-02-15T17:52:47+00:00\",\"dateModified\":\"2024-02-15T18:52:47+00:00\",\"description\":\"Sugar-free lollipops flavoured with our freeze-dried products: pansy blossoms and strawberries.Made by hand, each one has a unique look.\",\"breadcrumb\":{\"@id\":\"https:\/\/4sezonai.lt\/en\/product\/sugar-free-lollipops-with-freeze-dried-orphan-flowers-and-strawberries-1-piece-15-g\/#breadcrumb\"},\"inLanguage\":\"en-US\",\"potentialAction\":[{\"@type\":\"ReadAction\",\"target\":[\"https:\/\/4sezonai.lt\/en\/product\/sugar-free-lollipops-with-freeze-dried-orphan-flowers-and-strawberries-1-piece-15-g\/\"]}]},{\"@type\":\"ImageObject\",\"inLanguage\":\"en-US\",\"@id\":\"https:\/\/4sezonai.lt\/en\/product\/sugar-free-lollipops-with-freeze-dried-orphan-flowers-and-strawberries-1-piece-15-g\/#primaryimage\",\"url\":\"https:\/\/4sezonai.lt\/wp-content\/uploads\/2024\/02\/IMG_4903-scaled.jpeg\",\"contentUrl\":\"https:\/\/4sezonai.lt\/wp-content\/uploads\/2024\/02\/IMG_4903-scaled.jpeg\",\"width\":1920,\"height\":2560,\"caption\":\"Becukriai ledinukai su liofilizuotais na\u0161lai\u010di\u0173 \u017eiedais ir \u017eemuog\u0117mis, 1 vnt (15 g)\"},{\"@type\":\"BreadcrumbList\",\"@id\":\"https:\/\/4sezonai.lt\/en\/product\/sugar-free-lollipops-with-freeze-dried-orphan-flowers-and-strawberries-1-piece-15-g\/#breadcrumb\",\"itemListElement\":[{\"@type\":\"ListItem\",\"position\":1,\"name\":\"Pagrindinis\",\"item\":\"https:\/\/4sezonai.lt\/en\/\"},{\"@type\":\"ListItem\",\"position\":2,\"name\":\"Shop\",\"item\":\"https:\/\/4sezonai.lt\/en\/shop\/\"},{\"@type\":\"ListItem\",\"position\":3,\"name\":\"Sugar-free lollipops with freeze-dried orphan flowers and strawberries, 1 piece (15 g)\"}]},{\"@type\":\"WebSite\",\"@id\":\"https:\/\/4sezonai.lt\/en\/#website\",\"url\":\"https:\/\/4sezonai.lt\/en\/\",\"name\":\"4sezonai\",\"description\":\"Auk\u0161\u010diausios kokyb\u0117s liofilzuoti produktai\",\"publisher\":{\"@id\":\"https:\/\/4sezonai.lt\/en\/#organization\"},\"potentialAction\":[{\"@type\":\"SearchAction\",\"target\":{\"@type\":\"EntryPoint\",\"urlTemplate\":\"https:\/\/4sezonai.lt\/en\/?s={search_term_string}\"},\"query-input\":{\"@type\":\"PropertyValueSpecification\",\"valueRequired\":true,\"valueName\":\"search_term_string\"}}],\"inLanguage\":\"en-US\"},{\"@type\":\"Organization\",\"@id\":\"https:\/\/4sezonai.lt\/en\/#organization\",\"name\":\"4sezonai\",\"url\":\"https:\/\/4sezonai.lt\/en\/\",\"logo\":{\"@type\":\"ImageObject\",\"inLanguage\":\"en-US\",\"@id\":\"https:\/\/4sezonai.lt\/en\/#\/schema\/logo\/image\/\",\"url\":\"https:\/\/4sezonai.lt\/wp-content\/uploads\/2024\/04\/4-Sezonai-logotipas.png\",\"contentUrl\":\"https:\/\/4sezonai.lt\/wp-content\/uploads\/2024\/04\/4-Sezonai-logotipas.png\",\"width\":712,\"height\":712,\"caption\":\"4sezonai\"},\"image\":{\"@id\":\"https:\/\/4sezonai.lt\/en\/#\/schema\/logo\/image\/\"},\"sameAs\":[\"https:\/\/www.facebook.com\/4sezonai.lt\",\"https:\/\/www.instagram.com\/4sezonai_\/\"]}]}<\/script>\n<!-- \/ Yoast SEO plugin. -->","yoast_head_json":{"title":"Sugar-free lollipops with freeze-dried orphan flowers and strawberries, 1 piece (15 g) - 4sezonai","description":"Sugar-free lollipops flavoured with our freeze-dried products: pansy blossoms and strawberries.Made by hand, each one has a unique look.","robots":{"index":"index","follow":"follow","max-snippet":"max-snippet:-1","max-image-preview":"max-image-preview:large","max-video-preview":"max-video-preview:-1"},"canonical":"https:\/\/4sezonai.lt\/en\/product\/sugar-free-lollipops-with-freeze-dried-orphan-flowers-and-strawberries-1-piece-15-g\/","og_locale":"en_US","og_type":"article","og_title":"Sugar-free lollipops with freeze-dried orphan flowers and strawberries, 1 piece (15 g) - 4sezonai","og_description":"Sugar-free lollipops flavoured with our freeze-dried products: pansy blossoms and strawberries.Made by hand, each one has a unique look.","og_url":"https:\/\/4sezonai.lt\/en\/product\/sugar-free-lollipops-with-freeze-dried-orphan-flowers-and-strawberries-1-piece-15-g\/","og_site_name":"4sezonai","article_publisher":"https:\/\/www.facebook.com\/4sezonai.lt","article_modified_time":"2024-02-15T18:52:47+00:00","og_image":[{"width":1920,"height":2560,"url":"https:\/\/4sezonai.lt\/wp-content\/uploads\/2024\/02\/IMG_4903-scaled.jpeg","type":"image\/jpeg"}],"twitter_card":"summary_large_image","twitter_misc":{"Est. reading time":"1 minute"},"schema":{"@context":"https:\/\/schema.org","@graph":[{"@type":"WebPage","@id":"https:\/\/4sezonai.lt\/en\/product\/sugar-free-lollipops-with-freeze-dried-orphan-flowers-and-strawberries-1-piece-15-g\/","url":"https:\/\/4sezonai.lt\/en\/product\/sugar-free-lollipops-with-freeze-dried-orphan-flowers-and-strawberries-1-piece-15-g\/","name":"Sugar-free lollipops with freeze-dried orphan flowers and strawberries, 1 piece (15 g) - 4sezonai","isPartOf":{"@id":"https:\/\/4sezonai.lt\/en\/#website"},"primaryImageOfPage":{"@id":"https:\/\/4sezonai.lt\/en\/product\/sugar-free-lollipops-with-freeze-dried-orphan-flowers-and-strawberries-1-piece-15-g\/#primaryimage"},"image":{"@id":"https:\/\/4sezonai.lt\/en\/product\/sugar-free-lollipops-with-freeze-dried-orphan-flowers-and-strawberries-1-piece-15-g\/#primaryimage"},"thumbnailUrl":"https:\/\/4sezonai.lt\/wp-content\/uploads\/2024\/02\/IMG_4903-scaled.jpeg","datePublished":"2024-02-15T17:52:47+00:00","dateModified":"2024-02-15T18:52:47+00:00","description":"Sugar-free lollipops flavoured with our freeze-dried products: pansy blossoms and strawberries.Made by hand, each one has a unique look.","breadcrumb":{"@id":"https:\/\/4sezonai.lt\/en\/product\/sugar-free-lollipops-with-freeze-dried-orphan-flowers-and-strawberries-1-piece-15-g\/#breadcrumb"},"inLanguage":"en-US","potentialAction":[{"@type":"ReadAction","target":["https:\/\/4sezonai.lt\/en\/product\/sugar-free-lollipops-with-freeze-dried-orphan-flowers-and-strawberries-1-piece-15-g\/"]}]},{"@type":"ImageObject","inLanguage":"en-US","@id":"https:\/\/4sezonai.lt\/en\/product\/sugar-free-lollipops-with-freeze-dried-orphan-flowers-and-strawberries-1-piece-15-g\/#primaryimage","url":"https:\/\/4sezonai.lt\/wp-content\/uploads\/2024\/02\/IMG_4903-scaled.jpeg","contentUrl":"https:\/\/4sezonai.lt\/wp-content\/uploads\/2024\/02\/IMG_4903-scaled.jpeg","width":1920,"height":2560,"caption":"Becukriai ledinukai su liofilizuotais na\u0161lai\u010di\u0173 \u017eiedais ir \u017eemuog\u0117mis, 1 vnt (15 g)"},{"@type":"BreadcrumbList","@id":"https:\/\/4sezonai.lt\/en\/product\/sugar-free-lollipops-with-freeze-dried-orphan-flowers-and-strawberries-1-piece-15-g\/#breadcrumb","itemListElement":[{"@type":"ListItem","position":1,"name":"Pagrindinis","item":"https:\/\/4sezonai.lt\/en\/"},{"@type":"ListItem","position":2,"name":"Shop","item":"https:\/\/4sezonai.lt\/en\/shop\/"},{"@type":"ListItem","position":3,"name":"Sugar-free lollipops with freeze-dried orphan flowers and strawberries, 1 piece (15 g)"}]},{"@type":"WebSite","@id":"https:\/\/4sezonai.lt\/en\/#website","url":"https:\/\/4sezonai.lt\/en\/","name":"4sezonai","description":"Auk\u0161\u010diausios kokyb\u0117s liofilzuoti produktai","publisher":{"@id":"https:\/\/4sezonai.lt\/en\/#organization"},"potentialAction":[{"@type":"SearchAction","target":{"@type":"EntryPoint","urlTemplate":"https:\/\/4sezonai.lt\/en\/?s={search_term_string}"},"query-input":{"@type":"PropertyValueSpecification","valueRequired":true,"valueName":"search_term_string"}}],"inLanguage":"en-US"},{"@type":"Organization","@id":"https:\/\/4sezonai.lt\/en\/#organization","name":"4sezonai","url":"https:\/\/4sezonai.lt\/en\/","logo":{"@type":"ImageObject","inLanguage":"en-US","@id":"https:\/\/4sezonai.lt\/en\/#\/schema\/logo\/image\/","url":"https:\/\/4sezonai.lt\/wp-content\/uploads\/2024\/04\/4-Sezonai-logotipas.png","contentUrl":"https:\/\/4sezonai.lt\/wp-content\/uploads\/2024\/04\/4-Sezonai-logotipas.png","width":712,"height":712,"caption":"4sezonai"},"image":{"@id":"https:\/\/4sezonai.lt\/en\/#\/schema\/logo\/image\/"},"sameAs":["https:\/\/www.facebook.com\/4sezonai.lt","https:\/\/www.instagram.com\/4sezonai_\/"]}]}},"_links":{"self":[{"href":"https:\/\/4sezonai.lt\/en\/wp-json\/wp\/v2\/product\/6537","targetHints":{"allow":["GET"]}}],"collection":[{"href":"https:\/\/4sezonai.lt\/en\/wp-json\/wp\/v2\/product"}],"about":[{"href":"https:\/\/4sezonai.lt\/en\/wp-json\/wp\/v2\/types\/product"}],"replies":[{"embeddable":true,"href":"https:\/\/4sezonai.lt\/en\/wp-json\/wp\/v2\/comments?post=6537"}],"wp:featuredmedia":[{"embeddable":true,"href":"https:\/\/4sezonai.lt\/en\/wp-json\/wp\/v2\/media\/7283"}],"wp:attachment":[{"href":"https:\/\/4sezonai.lt\/en\/wp-json\/wp\/v2\/media?parent=6537"}],"wp:term":[{"taxonomy":"product_brand","embeddable":true,"href":"https:\/\/4sezonai.lt\/en\/wp-json\/wp\/v2\/product_brand?post=6537"},{"taxonomy":"product_cat","embeddable":true,"href":"https:\/\/4sezonai.lt\/en\/wp-json\/wp\/v2\/product_cat?post=6537"},{"taxonomy":"product_tag","embeddable":true,"href":"https:\/\/4sezonai.lt\/en\/wp-json\/wp\/v2\/product_tag?post=6537"}],"curies":[{"name":"wp","href":"https:\/\/api.w.org\/{rel}","templated":true}]}}