{"id":6554,"date":"2024-02-26T16:32:18","date_gmt":"2024-02-26T13:32:18","guid":{"rendered":"https:\/\/4sezonai.lt\/produktas\/becukriai-lollipops-with-lithuanian-accents-3-pcs-30-g\/"},"modified":"2024-02-26T16:32:18","modified_gmt":"2024-02-26T14:32:18","slug":"becukriai-lollipops-with-lithuanian-accents-3-pcs-30-g","status":"publish","type":"product","link":"https:\/\/4sezonai.lt\/en\/product\/becukriai-lollipops-with-lithuanian-accents-3-pcs-30-g\/","title":{"rendered":"Becukriai lollipops with Lithuanian accents, 3 pcs (30 g)"},"content":{"rendered":"<h2>Original souvenirs from Lithuania!<\/h2>\n<p>Yes, you read it right! Sugar-free lollipops that can be a great substitute for sweets for your little ones or an unusual treat from Lithuania. <\/p>\n<ul>\n<li>The lollipops are made from isomalt, a sugar substitute that has little or no effect on blood sugar levels and does not stimulate insulin release. It also does not promote tooth decay and is considered extremely tooth-friendly. <\/li>\n<li>  Each lollipop is flavoured with our freeze-dried products: thyme, raspberry chunks and lemon powder, so that everyone can find their favourite flavour.<\/li>\n<li>Handmade, each with a unique look.<\/li>\n<li>  Made in the perfect size, the lollipops are neither too big nor too small for children, so they won&#8217;t go uneaten.<\/li>\n<li>  Each pack contains 3 pieces of 10 g lollipops in different flavours.<\/li>\n<\/ul>\n<p>Now you can not only make your children happy, but also take these sugar-free lollipops to your guests. A great gift idea when preparing gifts from Lithuania or treating foreigners. <\/p>\n<p>You can also find lollipops with <a href=\"https:\/\/4sezonai.lt\/en\/produktas\/sugar-free-lollipops-with-freeze-dried-orphan-flowers-and-strawberries-1-piece-15-g\/\">pansy blossom and strawberries<\/a> and <a href=\"https:\/\/4sezonai.lt\/en\/produktas\/freeze-dried-berry-ice-cream-3-pieces-30-g\/\">freeze-dried berries<\/a> in our shop.<\/p>\n","protected":false},"excerpt":{"rendered":"<p>A taste from nature &#8211; a healthier alternative to sweets with a Lithuanian twist.<br \/>\n3 handmade lollipops &#8211; with raspberries, thyme and lemon powder<br \/>\nMade from isomalt &#8211; tooth-friendly, no added sugar<br \/>\nPacked in a clear bag and tied with a ribbon &#8211; ready to give as a gift<br \/>\nThe perfect souvenir for children and guests from Lithuania<\/p>\n","protected":false},"featured_media":1400,"comment_status":"open","ping_status":"closed","template":"","meta":{"_acf_changed":false,"wprm-recipe-roundup-name":"","wprm-recipe-roundup-description":""},"product_brand":[],"product_cat":[390],"product_tag":[],"class_list":{"0":"post-6554","1":"product","2":"type-product","3":"status-publish","4":"has-post-thumbnail","6":"product_cat-sweets","8":"first","9":"instock","10":"shipping-taxable","11":"purchasable","12":"product-type-simple"},"acf":[],"yoast_head":"<!-- This site is optimized with the Yoast SEO plugin v25.5 - https:\/\/yoast.com\/wordpress\/plugins\/seo\/ -->\n<title>Becukriai lollipops with Lithuanian accents, 3 pcs (30 g) - 4sezonai<\/title>\n<meta name=\"description\" content=\"Original souvenirs from Lithuania: each lollipop is flavoured with our freeze-dried products: thyme, raspberry chunks and lemon powder.\" \/>\n<meta name=\"robots\" content=\"index, follow, max-snippet:-1, max-image-preview:large, max-video-preview:-1\" \/>\n<link rel=\"canonical\" href=\"https:\/\/4sezonai.lt\/en\/product\/becukriai-lollipops-with-lithuanian-accents-3-pcs-30-g\/\" \/>\n<meta property=\"og:locale\" content=\"en_US\" \/>\n<meta property=\"og:type\" content=\"article\" \/>\n<meta property=\"og:title\" content=\"Becukriai lollipops with Lithuanian accents, 3 pcs (30 g) - 4sezonai\" \/>\n<meta property=\"og:description\" content=\"Original souvenirs from Lithuania: each lollipop is flavoured with our freeze-dried products: thyme, raspberry chunks and lemon powder.\" \/>\n<meta property=\"og:url\" content=\"https:\/\/4sezonai.lt\/en\/product\/becukriai-lollipops-with-lithuanian-accents-3-pcs-30-g\/\" \/>\n<meta property=\"og:site_name\" content=\"4sezonai\" \/>\n<meta property=\"article:publisher\" content=\"https:\/\/www.facebook.com\/4sezonai.lt\" \/>\n<meta property=\"article:modified_time\" content=\"2024-02-26T14:32:18+00:00\" \/>\n<meta property=\"og:image\" content=\"https:\/\/4sezonai.lt\/wp-content\/uploads\/2024\/02\/Lietuvos-atributika-dovanos.jpg\" \/>\n\t<meta property=\"og:image:width\" content=\"560\" \/>\n\t<meta property=\"og:image:height\" content=\"747\" \/>\n\t<meta property=\"og:image:type\" content=\"image\/jpeg\" \/>\n<meta name=\"twitter:card\" content=\"summary_large_image\" \/>\n<meta name=\"twitter:label1\" content=\"Est. reading time\" \/>\n\t<meta name=\"twitter:data1\" content=\"1 minute\" \/>\n<script type=\"application\/ld+json\" class=\"yoast-schema-graph\">{\"@context\":\"https:\/\/schema.org\",\"@graph\":[{\"@type\":\"WebPage\",\"@id\":\"https:\/\/4sezonai.lt\/en\/product\/becukriai-lollipops-with-lithuanian-accents-3-pcs-30-g\/\",\"url\":\"https:\/\/4sezonai.lt\/en\/product\/becukriai-lollipops-with-lithuanian-accents-3-pcs-30-g\/\",\"name\":\"Becukriai lollipops with Lithuanian accents, 3 pcs (30 g) - 4sezonai\",\"isPartOf\":{\"@id\":\"https:\/\/4sezonai.lt\/en\/#website\"},\"primaryImageOfPage\":{\"@id\":\"https:\/\/4sezonai.lt\/en\/product\/becukriai-lollipops-with-lithuanian-accents-3-pcs-30-g\/#primaryimage\"},\"image\":{\"@id\":\"https:\/\/4sezonai.lt\/en\/product\/becukriai-lollipops-with-lithuanian-accents-3-pcs-30-g\/#primaryimage\"},\"thumbnailUrl\":\"https:\/\/4sezonai.lt\/wp-content\/uploads\/2024\/02\/Lietuvos-atributika-dovanos.jpg\",\"datePublished\":\"2024-02-26T13:32:18+00:00\",\"dateModified\":\"2024-02-26T14:32:18+00:00\",\"description\":\"Original souvenirs from Lithuania: each lollipop is flavoured with our freeze-dried products: thyme, raspberry chunks and lemon powder.\",\"breadcrumb\":{\"@id\":\"https:\/\/4sezonai.lt\/en\/product\/becukriai-lollipops-with-lithuanian-accents-3-pcs-30-g\/#breadcrumb\"},\"inLanguage\":\"en-US\",\"potentialAction\":[{\"@type\":\"ReadAction\",\"target\":[\"https:\/\/4sezonai.lt\/en\/product\/becukriai-lollipops-with-lithuanian-accents-3-pcs-30-g\/\"]}]},{\"@type\":\"ImageObject\",\"inLanguage\":\"en-US\",\"@id\":\"https:\/\/4sezonai.lt\/en\/product\/becukriai-lollipops-with-lithuanian-accents-3-pcs-30-g\/#primaryimage\",\"url\":\"https:\/\/4sezonai.lt\/wp-content\/uploads\/2024\/02\/Lietuvos-atributika-dovanos.jpg\",\"contentUrl\":\"https:\/\/4sezonai.lt\/wp-content\/uploads\/2024\/02\/Lietuvos-atributika-dovanos.jpg\",\"width\":560,\"height\":747,\"caption\":\"Lietuvos atributika dovanos\"},{\"@type\":\"BreadcrumbList\",\"@id\":\"https:\/\/4sezonai.lt\/en\/product\/becukriai-lollipops-with-lithuanian-accents-3-pcs-30-g\/#breadcrumb\",\"itemListElement\":[{\"@type\":\"ListItem\",\"position\":1,\"name\":\"Pagrindinis\",\"item\":\"https:\/\/4sezonai.lt\/en\/\"},{\"@type\":\"ListItem\",\"position\":2,\"name\":\"Shop\",\"item\":\"https:\/\/4sezonai.lt\/en\/shop\/\"},{\"@type\":\"ListItem\",\"position\":3,\"name\":\"Becukriai lollipops with Lithuanian accents, 3 pcs (30 g)\"}]},{\"@type\":\"WebSite\",\"@id\":\"https:\/\/4sezonai.lt\/en\/#website\",\"url\":\"https:\/\/4sezonai.lt\/en\/\",\"name\":\"4sezonai\",\"description\":\"Auk\u0161\u010diausios kokyb\u0117s liofilzuoti produktai\",\"publisher\":{\"@id\":\"https:\/\/4sezonai.lt\/en\/#organization\"},\"potentialAction\":[{\"@type\":\"SearchAction\",\"target\":{\"@type\":\"EntryPoint\",\"urlTemplate\":\"https:\/\/4sezonai.lt\/en\/?s={search_term_string}\"},\"query-input\":{\"@type\":\"PropertyValueSpecification\",\"valueRequired\":true,\"valueName\":\"search_term_string\"}}],\"inLanguage\":\"en-US\"},{\"@type\":\"Organization\",\"@id\":\"https:\/\/4sezonai.lt\/en\/#organization\",\"name\":\"4sezonai\",\"url\":\"https:\/\/4sezonai.lt\/en\/\",\"logo\":{\"@type\":\"ImageObject\",\"inLanguage\":\"en-US\",\"@id\":\"https:\/\/4sezonai.lt\/en\/#\/schema\/logo\/image\/\",\"url\":\"https:\/\/4sezonai.lt\/wp-content\/uploads\/2024\/04\/4-Sezonai-logotipas.png\",\"contentUrl\":\"https:\/\/4sezonai.lt\/wp-content\/uploads\/2024\/04\/4-Sezonai-logotipas.png\",\"width\":712,\"height\":712,\"caption\":\"4sezonai\"},\"image\":{\"@id\":\"https:\/\/4sezonai.lt\/en\/#\/schema\/logo\/image\/\"},\"sameAs\":[\"https:\/\/www.facebook.com\/4sezonai.lt\",\"https:\/\/www.instagram.com\/4sezonai_\/\"]}]}<\/script>\n<!-- \/ Yoast SEO plugin. -->","yoast_head_json":{"title":"Becukriai lollipops with Lithuanian accents, 3 pcs (30 g) - 4sezonai","description":"Original souvenirs from Lithuania: each lollipop is flavoured with our freeze-dried products: thyme, raspberry chunks and lemon powder.","robots":{"index":"index","follow":"follow","max-snippet":"max-snippet:-1","max-image-preview":"max-image-preview:large","max-video-preview":"max-video-preview:-1"},"canonical":"https:\/\/4sezonai.lt\/en\/product\/becukriai-lollipops-with-lithuanian-accents-3-pcs-30-g\/","og_locale":"en_US","og_type":"article","og_title":"Becukriai lollipops with Lithuanian accents, 3 pcs (30 g) - 4sezonai","og_description":"Original souvenirs from Lithuania: each lollipop is flavoured with our freeze-dried products: thyme, raspberry chunks and lemon powder.","og_url":"https:\/\/4sezonai.lt\/en\/product\/becukriai-lollipops-with-lithuanian-accents-3-pcs-30-g\/","og_site_name":"4sezonai","article_publisher":"https:\/\/www.facebook.com\/4sezonai.lt","article_modified_time":"2024-02-26T14:32:18+00:00","og_image":[{"width":560,"height":747,"url":"https:\/\/4sezonai.lt\/wp-content\/uploads\/2024\/02\/Lietuvos-atributika-dovanos.jpg","type":"image\/jpeg"}],"twitter_card":"summary_large_image","twitter_misc":{"Est. reading time":"1 minute"},"schema":{"@context":"https:\/\/schema.org","@graph":[{"@type":"WebPage","@id":"https:\/\/4sezonai.lt\/en\/product\/becukriai-lollipops-with-lithuanian-accents-3-pcs-30-g\/","url":"https:\/\/4sezonai.lt\/en\/product\/becukriai-lollipops-with-lithuanian-accents-3-pcs-30-g\/","name":"Becukriai lollipops with Lithuanian accents, 3 pcs (30 g) - 4sezonai","isPartOf":{"@id":"https:\/\/4sezonai.lt\/en\/#website"},"primaryImageOfPage":{"@id":"https:\/\/4sezonai.lt\/en\/product\/becukriai-lollipops-with-lithuanian-accents-3-pcs-30-g\/#primaryimage"},"image":{"@id":"https:\/\/4sezonai.lt\/en\/product\/becukriai-lollipops-with-lithuanian-accents-3-pcs-30-g\/#primaryimage"},"thumbnailUrl":"https:\/\/4sezonai.lt\/wp-content\/uploads\/2024\/02\/Lietuvos-atributika-dovanos.jpg","datePublished":"2024-02-26T13:32:18+00:00","dateModified":"2024-02-26T14:32:18+00:00","description":"Original souvenirs from Lithuania: each lollipop is flavoured with our freeze-dried products: thyme, raspberry chunks and lemon powder.","breadcrumb":{"@id":"https:\/\/4sezonai.lt\/en\/product\/becukriai-lollipops-with-lithuanian-accents-3-pcs-30-g\/#breadcrumb"},"inLanguage":"en-US","potentialAction":[{"@type":"ReadAction","target":["https:\/\/4sezonai.lt\/en\/product\/becukriai-lollipops-with-lithuanian-accents-3-pcs-30-g\/"]}]},{"@type":"ImageObject","inLanguage":"en-US","@id":"https:\/\/4sezonai.lt\/en\/product\/becukriai-lollipops-with-lithuanian-accents-3-pcs-30-g\/#primaryimage","url":"https:\/\/4sezonai.lt\/wp-content\/uploads\/2024\/02\/Lietuvos-atributika-dovanos.jpg","contentUrl":"https:\/\/4sezonai.lt\/wp-content\/uploads\/2024\/02\/Lietuvos-atributika-dovanos.jpg","width":560,"height":747,"caption":"Lietuvos atributika dovanos"},{"@type":"BreadcrumbList","@id":"https:\/\/4sezonai.lt\/en\/product\/becukriai-lollipops-with-lithuanian-accents-3-pcs-30-g\/#breadcrumb","itemListElement":[{"@type":"ListItem","position":1,"name":"Pagrindinis","item":"https:\/\/4sezonai.lt\/en\/"},{"@type":"ListItem","position":2,"name":"Shop","item":"https:\/\/4sezonai.lt\/en\/shop\/"},{"@type":"ListItem","position":3,"name":"Becukriai lollipops with Lithuanian accents, 3 pcs (30 g)"}]},{"@type":"WebSite","@id":"https:\/\/4sezonai.lt\/en\/#website","url":"https:\/\/4sezonai.lt\/en\/","name":"4sezonai","description":"Auk\u0161\u010diausios kokyb\u0117s liofilzuoti produktai","publisher":{"@id":"https:\/\/4sezonai.lt\/en\/#organization"},"potentialAction":[{"@type":"SearchAction","target":{"@type":"EntryPoint","urlTemplate":"https:\/\/4sezonai.lt\/en\/?s={search_term_string}"},"query-input":{"@type":"PropertyValueSpecification","valueRequired":true,"valueName":"search_term_string"}}],"inLanguage":"en-US"},{"@type":"Organization","@id":"https:\/\/4sezonai.lt\/en\/#organization","name":"4sezonai","url":"https:\/\/4sezonai.lt\/en\/","logo":{"@type":"ImageObject","inLanguage":"en-US","@id":"https:\/\/4sezonai.lt\/en\/#\/schema\/logo\/image\/","url":"https:\/\/4sezonai.lt\/wp-content\/uploads\/2024\/04\/4-Sezonai-logotipas.png","contentUrl":"https:\/\/4sezonai.lt\/wp-content\/uploads\/2024\/04\/4-Sezonai-logotipas.png","width":712,"height":712,"caption":"4sezonai"},"image":{"@id":"https:\/\/4sezonai.lt\/en\/#\/schema\/logo\/image\/"},"sameAs":["https:\/\/www.facebook.com\/4sezonai.lt","https:\/\/www.instagram.com\/4sezonai_\/"]}]}},"_links":{"self":[{"href":"https:\/\/4sezonai.lt\/en\/wp-json\/wp\/v2\/product\/6554","targetHints":{"allow":["GET"]}}],"collection":[{"href":"https:\/\/4sezonai.lt\/en\/wp-json\/wp\/v2\/product"}],"about":[{"href":"https:\/\/4sezonai.lt\/en\/wp-json\/wp\/v2\/types\/product"}],"replies":[{"embeddable":true,"href":"https:\/\/4sezonai.lt\/en\/wp-json\/wp\/v2\/comments?post=6554"}],"wp:featuredmedia":[{"embeddable":true,"href":"https:\/\/4sezonai.lt\/en\/wp-json\/wp\/v2\/media\/1400"}],"wp:attachment":[{"href":"https:\/\/4sezonai.lt\/en\/wp-json\/wp\/v2\/media?parent=6554"}],"wp:term":[{"taxonomy":"product_brand","embeddable":true,"href":"https:\/\/4sezonai.lt\/en\/wp-json\/wp\/v2\/product_brand?post=6554"},{"taxonomy":"product_cat","embeddable":true,"href":"https:\/\/4sezonai.lt\/en\/wp-json\/wp\/v2\/product_cat?post=6554"},{"taxonomy":"product_tag","embeddable":true,"href":"https:\/\/4sezonai.lt\/en\/wp-json\/wp\/v2\/product_tag?post=6554"}],"curies":[{"name":"wp","href":"https:\/\/api.w.org\/{rel}","templated":true}]}}