{"id":6571,"date":"2024-05-15T17:32:24","date_gmt":"2024-05-15T14:32:24","guid":{"rendered":"https:\/\/4sezonai.lt\/produktas\/freeze-dried-gluten-berry\/"},"modified":"2025-11-23T19:31:19","modified_gmt":"2025-11-23T17:31:19","slug":"freeze-dried-gluten-berry","status":"publish","type":"product","link":"https:\/\/4sezonai.lt\/en\/product\/freeze-dried-gluten-berry\/","title":{"rendered":"Freeze-dried Smoothie &#8220;Berry&#8221;"},"content":{"rendered":"<p style=\"font-weight: 400;\">It is a blend of freeze-dried fruits, berries and other ingredients found naturally in the wild.<\/p>\n<p style=\"font-weight: 400;\"><strong>When should I choose freeze-dried gluten?<\/strong><\/p>\n<ul>\n<li style=\"font-weight: 400;\">When you&#8217;re often in a hurry and don&#8217;t have time to make a healthy and nutritious gluten-free meal with fresh produce;<\/li>\n<li style=\"font-weight: 400;\">When you spend a lot of time in the car or travelling;<\/li>\n<li style=\"font-weight: 400;\">For kids at school, before\/after training or as a healthy snack;<\/li>\n<li style=\"font-weight: 400;\">When you want a fresh snack alternative that doesn&#8217;t require special storage conditions and is practically invisible in your handbag;<\/li>\n<li style=\"font-weight: 400;\">When you want one smoothie, you need half a banana, 6 Lithuanian strawberries, a handful of spinach, a teaspoon of chia seeds and a smoothie. Which is rather inconvenient; <\/li>\n<li style=\"font-weight: 400;\">When you&#8217;re hungry or want something tasty.<\/li>\n<\/ul>\n<p style=\"font-weight: 400;\">Imagine getting the vitamins and nutrients from one smoothie as if you had eaten about 300 g of fresh fruit or berries. But you don&#8217;t need to wash, peel, chop or grate them, because we&#8217;ve already done all that for you! <\/p>\n<p style=\"font-weight: 400;\"><strong>&#8220;<\/strong><strong>4 <\/strong><strong>Seasons&#8221; freeze-dried gluten-free:<\/strong><\/p>\n<ul>\n<li style=\"font-weight: 400;\">Fresh &#8211; made from fresh, seasonally ripe raw material;<\/li>\n<li style=\"font-weight: 400;\">Natural &#8211; contains no preservatives or added flavour enhancers<\/li>\n<li style=\"font-weight: 400;\">Nutritious &#8211; up to 90% of the nutrients and vitamins in freeze-dried fruit or berries are preserved.<\/li>\n<li style=\"font-weight: 400;\">Delicious &#8211; we try to make sure you enjoy drinking our smoothies, not fight with yourself that you have to drink it.<\/li>\n<li style=\"font-weight: 400;\">Conveniently, all the ingredients are poured into 250 ml glass bottles, where all you have to do is add water or your favourite beverage and shake.<\/li>\n<li style=\"font-weight: 400;\">Clean &#8211; no fruit waste in the kitchen and only Lithuanian berries all 4 seasons.<\/li>\n<\/ul>\n<p>&nbsp;<\/p>\n<p><strong>Ingredients<\/strong>: freeze-dried: bananas, strawberries, raspberries, blueberries, cranberries<\/p>\n<p style=\"font-weight: 400;\"><strong>Net weight<\/strong>: 30 g<\/p>\n<p style=\"font-weight: 400;\">Store in a dry, dark and cool place.<\/p>\n","protected":false},"excerpt":{"rendered":"<p><strong>Ingredients<\/strong>: freeze-dried: bananas, strawberries, raspberries, blueberries, cranberries<\/p>\n","protected":false},"featured_media":6390,"comment_status":"open","ping_status":"closed","template":"","meta":{"_acf_changed":false,"wprm-recipe-roundup-name":"","wprm-recipe-roundup-description":""},"product_brand":[],"product_cat":[362,353],"product_tag":[],"class_list":{"0":"post-6571","1":"product","2":"type-product","3":"status-publish","4":"has-post-thumbnail","6":"product_cat-popular-at","7":"product_cat-smoothies","9":"first","10":"instock","11":"shipping-taxable","12":"purchasable","13":"product-type-simple"},"acf":[],"yoast_head":"<!-- This site is optimized with the Yoast SEO plugin v25.5 - https:\/\/yoast.com\/wordpress\/plugins\/seo\/ -->\n<title>Freeze-dried Smoothie &quot;Berry&quot; - 4sezonai<\/title>\n<meta name=\"robots\" content=\"index, follow, max-snippet:-1, max-image-preview:large, max-video-preview:-1\" \/>\n<link rel=\"canonical\" href=\"https:\/\/4sezonai.lt\/en\/product\/freeze-dried-gluten-berry\/\" \/>\n<meta property=\"og:locale\" content=\"en_US\" \/>\n<meta property=\"og:type\" content=\"article\" \/>\n<meta property=\"og:title\" content=\"Freeze-dried Smoothie &quot;Berry&quot; - 4sezonai\" \/>\n<meta property=\"og:description\" content=\"Ingredients: freeze-dried: bananas, strawberries, raspberries, blueberries, cranberries\" \/>\n<meta property=\"og:url\" content=\"https:\/\/4sezonai.lt\/en\/product\/freeze-dried-gluten-berry\/\" \/>\n<meta property=\"og:site_name\" content=\"4sezonai\" \/>\n<meta property=\"article:publisher\" content=\"https:\/\/www.facebook.com\/4sezonai.lt\" \/>\n<meta property=\"article:modified_time\" content=\"2025-11-23T17:31:19+00:00\" \/>\n<meta property=\"og:image\" content=\"https:\/\/4sezonai.lt\/wp-content\/uploads\/2024\/05\/Liofilizuotas-glotnutis-\u201eUogu.png\" \/>\n\t<meta property=\"og:image:width\" content=\"1024\" \/>\n\t<meta property=\"og:image:height\" content=\"1024\" \/>\n\t<meta property=\"og:image:type\" content=\"image\/png\" \/>\n<meta name=\"twitter:card\" content=\"summary_large_image\" \/>\n<meta name=\"twitter:label1\" content=\"Est. reading time\" \/>\n\t<meta name=\"twitter:data1\" content=\"1 minute\" \/>\n<script type=\"application\/ld+json\" class=\"yoast-schema-graph\">{\"@context\":\"https:\/\/schema.org\",\"@graph\":[{\"@type\":\"WebPage\",\"@id\":\"https:\/\/4sezonai.lt\/en\/product\/freeze-dried-gluten-berry\/\",\"url\":\"https:\/\/4sezonai.lt\/en\/product\/freeze-dried-gluten-berry\/\",\"name\":\"Freeze-dried Smoothie \\\"Berry\\\" - 4sezonai\",\"isPartOf\":{\"@id\":\"https:\/\/4sezonai.lt\/en\/#website\"},\"primaryImageOfPage\":{\"@id\":\"https:\/\/4sezonai.lt\/en\/product\/freeze-dried-gluten-berry\/#primaryimage\"},\"image\":{\"@id\":\"https:\/\/4sezonai.lt\/en\/product\/freeze-dried-gluten-berry\/#primaryimage\"},\"thumbnailUrl\":\"https:\/\/4sezonai.lt\/wp-content\/uploads\/2024\/05\/Liofilizuotas-glotnutis-\u201eUogu.png\",\"datePublished\":\"2024-05-15T14:32:24+00:00\",\"dateModified\":\"2025-11-23T17:31:19+00:00\",\"breadcrumb\":{\"@id\":\"https:\/\/4sezonai.lt\/en\/product\/freeze-dried-gluten-berry\/#breadcrumb\"},\"inLanguage\":\"en-US\",\"potentialAction\":[{\"@type\":\"ReadAction\",\"target\":[\"https:\/\/4sezonai.lt\/en\/product\/freeze-dried-gluten-berry\/\"]}]},{\"@type\":\"ImageObject\",\"inLanguage\":\"en-US\",\"@id\":\"https:\/\/4sezonai.lt\/en\/product\/freeze-dried-gluten-berry\/#primaryimage\",\"url\":\"https:\/\/4sezonai.lt\/wp-content\/uploads\/2024\/05\/Liofilizuotas-glotnutis-\u201eUogu.png\",\"contentUrl\":\"https:\/\/4sezonai.lt\/wp-content\/uploads\/2024\/05\/Liofilizuotas-glotnutis-\u201eUogu.png\",\"width\":1024,\"height\":1024,\"caption\":\"Liofilizuotas glotnutis \u201eUog\u0173\u201d\"},{\"@type\":\"BreadcrumbList\",\"@id\":\"https:\/\/4sezonai.lt\/en\/product\/freeze-dried-gluten-berry\/#breadcrumb\",\"itemListElement\":[{\"@type\":\"ListItem\",\"position\":1,\"name\":\"Pagrindinis\",\"item\":\"https:\/\/4sezonai.lt\/en\/\"},{\"@type\":\"ListItem\",\"position\":2,\"name\":\"Shop\",\"item\":\"https:\/\/4sezonai.lt\/en\/shop\/\"},{\"@type\":\"ListItem\",\"position\":3,\"name\":\"Freeze-dried Smoothie &#8220;Berry&#8221;\"}]},{\"@type\":\"WebSite\",\"@id\":\"https:\/\/4sezonai.lt\/en\/#website\",\"url\":\"https:\/\/4sezonai.lt\/en\/\",\"name\":\"4sezonai\",\"description\":\"Auk\u0161\u010diausios kokyb\u0117s liofilzuoti produktai\",\"publisher\":{\"@id\":\"https:\/\/4sezonai.lt\/en\/#organization\"},\"potentialAction\":[{\"@type\":\"SearchAction\",\"target\":{\"@type\":\"EntryPoint\",\"urlTemplate\":\"https:\/\/4sezonai.lt\/en\/?s={search_term_string}\"},\"query-input\":{\"@type\":\"PropertyValueSpecification\",\"valueRequired\":true,\"valueName\":\"search_term_string\"}}],\"inLanguage\":\"en-US\"},{\"@type\":\"Organization\",\"@id\":\"https:\/\/4sezonai.lt\/en\/#organization\",\"name\":\"4sezonai\",\"url\":\"https:\/\/4sezonai.lt\/en\/\",\"logo\":{\"@type\":\"ImageObject\",\"inLanguage\":\"en-US\",\"@id\":\"https:\/\/4sezonai.lt\/en\/#\/schema\/logo\/image\/\",\"url\":\"https:\/\/4sezonai.lt\/wp-content\/uploads\/2024\/04\/4-Sezonai-logotipas.png\",\"contentUrl\":\"https:\/\/4sezonai.lt\/wp-content\/uploads\/2024\/04\/4-Sezonai-logotipas.png\",\"width\":712,\"height\":712,\"caption\":\"4sezonai\"},\"image\":{\"@id\":\"https:\/\/4sezonai.lt\/en\/#\/schema\/logo\/image\/\"},\"sameAs\":[\"https:\/\/www.facebook.com\/4sezonai.lt\",\"https:\/\/www.instagram.com\/4sezonai_\/\"]}]}<\/script>\n<!-- \/ Yoast SEO plugin. -->","yoast_head_json":{"title":"Freeze-dried Smoothie \"Berry\" - 4sezonai","robots":{"index":"index","follow":"follow","max-snippet":"max-snippet:-1","max-image-preview":"max-image-preview:large","max-video-preview":"max-video-preview:-1"},"canonical":"https:\/\/4sezonai.lt\/en\/product\/freeze-dried-gluten-berry\/","og_locale":"en_US","og_type":"article","og_title":"Freeze-dried Smoothie \"Berry\" - 4sezonai","og_description":"Ingredients: freeze-dried: bananas, strawberries, raspberries, blueberries, cranberries","og_url":"https:\/\/4sezonai.lt\/en\/product\/freeze-dried-gluten-berry\/","og_site_name":"4sezonai","article_publisher":"https:\/\/www.facebook.com\/4sezonai.lt","article_modified_time":"2025-11-23T17:31:19+00:00","og_image":[{"width":1024,"height":1024,"url":"https:\/\/4sezonai.lt\/wp-content\/uploads\/2024\/05\/Liofilizuotas-glotnutis-\u201eUogu.png","type":"image\/png"}],"twitter_card":"summary_large_image","twitter_misc":{"Est. reading time":"1 minute"},"schema":{"@context":"https:\/\/schema.org","@graph":[{"@type":"WebPage","@id":"https:\/\/4sezonai.lt\/en\/product\/freeze-dried-gluten-berry\/","url":"https:\/\/4sezonai.lt\/en\/product\/freeze-dried-gluten-berry\/","name":"Freeze-dried Smoothie \"Berry\" - 4sezonai","isPartOf":{"@id":"https:\/\/4sezonai.lt\/en\/#website"},"primaryImageOfPage":{"@id":"https:\/\/4sezonai.lt\/en\/product\/freeze-dried-gluten-berry\/#primaryimage"},"image":{"@id":"https:\/\/4sezonai.lt\/en\/product\/freeze-dried-gluten-berry\/#primaryimage"},"thumbnailUrl":"https:\/\/4sezonai.lt\/wp-content\/uploads\/2024\/05\/Liofilizuotas-glotnutis-\u201eUogu.png","datePublished":"2024-05-15T14:32:24+00:00","dateModified":"2025-11-23T17:31:19+00:00","breadcrumb":{"@id":"https:\/\/4sezonai.lt\/en\/product\/freeze-dried-gluten-berry\/#breadcrumb"},"inLanguage":"en-US","potentialAction":[{"@type":"ReadAction","target":["https:\/\/4sezonai.lt\/en\/product\/freeze-dried-gluten-berry\/"]}]},{"@type":"ImageObject","inLanguage":"en-US","@id":"https:\/\/4sezonai.lt\/en\/product\/freeze-dried-gluten-berry\/#primaryimage","url":"https:\/\/4sezonai.lt\/wp-content\/uploads\/2024\/05\/Liofilizuotas-glotnutis-\u201eUogu.png","contentUrl":"https:\/\/4sezonai.lt\/wp-content\/uploads\/2024\/05\/Liofilizuotas-glotnutis-\u201eUogu.png","width":1024,"height":1024,"caption":"Liofilizuotas glotnutis \u201eUog\u0173\u201d"},{"@type":"BreadcrumbList","@id":"https:\/\/4sezonai.lt\/en\/product\/freeze-dried-gluten-berry\/#breadcrumb","itemListElement":[{"@type":"ListItem","position":1,"name":"Pagrindinis","item":"https:\/\/4sezonai.lt\/en\/"},{"@type":"ListItem","position":2,"name":"Shop","item":"https:\/\/4sezonai.lt\/en\/shop\/"},{"@type":"ListItem","position":3,"name":"Freeze-dried Smoothie &#8220;Berry&#8221;"}]},{"@type":"WebSite","@id":"https:\/\/4sezonai.lt\/en\/#website","url":"https:\/\/4sezonai.lt\/en\/","name":"4sezonai","description":"Auk\u0161\u010diausios kokyb\u0117s liofilzuoti produktai","publisher":{"@id":"https:\/\/4sezonai.lt\/en\/#organization"},"potentialAction":[{"@type":"SearchAction","target":{"@type":"EntryPoint","urlTemplate":"https:\/\/4sezonai.lt\/en\/?s={search_term_string}"},"query-input":{"@type":"PropertyValueSpecification","valueRequired":true,"valueName":"search_term_string"}}],"inLanguage":"en-US"},{"@type":"Organization","@id":"https:\/\/4sezonai.lt\/en\/#organization","name":"4sezonai","url":"https:\/\/4sezonai.lt\/en\/","logo":{"@type":"ImageObject","inLanguage":"en-US","@id":"https:\/\/4sezonai.lt\/en\/#\/schema\/logo\/image\/","url":"https:\/\/4sezonai.lt\/wp-content\/uploads\/2024\/04\/4-Sezonai-logotipas.png","contentUrl":"https:\/\/4sezonai.lt\/wp-content\/uploads\/2024\/04\/4-Sezonai-logotipas.png","width":712,"height":712,"caption":"4sezonai"},"image":{"@id":"https:\/\/4sezonai.lt\/en\/#\/schema\/logo\/image\/"},"sameAs":["https:\/\/www.facebook.com\/4sezonai.lt","https:\/\/www.instagram.com\/4sezonai_\/"]}]}},"_links":{"self":[{"href":"https:\/\/4sezonai.lt\/en\/wp-json\/wp\/v2\/product\/6571","targetHints":{"allow":["GET"]}}],"collection":[{"href":"https:\/\/4sezonai.lt\/en\/wp-json\/wp\/v2\/product"}],"about":[{"href":"https:\/\/4sezonai.lt\/en\/wp-json\/wp\/v2\/types\/product"}],"replies":[{"embeddable":true,"href":"https:\/\/4sezonai.lt\/en\/wp-json\/wp\/v2\/comments?post=6571"}],"wp:featuredmedia":[{"embeddable":true,"href":"https:\/\/4sezonai.lt\/en\/wp-json\/wp\/v2\/media\/6390"}],"wp:attachment":[{"href":"https:\/\/4sezonai.lt\/en\/wp-json\/wp\/v2\/media?parent=6571"}],"wp:term":[{"taxonomy":"product_brand","embeddable":true,"href":"https:\/\/4sezonai.lt\/en\/wp-json\/wp\/v2\/product_brand?post=6571"},{"taxonomy":"product_cat","embeddable":true,"href":"https:\/\/4sezonai.lt\/en\/wp-json\/wp\/v2\/product_cat?post=6571"},{"taxonomy":"product_tag","embeddable":true,"href":"https:\/\/4sezonai.lt\/en\/wp-json\/wp\/v2\/product_tag?post=6571"}],"curies":[{"name":"wp","href":"https:\/\/api.w.org\/{rel}","templated":true}]}}