{"id":6613,"date":"2023-12-01T17:14:08","date_gmt":"2023-12-01T14:14:08","guid":{"rendered":"https:\/\/4sezonai.lt\/produktas\/seasoning-salt-with-cornflowers\/"},"modified":"2023-12-01T17:14:08","modified_gmt":"2023-12-01T15:14:08","slug":"seasoning-salt-with-cornflowers","status":"publish","type":"product","link":"https:\/\/4sezonai.lt\/en\/product\/seasoning-salt-with-cornflowers\/","title":{"rendered":"Seasoning salt with cornflowers"},"content":{"rendered":"<p>It is an extraordinary, high-quality salt that adds a sense of luxury and finesse to food. It is special because of its distinctive taste, unique texture and aesthetic appearance. <\/p>\n<p>Himalayan salt is rich in trace elements. The minerals (including iron, magnesium and potassium) give the salt its red colour. We have added hemp seeds, black gram, freeze-dried celery and cornflower petals.  <\/p>\n<p>These additives give the salt a subtle flavour and enrich the aroma, while the unique beauty of the grinder does not oblige you to hide the salt cellar in a drawer or cupboard. Thanks to its aesthetic appearance, this salt can be a great table or kitchen decoration. The grinder is made of thick, high-quality plastic, giving it a glass-like appearance and keeping the added spices fresh for longer.  <\/p>\n<p>Use this salt with everyday food, as it can enrich any dish or piece of cuisine, giving it a touch of refinement and luxury.<\/p>\n<p>&nbsp;<\/p>\n<p><strong>Ingredients:<\/strong> coarse, pink Himalayan salt, hemp seeds, blackstrap seeds, freeze-dried celery stalks, freeze-dried cornflower petals.<\/p>\n<p><strong>Net weight:<\/strong> 80 g (the weight may vary by a few grams, as the addition of more freeze-dried products decreases the total weight and the addition of more salt increases the total weight).<\/p>\n<p>The grinder is reusable and easy to refill with our salt supplements.<\/p>\n","protected":false},"excerpt":{"rendered":"<p>Exclusive Himalayan salt with hemp seeds, celery and cornflower petals &#8211; a delicious and decorative spice that adds elegance to everyday dishes.<\/p>\n","protected":false},"featured_media":1483,"comment_status":"open","ping_status":"closed","template":"","meta":{"_acf_changed":false,"wprm-recipe-roundup-name":"","wprm-recipe-roundup-description":""},"product_brand":[],"product_cat":[407],"product_tag":[],"class_list":{"0":"post-6613","1":"product","2":"type-product","3":"status-publish","4":"has-post-thumbnail","6":"product_cat-salt-and-flowers","8":"first","9":"instock","10":"shipping-taxable","11":"purchasable","12":"product-type-simple"},"acf":[],"yoast_head":"<!-- This site is optimized with the Yoast SEO plugin v25.5 - https:\/\/yoast.com\/wordpress\/plugins\/seo\/ -->\n<title>Seasoning salt with cornflowers - 4sezonai<\/title>\n<meta name=\"robots\" content=\"index, follow, max-snippet:-1, max-image-preview:large, max-video-preview:-1\" \/>\n<link rel=\"canonical\" href=\"https:\/\/4sezonai.lt\/en\/product\/seasoning-salt-with-cornflowers\/\" \/>\n<meta property=\"og:locale\" content=\"en_US\" \/>\n<meta property=\"og:type\" content=\"article\" \/>\n<meta property=\"og:title\" content=\"Seasoning salt with cornflowers - 4sezonai\" \/>\n<meta property=\"og:description\" content=\"Exclusive Himalayan salt with hemp seeds, celery and cornflower petals - a delicious and decorative spice that adds elegance to everyday dishes.\" \/>\n<meta property=\"og:url\" content=\"https:\/\/4sezonai.lt\/en\/product\/seasoning-salt-with-cornflowers\/\" \/>\n<meta property=\"og:site_name\" content=\"4sezonai\" \/>\n<meta property=\"article:publisher\" content=\"https:\/\/www.facebook.com\/4sezonai.lt\" \/>\n<meta property=\"article:modified_time\" content=\"2023-12-01T15:14:08+00:00\" \/>\n<meta property=\"og:image\" content=\"https:\/\/4sezonai.lt\/wp-content\/uploads\/2023\/12\/Druska-ypatingoms-progoms.jpeg\" \/>\n\t<meta property=\"og:image:width\" content=\"680\" \/>\n\t<meta property=\"og:image:height\" content=\"1020\" \/>\n\t<meta property=\"og:image:type\" content=\"image\/jpeg\" \/>\n<meta name=\"twitter:card\" content=\"summary_large_image\" \/>\n<meta name=\"twitter:label1\" content=\"Est. reading time\" \/>\n\t<meta name=\"twitter:data1\" content=\"1 minute\" \/>\n<script type=\"application\/ld+json\" class=\"yoast-schema-graph\">{\"@context\":\"https:\/\/schema.org\",\"@graph\":[{\"@type\":\"WebPage\",\"@id\":\"https:\/\/4sezonai.lt\/en\/product\/seasoning-salt-with-cornflowers\/\",\"url\":\"https:\/\/4sezonai.lt\/en\/product\/seasoning-salt-with-cornflowers\/\",\"name\":\"Seasoning salt with cornflowers - 4sezonai\",\"isPartOf\":{\"@id\":\"https:\/\/4sezonai.lt\/en\/#website\"},\"primaryImageOfPage\":{\"@id\":\"https:\/\/4sezonai.lt\/en\/product\/seasoning-salt-with-cornflowers\/#primaryimage\"},\"image\":{\"@id\":\"https:\/\/4sezonai.lt\/en\/product\/seasoning-salt-with-cornflowers\/#primaryimage\"},\"thumbnailUrl\":\"https:\/\/4sezonai.lt\/wp-content\/uploads\/2023\/12\/Druska-ypatingoms-progoms.jpeg\",\"datePublished\":\"2023-12-01T14:14:08+00:00\",\"dateModified\":\"2023-12-01T15:14:08+00:00\",\"breadcrumb\":{\"@id\":\"https:\/\/4sezonai.lt\/en\/product\/seasoning-salt-with-cornflowers\/#breadcrumb\"},\"inLanguage\":\"en-US\",\"potentialAction\":[{\"@type\":\"ReadAction\",\"target\":[\"https:\/\/4sezonai.lt\/en\/product\/seasoning-salt-with-cornflowers\/\"]}]},{\"@type\":\"ImageObject\",\"inLanguage\":\"en-US\",\"@id\":\"https:\/\/4sezonai.lt\/en\/product\/seasoning-salt-with-cornflowers\/#primaryimage\",\"url\":\"https:\/\/4sezonai.lt\/wp-content\/uploads\/2023\/12\/Druska-ypatingoms-progoms.jpeg\",\"contentUrl\":\"https:\/\/4sezonai.lt\/wp-content\/uploads\/2023\/12\/Druska-ypatingoms-progoms.jpeg\",\"width\":680,\"height\":1020,\"caption\":\"Druska ypatingoms progoms\"},{\"@type\":\"BreadcrumbList\",\"@id\":\"https:\/\/4sezonai.lt\/en\/product\/seasoning-salt-with-cornflowers\/#breadcrumb\",\"itemListElement\":[{\"@type\":\"ListItem\",\"position\":1,\"name\":\"Pagrindinis\",\"item\":\"https:\/\/4sezonai.lt\/en\/\"},{\"@type\":\"ListItem\",\"position\":2,\"name\":\"Shop\",\"item\":\"https:\/\/4sezonai.lt\/en\/shop\/\"},{\"@type\":\"ListItem\",\"position\":3,\"name\":\"Seasoning salt with cornflowers\"}]},{\"@type\":\"WebSite\",\"@id\":\"https:\/\/4sezonai.lt\/en\/#website\",\"url\":\"https:\/\/4sezonai.lt\/en\/\",\"name\":\"4sezonai\",\"description\":\"Auk\u0161\u010diausios kokyb\u0117s liofilzuoti produktai\",\"publisher\":{\"@id\":\"https:\/\/4sezonai.lt\/en\/#organization\"},\"potentialAction\":[{\"@type\":\"SearchAction\",\"target\":{\"@type\":\"EntryPoint\",\"urlTemplate\":\"https:\/\/4sezonai.lt\/en\/?s={search_term_string}\"},\"query-input\":{\"@type\":\"PropertyValueSpecification\",\"valueRequired\":true,\"valueName\":\"search_term_string\"}}],\"inLanguage\":\"en-US\"},{\"@type\":\"Organization\",\"@id\":\"https:\/\/4sezonai.lt\/en\/#organization\",\"name\":\"4sezonai\",\"url\":\"https:\/\/4sezonai.lt\/en\/\",\"logo\":{\"@type\":\"ImageObject\",\"inLanguage\":\"en-US\",\"@id\":\"https:\/\/4sezonai.lt\/en\/#\/schema\/logo\/image\/\",\"url\":\"https:\/\/4sezonai.lt\/wp-content\/uploads\/2024\/04\/4-Sezonai-logotipas.png\",\"contentUrl\":\"https:\/\/4sezonai.lt\/wp-content\/uploads\/2024\/04\/4-Sezonai-logotipas.png\",\"width\":712,\"height\":712,\"caption\":\"4sezonai\"},\"image\":{\"@id\":\"https:\/\/4sezonai.lt\/en\/#\/schema\/logo\/image\/\"},\"sameAs\":[\"https:\/\/www.facebook.com\/4sezonai.lt\",\"https:\/\/www.instagram.com\/4sezonai_\/\"]}]}<\/script>\n<!-- \/ Yoast SEO plugin. -->","yoast_head_json":{"title":"Seasoning salt with cornflowers - 4sezonai","robots":{"index":"index","follow":"follow","max-snippet":"max-snippet:-1","max-image-preview":"max-image-preview:large","max-video-preview":"max-video-preview:-1"},"canonical":"https:\/\/4sezonai.lt\/en\/product\/seasoning-salt-with-cornflowers\/","og_locale":"en_US","og_type":"article","og_title":"Seasoning salt with cornflowers - 4sezonai","og_description":"Exclusive Himalayan salt with hemp seeds, celery and cornflower petals - a delicious and decorative spice that adds elegance to everyday dishes.","og_url":"https:\/\/4sezonai.lt\/en\/product\/seasoning-salt-with-cornflowers\/","og_site_name":"4sezonai","article_publisher":"https:\/\/www.facebook.com\/4sezonai.lt","article_modified_time":"2023-12-01T15:14:08+00:00","og_image":[{"width":680,"height":1020,"url":"https:\/\/4sezonai.lt\/wp-content\/uploads\/2023\/12\/Druska-ypatingoms-progoms.jpeg","type":"image\/jpeg"}],"twitter_card":"summary_large_image","twitter_misc":{"Est. reading time":"1 minute"},"schema":{"@context":"https:\/\/schema.org","@graph":[{"@type":"WebPage","@id":"https:\/\/4sezonai.lt\/en\/product\/seasoning-salt-with-cornflowers\/","url":"https:\/\/4sezonai.lt\/en\/product\/seasoning-salt-with-cornflowers\/","name":"Seasoning salt with cornflowers - 4sezonai","isPartOf":{"@id":"https:\/\/4sezonai.lt\/en\/#website"},"primaryImageOfPage":{"@id":"https:\/\/4sezonai.lt\/en\/product\/seasoning-salt-with-cornflowers\/#primaryimage"},"image":{"@id":"https:\/\/4sezonai.lt\/en\/product\/seasoning-salt-with-cornflowers\/#primaryimage"},"thumbnailUrl":"https:\/\/4sezonai.lt\/wp-content\/uploads\/2023\/12\/Druska-ypatingoms-progoms.jpeg","datePublished":"2023-12-01T14:14:08+00:00","dateModified":"2023-12-01T15:14:08+00:00","breadcrumb":{"@id":"https:\/\/4sezonai.lt\/en\/product\/seasoning-salt-with-cornflowers\/#breadcrumb"},"inLanguage":"en-US","potentialAction":[{"@type":"ReadAction","target":["https:\/\/4sezonai.lt\/en\/product\/seasoning-salt-with-cornflowers\/"]}]},{"@type":"ImageObject","inLanguage":"en-US","@id":"https:\/\/4sezonai.lt\/en\/product\/seasoning-salt-with-cornflowers\/#primaryimage","url":"https:\/\/4sezonai.lt\/wp-content\/uploads\/2023\/12\/Druska-ypatingoms-progoms.jpeg","contentUrl":"https:\/\/4sezonai.lt\/wp-content\/uploads\/2023\/12\/Druska-ypatingoms-progoms.jpeg","width":680,"height":1020,"caption":"Druska ypatingoms progoms"},{"@type":"BreadcrumbList","@id":"https:\/\/4sezonai.lt\/en\/product\/seasoning-salt-with-cornflowers\/#breadcrumb","itemListElement":[{"@type":"ListItem","position":1,"name":"Pagrindinis","item":"https:\/\/4sezonai.lt\/en\/"},{"@type":"ListItem","position":2,"name":"Shop","item":"https:\/\/4sezonai.lt\/en\/shop\/"},{"@type":"ListItem","position":3,"name":"Seasoning salt with cornflowers"}]},{"@type":"WebSite","@id":"https:\/\/4sezonai.lt\/en\/#website","url":"https:\/\/4sezonai.lt\/en\/","name":"4sezonai","description":"Auk\u0161\u010diausios kokyb\u0117s liofilzuoti produktai","publisher":{"@id":"https:\/\/4sezonai.lt\/en\/#organization"},"potentialAction":[{"@type":"SearchAction","target":{"@type":"EntryPoint","urlTemplate":"https:\/\/4sezonai.lt\/en\/?s={search_term_string}"},"query-input":{"@type":"PropertyValueSpecification","valueRequired":true,"valueName":"search_term_string"}}],"inLanguage":"en-US"},{"@type":"Organization","@id":"https:\/\/4sezonai.lt\/en\/#organization","name":"4sezonai","url":"https:\/\/4sezonai.lt\/en\/","logo":{"@type":"ImageObject","inLanguage":"en-US","@id":"https:\/\/4sezonai.lt\/en\/#\/schema\/logo\/image\/","url":"https:\/\/4sezonai.lt\/wp-content\/uploads\/2024\/04\/4-Sezonai-logotipas.png","contentUrl":"https:\/\/4sezonai.lt\/wp-content\/uploads\/2024\/04\/4-Sezonai-logotipas.png","width":712,"height":712,"caption":"4sezonai"},"image":{"@id":"https:\/\/4sezonai.lt\/en\/#\/schema\/logo\/image\/"},"sameAs":["https:\/\/www.facebook.com\/4sezonai.lt","https:\/\/www.instagram.com\/4sezonai_\/"]}]}},"_links":{"self":[{"href":"https:\/\/4sezonai.lt\/en\/wp-json\/wp\/v2\/product\/6613","targetHints":{"allow":["GET"]}}],"collection":[{"href":"https:\/\/4sezonai.lt\/en\/wp-json\/wp\/v2\/product"}],"about":[{"href":"https:\/\/4sezonai.lt\/en\/wp-json\/wp\/v2\/types\/product"}],"replies":[{"embeddable":true,"href":"https:\/\/4sezonai.lt\/en\/wp-json\/wp\/v2\/comments?post=6613"}],"wp:featuredmedia":[{"embeddable":true,"href":"https:\/\/4sezonai.lt\/en\/wp-json\/wp\/v2\/media\/1483"}],"wp:attachment":[{"href":"https:\/\/4sezonai.lt\/en\/wp-json\/wp\/v2\/media?parent=6613"}],"wp:term":[{"taxonomy":"product_brand","embeddable":true,"href":"https:\/\/4sezonai.lt\/en\/wp-json\/wp\/v2\/product_brand?post=6613"},{"taxonomy":"product_cat","embeddable":true,"href":"https:\/\/4sezonai.lt\/en\/wp-json\/wp\/v2\/product_cat?post=6613"},{"taxonomy":"product_tag","embeddable":true,"href":"https:\/\/4sezonai.lt\/en\/wp-json\/wp\/v2\/product_tag?post=6613"}],"curies":[{"name":"wp","href":"https:\/\/api.w.org\/{rel}","templated":true}]}}