{"id":6633,"date":"2023-12-01T16:58:57","date_gmt":"2023-12-01T14:58:57","guid":{"rendered":"https:\/\/4sezonai.lt\/produktas\/einkorn-salt-addition\/"},"modified":"2025-12-01T04:46:32","modified_gmt":"2025-12-01T02:46:32","slug":"einkorn-salt-addition","status":"publish","type":"product","link":"https:\/\/4sezonai.lt\/en\/product\/einkorn-salt-addition\/","title":{"rendered":"Einkorn salt &#8211; addition"},"content":{"rendered":"<p><span style=\"font-weight: 400;\">It is a high quality Himalayan salt enriched with freeze-dried <\/span><b>Forest Boletus<\/b><span style=\"font-weight: 400;\">, onions, garlic, onion leaves, sea buckthorn berries and parsley. Its subtle taste, aroma and aesthetic appearance make this salt special, both for everyday use and for festive dishes.<\/span><\/p>\n<p><b>Why choose?<\/b><\/p>\n<ul>\n<li style=\"font-weight: 400;\"><b>Forest Boletus<\/b><span style=\"font-weight: 400;\"> and other additives give the dishes a distinctive aroma and taste.<\/span><\/li>\n<li style=\"font-weight: 400;\"><b>Lithuanian tradition:<\/b><span style=\"font-weight: 400;\"> Himalayan salt with wild porcini mushrooms is the perfect way to represent our culinary values.<\/span><\/li>\n<li style=\"font-weight: 400;\"><b>Expectations from Lithuania:<\/b><span style=\"font-weight: 400;\"> This salt is an ideal gift for a foreigner who wants to taste the flavours of Lithuania.<\/span><\/li>\n<\/ul>\n<p><b>Usage:<\/b><span style=\"font-weight: 400;\"> Use for everyday meals or to flavour special kitchen creations. Ideal for flavouring meat, fish, vegetables, soups, torchini and sauces.<\/span><\/p>\n<p><b>Composition:<\/b><span style=\"font-weight: 400;\"> Coarse pink Himalayan salt, freeze-dried kelp (1%), <strong><a href=\"https:\/\/4sezonai.lt\/produktas\/liofilizuotu-cesnaku-gabaliukai\/\">Freeze-dried garlic<\/a><\/strong>, freeze-dried onion, <strong><a href=\"https:\/\/4sezonai.lt\/en\/produktas\/parsley\/\">freeze-dried parsley<\/a><\/strong>, freeze-dried sea buckthorn berries.<\/span><\/p>\n<p><b>Net weight:<\/b><span style=\"font-weight: 400;\"> 230 g (the weight may vary by a few grams, as more freeze-dried products decrease the total weight, while more salt increases the total weight). <\/span> <\/p>\n<p><span style=\"font-weight: 400;\">Jar 250 ml.<\/span><\/p>\n<p><span style=\"font-weight: 400;\">Store in a particularly dry, dark and cool place.<\/span><\/p>\n<p><span style=\"font-weight: 400;\">Donate to <\/span><b>Lithuanian tradition<\/b><span style=\"font-weight: 400;\"> &#8211; discover this unique salt as the perfect <\/span><b>gift for a foreigner<\/b><span style=\"font-weight: 400;\"> or delicious <\/span><b>souvenir from Lithuania<\/b><span style=\"font-weight: 400;\">!<\/span><\/p>\n","protected":false},"excerpt":{"rendered":"<p><span style=\"font-weight: 400;\">It is a high quality Himalayan salt enriched with freeze-dried <\/span><b>Forest Boletus<\/b><span style=\"font-weight: 400;\">, onions, garlic, onion leaves, sea buckthorn berries and parsley. Its subtle taste, aroma and aesthetic appearance make this salt special, both for everyday use and for festive dishes.<\/span><\/p>\n<p>&nbsp;<\/p>\n","protected":false},"featured_media":7224,"comment_status":"open","ping_status":"closed","template":"","meta":{"_acf_changed":false,"wprm-recipe-roundup-name":"","wprm-recipe-roundup-description":""},"product_brand":[],"product_cat":[407],"product_tag":[],"class_list":{"0":"post-6633","1":"product","2":"type-product","3":"status-publish","4":"has-post-thumbnail","6":"product_cat-salt-and-flowers","8":"first","9":"instock","10":"shipping-taxable","11":"purchasable","12":"product-type-simple"},"acf":[],"yoast_head":"<!-- This site is optimized with the Yoast SEO plugin v25.5 - https:\/\/yoast.com\/wordpress\/plugins\/seo\/ -->\n<title>Einkorn salt - addition - 4sezonai<\/title>\n<meta name=\"robots\" content=\"index, follow, max-snippet:-1, max-image-preview:large, max-video-preview:-1\" \/>\n<link rel=\"canonical\" href=\"https:\/\/4sezonai.lt\/en\/product\/einkorn-salt-addition\/\" \/>\n<meta property=\"og:locale\" content=\"en_US\" \/>\n<meta property=\"og:type\" content=\"article\" \/>\n<meta property=\"og:title\" content=\"Einkorn salt - addition - 4sezonai\" \/>\n<meta property=\"og:description\" content=\"It is a high quality Himalayan salt enriched with freeze-dried Forest Boletus, onions, garlic, onion leaves, sea buckthorn berries and parsley. Its subtle taste, aroma and aesthetic appearance make this salt special, both for everyday use and for festive dishes. &nbsp;\" \/>\n<meta property=\"og:url\" content=\"https:\/\/4sezonai.lt\/en\/product\/einkorn-salt-addition\/\" \/>\n<meta property=\"og:site_name\" content=\"4sezonai\" \/>\n<meta property=\"article:publisher\" content=\"https:\/\/www.facebook.com\/4sezonai.lt\" \/>\n<meta property=\"article:modified_time\" content=\"2025-12-01T02:46:32+00:00\" \/>\n<meta property=\"og:image\" content=\"https:\/\/4sezonai.lt\/wp-content\/uploads\/2025\/06\/GB9A2844.jpg\" \/>\n\t<meta property=\"og:image:width\" content=\"1419\" \/>\n\t<meta property=\"og:image:height\" content=\"1420\" \/>\n\t<meta property=\"og:image:type\" content=\"image\/jpeg\" \/>\n<meta name=\"twitter:card\" content=\"summary_large_image\" \/>\n<meta name=\"twitter:label1\" content=\"Est. reading time\" \/>\n\t<meta name=\"twitter:data1\" content=\"1 minute\" \/>\n<script type=\"application\/ld+json\" class=\"yoast-schema-graph\">{\"@context\":\"https:\/\/schema.org\",\"@graph\":[{\"@type\":\"WebPage\",\"@id\":\"https:\/\/4sezonai.lt\/en\/product\/einkorn-salt-addition\/\",\"url\":\"https:\/\/4sezonai.lt\/en\/product\/einkorn-salt-addition\/\",\"name\":\"Einkorn salt - addition - 4sezonai\",\"isPartOf\":{\"@id\":\"https:\/\/4sezonai.lt\/en\/#website\"},\"primaryImageOfPage\":{\"@id\":\"https:\/\/4sezonai.lt\/en\/product\/einkorn-salt-addition\/#primaryimage\"},\"image\":{\"@id\":\"https:\/\/4sezonai.lt\/en\/product\/einkorn-salt-addition\/#primaryimage\"},\"thumbnailUrl\":\"https:\/\/4sezonai.lt\/wp-content\/uploads\/2025\/06\/GB9A2844.jpg\",\"datePublished\":\"2023-12-01T14:58:57+00:00\",\"dateModified\":\"2025-12-01T02:46:32+00:00\",\"breadcrumb\":{\"@id\":\"https:\/\/4sezonai.lt\/en\/product\/einkorn-salt-addition\/#breadcrumb\"},\"inLanguage\":\"en-US\",\"potentialAction\":[{\"@type\":\"ReadAction\",\"target\":[\"https:\/\/4sezonai.lt\/en\/product\/einkorn-salt-addition\/\"]}]},{\"@type\":\"ImageObject\",\"inLanguage\":\"en-US\",\"@id\":\"https:\/\/4sezonai.lt\/en\/product\/einkorn-salt-addition\/#primaryimage\",\"url\":\"https:\/\/4sezonai.lt\/wp-content\/uploads\/2025\/06\/GB9A2844.jpg\",\"contentUrl\":\"https:\/\/4sezonai.lt\/wp-content\/uploads\/2025\/06\/GB9A2844.jpg\",\"width\":1419,\"height\":1420,\"caption\":\"Prieskonin\u0117 druska\"},{\"@type\":\"BreadcrumbList\",\"@id\":\"https:\/\/4sezonai.lt\/en\/product\/einkorn-salt-addition\/#breadcrumb\",\"itemListElement\":[{\"@type\":\"ListItem\",\"position\":1,\"name\":\"Pagrindinis\",\"item\":\"https:\/\/4sezonai.lt\/en\/\"},{\"@type\":\"ListItem\",\"position\":2,\"name\":\"Shop\",\"item\":\"https:\/\/4sezonai.lt\/en\/shop\/\"},{\"@type\":\"ListItem\",\"position\":3,\"name\":\"Einkorn salt &#8211; addition\"}]},{\"@type\":\"WebSite\",\"@id\":\"https:\/\/4sezonai.lt\/en\/#website\",\"url\":\"https:\/\/4sezonai.lt\/en\/\",\"name\":\"4sezonai\",\"description\":\"Auk\u0161\u010diausios kokyb\u0117s liofilzuoti produktai\",\"publisher\":{\"@id\":\"https:\/\/4sezonai.lt\/en\/#organization\"},\"potentialAction\":[{\"@type\":\"SearchAction\",\"target\":{\"@type\":\"EntryPoint\",\"urlTemplate\":\"https:\/\/4sezonai.lt\/en\/?s={search_term_string}\"},\"query-input\":{\"@type\":\"PropertyValueSpecification\",\"valueRequired\":true,\"valueName\":\"search_term_string\"}}],\"inLanguage\":\"en-US\"},{\"@type\":\"Organization\",\"@id\":\"https:\/\/4sezonai.lt\/en\/#organization\",\"name\":\"4sezonai\",\"url\":\"https:\/\/4sezonai.lt\/en\/\",\"logo\":{\"@type\":\"ImageObject\",\"inLanguage\":\"en-US\",\"@id\":\"https:\/\/4sezonai.lt\/en\/#\/schema\/logo\/image\/\",\"url\":\"https:\/\/4sezonai.lt\/wp-content\/uploads\/2024\/04\/4-Sezonai-logotipas.png\",\"contentUrl\":\"https:\/\/4sezonai.lt\/wp-content\/uploads\/2024\/04\/4-Sezonai-logotipas.png\",\"width\":712,\"height\":712,\"caption\":\"4sezonai\"},\"image\":{\"@id\":\"https:\/\/4sezonai.lt\/en\/#\/schema\/logo\/image\/\"},\"sameAs\":[\"https:\/\/www.facebook.com\/4sezonai.lt\",\"https:\/\/www.instagram.com\/4sezonai_\/\"]}]}<\/script>\n<!-- \/ Yoast SEO plugin. -->","yoast_head_json":{"title":"Einkorn salt - addition - 4sezonai","robots":{"index":"index","follow":"follow","max-snippet":"max-snippet:-1","max-image-preview":"max-image-preview:large","max-video-preview":"max-video-preview:-1"},"canonical":"https:\/\/4sezonai.lt\/en\/product\/einkorn-salt-addition\/","og_locale":"en_US","og_type":"article","og_title":"Einkorn salt - addition - 4sezonai","og_description":"It is a high quality Himalayan salt enriched with freeze-dried Forest Boletus, onions, garlic, onion leaves, sea buckthorn berries and parsley. Its subtle taste, aroma and aesthetic appearance make this salt special, both for everyday use and for festive dishes. &nbsp;","og_url":"https:\/\/4sezonai.lt\/en\/product\/einkorn-salt-addition\/","og_site_name":"4sezonai","article_publisher":"https:\/\/www.facebook.com\/4sezonai.lt","article_modified_time":"2025-12-01T02:46:32+00:00","og_image":[{"width":1419,"height":1420,"url":"https:\/\/4sezonai.lt\/wp-content\/uploads\/2025\/06\/GB9A2844.jpg","type":"image\/jpeg"}],"twitter_card":"summary_large_image","twitter_misc":{"Est. reading time":"1 minute"},"schema":{"@context":"https:\/\/schema.org","@graph":[{"@type":"WebPage","@id":"https:\/\/4sezonai.lt\/en\/product\/einkorn-salt-addition\/","url":"https:\/\/4sezonai.lt\/en\/product\/einkorn-salt-addition\/","name":"Einkorn salt - addition - 4sezonai","isPartOf":{"@id":"https:\/\/4sezonai.lt\/en\/#website"},"primaryImageOfPage":{"@id":"https:\/\/4sezonai.lt\/en\/product\/einkorn-salt-addition\/#primaryimage"},"image":{"@id":"https:\/\/4sezonai.lt\/en\/product\/einkorn-salt-addition\/#primaryimage"},"thumbnailUrl":"https:\/\/4sezonai.lt\/wp-content\/uploads\/2025\/06\/GB9A2844.jpg","datePublished":"2023-12-01T14:58:57+00:00","dateModified":"2025-12-01T02:46:32+00:00","breadcrumb":{"@id":"https:\/\/4sezonai.lt\/en\/product\/einkorn-salt-addition\/#breadcrumb"},"inLanguage":"en-US","potentialAction":[{"@type":"ReadAction","target":["https:\/\/4sezonai.lt\/en\/product\/einkorn-salt-addition\/"]}]},{"@type":"ImageObject","inLanguage":"en-US","@id":"https:\/\/4sezonai.lt\/en\/product\/einkorn-salt-addition\/#primaryimage","url":"https:\/\/4sezonai.lt\/wp-content\/uploads\/2025\/06\/GB9A2844.jpg","contentUrl":"https:\/\/4sezonai.lt\/wp-content\/uploads\/2025\/06\/GB9A2844.jpg","width":1419,"height":1420,"caption":"Prieskonin\u0117 druska"},{"@type":"BreadcrumbList","@id":"https:\/\/4sezonai.lt\/en\/product\/einkorn-salt-addition\/#breadcrumb","itemListElement":[{"@type":"ListItem","position":1,"name":"Pagrindinis","item":"https:\/\/4sezonai.lt\/en\/"},{"@type":"ListItem","position":2,"name":"Shop","item":"https:\/\/4sezonai.lt\/en\/shop\/"},{"@type":"ListItem","position":3,"name":"Einkorn salt &#8211; addition"}]},{"@type":"WebSite","@id":"https:\/\/4sezonai.lt\/en\/#website","url":"https:\/\/4sezonai.lt\/en\/","name":"4sezonai","description":"Auk\u0161\u010diausios kokyb\u0117s liofilzuoti produktai","publisher":{"@id":"https:\/\/4sezonai.lt\/en\/#organization"},"potentialAction":[{"@type":"SearchAction","target":{"@type":"EntryPoint","urlTemplate":"https:\/\/4sezonai.lt\/en\/?s={search_term_string}"},"query-input":{"@type":"PropertyValueSpecification","valueRequired":true,"valueName":"search_term_string"}}],"inLanguage":"en-US"},{"@type":"Organization","@id":"https:\/\/4sezonai.lt\/en\/#organization","name":"4sezonai","url":"https:\/\/4sezonai.lt\/en\/","logo":{"@type":"ImageObject","inLanguage":"en-US","@id":"https:\/\/4sezonai.lt\/en\/#\/schema\/logo\/image\/","url":"https:\/\/4sezonai.lt\/wp-content\/uploads\/2024\/04\/4-Sezonai-logotipas.png","contentUrl":"https:\/\/4sezonai.lt\/wp-content\/uploads\/2024\/04\/4-Sezonai-logotipas.png","width":712,"height":712,"caption":"4sezonai"},"image":{"@id":"https:\/\/4sezonai.lt\/en\/#\/schema\/logo\/image\/"},"sameAs":["https:\/\/www.facebook.com\/4sezonai.lt","https:\/\/www.instagram.com\/4sezonai_\/"]}]}},"_links":{"self":[{"href":"https:\/\/4sezonai.lt\/en\/wp-json\/wp\/v2\/product\/6633","targetHints":{"allow":["GET"]}}],"collection":[{"href":"https:\/\/4sezonai.lt\/en\/wp-json\/wp\/v2\/product"}],"about":[{"href":"https:\/\/4sezonai.lt\/en\/wp-json\/wp\/v2\/types\/product"}],"replies":[{"embeddable":true,"href":"https:\/\/4sezonai.lt\/en\/wp-json\/wp\/v2\/comments?post=6633"}],"wp:featuredmedia":[{"embeddable":true,"href":"https:\/\/4sezonai.lt\/en\/wp-json\/wp\/v2\/media\/7224"}],"wp:attachment":[{"href":"https:\/\/4sezonai.lt\/en\/wp-json\/wp\/v2\/media?parent=6633"}],"wp:term":[{"taxonomy":"product_brand","embeddable":true,"href":"https:\/\/4sezonai.lt\/en\/wp-json\/wp\/v2\/product_brand?post=6633"},{"taxonomy":"product_cat","embeddable":true,"href":"https:\/\/4sezonai.lt\/en\/wp-json\/wp\/v2\/product_cat?post=6633"},{"taxonomy":"product_tag","embeddable":true,"href":"https:\/\/4sezonai.lt\/en\/wp-json\/wp\/v2\/product_tag?post=6633"}],"curies":[{"name":"wp","href":"https:\/\/api.w.org\/{rel}","templated":true}]}}