{"id":6645,"date":"2023-12-01T17:52:57","date_gmt":"2023-12-01T14:52:57","guid":{"rendered":"https:\/\/4sezonai.lt\/produktas\/salt-flakes-with-roses\/"},"modified":"2023-12-01T17:52:57","modified_gmt":"2023-12-01T15:52:57","slug":"salt-flakes-with-roses","status":"publish","type":"product","link":"https:\/\/4sezonai.lt\/en\/product\/salt-flakes-with-roses\/","title":{"rendered":"Salt flakes with roses"},"content":{"rendered":"<p>Salt flakes with freeze-dried rose petals are the perfect choice for those who like to experiment with new flavours and create their own twist on dishes. This special combination subtly combines the uniqueness of salt with the delicate aroma of rose petals for an intriguing and luxurious taste. This makes this salt popular with those who love aesthetics, even in everyday kitchens.  <\/p>\n<p>Add salt to cheese, meat, vegetables or fish dishes and enjoy subtle sweetness and savoury refinement.<\/p>\n<p>Of course, this salt also makes a great gift. They will add elegance and uniqueness to a gift for spice lovers or cooking enthusiasts. <\/p>\n<p><strong>Ingredients:<\/strong> sea salt flakes, freeze-dried rose petals.<\/p>\n<p><strong>Net weight:<\/strong> 73 g (150 ml)<\/p>\n","protected":false},"excerpt":{"rendered":"<p>Salt flakes with freeze-dried rose petals &#8211; a unique combination of flavours that adds a subtle aroma and a touch of luxury to dishes. Perfect for cheeses, meats, fish or vegetables, as well as an elegant gift for gourmets. <\/p>\n","protected":false},"featured_media":7207,"comment_status":"open","ping_status":"closed","template":"","meta":{"_acf_changed":false,"wprm-recipe-roundup-name":"","wprm-recipe-roundup-description":""},"product_brand":[],"product_cat":[407],"product_tag":[],"class_list":{"0":"post-6645","1":"product","2":"type-product","3":"status-publish","4":"has-post-thumbnail","6":"product_cat-salt-and-flowers","8":"first","9":"instock","10":"featured","11":"shipping-taxable","12":"purchasable","13":"product-type-simple"},"acf":[],"yoast_head":"<!-- This site is optimized with the Yoast SEO plugin v25.5 - https:\/\/yoast.com\/wordpress\/plugins\/seo\/ -->\n<title>Salt flakes with roses: for an unforgettable dinner -% 4sezonai%<\/title>\n<meta name=\"description\" content=\"Salt flakes. Ingredients: sea salt flakes, freeze-dried rose petals. Perfect as a gift for cooking enthusiasts.\" \/>\n<meta name=\"robots\" content=\"index, follow, max-snippet:-1, max-image-preview:large, max-video-preview:-1\" \/>\n<link rel=\"canonical\" href=\"https:\/\/4sezonai.lt\/en\/product\/salt-flakes-with-roses\/\" \/>\n<meta property=\"og:locale\" content=\"en_US\" \/>\n<meta property=\"og:type\" content=\"article\" \/>\n<meta property=\"og:title\" content=\"Salt flakes with roses: for an unforgettable dinner -% 4sezonai%\" \/>\n<meta property=\"og:description\" content=\"Salt flakes. Ingredients: sea salt flakes, freeze-dried rose petals. Perfect as a gift for cooking enthusiasts.\" \/>\n<meta property=\"og:url\" content=\"https:\/\/4sezonai.lt\/en\/product\/salt-flakes-with-roses\/\" \/>\n<meta property=\"og:site_name\" content=\"4sezonai\" \/>\n<meta property=\"article:publisher\" content=\"https:\/\/www.facebook.com\/4sezonai.lt\" \/>\n<meta property=\"article:modified_time\" content=\"2023-12-01T15:52:57+00:00\" \/>\n<meta property=\"og:image\" content=\"https:\/\/4sezonai.lt\/wp-content\/uploads\/2025\/06\/GB9A2806.jpg\" \/>\n\t<meta property=\"og:image:width\" content=\"1334\" \/>\n\t<meta property=\"og:image:height\" content=\"1334\" \/>\n\t<meta property=\"og:image:type\" content=\"image\/jpeg\" \/>\n<meta name=\"twitter:card\" content=\"summary_large_image\" \/>\n<meta name=\"twitter:label1\" content=\"Est. reading time\" \/>\n\t<meta name=\"twitter:data1\" content=\"1 minute\" \/>\n<script type=\"application\/ld+json\" class=\"yoast-schema-graph\">{\"@context\":\"https:\/\/schema.org\",\"@graph\":[{\"@type\":\"WebPage\",\"@id\":\"https:\/\/4sezonai.lt\/en\/product\/salt-flakes-with-roses\/\",\"url\":\"https:\/\/4sezonai.lt\/en\/product\/salt-flakes-with-roses\/\",\"name\":\"Salt flakes with roses: for an unforgettable dinner -% 4sezonai%\",\"isPartOf\":{\"@id\":\"https:\/\/4sezonai.lt\/en\/#website\"},\"primaryImageOfPage\":{\"@id\":\"https:\/\/4sezonai.lt\/en\/product\/salt-flakes-with-roses\/#primaryimage\"},\"image\":{\"@id\":\"https:\/\/4sezonai.lt\/en\/product\/salt-flakes-with-roses\/#primaryimage\"},\"thumbnailUrl\":\"https:\/\/4sezonai.lt\/wp-content\/uploads\/2025\/06\/GB9A2806.jpg\",\"datePublished\":\"2023-12-01T14:52:57+00:00\",\"dateModified\":\"2023-12-01T15:52:57+00:00\",\"description\":\"Salt flakes. Ingredients: sea salt flakes, freeze-dried rose petals. Perfect as a gift for cooking enthusiasts.\",\"breadcrumb\":{\"@id\":\"https:\/\/4sezonai.lt\/en\/product\/salt-flakes-with-roses\/#breadcrumb\"},\"inLanguage\":\"en-US\",\"potentialAction\":[{\"@type\":\"ReadAction\",\"target\":[\"https:\/\/4sezonai.lt\/en\/product\/salt-flakes-with-roses\/\"]}]},{\"@type\":\"ImageObject\",\"inLanguage\":\"en-US\",\"@id\":\"https:\/\/4sezonai.lt\/en\/product\/salt-flakes-with-roses\/#primaryimage\",\"url\":\"https:\/\/4sezonai.lt\/wp-content\/uploads\/2025\/06\/GB9A2806.jpg\",\"contentUrl\":\"https:\/\/4sezonai.lt\/wp-content\/uploads\/2025\/06\/GB9A2806.jpg\",\"width\":1334,\"height\":1334},{\"@type\":\"BreadcrumbList\",\"@id\":\"https:\/\/4sezonai.lt\/en\/product\/salt-flakes-with-roses\/#breadcrumb\",\"itemListElement\":[{\"@type\":\"ListItem\",\"position\":1,\"name\":\"Pagrindinis\",\"item\":\"https:\/\/4sezonai.lt\/en\/\"},{\"@type\":\"ListItem\",\"position\":2,\"name\":\"Shop\",\"item\":\"https:\/\/4sezonai.lt\/en\/shop\/\"},{\"@type\":\"ListItem\",\"position\":3,\"name\":\"Salt flakes with roses\"}]},{\"@type\":\"WebSite\",\"@id\":\"https:\/\/4sezonai.lt\/en\/#website\",\"url\":\"https:\/\/4sezonai.lt\/en\/\",\"name\":\"4sezonai\",\"description\":\"Auk\u0161\u010diausios kokyb\u0117s liofilzuoti produktai\",\"publisher\":{\"@id\":\"https:\/\/4sezonai.lt\/en\/#organization\"},\"potentialAction\":[{\"@type\":\"SearchAction\",\"target\":{\"@type\":\"EntryPoint\",\"urlTemplate\":\"https:\/\/4sezonai.lt\/en\/?s={search_term_string}\"},\"query-input\":{\"@type\":\"PropertyValueSpecification\",\"valueRequired\":true,\"valueName\":\"search_term_string\"}}],\"inLanguage\":\"en-US\"},{\"@type\":\"Organization\",\"@id\":\"https:\/\/4sezonai.lt\/en\/#organization\",\"name\":\"4sezonai\",\"url\":\"https:\/\/4sezonai.lt\/en\/\",\"logo\":{\"@type\":\"ImageObject\",\"inLanguage\":\"en-US\",\"@id\":\"https:\/\/4sezonai.lt\/en\/#\/schema\/logo\/image\/\",\"url\":\"https:\/\/4sezonai.lt\/wp-content\/uploads\/2024\/04\/4-Sezonai-logotipas.png\",\"contentUrl\":\"https:\/\/4sezonai.lt\/wp-content\/uploads\/2024\/04\/4-Sezonai-logotipas.png\",\"width\":712,\"height\":712,\"caption\":\"4sezonai\"},\"image\":{\"@id\":\"https:\/\/4sezonai.lt\/en\/#\/schema\/logo\/image\/\"},\"sameAs\":[\"https:\/\/www.facebook.com\/4sezonai.lt\",\"https:\/\/www.instagram.com\/4sezonai_\/\"]}]}<\/script>\n<!-- \/ Yoast SEO plugin. -->","yoast_head_json":{"title":"Salt flakes with roses: for an unforgettable dinner -% 4sezonai%","description":"Salt flakes. Ingredients: sea salt flakes, freeze-dried rose petals. Perfect as a gift for cooking enthusiasts.","robots":{"index":"index","follow":"follow","max-snippet":"max-snippet:-1","max-image-preview":"max-image-preview:large","max-video-preview":"max-video-preview:-1"},"canonical":"https:\/\/4sezonai.lt\/en\/product\/salt-flakes-with-roses\/","og_locale":"en_US","og_type":"article","og_title":"Salt flakes with roses: for an unforgettable dinner -% 4sezonai%","og_description":"Salt flakes. Ingredients: sea salt flakes, freeze-dried rose petals. Perfect as a gift for cooking enthusiasts.","og_url":"https:\/\/4sezonai.lt\/en\/product\/salt-flakes-with-roses\/","og_site_name":"4sezonai","article_publisher":"https:\/\/www.facebook.com\/4sezonai.lt","article_modified_time":"2023-12-01T15:52:57+00:00","og_image":[{"width":1334,"height":1334,"url":"https:\/\/4sezonai.lt\/wp-content\/uploads\/2025\/06\/GB9A2806.jpg","type":"image\/jpeg"}],"twitter_card":"summary_large_image","twitter_misc":{"Est. reading time":"1 minute"},"schema":{"@context":"https:\/\/schema.org","@graph":[{"@type":"WebPage","@id":"https:\/\/4sezonai.lt\/en\/product\/salt-flakes-with-roses\/","url":"https:\/\/4sezonai.lt\/en\/product\/salt-flakes-with-roses\/","name":"Salt flakes with roses: for an unforgettable dinner -% 4sezonai%","isPartOf":{"@id":"https:\/\/4sezonai.lt\/en\/#website"},"primaryImageOfPage":{"@id":"https:\/\/4sezonai.lt\/en\/product\/salt-flakes-with-roses\/#primaryimage"},"image":{"@id":"https:\/\/4sezonai.lt\/en\/product\/salt-flakes-with-roses\/#primaryimage"},"thumbnailUrl":"https:\/\/4sezonai.lt\/wp-content\/uploads\/2025\/06\/GB9A2806.jpg","datePublished":"2023-12-01T14:52:57+00:00","dateModified":"2023-12-01T15:52:57+00:00","description":"Salt flakes. Ingredients: sea salt flakes, freeze-dried rose petals. Perfect as a gift for cooking enthusiasts.","breadcrumb":{"@id":"https:\/\/4sezonai.lt\/en\/product\/salt-flakes-with-roses\/#breadcrumb"},"inLanguage":"en-US","potentialAction":[{"@type":"ReadAction","target":["https:\/\/4sezonai.lt\/en\/product\/salt-flakes-with-roses\/"]}]},{"@type":"ImageObject","inLanguage":"en-US","@id":"https:\/\/4sezonai.lt\/en\/product\/salt-flakes-with-roses\/#primaryimage","url":"https:\/\/4sezonai.lt\/wp-content\/uploads\/2025\/06\/GB9A2806.jpg","contentUrl":"https:\/\/4sezonai.lt\/wp-content\/uploads\/2025\/06\/GB9A2806.jpg","width":1334,"height":1334},{"@type":"BreadcrumbList","@id":"https:\/\/4sezonai.lt\/en\/product\/salt-flakes-with-roses\/#breadcrumb","itemListElement":[{"@type":"ListItem","position":1,"name":"Pagrindinis","item":"https:\/\/4sezonai.lt\/en\/"},{"@type":"ListItem","position":2,"name":"Shop","item":"https:\/\/4sezonai.lt\/en\/shop\/"},{"@type":"ListItem","position":3,"name":"Salt flakes with roses"}]},{"@type":"WebSite","@id":"https:\/\/4sezonai.lt\/en\/#website","url":"https:\/\/4sezonai.lt\/en\/","name":"4sezonai","description":"Auk\u0161\u010diausios kokyb\u0117s liofilzuoti produktai","publisher":{"@id":"https:\/\/4sezonai.lt\/en\/#organization"},"potentialAction":[{"@type":"SearchAction","target":{"@type":"EntryPoint","urlTemplate":"https:\/\/4sezonai.lt\/en\/?s={search_term_string}"},"query-input":{"@type":"PropertyValueSpecification","valueRequired":true,"valueName":"search_term_string"}}],"inLanguage":"en-US"},{"@type":"Organization","@id":"https:\/\/4sezonai.lt\/en\/#organization","name":"4sezonai","url":"https:\/\/4sezonai.lt\/en\/","logo":{"@type":"ImageObject","inLanguage":"en-US","@id":"https:\/\/4sezonai.lt\/en\/#\/schema\/logo\/image\/","url":"https:\/\/4sezonai.lt\/wp-content\/uploads\/2024\/04\/4-Sezonai-logotipas.png","contentUrl":"https:\/\/4sezonai.lt\/wp-content\/uploads\/2024\/04\/4-Sezonai-logotipas.png","width":712,"height":712,"caption":"4sezonai"},"image":{"@id":"https:\/\/4sezonai.lt\/en\/#\/schema\/logo\/image\/"},"sameAs":["https:\/\/www.facebook.com\/4sezonai.lt","https:\/\/www.instagram.com\/4sezonai_\/"]}]}},"_links":{"self":[{"href":"https:\/\/4sezonai.lt\/en\/wp-json\/wp\/v2\/product\/6645","targetHints":{"allow":["GET"]}}],"collection":[{"href":"https:\/\/4sezonai.lt\/en\/wp-json\/wp\/v2\/product"}],"about":[{"href":"https:\/\/4sezonai.lt\/en\/wp-json\/wp\/v2\/types\/product"}],"replies":[{"embeddable":true,"href":"https:\/\/4sezonai.lt\/en\/wp-json\/wp\/v2\/comments?post=6645"}],"wp:featuredmedia":[{"embeddable":true,"href":"https:\/\/4sezonai.lt\/en\/wp-json\/wp\/v2\/media\/7207"}],"wp:attachment":[{"href":"https:\/\/4sezonai.lt\/en\/wp-json\/wp\/v2\/media?parent=6645"}],"wp:term":[{"taxonomy":"product_brand","embeddable":true,"href":"https:\/\/4sezonai.lt\/en\/wp-json\/wp\/v2\/product_brand?post=6645"},{"taxonomy":"product_cat","embeddable":true,"href":"https:\/\/4sezonai.lt\/en\/wp-json\/wp\/v2\/product_cat?post=6645"},{"taxonomy":"product_tag","embeddable":true,"href":"https:\/\/4sezonai.lt\/en\/wp-json\/wp\/v2\/product_tag?post=6645"}],"curies":[{"name":"wp","href":"https:\/\/api.w.org\/{rel}","templated":true}]}}