{"id":6653,"date":"2024-01-08T17:02:49","date_gmt":"2024-01-08T15:02:49","guid":{"rendered":"https:\/\/4sezonai.lt\/produktas\/luxury-set-with-chilli-salt\/"},"modified":"2024-01-08T17:02:49","modified_gmt":"2024-01-08T15:02:49","slug":"luxury-set-with-chilli-salt","status":"publish","type":"product","link":"https:\/\/4sezonai.lt\/en\/product\/luxury-set-with-chilli-salt\/","title":{"rendered":"Luxury set with chilli salt"},"content":{"rendered":"<p>Combining luxurious taste and subtle spiciness, our luxury chilli salt set is the highlight of culinary luxury gifts.<\/p>\n<p>This set impresses not only with its elegant design, but also with its balanced combination of different types of chilli peppers that will add incredible passion to your dishes. Each element of this set is carefully selected to give intensity to the flavour. It will serve both in the kitchen and for the recipient of the gift by creating a unique taste experience.  <\/p>\n<p>The set consists of<\/p>\n<ul>\n<li>Multipurpose grinder (Rupi, pink Himalayan salt, smoked paprika powder, freeze-dried tomatoes, freeze-dried basil, freeze-dried chilli peppers, freeze-dried dandelion flowers), 32 cm high, approx. 160 g<\/li>\n<li><a href=\"https:\/\/4sezonai.lt\/produktas\/liofilizuotu-avieciu-gabaliuka\/\" target=\"_blank\" rel=\"noopener\">Freeze-dried raspberry pieces<\/a>, 250 ml, 30 g<\/li>\n<li><a href=\"https:\/\/4sezonai.lt\/en\/produktas\/dill\/\" target=\"_blank\" rel=\"noopener\">Freeze-dried dill<\/a>, 150 ml, 15 g<\/li>\n<li><a href=\"https:\/\/4sezonai.lt\/en\/produktas\/seasoning-salt-with-cornflower-addition\/\" target=\"_blank\" rel=\"noopener\">Seasoning Salt Refill<\/a> (Rupi, Pink Himalayan Salt, Hemp Seeds, Blackcurrant Seeds, Freeze-dried Celery Stalks, Freeze-dried Cornflower Petals), 150 ml, approx. 150 g<\/li>\n<\/ul>\n<p>&nbsp;<\/p>\n<p>All products are packaged in our logoed box, which is perfect for gift giving on any occasion.<\/p>\n<p>Give friends and family sustainable and practical gifts that will not only impress, but also be packed with nutrients and vitamins for 4 seasons.<\/p>\n","protected":false},"excerpt":{"rendered":"<p>The chilli salt set is a gift of culinary luxury. The balanced combination of spices will add passion and distinction to your dishes, while the elegant packaging will make it the perfect choice for a birthday or other occasion. <\/p>\n","protected":false},"featured_media":1435,"comment_status":"open","ping_status":"closed","template":"","meta":{"_acf_changed":false,"wprm-recipe-roundup-name":"","wprm-recipe-roundup-description":""},"product_brand":[],"product_cat":[348,407,344],"product_tag":[],"class_list":{"0":"post-6653","1":"product","2":"type-product","3":"status-publish","4":"has-post-thumbnail","6":"product_cat-gift-sets-2","7":"product_cat-salt-and-flowers","8":"product_cat-uncategorized","10":"first","11":"instock","12":"shipping-taxable","13":"purchasable","14":"product-type-simple"},"acf":[],"yoast_head":"<!-- This site is optimized with the Yoast SEO plugin v25.5 - https:\/\/yoast.com\/wordpress\/plugins\/seo\/ -->\n<title>Gift sets for women -Luxury set with chilli salt%%<\/title>\n<meta name=\"description\" content=\"Gift sets for women, cooking enthusiasts or those who appreciate organic food. Ingredients: salt set, freeze-dried raspberries, dill.\" \/>\n<meta name=\"robots\" content=\"index, follow, max-snippet:-1, max-image-preview:large, max-video-preview:-1\" \/>\n<link rel=\"canonical\" href=\"https:\/\/4sezonai.lt\/en\/product\/luxury-set-with-chilli-salt\/\" \/>\n<meta property=\"og:locale\" content=\"en_US\" \/>\n<meta property=\"og:type\" content=\"article\" \/>\n<meta property=\"og:title\" content=\"Gift sets for women -Luxury set with chilli salt%%\" \/>\n<meta property=\"og:description\" content=\"Gift sets for women, cooking enthusiasts or those who appreciate organic food. Ingredients: salt set, freeze-dried raspberries, dill.\" \/>\n<meta property=\"og:url\" content=\"https:\/\/4sezonai.lt\/en\/product\/luxury-set-with-chilli-salt\/\" \/>\n<meta property=\"og:site_name\" content=\"4sezonai\" \/>\n<meta property=\"article:publisher\" content=\"https:\/\/www.facebook.com\/4sezonai.lt\" \/>\n<meta property=\"og:image\" content=\"https:\/\/4sezonai.lt\/wp-content\/uploads\/2024\/01\/Prabangus-dovanu-rinkinys.jpg\" \/>\n\t<meta property=\"og:image:width\" content=\"1200\" \/>\n\t<meta property=\"og:image:height\" content=\"800\" \/>\n\t<meta property=\"og:image:type\" content=\"image\/jpeg\" \/>\n<meta name=\"twitter:card\" content=\"summary_large_image\" \/>\n<meta name=\"twitter:label1\" content=\"Est. reading time\" \/>\n\t<meta name=\"twitter:data1\" content=\"1 minute\" \/>\n<script type=\"application\/ld+json\" class=\"yoast-schema-graph\">{\"@context\":\"https:\/\/schema.org\",\"@graph\":[{\"@type\":\"WebPage\",\"@id\":\"https:\/\/4sezonai.lt\/en\/product\/luxury-set-with-chilli-salt\/\",\"url\":\"https:\/\/4sezonai.lt\/en\/product\/luxury-set-with-chilli-salt\/\",\"name\":\"Gift sets for women -Luxury set with chilli salt%%\",\"isPartOf\":{\"@id\":\"https:\/\/4sezonai.lt\/en\/#website\"},\"primaryImageOfPage\":{\"@id\":\"https:\/\/4sezonai.lt\/en\/product\/luxury-set-with-chilli-salt\/#primaryimage\"},\"image\":{\"@id\":\"https:\/\/4sezonai.lt\/en\/product\/luxury-set-with-chilli-salt\/#primaryimage\"},\"thumbnailUrl\":\"https:\/\/4sezonai.lt\/wp-content\/uploads\/2024\/01\/Prabangus-dovanu-rinkinys.jpg\",\"datePublished\":\"2024-01-08T15:02:49+00:00\",\"description\":\"Gift sets for women, cooking enthusiasts or those who appreciate organic food. Ingredients: salt set, freeze-dried raspberries, dill.\",\"breadcrumb\":{\"@id\":\"https:\/\/4sezonai.lt\/en\/product\/luxury-set-with-chilli-salt\/#breadcrumb\"},\"inLanguage\":\"en-US\",\"potentialAction\":[{\"@type\":\"ReadAction\",\"target\":[\"https:\/\/4sezonai.lt\/en\/product\/luxury-set-with-chilli-salt\/\"]}]},{\"@type\":\"ImageObject\",\"inLanguage\":\"en-US\",\"@id\":\"https:\/\/4sezonai.lt\/en\/product\/luxury-set-with-chilli-salt\/#primaryimage\",\"url\":\"https:\/\/4sezonai.lt\/wp-content\/uploads\/2024\/01\/Prabangus-dovanu-rinkinys.jpg\",\"contentUrl\":\"https:\/\/4sezonai.lt\/wp-content\/uploads\/2024\/01\/Prabangus-dovanu-rinkinys.jpg\",\"width\":1200,\"height\":800,\"caption\":\"Prabangus dovan\u0173 rinkinys\"},{\"@type\":\"BreadcrumbList\",\"@id\":\"https:\/\/4sezonai.lt\/en\/product\/luxury-set-with-chilli-salt\/#breadcrumb\",\"itemListElement\":[{\"@type\":\"ListItem\",\"position\":1,\"name\":\"Pagrindinis\",\"item\":\"https:\/\/4sezonai.lt\/en\/\"},{\"@type\":\"ListItem\",\"position\":2,\"name\":\"Shop\",\"item\":\"https:\/\/4sezonai.lt\/en\/shop\/\"},{\"@type\":\"ListItem\",\"position\":3,\"name\":\"Luxury set with chilli salt\"}]},{\"@type\":\"WebSite\",\"@id\":\"https:\/\/4sezonai.lt\/en\/#website\",\"url\":\"https:\/\/4sezonai.lt\/en\/\",\"name\":\"4sezonai\",\"description\":\"Auk\u0161\u010diausios kokyb\u0117s liofilzuoti produktai\",\"publisher\":{\"@id\":\"https:\/\/4sezonai.lt\/en\/#organization\"},\"potentialAction\":[{\"@type\":\"SearchAction\",\"target\":{\"@type\":\"EntryPoint\",\"urlTemplate\":\"https:\/\/4sezonai.lt\/en\/?s={search_term_string}\"},\"query-input\":{\"@type\":\"PropertyValueSpecification\",\"valueRequired\":true,\"valueName\":\"search_term_string\"}}],\"inLanguage\":\"en-US\"},{\"@type\":\"Organization\",\"@id\":\"https:\/\/4sezonai.lt\/en\/#organization\",\"name\":\"4sezonai\",\"url\":\"https:\/\/4sezonai.lt\/en\/\",\"logo\":{\"@type\":\"ImageObject\",\"inLanguage\":\"en-US\",\"@id\":\"https:\/\/4sezonai.lt\/en\/#\/schema\/logo\/image\/\",\"url\":\"https:\/\/4sezonai.lt\/wp-content\/uploads\/2024\/04\/4-Sezonai-logotipas.png\",\"contentUrl\":\"https:\/\/4sezonai.lt\/wp-content\/uploads\/2024\/04\/4-Sezonai-logotipas.png\",\"width\":712,\"height\":712,\"caption\":\"4sezonai\"},\"image\":{\"@id\":\"https:\/\/4sezonai.lt\/en\/#\/schema\/logo\/image\/\"},\"sameAs\":[\"https:\/\/www.facebook.com\/4sezonai.lt\",\"https:\/\/www.instagram.com\/4sezonai_\/\"]}]}<\/script>\n<!-- \/ Yoast SEO plugin. -->","yoast_head_json":{"title":"Gift sets for women -Luxury set with chilli salt%%","description":"Gift sets for women, cooking enthusiasts or those who appreciate organic food. Ingredients: salt set, freeze-dried raspberries, dill.","robots":{"index":"index","follow":"follow","max-snippet":"max-snippet:-1","max-image-preview":"max-image-preview:large","max-video-preview":"max-video-preview:-1"},"canonical":"https:\/\/4sezonai.lt\/en\/product\/luxury-set-with-chilli-salt\/","og_locale":"en_US","og_type":"article","og_title":"Gift sets for women -Luxury set with chilli salt%%","og_description":"Gift sets for women, cooking enthusiasts or those who appreciate organic food. Ingredients: salt set, freeze-dried raspberries, dill.","og_url":"https:\/\/4sezonai.lt\/en\/product\/luxury-set-with-chilli-salt\/","og_site_name":"4sezonai","article_publisher":"https:\/\/www.facebook.com\/4sezonai.lt","og_image":[{"width":1200,"height":800,"url":"https:\/\/4sezonai.lt\/wp-content\/uploads\/2024\/01\/Prabangus-dovanu-rinkinys.jpg","type":"image\/jpeg"}],"twitter_card":"summary_large_image","twitter_misc":{"Est. reading time":"1 minute"},"schema":{"@context":"https:\/\/schema.org","@graph":[{"@type":"WebPage","@id":"https:\/\/4sezonai.lt\/en\/product\/luxury-set-with-chilli-salt\/","url":"https:\/\/4sezonai.lt\/en\/product\/luxury-set-with-chilli-salt\/","name":"Gift sets for women -Luxury set with chilli salt%%","isPartOf":{"@id":"https:\/\/4sezonai.lt\/en\/#website"},"primaryImageOfPage":{"@id":"https:\/\/4sezonai.lt\/en\/product\/luxury-set-with-chilli-salt\/#primaryimage"},"image":{"@id":"https:\/\/4sezonai.lt\/en\/product\/luxury-set-with-chilli-salt\/#primaryimage"},"thumbnailUrl":"https:\/\/4sezonai.lt\/wp-content\/uploads\/2024\/01\/Prabangus-dovanu-rinkinys.jpg","datePublished":"2024-01-08T15:02:49+00:00","description":"Gift sets for women, cooking enthusiasts or those who appreciate organic food. Ingredients: salt set, freeze-dried raspberries, dill.","breadcrumb":{"@id":"https:\/\/4sezonai.lt\/en\/product\/luxury-set-with-chilli-salt\/#breadcrumb"},"inLanguage":"en-US","potentialAction":[{"@type":"ReadAction","target":["https:\/\/4sezonai.lt\/en\/product\/luxury-set-with-chilli-salt\/"]}]},{"@type":"ImageObject","inLanguage":"en-US","@id":"https:\/\/4sezonai.lt\/en\/product\/luxury-set-with-chilli-salt\/#primaryimage","url":"https:\/\/4sezonai.lt\/wp-content\/uploads\/2024\/01\/Prabangus-dovanu-rinkinys.jpg","contentUrl":"https:\/\/4sezonai.lt\/wp-content\/uploads\/2024\/01\/Prabangus-dovanu-rinkinys.jpg","width":1200,"height":800,"caption":"Prabangus dovan\u0173 rinkinys"},{"@type":"BreadcrumbList","@id":"https:\/\/4sezonai.lt\/en\/product\/luxury-set-with-chilli-salt\/#breadcrumb","itemListElement":[{"@type":"ListItem","position":1,"name":"Pagrindinis","item":"https:\/\/4sezonai.lt\/en\/"},{"@type":"ListItem","position":2,"name":"Shop","item":"https:\/\/4sezonai.lt\/en\/shop\/"},{"@type":"ListItem","position":3,"name":"Luxury set with chilli salt"}]},{"@type":"WebSite","@id":"https:\/\/4sezonai.lt\/en\/#website","url":"https:\/\/4sezonai.lt\/en\/","name":"4sezonai","description":"Auk\u0161\u010diausios kokyb\u0117s liofilzuoti produktai","publisher":{"@id":"https:\/\/4sezonai.lt\/en\/#organization"},"potentialAction":[{"@type":"SearchAction","target":{"@type":"EntryPoint","urlTemplate":"https:\/\/4sezonai.lt\/en\/?s={search_term_string}"},"query-input":{"@type":"PropertyValueSpecification","valueRequired":true,"valueName":"search_term_string"}}],"inLanguage":"en-US"},{"@type":"Organization","@id":"https:\/\/4sezonai.lt\/en\/#organization","name":"4sezonai","url":"https:\/\/4sezonai.lt\/en\/","logo":{"@type":"ImageObject","inLanguage":"en-US","@id":"https:\/\/4sezonai.lt\/en\/#\/schema\/logo\/image\/","url":"https:\/\/4sezonai.lt\/wp-content\/uploads\/2024\/04\/4-Sezonai-logotipas.png","contentUrl":"https:\/\/4sezonai.lt\/wp-content\/uploads\/2024\/04\/4-Sezonai-logotipas.png","width":712,"height":712,"caption":"4sezonai"},"image":{"@id":"https:\/\/4sezonai.lt\/en\/#\/schema\/logo\/image\/"},"sameAs":["https:\/\/www.facebook.com\/4sezonai.lt","https:\/\/www.instagram.com\/4sezonai_\/"]}]}},"_links":{"self":[{"href":"https:\/\/4sezonai.lt\/en\/wp-json\/wp\/v2\/product\/6653","targetHints":{"allow":["GET"]}}],"collection":[{"href":"https:\/\/4sezonai.lt\/en\/wp-json\/wp\/v2\/product"}],"about":[{"href":"https:\/\/4sezonai.lt\/en\/wp-json\/wp\/v2\/types\/product"}],"replies":[{"embeddable":true,"href":"https:\/\/4sezonai.lt\/en\/wp-json\/wp\/v2\/comments?post=6653"}],"wp:featuredmedia":[{"embeddable":true,"href":"https:\/\/4sezonai.lt\/en\/wp-json\/wp\/v2\/media\/1435"}],"wp:attachment":[{"href":"https:\/\/4sezonai.lt\/en\/wp-json\/wp\/v2\/media?parent=6653"}],"wp:term":[{"taxonomy":"product_brand","embeddable":true,"href":"https:\/\/4sezonai.lt\/en\/wp-json\/wp\/v2\/product_brand?post=6653"},{"taxonomy":"product_cat","embeddable":true,"href":"https:\/\/4sezonai.lt\/en\/wp-json\/wp\/v2\/product_cat?post=6653"},{"taxonomy":"product_tag","embeddable":true,"href":"https:\/\/4sezonai.lt\/en\/wp-json\/wp\/v2\/product_tag?post=6653"}],"curies":[{"name":"wp","href":"https:\/\/api.w.org\/{rel}","templated":true}]}}