{"id":6663,"date":"2024-01-08T17:06:01","date_gmt":"2024-01-08T15:06:01","guid":{"rendered":"https:\/\/4sezonai.lt\/produktas\/luxury-set-with-pepper-salt\/"},"modified":"2024-01-08T17:06:01","modified_gmt":"2024-01-08T15:06:01","slug":"luxury-set-with-pepper-salt","status":"publish","type":"product","link":"https:\/\/4sezonai.lt\/en\/product\/luxury-set-with-pepper-salt\/","title":{"rendered":"Luxury set with pepper salt"},"content":{"rendered":"<p>Our unique seasoned salt with freeze-dried raspberries, pansy blossoms and four types of pepper is a subtle combination of mild salt and spicy flavour. It makes a wonderful gift for a girlfriend, friend or colleague. This set is suitable for both experienced gourmets and curious food enthusiasts. Perfect for those who want to spice up their dishes with a unique taste experience. This salt is the most versatile, because <strong><em>It does not have a sharp, specific aftertaste.<\/em><\/strong> It is the easiest to give to those who are not sure whether the recipient likes spicier things or prefers the pungent aroma of boletus.    <\/p>\n<p>The set includes:<\/p>\n<ul>\n<li><a href=\"https:\/\/4sezonai.lt\/en\/produktas\/seasoning-salt-with-pansies\/\" target=\"_blank\" rel=\"noopener\">multi-grinder, with seasoned salt<\/a> (Himalayan salt, black pepper, white pepper, green pepper, red pepper, freeze-dried raspberries, freeze-dried pansy blossoms), 32 cm high, approx. 160 g<\/li>\n<li><a href=\"https:\/\/4sezonai.lt\/produktas\/liofilizuotos-avietes\/\" target=\"_blank\" rel=\"noopener\">Freeze-dried raspberries<\/a>, 250 ml, 20 g<\/li>\n<li><a href=\"https:\/\/4sezonai.lt\/en\/produktas\/parsley\/\" target=\"_blank\" rel=\"noopener\">Freeze-dried parsley<\/a>, 150 ml, 15 g<\/li>\n<li><a href=\"https:\/\/4sezonai.lt\/en\/produktas\/einkorn-salt-addition\/\" target=\"_blank\" rel=\"noopener\">Seasoning Salt Refill<\/a> (Rupi, pink Himalayan salt, freeze-dried: porcini mushrooms, onion, garlic, onion leaves, sea buckthorn berries), 150 ml, approx. 150 g<\/li>\n<\/ul>\n<p>&nbsp;<\/p>\n<p>All products are packaged in our logoed box, which is perfect for gift giving on any occasion.<\/p>\n<p>Give friends and family sustainable and practical gifts that will not only impress, but also be packed with nutrients and vitamins for 4 seasons.<\/p>\n","protected":false},"excerpt":{"rendered":"<p>The Himalayan Spiced Salt Set with raspberries, pansy blossom and four types of pepper is a subtle combination of flavours without a spicy aftertaste. Packaged in a gift box, it is perfect for both gourmets and those who appreciate an elegant, versatile gift. <\/p>\n","protected":false},"featured_media":1432,"comment_status":"open","ping_status":"closed","template":"","meta":{"_acf_changed":false,"wprm-recipe-roundup-name":"","wprm-recipe-roundup-description":""},"product_brand":[],"product_cat":[348,407,344],"product_tag":[],"class_list":{"0":"post-6663","1":"product","2":"type-product","3":"status-publish","4":"has-post-thumbnail","6":"product_cat-gift-sets-2","7":"product_cat-salt-and-flowers","8":"product_cat-uncategorized","10":"first","11":"instock","12":"shipping-taxable","13":"purchasable","14":"product-type-simple"},"acf":[],"yoast_head":"<!-- This site is optimized with the Yoast SEO plugin v25.5 - https:\/\/yoast.com\/wordpress\/plugins\/seo\/ -->\n<title>Luxury set with pepper salt% - A good gift for a friend.<\/title>\n<meta name=\"description\" content=\"A food gift set for flavour enthusiasts. A wonderful gift for a girlfriend, friend or colleague. The set includes a set of salts, freeze-dried raspberries, parsley.\" \/>\n<meta name=\"robots\" content=\"index, follow, max-snippet:-1, max-image-preview:large, max-video-preview:-1\" \/>\n<link rel=\"canonical\" href=\"https:\/\/4sezonai.lt\/en\/product\/luxury-set-with-pepper-salt\/\" \/>\n<meta property=\"og:locale\" content=\"en_US\" \/>\n<meta property=\"og:type\" content=\"article\" \/>\n<meta property=\"og:title\" content=\"Luxury set with pepper salt% - A good gift for a friend.\" \/>\n<meta property=\"og:description\" content=\"A food gift set for flavour enthusiasts. A wonderful gift for a girlfriend, friend or colleague. The set includes a set of salts, freeze-dried raspberries, parsley.\" \/>\n<meta property=\"og:url\" content=\"https:\/\/4sezonai.lt\/en\/product\/luxury-set-with-pepper-salt\/\" \/>\n<meta property=\"og:site_name\" content=\"4sezonai\" \/>\n<meta property=\"article:publisher\" content=\"https:\/\/www.facebook.com\/4sezonai.lt\" \/>\n<meta property=\"og:image\" content=\"https:\/\/4sezonai.lt\/wp-content\/uploads\/2024\/01\/Gaminimo-dovanu-idejos.jpg\" \/>\n\t<meta property=\"og:image:width\" content=\"2048\" \/>\n\t<meta property=\"og:image:height\" content=\"1365\" \/>\n\t<meta property=\"og:image:type\" content=\"image\/jpeg\" \/>\n<meta name=\"twitter:card\" content=\"summary_large_image\" \/>\n<meta name=\"twitter:label1\" content=\"Est. reading time\" \/>\n\t<meta name=\"twitter:data1\" content=\"1 minute\" \/>\n<script type=\"application\/ld+json\" class=\"yoast-schema-graph\">{\"@context\":\"https:\/\/schema.org\",\"@graph\":[{\"@type\":\"WebPage\",\"@id\":\"https:\/\/4sezonai.lt\/en\/product\/luxury-set-with-pepper-salt\/\",\"url\":\"https:\/\/4sezonai.lt\/en\/product\/luxury-set-with-pepper-salt\/\",\"name\":\"Luxury set with pepper salt% - A good gift for a friend.\",\"isPartOf\":{\"@id\":\"https:\/\/4sezonai.lt\/en\/#website\"},\"primaryImageOfPage\":{\"@id\":\"https:\/\/4sezonai.lt\/en\/product\/luxury-set-with-pepper-salt\/#primaryimage\"},\"image\":{\"@id\":\"https:\/\/4sezonai.lt\/en\/product\/luxury-set-with-pepper-salt\/#primaryimage\"},\"thumbnailUrl\":\"https:\/\/4sezonai.lt\/wp-content\/uploads\/2024\/01\/Gaminimo-dovanu-idejos.jpg\",\"datePublished\":\"2024-01-08T15:06:01+00:00\",\"description\":\"A food gift set for flavour enthusiasts. A wonderful gift for a girlfriend, friend or colleague. The set includes a set of salts, freeze-dried raspberries, parsley.\",\"breadcrumb\":{\"@id\":\"https:\/\/4sezonai.lt\/en\/product\/luxury-set-with-pepper-salt\/#breadcrumb\"},\"inLanguage\":\"en-US\",\"potentialAction\":[{\"@type\":\"ReadAction\",\"target\":[\"https:\/\/4sezonai.lt\/en\/product\/luxury-set-with-pepper-salt\/\"]}]},{\"@type\":\"ImageObject\",\"inLanguage\":\"en-US\",\"@id\":\"https:\/\/4sezonai.lt\/en\/product\/luxury-set-with-pepper-salt\/#primaryimage\",\"url\":\"https:\/\/4sezonai.lt\/wp-content\/uploads\/2024\/01\/Gaminimo-dovanu-idejos.jpg\",\"contentUrl\":\"https:\/\/4sezonai.lt\/wp-content\/uploads\/2024\/01\/Gaminimo-dovanu-idejos.jpg\",\"width\":2048,\"height\":1365,\"caption\":\"Gaminimo dovan\u0173 id\u0117jos\"},{\"@type\":\"BreadcrumbList\",\"@id\":\"https:\/\/4sezonai.lt\/en\/product\/luxury-set-with-pepper-salt\/#breadcrumb\",\"itemListElement\":[{\"@type\":\"ListItem\",\"position\":1,\"name\":\"Pagrindinis\",\"item\":\"https:\/\/4sezonai.lt\/en\/\"},{\"@type\":\"ListItem\",\"position\":2,\"name\":\"Shop\",\"item\":\"https:\/\/4sezonai.lt\/en\/shop\/\"},{\"@type\":\"ListItem\",\"position\":3,\"name\":\"Luxury set with pepper salt\"}]},{\"@type\":\"WebSite\",\"@id\":\"https:\/\/4sezonai.lt\/en\/#website\",\"url\":\"https:\/\/4sezonai.lt\/en\/\",\"name\":\"4sezonai\",\"description\":\"Auk\u0161\u010diausios kokyb\u0117s liofilzuoti produktai\",\"publisher\":{\"@id\":\"https:\/\/4sezonai.lt\/en\/#organization\"},\"potentialAction\":[{\"@type\":\"SearchAction\",\"target\":{\"@type\":\"EntryPoint\",\"urlTemplate\":\"https:\/\/4sezonai.lt\/en\/?s={search_term_string}\"},\"query-input\":{\"@type\":\"PropertyValueSpecification\",\"valueRequired\":true,\"valueName\":\"search_term_string\"}}],\"inLanguage\":\"en-US\"},{\"@type\":\"Organization\",\"@id\":\"https:\/\/4sezonai.lt\/en\/#organization\",\"name\":\"4sezonai\",\"url\":\"https:\/\/4sezonai.lt\/en\/\",\"logo\":{\"@type\":\"ImageObject\",\"inLanguage\":\"en-US\",\"@id\":\"https:\/\/4sezonai.lt\/en\/#\/schema\/logo\/image\/\",\"url\":\"https:\/\/4sezonai.lt\/wp-content\/uploads\/2024\/04\/4-Sezonai-logotipas.png\",\"contentUrl\":\"https:\/\/4sezonai.lt\/wp-content\/uploads\/2024\/04\/4-Sezonai-logotipas.png\",\"width\":712,\"height\":712,\"caption\":\"4sezonai\"},\"image\":{\"@id\":\"https:\/\/4sezonai.lt\/en\/#\/schema\/logo\/image\/\"},\"sameAs\":[\"https:\/\/www.facebook.com\/4sezonai.lt\",\"https:\/\/www.instagram.com\/4sezonai_\/\"]}]}<\/script>\n<!-- \/ Yoast SEO plugin. -->","yoast_head_json":{"title":"Luxury set with pepper salt% - A good gift for a friend.","description":"A food gift set for flavour enthusiasts. A wonderful gift for a girlfriend, friend or colleague. The set includes a set of salts, freeze-dried raspberries, parsley.","robots":{"index":"index","follow":"follow","max-snippet":"max-snippet:-1","max-image-preview":"max-image-preview:large","max-video-preview":"max-video-preview:-1"},"canonical":"https:\/\/4sezonai.lt\/en\/product\/luxury-set-with-pepper-salt\/","og_locale":"en_US","og_type":"article","og_title":"Luxury set with pepper salt% - A good gift for a friend.","og_description":"A food gift set for flavour enthusiasts. A wonderful gift for a girlfriend, friend or colleague. The set includes a set of salts, freeze-dried raspberries, parsley.","og_url":"https:\/\/4sezonai.lt\/en\/product\/luxury-set-with-pepper-salt\/","og_site_name":"4sezonai","article_publisher":"https:\/\/www.facebook.com\/4sezonai.lt","og_image":[{"width":2048,"height":1365,"url":"https:\/\/4sezonai.lt\/wp-content\/uploads\/2024\/01\/Gaminimo-dovanu-idejos.jpg","type":"image\/jpeg"}],"twitter_card":"summary_large_image","twitter_misc":{"Est. reading time":"1 minute"},"schema":{"@context":"https:\/\/schema.org","@graph":[{"@type":"WebPage","@id":"https:\/\/4sezonai.lt\/en\/product\/luxury-set-with-pepper-salt\/","url":"https:\/\/4sezonai.lt\/en\/product\/luxury-set-with-pepper-salt\/","name":"Luxury set with pepper salt% - A good gift for a friend.","isPartOf":{"@id":"https:\/\/4sezonai.lt\/en\/#website"},"primaryImageOfPage":{"@id":"https:\/\/4sezonai.lt\/en\/product\/luxury-set-with-pepper-salt\/#primaryimage"},"image":{"@id":"https:\/\/4sezonai.lt\/en\/product\/luxury-set-with-pepper-salt\/#primaryimage"},"thumbnailUrl":"https:\/\/4sezonai.lt\/wp-content\/uploads\/2024\/01\/Gaminimo-dovanu-idejos.jpg","datePublished":"2024-01-08T15:06:01+00:00","description":"A food gift set for flavour enthusiasts. A wonderful gift for a girlfriend, friend or colleague. The set includes a set of salts, freeze-dried raspberries, parsley.","breadcrumb":{"@id":"https:\/\/4sezonai.lt\/en\/product\/luxury-set-with-pepper-salt\/#breadcrumb"},"inLanguage":"en-US","potentialAction":[{"@type":"ReadAction","target":["https:\/\/4sezonai.lt\/en\/product\/luxury-set-with-pepper-salt\/"]}]},{"@type":"ImageObject","inLanguage":"en-US","@id":"https:\/\/4sezonai.lt\/en\/product\/luxury-set-with-pepper-salt\/#primaryimage","url":"https:\/\/4sezonai.lt\/wp-content\/uploads\/2024\/01\/Gaminimo-dovanu-idejos.jpg","contentUrl":"https:\/\/4sezonai.lt\/wp-content\/uploads\/2024\/01\/Gaminimo-dovanu-idejos.jpg","width":2048,"height":1365,"caption":"Gaminimo dovan\u0173 id\u0117jos"},{"@type":"BreadcrumbList","@id":"https:\/\/4sezonai.lt\/en\/product\/luxury-set-with-pepper-salt\/#breadcrumb","itemListElement":[{"@type":"ListItem","position":1,"name":"Pagrindinis","item":"https:\/\/4sezonai.lt\/en\/"},{"@type":"ListItem","position":2,"name":"Shop","item":"https:\/\/4sezonai.lt\/en\/shop\/"},{"@type":"ListItem","position":3,"name":"Luxury set with pepper salt"}]},{"@type":"WebSite","@id":"https:\/\/4sezonai.lt\/en\/#website","url":"https:\/\/4sezonai.lt\/en\/","name":"4sezonai","description":"Auk\u0161\u010diausios kokyb\u0117s liofilzuoti produktai","publisher":{"@id":"https:\/\/4sezonai.lt\/en\/#organization"},"potentialAction":[{"@type":"SearchAction","target":{"@type":"EntryPoint","urlTemplate":"https:\/\/4sezonai.lt\/en\/?s={search_term_string}"},"query-input":{"@type":"PropertyValueSpecification","valueRequired":true,"valueName":"search_term_string"}}],"inLanguage":"en-US"},{"@type":"Organization","@id":"https:\/\/4sezonai.lt\/en\/#organization","name":"4sezonai","url":"https:\/\/4sezonai.lt\/en\/","logo":{"@type":"ImageObject","inLanguage":"en-US","@id":"https:\/\/4sezonai.lt\/en\/#\/schema\/logo\/image\/","url":"https:\/\/4sezonai.lt\/wp-content\/uploads\/2024\/04\/4-Sezonai-logotipas.png","contentUrl":"https:\/\/4sezonai.lt\/wp-content\/uploads\/2024\/04\/4-Sezonai-logotipas.png","width":712,"height":712,"caption":"4sezonai"},"image":{"@id":"https:\/\/4sezonai.lt\/en\/#\/schema\/logo\/image\/"},"sameAs":["https:\/\/www.facebook.com\/4sezonai.lt","https:\/\/www.instagram.com\/4sezonai_\/"]}]}},"_links":{"self":[{"href":"https:\/\/4sezonai.lt\/en\/wp-json\/wp\/v2\/product\/6663","targetHints":{"allow":["GET"]}}],"collection":[{"href":"https:\/\/4sezonai.lt\/en\/wp-json\/wp\/v2\/product"}],"about":[{"href":"https:\/\/4sezonai.lt\/en\/wp-json\/wp\/v2\/types\/product"}],"replies":[{"embeddable":true,"href":"https:\/\/4sezonai.lt\/en\/wp-json\/wp\/v2\/comments?post=6663"}],"wp:featuredmedia":[{"embeddable":true,"href":"https:\/\/4sezonai.lt\/en\/wp-json\/wp\/v2\/media\/1432"}],"wp:attachment":[{"href":"https:\/\/4sezonai.lt\/en\/wp-json\/wp\/v2\/media?parent=6663"}],"wp:term":[{"taxonomy":"product_brand","embeddable":true,"href":"https:\/\/4sezonai.lt\/en\/wp-json\/wp\/v2\/product_brand?post=6663"},{"taxonomy":"product_cat","embeddable":true,"href":"https:\/\/4sezonai.lt\/en\/wp-json\/wp\/v2\/product_cat?post=6663"},{"taxonomy":"product_tag","embeddable":true,"href":"https:\/\/4sezonai.lt\/en\/wp-json\/wp\/v2\/product_tag?post=6663"}],"curies":[{"name":"wp","href":"https:\/\/api.w.org\/{rel}","templated":true}]}}