{"id":6671,"date":"2024-01-08T17:08:12","date_gmt":"2024-01-08T15:08:12","guid":{"rendered":"https:\/\/4sezonai.lt\/produktas\/luxury-set-with-cowpea-salt\/"},"modified":"2024-01-08T17:08:12","modified_gmt":"2024-01-08T15:08:12","slug":"luxury-set-with-cowpea-salt","status":"publish","type":"product","link":"https:\/\/4sezonai.lt\/en\/product\/luxury-set-with-cowpea-salt\/","title":{"rendered":"Luxury set with cowpea salt"},"content":{"rendered":"<p>With its strong aroma and flavour, the kit is enriched with freeze-dried wild boletus, garlic, onion, parsley and sea buckthorn berries, and is a real flavour standout in your dishes.<\/p>\n<p>It is the perfect gift for women, on anniversaries, birthdays and other occasions. This set will be appreciated by both experienced kitchen gourmets and curious food enthusiasts looking to embellish their dishes with a unique taste experience. <\/p>\n<p>The set includes:<\/p>\n<ul>\n<li>multi-grinder, with seasoned salt (coarse, pink Himalayan salt, freeze-dried: porcini mushrooms, onion, garlic, onion leaves, sea buckthorn berries, olive blossom), 32 cm high, approx. 160 g<\/li>\n<li><a href=\"https:\/\/4sezonai.lt\/produktas\/liofilizuotos-melynes\/\" target=\"_blank\" rel=\"noopener\">Freeze-dried blueberries<\/a>, 250 ml, 30 g<\/li>\n<li><a href=\"https:\/\/4sezonai.lt\/produktas\/liofilizuotu-cesnaku-gabaliukai\/\" target=\"_blank\" rel=\"noopener\">Freeze-dried garlic pieces<\/a>, 150 ml, 55 g<\/li>\n<li>Seasoning salt addition (Rupi, pink Himalayan salt, black pepper, white pepper, green pepper, red pepper, freeze-dried raspberries, freeze-dried pansy blossom), 150 ml, approx. 150 g<\/li>\n<\/ul>\n<p>&nbsp;<\/p>\n<p>All products are packaged in our logoed box, which is perfect for gift giving on any occasion.<\/p>\n<p>Give friends and family sustainable and practical gifts that will not only impress, but also be packed with nutrients and vitamins for 4 seasons.<\/p>\n","protected":false},"excerpt":{"rendered":"<p>A set of seasoned salts with a distinctive taste and aroma, featuring porcini mushrooms, berries and vegetables. Packed in an elegant box, it is perfect for birthdays, anniversaries or simply as a gourmet gift. <\/p>\n","protected":false},"featured_media":1430,"comment_status":"open","ping_status":"closed","template":"","meta":{"_acf_changed":false,"wprm-recipe-roundup-name":"","wprm-recipe-roundup-description":""},"product_brand":[],"product_cat":[348,407,344],"product_tag":[],"class_list":{"0":"post-6671","1":"product","2":"type-product","3":"status-publish","4":"has-post-thumbnail","6":"product_cat-gift-sets-2","7":"product_cat-salt-and-flowers","8":"product_cat-uncategorized","10":"first","11":"instock","12":"shipping-taxable","13":"purchasable","14":"product-type-simple"},"acf":[],"yoast_head":"<!-- This site is optimized with the Yoast SEO plugin v25.5 - https:\/\/yoast.com\/wordpress\/plugins\/seo\/ -->\n<title>Luxury set with cowpea salt-% exclusive gift for women<\/title>\n<meta name=\"description\" content=\"The luxury set with barberry salt is an exceptional gift for women, for anniversaries, birthdays and other occasions. A taste that enriches dishes.\" \/>\n<meta name=\"robots\" content=\"index, follow, max-snippet:-1, max-image-preview:large, max-video-preview:-1\" \/>\n<link rel=\"canonical\" href=\"https:\/\/4sezonai.lt\/en\/product\/luxury-set-with-cowpea-salt\/\" \/>\n<meta property=\"og:locale\" content=\"en_US\" \/>\n<meta property=\"og:type\" content=\"article\" \/>\n<meta property=\"og:title\" content=\"Luxury set with cowpea salt-% exclusive gift for women\" \/>\n<meta property=\"og:description\" content=\"The luxury set with barberry salt is an exceptional gift for women, for anniversaries, birthdays and other occasions. A taste that enriches dishes.\" \/>\n<meta property=\"og:url\" content=\"https:\/\/4sezonai.lt\/en\/product\/luxury-set-with-cowpea-salt\/\" \/>\n<meta property=\"og:site_name\" content=\"4sezonai\" \/>\n<meta property=\"article:publisher\" content=\"https:\/\/www.facebook.com\/4sezonai.lt\" \/>\n<meta property=\"og:image\" content=\"https:\/\/4sezonai.lt\/wp-content\/uploads\/2024\/01\/Valgomi-dovanu-rinkiniai.jpg\" \/>\n\t<meta property=\"og:image:width\" content=\"1200\" \/>\n\t<meta property=\"og:image:height\" content=\"800\" \/>\n\t<meta property=\"og:image:type\" content=\"image\/jpeg\" \/>\n<meta name=\"twitter:card\" content=\"summary_large_image\" \/>\n<meta name=\"twitter:label1\" content=\"Est. reading time\" \/>\n\t<meta name=\"twitter:data1\" content=\"1 minute\" \/>\n<script type=\"application\/ld+json\" class=\"yoast-schema-graph\">{\"@context\":\"https:\/\/schema.org\",\"@graph\":[{\"@type\":\"WebPage\",\"@id\":\"https:\/\/4sezonai.lt\/en\/product\/luxury-set-with-cowpea-salt\/\",\"url\":\"https:\/\/4sezonai.lt\/en\/product\/luxury-set-with-cowpea-salt\/\",\"name\":\"Luxury set with cowpea salt-% exclusive gift for women\",\"isPartOf\":{\"@id\":\"https:\/\/4sezonai.lt\/en\/#website\"},\"primaryImageOfPage\":{\"@id\":\"https:\/\/4sezonai.lt\/en\/product\/luxury-set-with-cowpea-salt\/#primaryimage\"},\"image\":{\"@id\":\"https:\/\/4sezonai.lt\/en\/product\/luxury-set-with-cowpea-salt\/#primaryimage\"},\"thumbnailUrl\":\"https:\/\/4sezonai.lt\/wp-content\/uploads\/2024\/01\/Valgomi-dovanu-rinkiniai.jpg\",\"datePublished\":\"2024-01-08T15:08:12+00:00\",\"description\":\"The luxury set with barberry salt is an exceptional gift for women, for anniversaries, birthdays and other occasions. A taste that enriches dishes.\",\"breadcrumb\":{\"@id\":\"https:\/\/4sezonai.lt\/en\/product\/luxury-set-with-cowpea-salt\/#breadcrumb\"},\"inLanguage\":\"en-US\",\"potentialAction\":[{\"@type\":\"ReadAction\",\"target\":[\"https:\/\/4sezonai.lt\/en\/product\/luxury-set-with-cowpea-salt\/\"]}]},{\"@type\":\"ImageObject\",\"inLanguage\":\"en-US\",\"@id\":\"https:\/\/4sezonai.lt\/en\/product\/luxury-set-with-cowpea-salt\/#primaryimage\",\"url\":\"https:\/\/4sezonai.lt\/wp-content\/uploads\/2024\/01\/Valgomi-dovanu-rinkiniai.jpg\",\"contentUrl\":\"https:\/\/4sezonai.lt\/wp-content\/uploads\/2024\/01\/Valgomi-dovanu-rinkiniai.jpg\",\"width\":1200,\"height\":800,\"caption\":\"Valgomi dovan\u0173 rinkiniai\"},{\"@type\":\"BreadcrumbList\",\"@id\":\"https:\/\/4sezonai.lt\/en\/product\/luxury-set-with-cowpea-salt\/#breadcrumb\",\"itemListElement\":[{\"@type\":\"ListItem\",\"position\":1,\"name\":\"Pagrindinis\",\"item\":\"https:\/\/4sezonai.lt\/en\/\"},{\"@type\":\"ListItem\",\"position\":2,\"name\":\"Shop\",\"item\":\"https:\/\/4sezonai.lt\/en\/shop\/\"},{\"@type\":\"ListItem\",\"position\":3,\"name\":\"Luxury set with cowpea salt\"}]},{\"@type\":\"WebSite\",\"@id\":\"https:\/\/4sezonai.lt\/en\/#website\",\"url\":\"https:\/\/4sezonai.lt\/en\/\",\"name\":\"4sezonai\",\"description\":\"Auk\u0161\u010diausios kokyb\u0117s liofilzuoti produktai\",\"publisher\":{\"@id\":\"https:\/\/4sezonai.lt\/en\/#organization\"},\"potentialAction\":[{\"@type\":\"SearchAction\",\"target\":{\"@type\":\"EntryPoint\",\"urlTemplate\":\"https:\/\/4sezonai.lt\/en\/?s={search_term_string}\"},\"query-input\":{\"@type\":\"PropertyValueSpecification\",\"valueRequired\":true,\"valueName\":\"search_term_string\"}}],\"inLanguage\":\"en-US\"},{\"@type\":\"Organization\",\"@id\":\"https:\/\/4sezonai.lt\/en\/#organization\",\"name\":\"4sezonai\",\"url\":\"https:\/\/4sezonai.lt\/en\/\",\"logo\":{\"@type\":\"ImageObject\",\"inLanguage\":\"en-US\",\"@id\":\"https:\/\/4sezonai.lt\/en\/#\/schema\/logo\/image\/\",\"url\":\"https:\/\/4sezonai.lt\/wp-content\/uploads\/2024\/04\/4-Sezonai-logotipas.png\",\"contentUrl\":\"https:\/\/4sezonai.lt\/wp-content\/uploads\/2024\/04\/4-Sezonai-logotipas.png\",\"width\":712,\"height\":712,\"caption\":\"4sezonai\"},\"image\":{\"@id\":\"https:\/\/4sezonai.lt\/en\/#\/schema\/logo\/image\/\"},\"sameAs\":[\"https:\/\/www.facebook.com\/4sezonai.lt\",\"https:\/\/www.instagram.com\/4sezonai_\/\"]}]}<\/script>\n<!-- \/ Yoast SEO plugin. -->","yoast_head_json":{"title":"Luxury set with cowpea salt-% exclusive gift for women","description":"The luxury set with barberry salt is an exceptional gift for women, for anniversaries, birthdays and other occasions. A taste that enriches dishes.","robots":{"index":"index","follow":"follow","max-snippet":"max-snippet:-1","max-image-preview":"max-image-preview:large","max-video-preview":"max-video-preview:-1"},"canonical":"https:\/\/4sezonai.lt\/en\/product\/luxury-set-with-cowpea-salt\/","og_locale":"en_US","og_type":"article","og_title":"Luxury set with cowpea salt-% exclusive gift for women","og_description":"The luxury set with barberry salt is an exceptional gift for women, for anniversaries, birthdays and other occasions. A taste that enriches dishes.","og_url":"https:\/\/4sezonai.lt\/en\/product\/luxury-set-with-cowpea-salt\/","og_site_name":"4sezonai","article_publisher":"https:\/\/www.facebook.com\/4sezonai.lt","og_image":[{"width":1200,"height":800,"url":"https:\/\/4sezonai.lt\/wp-content\/uploads\/2024\/01\/Valgomi-dovanu-rinkiniai.jpg","type":"image\/jpeg"}],"twitter_card":"summary_large_image","twitter_misc":{"Est. reading time":"1 minute"},"schema":{"@context":"https:\/\/schema.org","@graph":[{"@type":"WebPage","@id":"https:\/\/4sezonai.lt\/en\/product\/luxury-set-with-cowpea-salt\/","url":"https:\/\/4sezonai.lt\/en\/product\/luxury-set-with-cowpea-salt\/","name":"Luxury set with cowpea salt-% exclusive gift for women","isPartOf":{"@id":"https:\/\/4sezonai.lt\/en\/#website"},"primaryImageOfPage":{"@id":"https:\/\/4sezonai.lt\/en\/product\/luxury-set-with-cowpea-salt\/#primaryimage"},"image":{"@id":"https:\/\/4sezonai.lt\/en\/product\/luxury-set-with-cowpea-salt\/#primaryimage"},"thumbnailUrl":"https:\/\/4sezonai.lt\/wp-content\/uploads\/2024\/01\/Valgomi-dovanu-rinkiniai.jpg","datePublished":"2024-01-08T15:08:12+00:00","description":"The luxury set with barberry salt is an exceptional gift for women, for anniversaries, birthdays and other occasions. A taste that enriches dishes.","breadcrumb":{"@id":"https:\/\/4sezonai.lt\/en\/product\/luxury-set-with-cowpea-salt\/#breadcrumb"},"inLanguage":"en-US","potentialAction":[{"@type":"ReadAction","target":["https:\/\/4sezonai.lt\/en\/product\/luxury-set-with-cowpea-salt\/"]}]},{"@type":"ImageObject","inLanguage":"en-US","@id":"https:\/\/4sezonai.lt\/en\/product\/luxury-set-with-cowpea-salt\/#primaryimage","url":"https:\/\/4sezonai.lt\/wp-content\/uploads\/2024\/01\/Valgomi-dovanu-rinkiniai.jpg","contentUrl":"https:\/\/4sezonai.lt\/wp-content\/uploads\/2024\/01\/Valgomi-dovanu-rinkiniai.jpg","width":1200,"height":800,"caption":"Valgomi dovan\u0173 rinkiniai"},{"@type":"BreadcrumbList","@id":"https:\/\/4sezonai.lt\/en\/product\/luxury-set-with-cowpea-salt\/#breadcrumb","itemListElement":[{"@type":"ListItem","position":1,"name":"Pagrindinis","item":"https:\/\/4sezonai.lt\/en\/"},{"@type":"ListItem","position":2,"name":"Shop","item":"https:\/\/4sezonai.lt\/en\/shop\/"},{"@type":"ListItem","position":3,"name":"Luxury set with cowpea salt"}]},{"@type":"WebSite","@id":"https:\/\/4sezonai.lt\/en\/#website","url":"https:\/\/4sezonai.lt\/en\/","name":"4sezonai","description":"Auk\u0161\u010diausios kokyb\u0117s liofilzuoti produktai","publisher":{"@id":"https:\/\/4sezonai.lt\/en\/#organization"},"potentialAction":[{"@type":"SearchAction","target":{"@type":"EntryPoint","urlTemplate":"https:\/\/4sezonai.lt\/en\/?s={search_term_string}"},"query-input":{"@type":"PropertyValueSpecification","valueRequired":true,"valueName":"search_term_string"}}],"inLanguage":"en-US"},{"@type":"Organization","@id":"https:\/\/4sezonai.lt\/en\/#organization","name":"4sezonai","url":"https:\/\/4sezonai.lt\/en\/","logo":{"@type":"ImageObject","inLanguage":"en-US","@id":"https:\/\/4sezonai.lt\/en\/#\/schema\/logo\/image\/","url":"https:\/\/4sezonai.lt\/wp-content\/uploads\/2024\/04\/4-Sezonai-logotipas.png","contentUrl":"https:\/\/4sezonai.lt\/wp-content\/uploads\/2024\/04\/4-Sezonai-logotipas.png","width":712,"height":712,"caption":"4sezonai"},"image":{"@id":"https:\/\/4sezonai.lt\/en\/#\/schema\/logo\/image\/"},"sameAs":["https:\/\/www.facebook.com\/4sezonai.lt","https:\/\/www.instagram.com\/4sezonai_\/"]}]}},"_links":{"self":[{"href":"https:\/\/4sezonai.lt\/en\/wp-json\/wp\/v2\/product\/6671","targetHints":{"allow":["GET"]}}],"collection":[{"href":"https:\/\/4sezonai.lt\/en\/wp-json\/wp\/v2\/product"}],"about":[{"href":"https:\/\/4sezonai.lt\/en\/wp-json\/wp\/v2\/types\/product"}],"replies":[{"embeddable":true,"href":"https:\/\/4sezonai.lt\/en\/wp-json\/wp\/v2\/comments?post=6671"}],"wp:featuredmedia":[{"embeddable":true,"href":"https:\/\/4sezonai.lt\/en\/wp-json\/wp\/v2\/media\/1430"}],"wp:attachment":[{"href":"https:\/\/4sezonai.lt\/en\/wp-json\/wp\/v2\/media?parent=6671"}],"wp:term":[{"taxonomy":"product_brand","embeddable":true,"href":"https:\/\/4sezonai.lt\/en\/wp-json\/wp\/v2\/product_brand?post=6671"},{"taxonomy":"product_cat","embeddable":true,"href":"https:\/\/4sezonai.lt\/en\/wp-json\/wp\/v2\/product_cat?post=6671"},{"taxonomy":"product_tag","embeddable":true,"href":"https:\/\/4sezonai.lt\/en\/wp-json\/wp\/v2\/product_tag?post=6671"}],"curies":[{"name":"wp","href":"https:\/\/api.w.org\/{rel}","templated":true}]}}