{"id":6692,"date":"2023-12-01T16:37:01","date_gmt":"2023-12-01T14:37:01","guid":{"rendered":"https:\/\/4sezonai.lt\/produktas\/celery-salt-with-pansy-blossoms\/"},"modified":"2025-12-01T04:46:34","modified_gmt":"2025-12-01T02:46:34","slug":"celery-salt-with-pansy-blossoms","status":"publish","type":"product","link":"https:\/\/4sezonai.lt\/en\/product\/celery-salt-with-pansy-blossoms\/","title":{"rendered":"Celery salt with pansy blossoms"},"content":{"rendered":"<p>Celery salt with pansy blossoms in a glass grinder. This salt is not only beautiful but also has a wonderful aroma. Its mild flavour makes it suitable for flavouring all foodstuffs.  <\/p>\n<p><strong>Ingredients:<\/strong> Himalayan salt, freeze-dried celery, freeze-dried pansy flowers.<\/p>\n<p><strong>Net weight:<\/strong> 120 g.<\/p>\n<p>Store in a particularly dry, dark and cool place.<\/p>\n<p>You may also be interested in these special salt mixtures:<\/p>\n<ul>\n<li><a href=\"https:\/\/4sezonai.lt\/en\/produktas\/salt-flakes-with-roses\/\" target=\"_blank\" rel=\"noopener\">Salt flakes with roses<\/a><\/li>\n<li>Chilli salt<\/li>\n<\/ul>\n","protected":false},"excerpt":{"rendered":"<p>The mild-tasting celery salt with pansy blossom is a beautiful and versatile seasoning that is suitable for all dishes.<\/p>\n","protected":false},"featured_media":6694,"comment_status":"open","ping_status":"closed","template":"","meta":{"_acf_changed":false,"wprm-recipe-roundup-name":"","wprm-recipe-roundup-description":""},"product_brand":[],"product_cat":[407],"product_tag":[],"class_list":{"0":"post-6692","1":"product","2":"type-product","3":"status-publish","4":"has-post-thumbnail","6":"product_cat-salt-and-flowers","8":"first","9":"instock","10":"shipping-taxable","11":"purchasable","12":"product-type-simple"},"acf":[],"yoast_head":"<!-- This site is optimized with the Yoast SEO plugin v25.5 - https:\/\/yoast.com\/wordpress\/plugins\/seo\/ -->\n<title>Salt with pansy blossoms | Salt mixtures for special occasions<\/title>\n<meta name=\"description\" content=\"Ingredients: Himalayan salt, freeze-dried celery, freeze-dried pansy flowers. All our salt blends are made from natural freeze-dried additives.\" \/>\n<meta name=\"robots\" content=\"index, follow, max-snippet:-1, max-image-preview:large, max-video-preview:-1\" \/>\n<link rel=\"canonical\" href=\"https:\/\/4sezonai.lt\/en\/product\/celery-salt-with-pansy-blossoms\/\" \/>\n<meta property=\"og:locale\" content=\"en_US\" \/>\n<meta property=\"og:type\" content=\"article\" \/>\n<meta property=\"og:title\" content=\"Salt with pansy blossoms | Salt mixtures for special occasions\" \/>\n<meta property=\"og:description\" content=\"Ingredients: Himalayan salt, freeze-dried celery, freeze-dried pansy flowers. All our salt blends are made from natural freeze-dried additives.\" \/>\n<meta property=\"og:url\" content=\"https:\/\/4sezonai.lt\/en\/product\/celery-salt-with-pansy-blossoms\/\" \/>\n<meta property=\"og:site_name\" content=\"4sezonai\" \/>\n<meta property=\"article:publisher\" content=\"https:\/\/www.facebook.com\/4sezonai.lt\" \/>\n<meta property=\"article:modified_time\" content=\"2025-12-01T02:46:34+00:00\" \/>\n<meta property=\"og:image\" content=\"https:\/\/4sezonai.lt\/wp-content\/uploads\/2023\/12\/Druska-su-salierais.jpg\" \/>\n\t<meta property=\"og:image:width\" content=\"680\" \/>\n\t<meta property=\"og:image:height\" content=\"1020\" \/>\n\t<meta property=\"og:image:type\" content=\"image\/jpeg\" \/>\n<meta name=\"twitter:card\" content=\"summary_large_image\" \/>\n<script type=\"application\/ld+json\" class=\"yoast-schema-graph\">{\"@context\":\"https:\/\/schema.org\",\"@graph\":[{\"@type\":\"WebPage\",\"@id\":\"https:\/\/4sezonai.lt\/en\/product\/celery-salt-with-pansy-blossoms\/\",\"url\":\"https:\/\/4sezonai.lt\/en\/product\/celery-salt-with-pansy-blossoms\/\",\"name\":\"Salt with pansy blossoms | Salt mixtures for special occasions\",\"isPartOf\":{\"@id\":\"https:\/\/4sezonai.lt\/en\/#website\"},\"primaryImageOfPage\":{\"@id\":\"https:\/\/4sezonai.lt\/en\/product\/celery-salt-with-pansy-blossoms\/#primaryimage\"},\"image\":{\"@id\":\"https:\/\/4sezonai.lt\/en\/product\/celery-salt-with-pansy-blossoms\/#primaryimage\"},\"thumbnailUrl\":\"https:\/\/4sezonai.lt\/wp-content\/uploads\/2023\/12\/Druska-su-salierais.jpg\",\"datePublished\":\"2023-12-01T14:37:01+00:00\",\"dateModified\":\"2025-12-01T02:46:34+00:00\",\"description\":\"Ingredients: Himalayan salt, freeze-dried celery, freeze-dried pansy flowers. All our salt blends are made from natural freeze-dried additives.\",\"breadcrumb\":{\"@id\":\"https:\/\/4sezonai.lt\/en\/product\/celery-salt-with-pansy-blossoms\/#breadcrumb\"},\"inLanguage\":\"en-US\",\"potentialAction\":[{\"@type\":\"ReadAction\",\"target\":[\"https:\/\/4sezonai.lt\/en\/product\/celery-salt-with-pansy-blossoms\/\"]}]},{\"@type\":\"ImageObject\",\"inLanguage\":\"en-US\",\"@id\":\"https:\/\/4sezonai.lt\/en\/product\/celery-salt-with-pansy-blossoms\/#primaryimage\",\"url\":\"https:\/\/4sezonai.lt\/wp-content\/uploads\/2023\/12\/Druska-su-salierais.jpg\",\"contentUrl\":\"https:\/\/4sezonai.lt\/wp-content\/uploads\/2023\/12\/Druska-su-salierais.jpg\",\"width\":680,\"height\":1020,\"caption\":\"Salt with celery\"},{\"@type\":\"BreadcrumbList\",\"@id\":\"https:\/\/4sezonai.lt\/en\/product\/celery-salt-with-pansy-blossoms\/#breadcrumb\",\"itemListElement\":[{\"@type\":\"ListItem\",\"position\":1,\"name\":\"Pagrindinis\",\"item\":\"https:\/\/4sezonai.lt\/en\/\"},{\"@type\":\"ListItem\",\"position\":2,\"name\":\"Shop\",\"item\":\"https:\/\/4sezonai.lt\/en\/shop\/\"},{\"@type\":\"ListItem\",\"position\":3,\"name\":\"Celery salt with pansy blossoms\"}]},{\"@type\":\"WebSite\",\"@id\":\"https:\/\/4sezonai.lt\/en\/#website\",\"url\":\"https:\/\/4sezonai.lt\/en\/\",\"name\":\"4sezonai\",\"description\":\"Auk\u0161\u010diausios kokyb\u0117s liofilzuoti produktai\",\"publisher\":{\"@id\":\"https:\/\/4sezonai.lt\/en\/#organization\"},\"potentialAction\":[{\"@type\":\"SearchAction\",\"target\":{\"@type\":\"EntryPoint\",\"urlTemplate\":\"https:\/\/4sezonai.lt\/en\/?s={search_term_string}\"},\"query-input\":{\"@type\":\"PropertyValueSpecification\",\"valueRequired\":true,\"valueName\":\"search_term_string\"}}],\"inLanguage\":\"en-US\"},{\"@type\":\"Organization\",\"@id\":\"https:\/\/4sezonai.lt\/en\/#organization\",\"name\":\"4sezonai\",\"url\":\"https:\/\/4sezonai.lt\/en\/\",\"logo\":{\"@type\":\"ImageObject\",\"inLanguage\":\"en-US\",\"@id\":\"https:\/\/4sezonai.lt\/en\/#\/schema\/logo\/image\/\",\"url\":\"https:\/\/4sezonai.lt\/wp-content\/uploads\/2024\/04\/4-Sezonai-logotipas.png\",\"contentUrl\":\"https:\/\/4sezonai.lt\/wp-content\/uploads\/2024\/04\/4-Sezonai-logotipas.png\",\"width\":712,\"height\":712,\"caption\":\"4sezonai\"},\"image\":{\"@id\":\"https:\/\/4sezonai.lt\/en\/#\/schema\/logo\/image\/\"},\"sameAs\":[\"https:\/\/www.facebook.com\/4sezonai.lt\",\"https:\/\/www.instagram.com\/4sezonai_\/\"]}]}<\/script>\n<!-- \/ Yoast SEO plugin. -->","yoast_head_json":{"title":"Salt with pansy blossoms | Salt mixtures for special occasions","description":"Ingredients: Himalayan salt, freeze-dried celery, freeze-dried pansy flowers. All our salt blends are made from natural freeze-dried additives.","robots":{"index":"index","follow":"follow","max-snippet":"max-snippet:-1","max-image-preview":"max-image-preview:large","max-video-preview":"max-video-preview:-1"},"canonical":"https:\/\/4sezonai.lt\/en\/product\/celery-salt-with-pansy-blossoms\/","og_locale":"en_US","og_type":"article","og_title":"Salt with pansy blossoms | Salt mixtures for special occasions","og_description":"Ingredients: Himalayan salt, freeze-dried celery, freeze-dried pansy flowers. All our salt blends are made from natural freeze-dried additives.","og_url":"https:\/\/4sezonai.lt\/en\/product\/celery-salt-with-pansy-blossoms\/","og_site_name":"4sezonai","article_publisher":"https:\/\/www.facebook.com\/4sezonai.lt","article_modified_time":"2025-12-01T02:46:34+00:00","og_image":[{"width":680,"height":1020,"url":"https:\/\/4sezonai.lt\/wp-content\/uploads\/2023\/12\/Druska-su-salierais.jpg","type":"image\/jpeg"}],"twitter_card":"summary_large_image","schema":{"@context":"https:\/\/schema.org","@graph":[{"@type":"WebPage","@id":"https:\/\/4sezonai.lt\/en\/product\/celery-salt-with-pansy-blossoms\/","url":"https:\/\/4sezonai.lt\/en\/product\/celery-salt-with-pansy-blossoms\/","name":"Salt with pansy blossoms | Salt mixtures for special occasions","isPartOf":{"@id":"https:\/\/4sezonai.lt\/en\/#website"},"primaryImageOfPage":{"@id":"https:\/\/4sezonai.lt\/en\/product\/celery-salt-with-pansy-blossoms\/#primaryimage"},"image":{"@id":"https:\/\/4sezonai.lt\/en\/product\/celery-salt-with-pansy-blossoms\/#primaryimage"},"thumbnailUrl":"https:\/\/4sezonai.lt\/wp-content\/uploads\/2023\/12\/Druska-su-salierais.jpg","datePublished":"2023-12-01T14:37:01+00:00","dateModified":"2025-12-01T02:46:34+00:00","description":"Ingredients: Himalayan salt, freeze-dried celery, freeze-dried pansy flowers. All our salt blends are made from natural freeze-dried additives.","breadcrumb":{"@id":"https:\/\/4sezonai.lt\/en\/product\/celery-salt-with-pansy-blossoms\/#breadcrumb"},"inLanguage":"en-US","potentialAction":[{"@type":"ReadAction","target":["https:\/\/4sezonai.lt\/en\/product\/celery-salt-with-pansy-blossoms\/"]}]},{"@type":"ImageObject","inLanguage":"en-US","@id":"https:\/\/4sezonai.lt\/en\/product\/celery-salt-with-pansy-blossoms\/#primaryimage","url":"https:\/\/4sezonai.lt\/wp-content\/uploads\/2023\/12\/Druska-su-salierais.jpg","contentUrl":"https:\/\/4sezonai.lt\/wp-content\/uploads\/2023\/12\/Druska-su-salierais.jpg","width":680,"height":1020,"caption":"Salt with celery"},{"@type":"BreadcrumbList","@id":"https:\/\/4sezonai.lt\/en\/product\/celery-salt-with-pansy-blossoms\/#breadcrumb","itemListElement":[{"@type":"ListItem","position":1,"name":"Pagrindinis","item":"https:\/\/4sezonai.lt\/en\/"},{"@type":"ListItem","position":2,"name":"Shop","item":"https:\/\/4sezonai.lt\/en\/shop\/"},{"@type":"ListItem","position":3,"name":"Celery salt with pansy blossoms"}]},{"@type":"WebSite","@id":"https:\/\/4sezonai.lt\/en\/#website","url":"https:\/\/4sezonai.lt\/en\/","name":"4sezonai","description":"Auk\u0161\u010diausios kokyb\u0117s liofilzuoti produktai","publisher":{"@id":"https:\/\/4sezonai.lt\/en\/#organization"},"potentialAction":[{"@type":"SearchAction","target":{"@type":"EntryPoint","urlTemplate":"https:\/\/4sezonai.lt\/en\/?s={search_term_string}"},"query-input":{"@type":"PropertyValueSpecification","valueRequired":true,"valueName":"search_term_string"}}],"inLanguage":"en-US"},{"@type":"Organization","@id":"https:\/\/4sezonai.lt\/en\/#organization","name":"4sezonai","url":"https:\/\/4sezonai.lt\/en\/","logo":{"@type":"ImageObject","inLanguage":"en-US","@id":"https:\/\/4sezonai.lt\/en\/#\/schema\/logo\/image\/","url":"https:\/\/4sezonai.lt\/wp-content\/uploads\/2024\/04\/4-Sezonai-logotipas.png","contentUrl":"https:\/\/4sezonai.lt\/wp-content\/uploads\/2024\/04\/4-Sezonai-logotipas.png","width":712,"height":712,"caption":"4sezonai"},"image":{"@id":"https:\/\/4sezonai.lt\/en\/#\/schema\/logo\/image\/"},"sameAs":["https:\/\/www.facebook.com\/4sezonai.lt","https:\/\/www.instagram.com\/4sezonai_\/"]}]}},"_links":{"self":[{"href":"https:\/\/4sezonai.lt\/en\/wp-json\/wp\/v2\/product\/6692","targetHints":{"allow":["GET"]}}],"collection":[{"href":"https:\/\/4sezonai.lt\/en\/wp-json\/wp\/v2\/product"}],"about":[{"href":"https:\/\/4sezonai.lt\/en\/wp-json\/wp\/v2\/types\/product"}],"replies":[{"embeddable":true,"href":"https:\/\/4sezonai.lt\/en\/wp-json\/wp\/v2\/comments?post=6692"}],"wp:featuredmedia":[{"embeddable":true,"href":"https:\/\/4sezonai.lt\/en\/wp-json\/wp\/v2\/media\/6694"}],"wp:attachment":[{"href":"https:\/\/4sezonai.lt\/en\/wp-json\/wp\/v2\/media?parent=6692"}],"wp:term":[{"taxonomy":"product_brand","embeddable":true,"href":"https:\/\/4sezonai.lt\/en\/wp-json\/wp\/v2\/product_brand?post=6692"},{"taxonomy":"product_cat","embeddable":true,"href":"https:\/\/4sezonai.lt\/en\/wp-json\/wp\/v2\/product_cat?post=6692"},{"taxonomy":"product_tag","embeddable":true,"href":"https:\/\/4sezonai.lt\/en\/wp-json\/wp\/v2\/product_tag?post=6692"}],"curies":[{"name":"wp","href":"https:\/\/api.w.org\/{rel}","templated":true}]}}