{"id":6700,"date":"2023-12-01T16:42:22","date_gmt":"2023-12-01T14:42:22","guid":{"rendered":"https:\/\/4sezonai.lt\/produktas\/garlic-salt-addition\/"},"modified":"2025-12-01T04:46:33","modified_gmt":"2025-12-01T02:46:33","slug":"garlic-salt-addition","status":"publish","type":"product","link":"https:\/\/4sezonai.lt\/en\/product\/garlic-salt-addition\/","title":{"rendered":"Garlic salt &#8211; addition"},"content":{"rendered":"<p><span style=\"font-weight: 400;\">High quality <\/span><b>Himalayan salt<\/b><span style=\"font-weight: 400;\">enriched <\/span><b>freeze-dried garlic pieces<\/b><span style=\"font-weight: 400;\">, onion leaves and <strong>parsley<\/strong>, is an indispensable spice in your kitchen. It will give your dishes an intense flavour and aroma, ideal for <\/span><b>garlic sauce<\/b><span style=\"font-weight: 400;\"> and other delicious dishes.<\/span><\/p>\n<p><b>Why choose?<\/b><\/p>\n<ul>\n<li style=\"font-weight: 400;\"><b>Garlic sauce:<\/b><span style=\"font-weight: 400;\"> The perfect choice for intense, flavourful sauces.<\/span><\/li>\n<li style=\"font-weight: 400;\"><b>To flavour dishes:<\/b><span style=\"font-weight: 400;\"> Perfect for meat, fish and vegetable dishes.<\/span><\/li>\n<li style=\"font-weight: 400;\"><b>Natural ingredients:<\/b><span style=\"font-weight: 400;\"> Freeze-dried garlic preserves the flavour and aroma, giving this salt a particularly intense aroma.<\/span><\/li>\n<\/ul>\n<p><b>Composition:<\/b><span style=\"font-weight: 400;\">  Coarse pink Himalayan salt, <strong><a href=\"https:\/\/4sezonai.lt\/produktas\/liofilizuotu-cesnaku-gabaliukai\/\">freeze-dried garlic<\/a><\/strong>, freeze-dried onion leaves, <strong><a href=\"https:\/\/4sezonai.lt\/en\/produktas\/parsley\/\">freeze-dried parsley<\/a><\/strong>.<\/span><\/p>\n<p><b>Net weight:<\/b><span style=\"font-weight: 400;\"> 240 g (the weight may vary by a few grams, as more freeze-dried products decrease the total weight, while more salt increases the total weight). <\/span> <\/p>\n<p><span style=\"font-weight: 400;\">Jar 250 ml.<\/span><\/p>\n<p><span style=\"font-weight: 400;\">Store in a particularly dry, dark and cool place.<\/span><\/p>\n","protected":false},"excerpt":{"rendered":"<p><span style=\"font-weight: 400;\">High quality <\/span><b>Himalayan salt<\/b><span style=\"font-weight: 400;\">enriched <\/span><b>freeze-dried garlic pieces<\/b><span style=\"font-weight: 400;\">, onion leaves and parsley, is an indispensable spice in your kitchen. It will give your dishes an intense flavour and aroma, ideal for <\/span><b>garlic sauce<\/b><span style=\"font-weight: 400;\"> and other delicious dishes.<\/span><\/p>\n<p>&nbsp;<\/p>\n","protected":false},"featured_media":7214,"comment_status":"open","ping_status":"closed","template":"","meta":{"_acf_changed":false,"wprm-recipe-roundup-name":"","wprm-recipe-roundup-description":""},"product_brand":[],"product_cat":[407],"product_tag":[],"class_list":{"0":"post-6700","1":"product","2":"type-product","3":"status-publish","4":"has-post-thumbnail","6":"product_cat-salt-and-flowers","8":"first","9":"instock","10":"shipping-taxable","11":"purchasable","12":"product-type-simple"},"acf":[],"yoast_head":"<!-- This site is optimized with the Yoast SEO plugin v25.5 - https:\/\/yoast.com\/wordpress\/plugins\/seo\/ -->\n<title>Garlic salt - addition - 4sezonai<\/title>\n<meta name=\"robots\" content=\"index, follow, max-snippet:-1, max-image-preview:large, max-video-preview:-1\" \/>\n<link rel=\"canonical\" href=\"https:\/\/4sezonai.lt\/en\/product\/garlic-salt-addition\/\" \/>\n<meta property=\"og:locale\" content=\"en_US\" \/>\n<meta property=\"og:type\" content=\"article\" \/>\n<meta property=\"og:title\" content=\"Garlic salt - addition - 4sezonai\" \/>\n<meta property=\"og:description\" content=\"High quality Himalayan saltenriched freeze-dried garlic pieces, onion leaves and parsley, is an indispensable spice in your kitchen. It will give your dishes an intense flavour and aroma, ideal for garlic sauce and other delicious dishes. &nbsp;\" \/>\n<meta property=\"og:url\" content=\"https:\/\/4sezonai.lt\/en\/product\/garlic-salt-addition\/\" \/>\n<meta property=\"og:site_name\" content=\"4sezonai\" \/>\n<meta property=\"article:publisher\" content=\"https:\/\/www.facebook.com\/4sezonai.lt\" \/>\n<meta property=\"article:modified_time\" content=\"2025-12-01T02:46:33+00:00\" \/>\n<meta property=\"og:image\" content=\"https:\/\/4sezonai.lt\/wp-content\/uploads\/2025\/06\/GB9A2784.jpg\" \/>\n\t<meta property=\"og:image:width\" content=\"1156\" \/>\n\t<meta property=\"og:image:height\" content=\"1156\" \/>\n\t<meta property=\"og:image:type\" content=\"image\/jpeg\" \/>\n<meta name=\"twitter:card\" content=\"summary_large_image\" \/>\n<meta name=\"twitter:label1\" content=\"Est. reading time\" \/>\n\t<meta name=\"twitter:data1\" content=\"1 minute\" \/>\n<script type=\"application\/ld+json\" class=\"yoast-schema-graph\">{\"@context\":\"https:\/\/schema.org\",\"@graph\":[{\"@type\":\"WebPage\",\"@id\":\"https:\/\/4sezonai.lt\/en\/product\/garlic-salt-addition\/\",\"url\":\"https:\/\/4sezonai.lt\/en\/product\/garlic-salt-addition\/\",\"name\":\"Garlic salt - addition - 4sezonai\",\"isPartOf\":{\"@id\":\"https:\/\/4sezonai.lt\/en\/#website\"},\"primaryImageOfPage\":{\"@id\":\"https:\/\/4sezonai.lt\/en\/product\/garlic-salt-addition\/#primaryimage\"},\"image\":{\"@id\":\"https:\/\/4sezonai.lt\/en\/product\/garlic-salt-addition\/#primaryimage\"},\"thumbnailUrl\":\"https:\/\/4sezonai.lt\/wp-content\/uploads\/2025\/06\/GB9A2784.jpg\",\"datePublished\":\"2023-12-01T14:42:22+00:00\",\"dateModified\":\"2025-12-01T02:46:33+00:00\",\"breadcrumb\":{\"@id\":\"https:\/\/4sezonai.lt\/en\/product\/garlic-salt-addition\/#breadcrumb\"},\"inLanguage\":\"en-US\",\"potentialAction\":[{\"@type\":\"ReadAction\",\"target\":[\"https:\/\/4sezonai.lt\/en\/product\/garlic-salt-addition\/\"]}]},{\"@type\":\"ImageObject\",\"inLanguage\":\"en-US\",\"@id\":\"https:\/\/4sezonai.lt\/en\/product\/garlic-salt-addition\/#primaryimage\",\"url\":\"https:\/\/4sezonai.lt\/wp-content\/uploads\/2025\/06\/GB9A2784.jpg\",\"contentUrl\":\"https:\/\/4sezonai.lt\/wp-content\/uploads\/2025\/06\/GB9A2784.jpg\",\"width\":1156,\"height\":1156},{\"@type\":\"BreadcrumbList\",\"@id\":\"https:\/\/4sezonai.lt\/en\/product\/garlic-salt-addition\/#breadcrumb\",\"itemListElement\":[{\"@type\":\"ListItem\",\"position\":1,\"name\":\"Pagrindinis\",\"item\":\"https:\/\/4sezonai.lt\/en\/\"},{\"@type\":\"ListItem\",\"position\":2,\"name\":\"Shop\",\"item\":\"https:\/\/4sezonai.lt\/en\/shop\/\"},{\"@type\":\"ListItem\",\"position\":3,\"name\":\"Garlic salt &#8211; addition\"}]},{\"@type\":\"WebSite\",\"@id\":\"https:\/\/4sezonai.lt\/en\/#website\",\"url\":\"https:\/\/4sezonai.lt\/en\/\",\"name\":\"4sezonai\",\"description\":\"Auk\u0161\u010diausios kokyb\u0117s liofilzuoti produktai\",\"publisher\":{\"@id\":\"https:\/\/4sezonai.lt\/en\/#organization\"},\"potentialAction\":[{\"@type\":\"SearchAction\",\"target\":{\"@type\":\"EntryPoint\",\"urlTemplate\":\"https:\/\/4sezonai.lt\/en\/?s={search_term_string}\"},\"query-input\":{\"@type\":\"PropertyValueSpecification\",\"valueRequired\":true,\"valueName\":\"search_term_string\"}}],\"inLanguage\":\"en-US\"},{\"@type\":\"Organization\",\"@id\":\"https:\/\/4sezonai.lt\/en\/#organization\",\"name\":\"4sezonai\",\"url\":\"https:\/\/4sezonai.lt\/en\/\",\"logo\":{\"@type\":\"ImageObject\",\"inLanguage\":\"en-US\",\"@id\":\"https:\/\/4sezonai.lt\/en\/#\/schema\/logo\/image\/\",\"url\":\"https:\/\/4sezonai.lt\/wp-content\/uploads\/2024\/04\/4-Sezonai-logotipas.png\",\"contentUrl\":\"https:\/\/4sezonai.lt\/wp-content\/uploads\/2024\/04\/4-Sezonai-logotipas.png\",\"width\":712,\"height\":712,\"caption\":\"4sezonai\"},\"image\":{\"@id\":\"https:\/\/4sezonai.lt\/en\/#\/schema\/logo\/image\/\"},\"sameAs\":[\"https:\/\/www.facebook.com\/4sezonai.lt\",\"https:\/\/www.instagram.com\/4sezonai_\/\"]}]}<\/script>\n<!-- \/ Yoast SEO plugin. -->","yoast_head_json":{"title":"Garlic salt - addition - 4sezonai","robots":{"index":"index","follow":"follow","max-snippet":"max-snippet:-1","max-image-preview":"max-image-preview:large","max-video-preview":"max-video-preview:-1"},"canonical":"https:\/\/4sezonai.lt\/en\/product\/garlic-salt-addition\/","og_locale":"en_US","og_type":"article","og_title":"Garlic salt - addition - 4sezonai","og_description":"High quality Himalayan saltenriched freeze-dried garlic pieces, onion leaves and parsley, is an indispensable spice in your kitchen. It will give your dishes an intense flavour and aroma, ideal for garlic sauce and other delicious dishes. &nbsp;","og_url":"https:\/\/4sezonai.lt\/en\/product\/garlic-salt-addition\/","og_site_name":"4sezonai","article_publisher":"https:\/\/www.facebook.com\/4sezonai.lt","article_modified_time":"2025-12-01T02:46:33+00:00","og_image":[{"width":1156,"height":1156,"url":"https:\/\/4sezonai.lt\/wp-content\/uploads\/2025\/06\/GB9A2784.jpg","type":"image\/jpeg"}],"twitter_card":"summary_large_image","twitter_misc":{"Est. reading time":"1 minute"},"schema":{"@context":"https:\/\/schema.org","@graph":[{"@type":"WebPage","@id":"https:\/\/4sezonai.lt\/en\/product\/garlic-salt-addition\/","url":"https:\/\/4sezonai.lt\/en\/product\/garlic-salt-addition\/","name":"Garlic salt - addition - 4sezonai","isPartOf":{"@id":"https:\/\/4sezonai.lt\/en\/#website"},"primaryImageOfPage":{"@id":"https:\/\/4sezonai.lt\/en\/product\/garlic-salt-addition\/#primaryimage"},"image":{"@id":"https:\/\/4sezonai.lt\/en\/product\/garlic-salt-addition\/#primaryimage"},"thumbnailUrl":"https:\/\/4sezonai.lt\/wp-content\/uploads\/2025\/06\/GB9A2784.jpg","datePublished":"2023-12-01T14:42:22+00:00","dateModified":"2025-12-01T02:46:33+00:00","breadcrumb":{"@id":"https:\/\/4sezonai.lt\/en\/product\/garlic-salt-addition\/#breadcrumb"},"inLanguage":"en-US","potentialAction":[{"@type":"ReadAction","target":["https:\/\/4sezonai.lt\/en\/product\/garlic-salt-addition\/"]}]},{"@type":"ImageObject","inLanguage":"en-US","@id":"https:\/\/4sezonai.lt\/en\/product\/garlic-salt-addition\/#primaryimage","url":"https:\/\/4sezonai.lt\/wp-content\/uploads\/2025\/06\/GB9A2784.jpg","contentUrl":"https:\/\/4sezonai.lt\/wp-content\/uploads\/2025\/06\/GB9A2784.jpg","width":1156,"height":1156},{"@type":"BreadcrumbList","@id":"https:\/\/4sezonai.lt\/en\/product\/garlic-salt-addition\/#breadcrumb","itemListElement":[{"@type":"ListItem","position":1,"name":"Pagrindinis","item":"https:\/\/4sezonai.lt\/en\/"},{"@type":"ListItem","position":2,"name":"Shop","item":"https:\/\/4sezonai.lt\/en\/shop\/"},{"@type":"ListItem","position":3,"name":"Garlic salt &#8211; addition"}]},{"@type":"WebSite","@id":"https:\/\/4sezonai.lt\/en\/#website","url":"https:\/\/4sezonai.lt\/en\/","name":"4sezonai","description":"Auk\u0161\u010diausios kokyb\u0117s liofilzuoti produktai","publisher":{"@id":"https:\/\/4sezonai.lt\/en\/#organization"},"potentialAction":[{"@type":"SearchAction","target":{"@type":"EntryPoint","urlTemplate":"https:\/\/4sezonai.lt\/en\/?s={search_term_string}"},"query-input":{"@type":"PropertyValueSpecification","valueRequired":true,"valueName":"search_term_string"}}],"inLanguage":"en-US"},{"@type":"Organization","@id":"https:\/\/4sezonai.lt\/en\/#organization","name":"4sezonai","url":"https:\/\/4sezonai.lt\/en\/","logo":{"@type":"ImageObject","inLanguage":"en-US","@id":"https:\/\/4sezonai.lt\/en\/#\/schema\/logo\/image\/","url":"https:\/\/4sezonai.lt\/wp-content\/uploads\/2024\/04\/4-Sezonai-logotipas.png","contentUrl":"https:\/\/4sezonai.lt\/wp-content\/uploads\/2024\/04\/4-Sezonai-logotipas.png","width":712,"height":712,"caption":"4sezonai"},"image":{"@id":"https:\/\/4sezonai.lt\/en\/#\/schema\/logo\/image\/"},"sameAs":["https:\/\/www.facebook.com\/4sezonai.lt","https:\/\/www.instagram.com\/4sezonai_\/"]}]}},"_links":{"self":[{"href":"https:\/\/4sezonai.lt\/en\/wp-json\/wp\/v2\/product\/6700","targetHints":{"allow":["GET"]}}],"collection":[{"href":"https:\/\/4sezonai.lt\/en\/wp-json\/wp\/v2\/product"}],"about":[{"href":"https:\/\/4sezonai.lt\/en\/wp-json\/wp\/v2\/types\/product"}],"replies":[{"embeddable":true,"href":"https:\/\/4sezonai.lt\/en\/wp-json\/wp\/v2\/comments?post=6700"}],"wp:featuredmedia":[{"embeddable":true,"href":"https:\/\/4sezonai.lt\/en\/wp-json\/wp\/v2\/media\/7214"}],"wp:attachment":[{"href":"https:\/\/4sezonai.lt\/en\/wp-json\/wp\/v2\/media?parent=6700"}],"wp:term":[{"taxonomy":"product_brand","embeddable":true,"href":"https:\/\/4sezonai.lt\/en\/wp-json\/wp\/v2\/product_brand?post=6700"},{"taxonomy":"product_cat","embeddable":true,"href":"https:\/\/4sezonai.lt\/en\/wp-json\/wp\/v2\/product_cat?post=6700"},{"taxonomy":"product_tag","embeddable":true,"href":"https:\/\/4sezonai.lt\/en\/wp-json\/wp\/v2\/product_tag?post=6700"}],"curies":[{"name":"wp","href":"https:\/\/api.w.org\/{rel}","templated":true}]}}