{"id":6746,"date":"2023-12-01T13:54:14","date_gmt":"2023-12-01T11:54:14","guid":{"rendered":"https:\/\/4sezonai.lt\/produktas\/apples\/"},"modified":"2023-12-01T13:54:14","modified_gmt":"2023-12-01T11:54:14","slug":"apples","status":"publish","type":"product","link":"https:\/\/4sezonai.lt\/en\/product\/apples\/","title":{"rendered":"Apples"},"content":{"rendered":"<p>Apples are a particularly beneficial fruit that dieticians praise and recommend that everyone should eat at least a few a day. To make it easier and tastier, we recommend trying our freeze-dried apples. Not only are they easy to carry with you, but you can also put them in your children&#8217;s rucksacks without fear of them spoiling, rotting or going uneaten. The new packaging makes this healthy snack even more convenient to consume, thanks to the resealable pouch.   <\/p>\n<p data-sourcepos=\"7:1-7:26\"><strong>What is lyophilisation?<\/strong><\/p>\n<p data-sourcepos=\"9:1-9:313\">Freeze-drying is the process of drying food under cold vacuum. This process removes the water from the products, but preserves all the nutrients, vitamins, minerals, antioxidants and natural flavours. This makes freeze-dried fruit <strong>light, long-lasting<\/strong> and <strong>extremely crisp<\/strong>.  <\/p>\n<h2 data-sourcepos=\"5:1-5:46\">Why choose freeze-dried apples?<\/h2>\n<ul data-sourcepos=\"7:1-12:0\">\n<li data-sourcepos=\"13:1-13:78\"><strong>100% natural:<\/strong> no sugar, preservatives or artificial colours.<\/li>\n<li data-sourcepos=\"14:1-14:104\"><strong>Preserves almost all nutrients.<\/strong><\/li>\n<li data-sourcepos=\"16:1-16:25\"><strong>Strengthens immunity.<\/strong><\/li>\n<li data-sourcepos=\"17:1-17:24\"><strong>Improves digestion.<\/strong><\/li>\n<li data-sourcepos=\"18:1-18:37\"><strong>May help with weight control.<\/strong><\/li>\n<li data-sourcepos=\"19:1-19:37\"><strong>A healthy alternative to sweets.<\/strong><\/li>\n<li data-sourcepos=\"20:1-20:86\"><strong>A light and convenient snack:<\/strong> perfect to take on the go, to work or school.<\/li>\n<li data-sourcepos=\"21:1-21:125\"><strong>A versatile ingredient:<\/strong> use them in smoothies, porridges, yoghurts, cottage cheese, desserts or just eat them on their own.<\/li>\n<li data-sourcepos=\"22:1-23:0\"><strong>Attractive design: the<\/strong> handy pouch preserves the freshness and crispness of the freeze-dried apples and can be closed tightly after opening.<\/li>\n<\/ul>\n<p>&nbsp;<\/p>\n<p data-sourcepos=\"35:1-35:26\"><strong>Additional information:<\/strong><\/p>\n<ul data-sourcepos=\"37:1-40:0\">\n<li data-sourcepos=\"37:1-37:163\">Freeze-dried apples are a <strong>great food supplement for hiking, camping or travelling<\/strong> because they are light, long-lasting and do not require refrigeration.<\/li>\n<li data-sourcepos=\"38:1-38:126\">They can be used <strong>in a variety of culinary recipes<\/strong>, such as granola, cookies, cakes and even ice cream.<\/li>\n<li data-sourcepos=\"39:1-40:0\">They are the <strong>perfect gift for<\/strong> health food lovers.<\/li>\n<li>Store in a dry, dark and cool place.<\/li>\n<li>Net weight 32 g<\/li>\n<\/ul>\n","protected":false},"excerpt":{"rendered":"<p>Freeze-dried apples are a healthy and convenient snack for the whole family. They fit easily into a backpack or handbag, stay fresh for a long time and are perfect for kids or travelling. <\/p>\n","protected":false},"featured_media":2012,"comment_status":"open","ping_status":"closed","template":"","meta":{"_acf_changed":false,"wprm-recipe-roundup-name":"","wprm-recipe-roundup-description":""},"product_brand":[],"product_cat":[444,398],"product_tag":[],"class_list":{"0":"post-6746","1":"product","2":"type-product","3":"status-publish","4":"has-post-thumbnail","6":"product_cat-fruits","7":"product_cat-snacks","9":"first","10":"instock","11":"shipping-taxable","12":"purchasable","13":"product-type-simple"},"acf":[],"yoast_head":"<!-- This site is optimized with the Yoast SEO plugin v25.5 - https:\/\/yoast.com\/wordpress\/plugins\/seo\/ -->\n<title>Natural Freeze-dried Apples-%-%sitename%%%<\/title>\n<meta name=\"description\" content=\"Our freeze-dried apples are free from added sugar and other additives. The perfect snack for everyone who appreciates naturalness and a healthy lifestyle.\" \/>\n<meta name=\"robots\" content=\"index, follow, max-snippet:-1, max-image-preview:large, max-video-preview:-1\" \/>\n<link rel=\"canonical\" href=\"https:\/\/4sezonai.lt\/en\/product\/apples\/\" \/>\n<meta property=\"og:locale\" content=\"en_US\" \/>\n<meta property=\"og:type\" content=\"article\" \/>\n<meta property=\"og:title\" content=\"Natural Freeze-dried Apples-%-%sitename%%%\" \/>\n<meta property=\"og:description\" content=\"Our freeze-dried apples are free from added sugar and other additives. The perfect snack for everyone who appreciates naturalness and a healthy lifestyle.\" \/>\n<meta property=\"og:url\" content=\"https:\/\/4sezonai.lt\/en\/product\/apples\/\" \/>\n<meta property=\"og:site_name\" content=\"4sezonai\" \/>\n<meta property=\"article:publisher\" content=\"https:\/\/www.facebook.com\/4sezonai.lt\" \/>\n<meta property=\"og:image\" content=\"https:\/\/4sezonai.lt\/wp-content\/uploads\/2023\/12\/web-17.jpg\" \/>\n\t<meta property=\"og:image:width\" content=\"1024\" \/>\n\t<meta property=\"og:image:height\" content=\"1024\" \/>\n\t<meta property=\"og:image:type\" content=\"image\/jpeg\" \/>\n<meta name=\"twitter:card\" content=\"summary_large_image\" \/>\n<meta name=\"twitter:label1\" content=\"Est. reading time\" \/>\n\t<meta name=\"twitter:data1\" content=\"1 minute\" \/>\n<script type=\"application\/ld+json\" class=\"yoast-schema-graph\">{\"@context\":\"https:\/\/schema.org\",\"@graph\":[{\"@type\":\"WebPage\",\"@id\":\"https:\/\/4sezonai.lt\/en\/product\/apples\/\",\"url\":\"https:\/\/4sezonai.lt\/en\/product\/apples\/\",\"name\":\"Natural Freeze-dried Apples-%-%sitename%%%\",\"isPartOf\":{\"@id\":\"https:\/\/4sezonai.lt\/en\/#website\"},\"primaryImageOfPage\":{\"@id\":\"https:\/\/4sezonai.lt\/en\/product\/apples\/#primaryimage\"},\"image\":{\"@id\":\"https:\/\/4sezonai.lt\/en\/product\/apples\/#primaryimage\"},\"thumbnailUrl\":\"https:\/\/4sezonai.lt\/wp-content\/uploads\/2023\/12\/web-17.jpg\",\"datePublished\":\"2023-12-01T11:54:14+00:00\",\"description\":\"Our freeze-dried apples are free from added sugar and other additives. The perfect snack for everyone who appreciates naturalness and a healthy lifestyle.\",\"breadcrumb\":{\"@id\":\"https:\/\/4sezonai.lt\/en\/product\/apples\/#breadcrumb\"},\"inLanguage\":\"en-US\",\"potentialAction\":[{\"@type\":\"ReadAction\",\"target\":[\"https:\/\/4sezonai.lt\/en\/product\/apples\/\"]}]},{\"@type\":\"ImageObject\",\"inLanguage\":\"en-US\",\"@id\":\"https:\/\/4sezonai.lt\/en\/product\/apples\/#primaryimage\",\"url\":\"https:\/\/4sezonai.lt\/wp-content\/uploads\/2023\/12\/web-17.jpg\",\"contentUrl\":\"https:\/\/4sezonai.lt\/wp-content\/uploads\/2023\/12\/web-17.jpg\",\"width\":1024,\"height\":1024,\"caption\":\"freeze-dried apples\"},{\"@type\":\"BreadcrumbList\",\"@id\":\"https:\/\/4sezonai.lt\/en\/product\/apples\/#breadcrumb\",\"itemListElement\":[{\"@type\":\"ListItem\",\"position\":1,\"name\":\"Pagrindinis\",\"item\":\"https:\/\/4sezonai.lt\/en\/\"},{\"@type\":\"ListItem\",\"position\":2,\"name\":\"Shop\",\"item\":\"https:\/\/4sezonai.lt\/en\/shop\/\"},{\"@type\":\"ListItem\",\"position\":3,\"name\":\"Apples\"}]},{\"@type\":\"WebSite\",\"@id\":\"https:\/\/4sezonai.lt\/en\/#website\",\"url\":\"https:\/\/4sezonai.lt\/en\/\",\"name\":\"4sezonai\",\"description\":\"Auk\u0161\u010diausios kokyb\u0117s liofilzuoti produktai\",\"publisher\":{\"@id\":\"https:\/\/4sezonai.lt\/en\/#organization\"},\"potentialAction\":[{\"@type\":\"SearchAction\",\"target\":{\"@type\":\"EntryPoint\",\"urlTemplate\":\"https:\/\/4sezonai.lt\/en\/?s={search_term_string}\"},\"query-input\":{\"@type\":\"PropertyValueSpecification\",\"valueRequired\":true,\"valueName\":\"search_term_string\"}}],\"inLanguage\":\"en-US\"},{\"@type\":\"Organization\",\"@id\":\"https:\/\/4sezonai.lt\/en\/#organization\",\"name\":\"4sezonai\",\"url\":\"https:\/\/4sezonai.lt\/en\/\",\"logo\":{\"@type\":\"ImageObject\",\"inLanguage\":\"en-US\",\"@id\":\"https:\/\/4sezonai.lt\/en\/#\/schema\/logo\/image\/\",\"url\":\"https:\/\/4sezonai.lt\/wp-content\/uploads\/2024\/04\/4-Sezonai-logotipas.png\",\"contentUrl\":\"https:\/\/4sezonai.lt\/wp-content\/uploads\/2024\/04\/4-Sezonai-logotipas.png\",\"width\":712,\"height\":712,\"caption\":\"4sezonai\"},\"image\":{\"@id\":\"https:\/\/4sezonai.lt\/en\/#\/schema\/logo\/image\/\"},\"sameAs\":[\"https:\/\/www.facebook.com\/4sezonai.lt\",\"https:\/\/www.instagram.com\/4sezonai_\/\"]}]}<\/script>\n<!-- \/ Yoast SEO plugin. -->","yoast_head_json":{"title":"Natural Freeze-dried Apples-%-%sitename%%%","description":"Our freeze-dried apples are free from added sugar and other additives. The perfect snack for everyone who appreciates naturalness and a healthy lifestyle.","robots":{"index":"index","follow":"follow","max-snippet":"max-snippet:-1","max-image-preview":"max-image-preview:large","max-video-preview":"max-video-preview:-1"},"canonical":"https:\/\/4sezonai.lt\/en\/product\/apples\/","og_locale":"en_US","og_type":"article","og_title":"Natural Freeze-dried Apples-%-%sitename%%%","og_description":"Our freeze-dried apples are free from added sugar and other additives. The perfect snack for everyone who appreciates naturalness and a healthy lifestyle.","og_url":"https:\/\/4sezonai.lt\/en\/product\/apples\/","og_site_name":"4sezonai","article_publisher":"https:\/\/www.facebook.com\/4sezonai.lt","og_image":[{"width":1024,"height":1024,"url":"https:\/\/4sezonai.lt\/wp-content\/uploads\/2023\/12\/web-17.jpg","type":"image\/jpeg"}],"twitter_card":"summary_large_image","twitter_misc":{"Est. reading time":"1 minute"},"schema":{"@context":"https:\/\/schema.org","@graph":[{"@type":"WebPage","@id":"https:\/\/4sezonai.lt\/en\/product\/apples\/","url":"https:\/\/4sezonai.lt\/en\/product\/apples\/","name":"Natural Freeze-dried Apples-%-%sitename%%%","isPartOf":{"@id":"https:\/\/4sezonai.lt\/en\/#website"},"primaryImageOfPage":{"@id":"https:\/\/4sezonai.lt\/en\/product\/apples\/#primaryimage"},"image":{"@id":"https:\/\/4sezonai.lt\/en\/product\/apples\/#primaryimage"},"thumbnailUrl":"https:\/\/4sezonai.lt\/wp-content\/uploads\/2023\/12\/web-17.jpg","datePublished":"2023-12-01T11:54:14+00:00","description":"Our freeze-dried apples are free from added sugar and other additives. The perfect snack for everyone who appreciates naturalness and a healthy lifestyle.","breadcrumb":{"@id":"https:\/\/4sezonai.lt\/en\/product\/apples\/#breadcrumb"},"inLanguage":"en-US","potentialAction":[{"@type":"ReadAction","target":["https:\/\/4sezonai.lt\/en\/product\/apples\/"]}]},{"@type":"ImageObject","inLanguage":"en-US","@id":"https:\/\/4sezonai.lt\/en\/product\/apples\/#primaryimage","url":"https:\/\/4sezonai.lt\/wp-content\/uploads\/2023\/12\/web-17.jpg","contentUrl":"https:\/\/4sezonai.lt\/wp-content\/uploads\/2023\/12\/web-17.jpg","width":1024,"height":1024,"caption":"freeze-dried apples"},{"@type":"BreadcrumbList","@id":"https:\/\/4sezonai.lt\/en\/product\/apples\/#breadcrumb","itemListElement":[{"@type":"ListItem","position":1,"name":"Pagrindinis","item":"https:\/\/4sezonai.lt\/en\/"},{"@type":"ListItem","position":2,"name":"Shop","item":"https:\/\/4sezonai.lt\/en\/shop\/"},{"@type":"ListItem","position":3,"name":"Apples"}]},{"@type":"WebSite","@id":"https:\/\/4sezonai.lt\/en\/#website","url":"https:\/\/4sezonai.lt\/en\/","name":"4sezonai","description":"Auk\u0161\u010diausios kokyb\u0117s liofilzuoti produktai","publisher":{"@id":"https:\/\/4sezonai.lt\/en\/#organization"},"potentialAction":[{"@type":"SearchAction","target":{"@type":"EntryPoint","urlTemplate":"https:\/\/4sezonai.lt\/en\/?s={search_term_string}"},"query-input":{"@type":"PropertyValueSpecification","valueRequired":true,"valueName":"search_term_string"}}],"inLanguage":"en-US"},{"@type":"Organization","@id":"https:\/\/4sezonai.lt\/en\/#organization","name":"4sezonai","url":"https:\/\/4sezonai.lt\/en\/","logo":{"@type":"ImageObject","inLanguage":"en-US","@id":"https:\/\/4sezonai.lt\/en\/#\/schema\/logo\/image\/","url":"https:\/\/4sezonai.lt\/wp-content\/uploads\/2024\/04\/4-Sezonai-logotipas.png","contentUrl":"https:\/\/4sezonai.lt\/wp-content\/uploads\/2024\/04\/4-Sezonai-logotipas.png","width":712,"height":712,"caption":"4sezonai"},"image":{"@id":"https:\/\/4sezonai.lt\/en\/#\/schema\/logo\/image\/"},"sameAs":["https:\/\/www.facebook.com\/4sezonai.lt","https:\/\/www.instagram.com\/4sezonai_\/"]}]}},"_links":{"self":[{"href":"https:\/\/4sezonai.lt\/en\/wp-json\/wp\/v2\/product\/6746","targetHints":{"allow":["GET"]}}],"collection":[{"href":"https:\/\/4sezonai.lt\/en\/wp-json\/wp\/v2\/product"}],"about":[{"href":"https:\/\/4sezonai.lt\/en\/wp-json\/wp\/v2\/types\/product"}],"replies":[{"embeddable":true,"href":"https:\/\/4sezonai.lt\/en\/wp-json\/wp\/v2\/comments?post=6746"}],"wp:featuredmedia":[{"embeddable":true,"href":"https:\/\/4sezonai.lt\/en\/wp-json\/wp\/v2\/media\/2012"}],"wp:attachment":[{"href":"https:\/\/4sezonai.lt\/en\/wp-json\/wp\/v2\/media?parent=6746"}],"wp:term":[{"taxonomy":"product_brand","embeddable":true,"href":"https:\/\/4sezonai.lt\/en\/wp-json\/wp\/v2\/product_brand?post=6746"},{"taxonomy":"product_cat","embeddable":true,"href":"https:\/\/4sezonai.lt\/en\/wp-json\/wp\/v2\/product_cat?post=6746"},{"taxonomy":"product_tag","embeddable":true,"href":"https:\/\/4sezonai.lt\/en\/wp-json\/wp\/v2\/product_tag?post=6746"}],"curies":[{"name":"wp","href":"https:\/\/api.w.org\/{rel}","templated":true}]}}