{"id":6792,"date":"2023-12-01T15:09:33","date_gmt":"2023-12-01T13:09:33","guid":{"rendered":"https:\/\/4sezonai.lt\/produktas\/strawberry-pieces\/"},"modified":"2023-12-01T15:09:33","modified_gmt":"2023-12-01T13:09:33","slug":"strawberry-pieces","status":"publish","type":"product","link":"https:\/\/4sezonai.lt\/en\/product\/strawberry-pieces\/","title":{"rendered":"Strawberry pieces"},"content":{"rendered":"<p>Freeze-dried strawberries are a great way to enjoy this delicious berry all year round, and to add more vitamin- and mineral-rich berries to your diet. <em><strong>Freeze-dried<\/strong> <\/em>(freeze-drying) preserves all the nutrients, vitamins and minerals in strawberries, while enhancing the flavour and making it more intense and aromatic.<\/p>\n<p>Strawberries are a versatile food that can be used in many different ways:<\/p>\n<ul>\n<li data-sourcepos=\"7:1-7:152\"><strong>Garnish <\/strong>green smoothies, porridges, cottage cheese, yoghurts and drinks with strawberry pieces<strong>.<\/strong> Strawberries not only add freshness and sweetness, but also vitamin C and fibre.<\/li>\n<li data-sourcepos=\"8:1-8:143\"><strong>Decorate desserts <\/strong>and other food dishes. Dried strawberries are perfect for decorating cakes, pies, cookies, ice cream or even salads. <\/li>\n<li data-sourcepos=\"9:1-10:0\"><strong>Eat as a snack.<\/strong>  Freeze-dried strawberries are a healthy and tasty snack that will satisfy your hunger between meals.<\/li>\n<\/ul>\n<p data-sourcepos=\"32:1-32:26\"><strong>Additional information:<\/strong><\/p>\n<ul data-sourcepos=\"34:1-37:0\">\n<li data-sourcepos=\"34:1-34:159\">Freeze-dried strawberries are a great food supplement for hiking, camping or travelling as they are light, long-lasting and do not require refrigeration.<\/li>\n<li data-sourcepos=\"35:1-35:122\">They can be used in a variety of culinary recipes, such as granola, cookies, cakes or even ice cream.<\/li>\n<li data-sourcepos=\"36:1-37:0\">They are a good gift for health food lovers, as they retain all their nutrients and vitamins.<\/li>\n<li data-sourcepos=\"11:1-12:0\">These strawberries have a very long shelf life: if properly stored, freeze-dried strawberries can last up to a year.<\/li>\n<\/ul>\n<ul>\n<li>Store in a particularly dry, dark and cool place.<\/li>\n<li>Net weight 17 g (150 ml jar) \/ 150 g<\/li>\n<li><em>The 150 g product is packaged in a white doy-pack bag with a zip closure for easy resealing. The dimensions of the bag are 30 x 20 cm. <\/em><\/li>\n<\/ul>\n<p>You can also find <a href=\"https:\/\/4sezonai.lt\/en\/produktas\/strawberries\/\" target=\"_blank\" rel=\"noopener\">freeze-dried strawberries<\/a> and <a href=\"https:\/\/4sezonai.lt\/en\/produktas\/strawberry-powder\/\" target=\"_blank\" rel=\"noopener\">freeze-dried strawberry powder<\/a> in our shop.<\/p>\n","protected":false},"excerpt":{"rendered":"<p>Crisp and flavoursome, freeze-dried strawberries are a versatile, vitamin-packed berry that is suitable for both everyday dishes and desserts. Packed in a handy package, they are also perfect as a gift. <\/p>\n","protected":false},"featured_media":6800,"comment_status":"open","ping_status":"closed","template":"","meta":{"_acf_changed":false,"wprm-recipe-roundup-name":"","wprm-recipe-roundup-description":""},"product_brand":[],"product_cat":[347],"product_tag":[],"class_list":{"0":"post-6792","1":"product","2":"type-product","3":"status-publish","4":"has-post-thumbnail","6":"product_cat-berries","8":"first","9":"instock","10":"shipping-taxable","11":"purchasable","12":"product-type-variable"},"acf":[],"yoast_head":"<!-- This site is optimized with the Yoast SEO plugin v25.5 - https:\/\/yoast.com\/wordpress\/plugins\/seo\/ -->\n<title>Freeze-dried strawberries -4sezonai%<\/title>\n<meta name=\"description\" content=\"Freeze-dried strawberries are a great way to enjoy this delicious berry all year round. Free delivery in Lithuania, by post, for orders from 39 \u20ac.\" \/>\n<meta name=\"robots\" content=\"index, follow, max-snippet:-1, max-image-preview:large, max-video-preview:-1\" \/>\n<link rel=\"canonical\" href=\"https:\/\/4sezonai.lt\/en\/product\/strawberry-pieces\/\" \/>\n<meta property=\"og:locale\" content=\"en_US\" \/>\n<meta property=\"og:type\" content=\"article\" \/>\n<meta property=\"og:title\" content=\"Freeze-dried strawberries -4sezonai%\" \/>\n<meta property=\"og:description\" content=\"Freeze-dried strawberries are a great way to enjoy this delicious berry all year round. Free delivery in Lithuania, by post, for orders from 39 \u20ac.\" \/>\n<meta property=\"og:url\" content=\"https:\/\/4sezonai.lt\/en\/product\/strawberry-pieces\/\" \/>\n<meta property=\"og:site_name\" content=\"4sezonai\" \/>\n<meta property=\"article:publisher\" content=\"https:\/\/www.facebook.com\/4sezonai.lt\" \/>\n<meta property=\"og:image\" content=\"https:\/\/4sezonai.lt\/wp-content\/uploads\/2023\/12\/Liofilizuotu-braskiu-gabaliukai.jpg\" \/>\n\t<meta property=\"og:image:width\" content=\"680\" \/>\n\t<meta property=\"og:image:height\" content=\"973\" \/>\n\t<meta property=\"og:image:type\" content=\"image\/jpeg\" \/>\n<meta name=\"twitter:card\" content=\"summary_large_image\" \/>\n<meta name=\"twitter:label1\" content=\"Est. reading time\" \/>\n\t<meta name=\"twitter:data1\" content=\"1 minute\" \/>\n<script type=\"application\/ld+json\" class=\"yoast-schema-graph\">{\"@context\":\"https:\/\/schema.org\",\"@graph\":[{\"@type\":\"WebPage\",\"@id\":\"https:\/\/4sezonai.lt\/en\/product\/strawberry-pieces\/\",\"url\":\"https:\/\/4sezonai.lt\/en\/product\/strawberry-pieces\/\",\"name\":\"Freeze-dried strawberries -4sezonai%\",\"isPartOf\":{\"@id\":\"https:\/\/4sezonai.lt\/en\/#website\"},\"primaryImageOfPage\":{\"@id\":\"https:\/\/4sezonai.lt\/en\/product\/strawberry-pieces\/#primaryimage\"},\"image\":{\"@id\":\"https:\/\/4sezonai.lt\/en\/product\/strawberry-pieces\/#primaryimage\"},\"thumbnailUrl\":\"https:\/\/4sezonai.lt\/wp-content\/uploads\/2023\/12\/Liofilizuotu-braskiu-gabaliukai.jpg\",\"datePublished\":\"2023-12-01T13:09:33+00:00\",\"description\":\"Freeze-dried strawberries are a great way to enjoy this delicious berry all year round. Free delivery in Lithuania, by post, for orders from 39 \u20ac.\",\"breadcrumb\":{\"@id\":\"https:\/\/4sezonai.lt\/en\/product\/strawberry-pieces\/#breadcrumb\"},\"inLanguage\":\"en-US\",\"potentialAction\":[{\"@type\":\"ReadAction\",\"target\":[\"https:\/\/4sezonai.lt\/en\/product\/strawberry-pieces\/\"]}]},{\"@type\":\"ImageObject\",\"inLanguage\":\"en-US\",\"@id\":\"https:\/\/4sezonai.lt\/en\/product\/strawberry-pieces\/#primaryimage\",\"url\":\"https:\/\/4sezonai.lt\/wp-content\/uploads\/2023\/12\/Liofilizuotu-braskiu-gabaliukai.jpg\",\"contentUrl\":\"https:\/\/4sezonai.lt\/wp-content\/uploads\/2023\/12\/Liofilizuotu-braskiu-gabaliukai.jpg\",\"width\":680,\"height\":973,\"caption\":\"Freeze-dried strawberry chunks\"},{\"@type\":\"BreadcrumbList\",\"@id\":\"https:\/\/4sezonai.lt\/en\/product\/strawberry-pieces\/#breadcrumb\",\"itemListElement\":[{\"@type\":\"ListItem\",\"position\":1,\"name\":\"Pagrindinis\",\"item\":\"https:\/\/4sezonai.lt\/en\/\"},{\"@type\":\"ListItem\",\"position\":2,\"name\":\"Shop\",\"item\":\"https:\/\/4sezonai.lt\/en\/shop\/\"},{\"@type\":\"ListItem\",\"position\":3,\"name\":\"Strawberry pieces\"}]},{\"@type\":\"WebSite\",\"@id\":\"https:\/\/4sezonai.lt\/en\/#website\",\"url\":\"https:\/\/4sezonai.lt\/en\/\",\"name\":\"4sezonai\",\"description\":\"Auk\u0161\u010diausios kokyb\u0117s liofilzuoti produktai\",\"publisher\":{\"@id\":\"https:\/\/4sezonai.lt\/en\/#organization\"},\"potentialAction\":[{\"@type\":\"SearchAction\",\"target\":{\"@type\":\"EntryPoint\",\"urlTemplate\":\"https:\/\/4sezonai.lt\/en\/?s={search_term_string}\"},\"query-input\":{\"@type\":\"PropertyValueSpecification\",\"valueRequired\":true,\"valueName\":\"search_term_string\"}}],\"inLanguage\":\"en-US\"},{\"@type\":\"Organization\",\"@id\":\"https:\/\/4sezonai.lt\/en\/#organization\",\"name\":\"4sezonai\",\"url\":\"https:\/\/4sezonai.lt\/en\/\",\"logo\":{\"@type\":\"ImageObject\",\"inLanguage\":\"en-US\",\"@id\":\"https:\/\/4sezonai.lt\/en\/#\/schema\/logo\/image\/\",\"url\":\"https:\/\/4sezonai.lt\/wp-content\/uploads\/2024\/04\/4-Sezonai-logotipas.png\",\"contentUrl\":\"https:\/\/4sezonai.lt\/wp-content\/uploads\/2024\/04\/4-Sezonai-logotipas.png\",\"width\":712,\"height\":712,\"caption\":\"4sezonai\"},\"image\":{\"@id\":\"https:\/\/4sezonai.lt\/en\/#\/schema\/logo\/image\/\"},\"sameAs\":[\"https:\/\/www.facebook.com\/4sezonai.lt\",\"https:\/\/www.instagram.com\/4sezonai_\/\"]}]}<\/script>\n<!-- \/ Yoast SEO plugin. -->","yoast_head_json":{"title":"Freeze-dried strawberries -4sezonai%","description":"Freeze-dried strawberries are a great way to enjoy this delicious berry all year round. Free delivery in Lithuania, by post, for orders from 39 \u20ac.","robots":{"index":"index","follow":"follow","max-snippet":"max-snippet:-1","max-image-preview":"max-image-preview:large","max-video-preview":"max-video-preview:-1"},"canonical":"https:\/\/4sezonai.lt\/en\/product\/strawberry-pieces\/","og_locale":"en_US","og_type":"article","og_title":"Freeze-dried strawberries -4sezonai%","og_description":"Freeze-dried strawberries are a great way to enjoy this delicious berry all year round. Free delivery in Lithuania, by post, for orders from 39 \u20ac.","og_url":"https:\/\/4sezonai.lt\/en\/product\/strawberry-pieces\/","og_site_name":"4sezonai","article_publisher":"https:\/\/www.facebook.com\/4sezonai.lt","og_image":[{"width":680,"height":973,"url":"https:\/\/4sezonai.lt\/wp-content\/uploads\/2023\/12\/Liofilizuotu-braskiu-gabaliukai.jpg","type":"image\/jpeg"}],"twitter_card":"summary_large_image","twitter_misc":{"Est. reading time":"1 minute"},"schema":{"@context":"https:\/\/schema.org","@graph":[{"@type":"WebPage","@id":"https:\/\/4sezonai.lt\/en\/product\/strawberry-pieces\/","url":"https:\/\/4sezonai.lt\/en\/product\/strawberry-pieces\/","name":"Freeze-dried strawberries -4sezonai%","isPartOf":{"@id":"https:\/\/4sezonai.lt\/en\/#website"},"primaryImageOfPage":{"@id":"https:\/\/4sezonai.lt\/en\/product\/strawberry-pieces\/#primaryimage"},"image":{"@id":"https:\/\/4sezonai.lt\/en\/product\/strawberry-pieces\/#primaryimage"},"thumbnailUrl":"https:\/\/4sezonai.lt\/wp-content\/uploads\/2023\/12\/Liofilizuotu-braskiu-gabaliukai.jpg","datePublished":"2023-12-01T13:09:33+00:00","description":"Freeze-dried strawberries are a great way to enjoy this delicious berry all year round. Free delivery in Lithuania, by post, for orders from 39 \u20ac.","breadcrumb":{"@id":"https:\/\/4sezonai.lt\/en\/product\/strawberry-pieces\/#breadcrumb"},"inLanguage":"en-US","potentialAction":[{"@type":"ReadAction","target":["https:\/\/4sezonai.lt\/en\/product\/strawberry-pieces\/"]}]},{"@type":"ImageObject","inLanguage":"en-US","@id":"https:\/\/4sezonai.lt\/en\/product\/strawberry-pieces\/#primaryimage","url":"https:\/\/4sezonai.lt\/wp-content\/uploads\/2023\/12\/Liofilizuotu-braskiu-gabaliukai.jpg","contentUrl":"https:\/\/4sezonai.lt\/wp-content\/uploads\/2023\/12\/Liofilizuotu-braskiu-gabaliukai.jpg","width":680,"height":973,"caption":"Freeze-dried strawberry chunks"},{"@type":"BreadcrumbList","@id":"https:\/\/4sezonai.lt\/en\/product\/strawberry-pieces\/#breadcrumb","itemListElement":[{"@type":"ListItem","position":1,"name":"Pagrindinis","item":"https:\/\/4sezonai.lt\/en\/"},{"@type":"ListItem","position":2,"name":"Shop","item":"https:\/\/4sezonai.lt\/en\/shop\/"},{"@type":"ListItem","position":3,"name":"Strawberry pieces"}]},{"@type":"WebSite","@id":"https:\/\/4sezonai.lt\/en\/#website","url":"https:\/\/4sezonai.lt\/en\/","name":"4sezonai","description":"Auk\u0161\u010diausios kokyb\u0117s liofilzuoti produktai","publisher":{"@id":"https:\/\/4sezonai.lt\/en\/#organization"},"potentialAction":[{"@type":"SearchAction","target":{"@type":"EntryPoint","urlTemplate":"https:\/\/4sezonai.lt\/en\/?s={search_term_string}"},"query-input":{"@type":"PropertyValueSpecification","valueRequired":true,"valueName":"search_term_string"}}],"inLanguage":"en-US"},{"@type":"Organization","@id":"https:\/\/4sezonai.lt\/en\/#organization","name":"4sezonai","url":"https:\/\/4sezonai.lt\/en\/","logo":{"@type":"ImageObject","inLanguage":"en-US","@id":"https:\/\/4sezonai.lt\/en\/#\/schema\/logo\/image\/","url":"https:\/\/4sezonai.lt\/wp-content\/uploads\/2024\/04\/4-Sezonai-logotipas.png","contentUrl":"https:\/\/4sezonai.lt\/wp-content\/uploads\/2024\/04\/4-Sezonai-logotipas.png","width":712,"height":712,"caption":"4sezonai"},"image":{"@id":"https:\/\/4sezonai.lt\/en\/#\/schema\/logo\/image\/"},"sameAs":["https:\/\/www.facebook.com\/4sezonai.lt","https:\/\/www.instagram.com\/4sezonai_\/"]}]}},"_links":{"self":[{"href":"https:\/\/4sezonai.lt\/en\/wp-json\/wp\/v2\/product\/6792","targetHints":{"allow":["GET"]}}],"collection":[{"href":"https:\/\/4sezonai.lt\/en\/wp-json\/wp\/v2\/product"}],"about":[{"href":"https:\/\/4sezonai.lt\/en\/wp-json\/wp\/v2\/types\/product"}],"replies":[{"embeddable":true,"href":"https:\/\/4sezonai.lt\/en\/wp-json\/wp\/v2\/comments?post=6792"}],"wp:featuredmedia":[{"embeddable":true,"href":"https:\/\/4sezonai.lt\/en\/wp-json\/wp\/v2\/media\/6800"}],"wp:attachment":[{"href":"https:\/\/4sezonai.lt\/en\/wp-json\/wp\/v2\/media?parent=6792"}],"wp:term":[{"taxonomy":"product_brand","embeddable":true,"href":"https:\/\/4sezonai.lt\/en\/wp-json\/wp\/v2\/product_brand?post=6792"},{"taxonomy":"product_cat","embeddable":true,"href":"https:\/\/4sezonai.lt\/en\/wp-json\/wp\/v2\/product_cat?post=6792"},{"taxonomy":"product_tag","embeddable":true,"href":"https:\/\/4sezonai.lt\/en\/wp-json\/wp\/v2\/product_tag?post=6792"}],"curies":[{"name":"wp","href":"https:\/\/api.w.org\/{rel}","templated":true}]}}