{"id":6804,"date":"2023-12-01T14:50:13","date_gmt":"2023-12-01T12:50:13","guid":{"rendered":"https:\/\/4sezonai.lt\/produktas\/strawberries-with-bananas\/"},"modified":"2025-12-30T12:46:20","modified_gmt":"2025-12-30T10:46:20","slug":"strawberries-with-bananas","status":"publish","type":"product","link":"https:\/\/4sezonai.lt\/en\/product\/strawberries-with-bananas\/","title":{"rendered":"Strawberries with bananas"},"content":{"rendered":"<p>Freeze-dried strawberries with bananas are not only delicious, but also a very healthy snack, perfect for both adults and children. This snack is super light, making it perfect for work, school, travel or outings. You can use them as an accompaniment to green smoothies, porridges, cottage cheese, yoghurts, or as a decoration for desserts or other dishes. The new packaging makes this healthy snack even more convenient to consume thanks to the resealable pouch.   <\/p>\n<p>Freeze-drying is a more advanced drying method than traditional drying, which allows more nutrients and vitamins to be retained compared to traditional drying. The process takes place in the cold, where all the moisture is removed without affecting the nutritional structure, taste and appearance of the products. <\/p>\n<p>Freeze-dried bananas are a great source of energy, and they are also lightweight and longer lasting than traditionally dried fruit, making them easy to store and use for a variety of occasions.<\/p>\n<p>If you are looking for a healthy snack that is tasty and convenient, freeze-dried strawberries with bananas are a great choice.<\/p>\n<p>They are perfect for children&#8217;s snack boxes, to give them energy during the day, or as an addition to your favourite recipes. Try these freeze-dried fruits and discover new ways to add healthy snacks to your daily routine. <\/p>\n<p>We also stock <a href=\"https:\/\/4sezonai.lt\/en\/produktas\/strawberries\/\">freeze-dried strawberries<\/a> in jars in our shop.<\/p>\n<ul>\n<li>Store in a particularly dry, dark and cool place.<\/li>\n<li>Net weight 30 g<\/li>\n<\/ul>\n","protected":false},"excerpt":{"rendered":"<p>Crisp freeze-dried strawberries with bananas &#8211; a healthy, sweet and convenient snack for everyday life. Suitable for both travel and as a condiment for meals. <\/p>\n","protected":false},"featured_media":2015,"comment_status":"open","ping_status":"closed","template":"","meta":{"_acf_changed":false,"wprm-recipe-roundup-name":"","wprm-recipe-roundup-description":""},"product_brand":[],"product_cat":[347,444,398],"product_tag":[],"class_list":{"0":"post-6804","1":"product","2":"type-product","3":"status-publish","4":"has-post-thumbnail","6":"product_cat-berries","7":"product_cat-fruits","8":"product_cat-snacks","10":"first","11":"instock","12":"shipping-taxable","13":"purchasable","14":"product-type-simple"},"acf":[],"yoast_head":"<!-- This site is optimized with the Yoast SEO plugin v25.5 - https:\/\/yoast.com\/wordpress\/plugins\/seo\/ -->\n<title>Freeze-dried [freeze-dried] bananas with strawberries.<\/title>\n<meta name=\"description\" content=\"Freeze-dried bananas with strawberries - a healthy snack for children and adults. Convenient to eat on their own, take to work, school, travel or outings.\" \/>\n<meta name=\"robots\" content=\"index, follow, max-snippet:-1, max-image-preview:large, max-video-preview:-1\" \/>\n<link rel=\"canonical\" href=\"https:\/\/4sezonai.lt\/en\/product\/strawberries-with-bananas\/\" \/>\n<meta property=\"og:locale\" content=\"en_US\" \/>\n<meta property=\"og:type\" content=\"article\" \/>\n<meta property=\"og:title\" content=\"Freeze-dried [freeze-dried] bananas with strawberries.\" \/>\n<meta property=\"og:description\" content=\"Freeze-dried bananas with strawberries - a healthy snack for children and adults. Convenient to eat on their own, take to work, school, travel or outings.\" \/>\n<meta property=\"og:url\" content=\"https:\/\/4sezonai.lt\/en\/product\/strawberries-with-bananas\/\" \/>\n<meta property=\"og:site_name\" content=\"4sezonai\" \/>\n<meta property=\"article:publisher\" content=\"https:\/\/www.facebook.com\/4sezonai.lt\" \/>\n<meta property=\"article:modified_time\" content=\"2025-12-30T10:46:20+00:00\" \/>\n<meta property=\"og:image\" content=\"https:\/\/4sezonai.lt\/wp-content\/uploads\/2023\/12\/web-20.jpg\" \/>\n\t<meta property=\"og:image:width\" content=\"1024\" \/>\n\t<meta property=\"og:image:height\" content=\"1024\" \/>\n\t<meta property=\"og:image:type\" content=\"image\/jpeg\" \/>\n<meta name=\"twitter:card\" content=\"summary_large_image\" \/>\n<meta name=\"twitter:label1\" content=\"Est. reading time\" \/>\n\t<meta name=\"twitter:data1\" content=\"1 minute\" \/>\n<script type=\"application\/ld+json\" class=\"yoast-schema-graph\">{\"@context\":\"https:\/\/schema.org\",\"@graph\":[{\"@type\":\"WebPage\",\"@id\":\"https:\/\/4sezonai.lt\/en\/product\/strawberries-with-bananas\/\",\"url\":\"https:\/\/4sezonai.lt\/en\/product\/strawberries-with-bananas\/\",\"name\":\"Freeze-dried [freeze-dried] bananas with strawberries.\",\"isPartOf\":{\"@id\":\"https:\/\/4sezonai.lt\/en\/#website\"},\"primaryImageOfPage\":{\"@id\":\"https:\/\/4sezonai.lt\/en\/product\/strawberries-with-bananas\/#primaryimage\"},\"image\":{\"@id\":\"https:\/\/4sezonai.lt\/en\/product\/strawberries-with-bananas\/#primaryimage\"},\"thumbnailUrl\":\"https:\/\/4sezonai.lt\/wp-content\/uploads\/2023\/12\/web-20.jpg\",\"datePublished\":\"2023-12-01T12:50:13+00:00\",\"dateModified\":\"2025-12-30T10:46:20+00:00\",\"description\":\"Freeze-dried bananas with strawberries - a healthy snack for children and adults. Convenient to eat on their own, take to work, school, travel or outings.\",\"breadcrumb\":{\"@id\":\"https:\/\/4sezonai.lt\/en\/product\/strawberries-with-bananas\/#breadcrumb\"},\"inLanguage\":\"en-US\",\"potentialAction\":[{\"@type\":\"ReadAction\",\"target\":[\"https:\/\/4sezonai.lt\/en\/product\/strawberries-with-bananas\/\"]}]},{\"@type\":\"ImageObject\",\"inLanguage\":\"en-US\",\"@id\":\"https:\/\/4sezonai.lt\/en\/product\/strawberries-with-bananas\/#primaryimage\",\"url\":\"https:\/\/4sezonai.lt\/wp-content\/uploads\/2023\/12\/web-20.jpg\",\"contentUrl\":\"https:\/\/4sezonai.lt\/wp-content\/uploads\/2023\/12\/web-20.jpg\",\"width\":1024,\"height\":1024,\"caption\":\"freeze-dried strawberries with bananas\"},{\"@type\":\"BreadcrumbList\",\"@id\":\"https:\/\/4sezonai.lt\/en\/product\/strawberries-with-bananas\/#breadcrumb\",\"itemListElement\":[{\"@type\":\"ListItem\",\"position\":1,\"name\":\"Pagrindinis\",\"item\":\"https:\/\/4sezonai.lt\/en\/\"},{\"@type\":\"ListItem\",\"position\":2,\"name\":\"Shop\",\"item\":\"https:\/\/4sezonai.lt\/en\/shop\/\"},{\"@type\":\"ListItem\",\"position\":3,\"name\":\"Strawberries with bananas\"}]},{\"@type\":\"WebSite\",\"@id\":\"https:\/\/4sezonai.lt\/en\/#website\",\"url\":\"https:\/\/4sezonai.lt\/en\/\",\"name\":\"4sezonai\",\"description\":\"Auk\u0161\u010diausios kokyb\u0117s liofilzuoti produktai\",\"publisher\":{\"@id\":\"https:\/\/4sezonai.lt\/en\/#organization\"},\"potentialAction\":[{\"@type\":\"SearchAction\",\"target\":{\"@type\":\"EntryPoint\",\"urlTemplate\":\"https:\/\/4sezonai.lt\/en\/?s={search_term_string}\"},\"query-input\":{\"@type\":\"PropertyValueSpecification\",\"valueRequired\":true,\"valueName\":\"search_term_string\"}}],\"inLanguage\":\"en-US\"},{\"@type\":\"Organization\",\"@id\":\"https:\/\/4sezonai.lt\/en\/#organization\",\"name\":\"4sezonai\",\"url\":\"https:\/\/4sezonai.lt\/en\/\",\"logo\":{\"@type\":\"ImageObject\",\"inLanguage\":\"en-US\",\"@id\":\"https:\/\/4sezonai.lt\/en\/#\/schema\/logo\/image\/\",\"url\":\"https:\/\/4sezonai.lt\/wp-content\/uploads\/2024\/04\/4-Sezonai-logotipas.png\",\"contentUrl\":\"https:\/\/4sezonai.lt\/wp-content\/uploads\/2024\/04\/4-Sezonai-logotipas.png\",\"width\":712,\"height\":712,\"caption\":\"4sezonai\"},\"image\":{\"@id\":\"https:\/\/4sezonai.lt\/en\/#\/schema\/logo\/image\/\"},\"sameAs\":[\"https:\/\/www.facebook.com\/4sezonai.lt\",\"https:\/\/www.instagram.com\/4sezonai_\/\"]}]}<\/script>\n<!-- \/ Yoast SEO plugin. -->","yoast_head_json":{"title":"Freeze-dried [freeze-dried] bananas with strawberries.","description":"Freeze-dried bananas with strawberries - a healthy snack for children and adults. Convenient to eat on their own, take to work, school, travel or outings.","robots":{"index":"index","follow":"follow","max-snippet":"max-snippet:-1","max-image-preview":"max-image-preview:large","max-video-preview":"max-video-preview:-1"},"canonical":"https:\/\/4sezonai.lt\/en\/product\/strawberries-with-bananas\/","og_locale":"en_US","og_type":"article","og_title":"Freeze-dried [freeze-dried] bananas with strawberries.","og_description":"Freeze-dried bananas with strawberries - a healthy snack for children and adults. Convenient to eat on their own, take to work, school, travel or outings.","og_url":"https:\/\/4sezonai.lt\/en\/product\/strawberries-with-bananas\/","og_site_name":"4sezonai","article_publisher":"https:\/\/www.facebook.com\/4sezonai.lt","article_modified_time":"2025-12-30T10:46:20+00:00","og_image":[{"width":1024,"height":1024,"url":"https:\/\/4sezonai.lt\/wp-content\/uploads\/2023\/12\/web-20.jpg","type":"image\/jpeg"}],"twitter_card":"summary_large_image","twitter_misc":{"Est. reading time":"1 minute"},"schema":{"@context":"https:\/\/schema.org","@graph":[{"@type":"WebPage","@id":"https:\/\/4sezonai.lt\/en\/product\/strawberries-with-bananas\/","url":"https:\/\/4sezonai.lt\/en\/product\/strawberries-with-bananas\/","name":"Freeze-dried [freeze-dried] bananas with strawberries.","isPartOf":{"@id":"https:\/\/4sezonai.lt\/en\/#website"},"primaryImageOfPage":{"@id":"https:\/\/4sezonai.lt\/en\/product\/strawberries-with-bananas\/#primaryimage"},"image":{"@id":"https:\/\/4sezonai.lt\/en\/product\/strawberries-with-bananas\/#primaryimage"},"thumbnailUrl":"https:\/\/4sezonai.lt\/wp-content\/uploads\/2023\/12\/web-20.jpg","datePublished":"2023-12-01T12:50:13+00:00","dateModified":"2025-12-30T10:46:20+00:00","description":"Freeze-dried bananas with strawberries - a healthy snack for children and adults. Convenient to eat on their own, take to work, school, travel or outings.","breadcrumb":{"@id":"https:\/\/4sezonai.lt\/en\/product\/strawberries-with-bananas\/#breadcrumb"},"inLanguage":"en-US","potentialAction":[{"@type":"ReadAction","target":["https:\/\/4sezonai.lt\/en\/product\/strawberries-with-bananas\/"]}]},{"@type":"ImageObject","inLanguage":"en-US","@id":"https:\/\/4sezonai.lt\/en\/product\/strawberries-with-bananas\/#primaryimage","url":"https:\/\/4sezonai.lt\/wp-content\/uploads\/2023\/12\/web-20.jpg","contentUrl":"https:\/\/4sezonai.lt\/wp-content\/uploads\/2023\/12\/web-20.jpg","width":1024,"height":1024,"caption":"freeze-dried strawberries with bananas"},{"@type":"BreadcrumbList","@id":"https:\/\/4sezonai.lt\/en\/product\/strawberries-with-bananas\/#breadcrumb","itemListElement":[{"@type":"ListItem","position":1,"name":"Pagrindinis","item":"https:\/\/4sezonai.lt\/en\/"},{"@type":"ListItem","position":2,"name":"Shop","item":"https:\/\/4sezonai.lt\/en\/shop\/"},{"@type":"ListItem","position":3,"name":"Strawberries with bananas"}]},{"@type":"WebSite","@id":"https:\/\/4sezonai.lt\/en\/#website","url":"https:\/\/4sezonai.lt\/en\/","name":"4sezonai","description":"Auk\u0161\u010diausios kokyb\u0117s liofilzuoti produktai","publisher":{"@id":"https:\/\/4sezonai.lt\/en\/#organization"},"potentialAction":[{"@type":"SearchAction","target":{"@type":"EntryPoint","urlTemplate":"https:\/\/4sezonai.lt\/en\/?s={search_term_string}"},"query-input":{"@type":"PropertyValueSpecification","valueRequired":true,"valueName":"search_term_string"}}],"inLanguage":"en-US"},{"@type":"Organization","@id":"https:\/\/4sezonai.lt\/en\/#organization","name":"4sezonai","url":"https:\/\/4sezonai.lt\/en\/","logo":{"@type":"ImageObject","inLanguage":"en-US","@id":"https:\/\/4sezonai.lt\/en\/#\/schema\/logo\/image\/","url":"https:\/\/4sezonai.lt\/wp-content\/uploads\/2024\/04\/4-Sezonai-logotipas.png","contentUrl":"https:\/\/4sezonai.lt\/wp-content\/uploads\/2024\/04\/4-Sezonai-logotipas.png","width":712,"height":712,"caption":"4sezonai"},"image":{"@id":"https:\/\/4sezonai.lt\/en\/#\/schema\/logo\/image\/"},"sameAs":["https:\/\/www.facebook.com\/4sezonai.lt","https:\/\/www.instagram.com\/4sezonai_\/"]}]}},"_links":{"self":[{"href":"https:\/\/4sezonai.lt\/en\/wp-json\/wp\/v2\/product\/6804","targetHints":{"allow":["GET"]}}],"collection":[{"href":"https:\/\/4sezonai.lt\/en\/wp-json\/wp\/v2\/product"}],"about":[{"href":"https:\/\/4sezonai.lt\/en\/wp-json\/wp\/v2\/types\/product"}],"replies":[{"embeddable":true,"href":"https:\/\/4sezonai.lt\/en\/wp-json\/wp\/v2\/comments?post=6804"}],"wp:featuredmedia":[{"embeddable":true,"href":"https:\/\/4sezonai.lt\/en\/wp-json\/wp\/v2\/media\/2015"}],"wp:attachment":[{"href":"https:\/\/4sezonai.lt\/en\/wp-json\/wp\/v2\/media?parent=6804"}],"wp:term":[{"taxonomy":"product_brand","embeddable":true,"href":"https:\/\/4sezonai.lt\/en\/wp-json\/wp\/v2\/product_brand?post=6804"},{"taxonomy":"product_cat","embeddable":true,"href":"https:\/\/4sezonai.lt\/en\/wp-json\/wp\/v2\/product_cat?post=6804"},{"taxonomy":"product_tag","embeddable":true,"href":"https:\/\/4sezonai.lt\/en\/wp-json\/wp\/v2\/product_tag?post=6804"}],"curies":[{"name":"wp","href":"https:\/\/api.w.org\/{rel}","templated":true}]}}