{"id":6805,"date":"2023-12-01T15:43:45","date_gmt":"2023-12-01T12:43:45","guid":{"rendered":"https:\/\/4sezonai.lt\/produktas\/strawberries-2\/"},"modified":"2026-01-22T16:53:32","modified_gmt":"2026-01-22T14:53:32","slug":"strawberries-2","status":"publish","type":"product","link":"https:\/\/4sezonai.lt\/en\/product\/strawberries-2\/","title":{"rendered":"Strawberries"},"content":{"rendered":"<p>Freeze-dried strawberries hand-picked in the forests of Suvalkija and Dz\u016bkija.<\/p>\n<p>With its special flavour and aroma, this forest berry can enrich the diet of both children and adults. Strawberries are rich in vitamins and substances beneficial to our immune system. So enjoy the taste of childhood and strengthen your body!  <\/p>\n<p>Freeze-dried strawberries can be used in smoothies, porridges, cottage cheese, yoghurts, beverages, as a garnish for desserts or other food dishes, and as a snack.<\/p>\n<ul>\n<li>Store in a dry, dark and cool place.<\/li>\n<li>Net weight 28 g \/ 170 g<\/li>\n<li><em>The 170 g product is packed in a white doy-pack bag with a zip closure for easy resealing. The dimensions of the bag are 30 x 20 cm. <\/em><\/li>\n<\/ul>\n","protected":false},"excerpt":{"rendered":"<p>With its special flavour and aroma, this forest berry can enrich the diet of both children and adults. Strawberries are rich in vitamins and substances beneficial to our immune system. So enjoy the taste of childhood and strengthen your body!  <\/p>\n","protected":false},"featured_media":2017,"comment_status":"open","ping_status":"closed","template":"","meta":{"_acf_changed":false,"wprm-recipe-roundup-name":"","wprm-recipe-roundup-description":""},"product_brand":[],"product_cat":[347,362,398],"product_tag":[],"class_list":{"0":"post-6805","1":"product","2":"type-product","3":"status-publish","4":"has-post-thumbnail","6":"product_cat-berries","7":"product_cat-popular-at","8":"product_cat-snacks","10":"first","11":"instock","12":"featured","13":"shipping-taxable","14":"purchasable","15":"product-type-variable"},"acf":[],"yoast_head":"<!-- This site is optimized with the Yoast SEO plugin v25.5 - https:\/\/yoast.com\/wordpress\/plugins\/seo\/ -->\n<title>Strawberriesonline%-4sezonai%e-shop<\/title>\n<meta name=\"description\" content=\"Freeze-dried strawberries are suitable for flavouring smoothies, porridges, cottage cheese, yoghurts, beverages, as a garnish for desserts or other food dishes, and as a snack.\" \/>\n<meta name=\"robots\" content=\"index, follow, max-snippet:-1, max-image-preview:large, max-video-preview:-1\" \/>\n<link rel=\"canonical\" href=\"https:\/\/4sezonai.lt\/en\/product\/strawberries-2\/\" \/>\n<meta property=\"og:locale\" content=\"en_US\" \/>\n<meta property=\"og:type\" content=\"article\" \/>\n<meta property=\"og:title\" content=\"Strawberriesonline%-4sezonai%e-shop\" \/>\n<meta property=\"og:description\" content=\"Freeze-dried strawberries are suitable for flavouring smoothies, porridges, cottage cheese, yoghurts, beverages, as a garnish for desserts or other food dishes, and as a snack.\" \/>\n<meta property=\"og:url\" content=\"https:\/\/4sezonai.lt\/en\/product\/strawberries-2\/\" \/>\n<meta property=\"og:site_name\" content=\"4sezonai\" \/>\n<meta property=\"article:publisher\" content=\"https:\/\/www.facebook.com\/4sezonai.lt\" \/>\n<meta property=\"article:modified_time\" content=\"2026-01-22T14:53:32+00:00\" \/>\n<meta property=\"og:image\" content=\"https:\/\/4sezonai.lt\/wp-content\/uploads\/2023\/12\/web-22.jpg\" \/>\n\t<meta property=\"og:image:width\" content=\"1024\" \/>\n\t<meta property=\"og:image:height\" content=\"1024\" \/>\n\t<meta property=\"og:image:type\" content=\"image\/jpeg\" \/>\n<meta name=\"twitter:card\" content=\"summary_large_image\" \/>\n<meta name=\"twitter:label1\" content=\"Est. reading time\" \/>\n\t<meta name=\"twitter:data1\" content=\"1 minute\" \/>\n<script type=\"application\/ld+json\" class=\"yoast-schema-graph\">{\"@context\":\"https:\/\/schema.org\",\"@graph\":[{\"@type\":\"WebPage\",\"@id\":\"https:\/\/4sezonai.lt\/en\/product\/strawberries-2\/\",\"url\":\"https:\/\/4sezonai.lt\/en\/product\/strawberries-2\/\",\"name\":\"Strawberriesonline%-4sezonai%e-shop\",\"isPartOf\":{\"@id\":\"https:\/\/4sezonai.lt\/en\/#website\"},\"primaryImageOfPage\":{\"@id\":\"https:\/\/4sezonai.lt\/en\/product\/strawberries-2\/#primaryimage\"},\"image\":{\"@id\":\"https:\/\/4sezonai.lt\/en\/product\/strawberries-2\/#primaryimage\"},\"thumbnailUrl\":\"https:\/\/4sezonai.lt\/wp-content\/uploads\/2023\/12\/web-22.jpg\",\"datePublished\":\"2023-12-01T12:43:45+00:00\",\"dateModified\":\"2026-01-22T14:53:32+00:00\",\"description\":\"Freeze-dried strawberries are suitable for flavouring smoothies, porridges, cottage cheese, yoghurts, beverages, as a garnish for desserts or other food dishes, and as a snack.\",\"breadcrumb\":{\"@id\":\"https:\/\/4sezonai.lt\/en\/product\/strawberries-2\/#breadcrumb\"},\"inLanguage\":\"en-US\",\"potentialAction\":[{\"@type\":\"ReadAction\",\"target\":[\"https:\/\/4sezonai.lt\/en\/product\/strawberries-2\/\"]}]},{\"@type\":\"ImageObject\",\"inLanguage\":\"en-US\",\"@id\":\"https:\/\/4sezonai.lt\/en\/product\/strawberries-2\/#primaryimage\",\"url\":\"https:\/\/4sezonai.lt\/wp-content\/uploads\/2023\/12\/web-22.jpg\",\"contentUrl\":\"https:\/\/4sezonai.lt\/wp-content\/uploads\/2023\/12\/web-22.jpg\",\"width\":1024,\"height\":1024,\"caption\":\"freeze-dried strawberries\"},{\"@type\":\"BreadcrumbList\",\"@id\":\"https:\/\/4sezonai.lt\/en\/product\/strawberries-2\/#breadcrumb\",\"itemListElement\":[{\"@type\":\"ListItem\",\"position\":1,\"name\":\"Pagrindinis\",\"item\":\"https:\/\/4sezonai.lt\/en\/\"},{\"@type\":\"ListItem\",\"position\":2,\"name\":\"Shop\",\"item\":\"https:\/\/4sezonai.lt\/en\/shop\/\"},{\"@type\":\"ListItem\",\"position\":3,\"name\":\"Strawberries\"}]},{\"@type\":\"WebSite\",\"@id\":\"https:\/\/4sezonai.lt\/en\/#website\",\"url\":\"https:\/\/4sezonai.lt\/en\/\",\"name\":\"4sezonai\",\"description\":\"Auk\u0161\u010diausios kokyb\u0117s liofilzuoti produktai\",\"publisher\":{\"@id\":\"https:\/\/4sezonai.lt\/en\/#organization\"},\"potentialAction\":[{\"@type\":\"SearchAction\",\"target\":{\"@type\":\"EntryPoint\",\"urlTemplate\":\"https:\/\/4sezonai.lt\/en\/?s={search_term_string}\"},\"query-input\":{\"@type\":\"PropertyValueSpecification\",\"valueRequired\":true,\"valueName\":\"search_term_string\"}}],\"inLanguage\":\"en-US\"},{\"@type\":\"Organization\",\"@id\":\"https:\/\/4sezonai.lt\/en\/#organization\",\"name\":\"4sezonai\",\"url\":\"https:\/\/4sezonai.lt\/en\/\",\"logo\":{\"@type\":\"ImageObject\",\"inLanguage\":\"en-US\",\"@id\":\"https:\/\/4sezonai.lt\/en\/#\/schema\/logo\/image\/\",\"url\":\"https:\/\/4sezonai.lt\/wp-content\/uploads\/2024\/04\/4-Sezonai-logotipas.png\",\"contentUrl\":\"https:\/\/4sezonai.lt\/wp-content\/uploads\/2024\/04\/4-Sezonai-logotipas.png\",\"width\":712,\"height\":712,\"caption\":\"4sezonai\"},\"image\":{\"@id\":\"https:\/\/4sezonai.lt\/en\/#\/schema\/logo\/image\/\"},\"sameAs\":[\"https:\/\/www.facebook.com\/4sezonai.lt\",\"https:\/\/www.instagram.com\/4sezonai_\/\"]}]}<\/script>\n<!-- \/ Yoast SEO plugin. -->","yoast_head_json":{"title":"Strawberriesonline%-4sezonai%e-shop","description":"Freeze-dried strawberries are suitable for flavouring smoothies, porridges, cottage cheese, yoghurts, beverages, as a garnish for desserts or other food dishes, and as a snack.","robots":{"index":"index","follow":"follow","max-snippet":"max-snippet:-1","max-image-preview":"max-image-preview:large","max-video-preview":"max-video-preview:-1"},"canonical":"https:\/\/4sezonai.lt\/en\/product\/strawberries-2\/","og_locale":"en_US","og_type":"article","og_title":"Strawberriesonline%-4sezonai%e-shop","og_description":"Freeze-dried strawberries are suitable for flavouring smoothies, porridges, cottage cheese, yoghurts, beverages, as a garnish for desserts or other food dishes, and as a snack.","og_url":"https:\/\/4sezonai.lt\/en\/product\/strawberries-2\/","og_site_name":"4sezonai","article_publisher":"https:\/\/www.facebook.com\/4sezonai.lt","article_modified_time":"2026-01-22T14:53:32+00:00","og_image":[{"width":1024,"height":1024,"url":"https:\/\/4sezonai.lt\/wp-content\/uploads\/2023\/12\/web-22.jpg","type":"image\/jpeg"}],"twitter_card":"summary_large_image","twitter_misc":{"Est. reading time":"1 minute"},"schema":{"@context":"https:\/\/schema.org","@graph":[{"@type":"WebPage","@id":"https:\/\/4sezonai.lt\/en\/product\/strawberries-2\/","url":"https:\/\/4sezonai.lt\/en\/product\/strawberries-2\/","name":"Strawberriesonline%-4sezonai%e-shop","isPartOf":{"@id":"https:\/\/4sezonai.lt\/en\/#website"},"primaryImageOfPage":{"@id":"https:\/\/4sezonai.lt\/en\/product\/strawberries-2\/#primaryimage"},"image":{"@id":"https:\/\/4sezonai.lt\/en\/product\/strawberries-2\/#primaryimage"},"thumbnailUrl":"https:\/\/4sezonai.lt\/wp-content\/uploads\/2023\/12\/web-22.jpg","datePublished":"2023-12-01T12:43:45+00:00","dateModified":"2026-01-22T14:53:32+00:00","description":"Freeze-dried strawberries are suitable for flavouring smoothies, porridges, cottage cheese, yoghurts, beverages, as a garnish for desserts or other food dishes, and as a snack.","breadcrumb":{"@id":"https:\/\/4sezonai.lt\/en\/product\/strawberries-2\/#breadcrumb"},"inLanguage":"en-US","potentialAction":[{"@type":"ReadAction","target":["https:\/\/4sezonai.lt\/en\/product\/strawberries-2\/"]}]},{"@type":"ImageObject","inLanguage":"en-US","@id":"https:\/\/4sezonai.lt\/en\/product\/strawberries-2\/#primaryimage","url":"https:\/\/4sezonai.lt\/wp-content\/uploads\/2023\/12\/web-22.jpg","contentUrl":"https:\/\/4sezonai.lt\/wp-content\/uploads\/2023\/12\/web-22.jpg","width":1024,"height":1024,"caption":"freeze-dried strawberries"},{"@type":"BreadcrumbList","@id":"https:\/\/4sezonai.lt\/en\/product\/strawberries-2\/#breadcrumb","itemListElement":[{"@type":"ListItem","position":1,"name":"Pagrindinis","item":"https:\/\/4sezonai.lt\/en\/"},{"@type":"ListItem","position":2,"name":"Shop","item":"https:\/\/4sezonai.lt\/en\/shop\/"},{"@type":"ListItem","position":3,"name":"Strawberries"}]},{"@type":"WebSite","@id":"https:\/\/4sezonai.lt\/en\/#website","url":"https:\/\/4sezonai.lt\/en\/","name":"4sezonai","description":"Auk\u0161\u010diausios kokyb\u0117s liofilzuoti produktai","publisher":{"@id":"https:\/\/4sezonai.lt\/en\/#organization"},"potentialAction":[{"@type":"SearchAction","target":{"@type":"EntryPoint","urlTemplate":"https:\/\/4sezonai.lt\/en\/?s={search_term_string}"},"query-input":{"@type":"PropertyValueSpecification","valueRequired":true,"valueName":"search_term_string"}}],"inLanguage":"en-US"},{"@type":"Organization","@id":"https:\/\/4sezonai.lt\/en\/#organization","name":"4sezonai","url":"https:\/\/4sezonai.lt\/en\/","logo":{"@type":"ImageObject","inLanguage":"en-US","@id":"https:\/\/4sezonai.lt\/en\/#\/schema\/logo\/image\/","url":"https:\/\/4sezonai.lt\/wp-content\/uploads\/2024\/04\/4-Sezonai-logotipas.png","contentUrl":"https:\/\/4sezonai.lt\/wp-content\/uploads\/2024\/04\/4-Sezonai-logotipas.png","width":712,"height":712,"caption":"4sezonai"},"image":{"@id":"https:\/\/4sezonai.lt\/en\/#\/schema\/logo\/image\/"},"sameAs":["https:\/\/www.facebook.com\/4sezonai.lt","https:\/\/www.instagram.com\/4sezonai_\/"]}]}},"_links":{"self":[{"href":"https:\/\/4sezonai.lt\/en\/wp-json\/wp\/v2\/product\/6805","targetHints":{"allow":["GET"]}}],"collection":[{"href":"https:\/\/4sezonai.lt\/en\/wp-json\/wp\/v2\/product"}],"about":[{"href":"https:\/\/4sezonai.lt\/en\/wp-json\/wp\/v2\/types\/product"}],"replies":[{"embeddable":true,"href":"https:\/\/4sezonai.lt\/en\/wp-json\/wp\/v2\/comments?post=6805"}],"wp:featuredmedia":[{"embeddable":true,"href":"https:\/\/4sezonai.lt\/en\/wp-json\/wp\/v2\/media\/2017"}],"wp:attachment":[{"href":"https:\/\/4sezonai.lt\/en\/wp-json\/wp\/v2\/media?parent=6805"}],"wp:term":[{"taxonomy":"product_brand","embeddable":true,"href":"https:\/\/4sezonai.lt\/en\/wp-json\/wp\/v2\/product_brand?post=6805"},{"taxonomy":"product_cat","embeddable":true,"href":"https:\/\/4sezonai.lt\/en\/wp-json\/wp\/v2\/product_cat?post=6805"},{"taxonomy":"product_tag","embeddable":true,"href":"https:\/\/4sezonai.lt\/en\/wp-json\/wp\/v2\/product_tag?post=6805"}],"curies":[{"name":"wp","href":"https:\/\/api.w.org\/{rel}","templated":true}]}}