{"id":6830,"date":"2023-12-01T15:45:18","date_gmt":"2023-12-01T13:45:18","guid":{"rendered":"https:\/\/4sezonai.lt\/produktas\/tomatoes-with-salt-and-basil\/"},"modified":"2025-11-06T18:30:57","modified_gmt":"2025-11-06T16:30:57","slug":"tomatoes-with-salt-and-basil","status":"publish","type":"product","link":"https:\/\/4sezonai.lt\/en\/product\/tomatoes-with-salt-and-basil\/","title":{"rendered":"Tomatoes with salt and basil"},"content":{"rendered":"<p>This is a great snack that both children and adults will enjoy. The tomatoes are seasoned with Himalayan salt and basil grown and freshly picked by us. This gives it a special aroma and taste. And thanks to freeze-drying, almost all the vitamins and nutrients are preserved, making it not only a great alternative to regular chips, but also a healthy snack.   <\/p>\n<h4>Why choose our freeze-dried tomatoes?<\/h4>\n<ul>\n<li><strong>Highest quality:<\/strong> carefully selected fresh tomatoes, hand-cut, sprinkled with freshly picked basil and freeze-dried to preserve their natural flavour, aroma and nutritional value.<\/li>\n<li><strong>Healthy choice:<\/strong> Our freeze-dried tomatoes are lightly crunchy with no added preservatives, flavour enhancers or artificial additives.<\/li>\n<li><strong>Unique taste:<\/strong> enriched with natural Himalayan salt and basil grown by us, these tomatoes give you a special taste and aroma that will enchant you from the first bite.<\/li>\n<li><strong>Freshness.<\/strong>  As with other products, we use only freshly picked tomatoes and basil.<\/li>\n<\/ul>\n<p data-sourcepos=\"35:1-35:26\"><strong>Additional information:<\/strong><\/p>\n<ul data-sourcepos=\"37:1-40:0\">\n<li data-sourcepos=\"37:1-37:163\">Freeze-dried tomatoes are a <strong>great food supplement for hiking, camping or travelling<\/strong> because they are light, long-lasting and do not require refrigeration or other special storage conditions.<\/li>\n<li data-sourcepos=\"37:1-37:163\">Convenient to carry with you, in <strong>the car<\/strong>, <strong>at work<\/strong> or just in <strong>your handbag<\/strong>.<\/li>\n<li data-sourcepos=\"38:1-38:126\">They can be used <strong>in a wide range of culinary recipes<\/strong> such as salads, stews, soups, sauces and sandwiches.<\/li>\n<li data-sourcepos=\"39:1-40:0\">They are the <strong>perfect gift for<\/strong> health food lovers or gourmets who are interested in new flavours and appreciate quality and exclusivity.<\/li>\n<\/ul>\n<p>&nbsp;<\/p>\n<p>If you see white specks on the tomatoes that look like crushed powder, don&#8217;t be alarmed &#8211; this is what freeze-dried salt looks like.<\/p>\n<ul>\n<li>Ingredients: tomatoes, salt, basil.<\/li>\n<li>Store in a dry, dark and cool place.<\/li>\n<li>Net weight 12 g \/ 35 g<\/li>\n<li><em>The 35 g product is packaged in a white doy-pack bag with a zip closure for easy resealing. The dimensions of the bag are 30 x 20 cm. <\/em><\/li>\n<\/ul>\n","protected":false},"excerpt":{"rendered":"<p>This is a great snack that both children and adults will enjoy. The tomatoes are seasoned with Himalayan salt and basil grown and freshly picked by us. This gives it a special aroma and taste. And thanks to freeze-drying, almost all the vitamins and nutrients are preserved, making it not only a great alternative to regular chips, but also a healthy snack.   <\/p>\n","protected":false},"featured_media":2016,"comment_status":"open","ping_status":"closed","template":"","meta":{"_acf_changed":false,"wprm-recipe-roundup-name":"","wprm-recipe-roundup-description":""},"product_brand":[],"product_cat":[398,344],"product_tag":[],"class_list":{"0":"post-6830","1":"product","2":"type-product","3":"status-publish","4":"has-post-thumbnail","6":"product_cat-snacks","7":"product_cat-uncategorized","9":"first","10":"instock","11":"shipping-taxable","12":"purchasable","13":"product-type-variable"},"acf":[],"yoast_head":"<!-- This site is optimized with the Yoast SEO plugin v25.5 - https:\/\/yoast.com\/wordpress\/plugins\/seo\/ -->\n<title>Tomatoes with salt and basil%- For healthy eating - 4sezonai%<\/title>\n<meta name=\"description\" content=\"A great snack that both children and adults will enjoy. The tomatoes are seasoned with Himalayan salt and freshly picked basil grown by us.\" \/>\n<meta name=\"robots\" content=\"index, follow, max-snippet:-1, max-image-preview:large, max-video-preview:-1\" \/>\n<link rel=\"canonical\" href=\"https:\/\/4sezonai.lt\/en\/product\/tomatoes-with-salt-and-basil\/\" \/>\n<meta property=\"og:locale\" content=\"en_US\" \/>\n<meta property=\"og:type\" content=\"article\" \/>\n<meta property=\"og:title\" content=\"Tomatoes with salt and basil%- For healthy eating - 4sezonai%\" \/>\n<meta property=\"og:description\" content=\"A great snack that both children and adults will enjoy. The tomatoes are seasoned with Himalayan salt and freshly picked basil grown by us.\" \/>\n<meta property=\"og:url\" content=\"https:\/\/4sezonai.lt\/en\/product\/tomatoes-with-salt-and-basil\/\" \/>\n<meta property=\"og:site_name\" content=\"4sezonai\" \/>\n<meta property=\"article:publisher\" content=\"https:\/\/www.facebook.com\/4sezonai.lt\" \/>\n<meta property=\"article:modified_time\" content=\"2025-11-06T16:30:57+00:00\" \/>\n<meta property=\"og:image\" content=\"https:\/\/4sezonai.lt\/wp-content\/uploads\/2023\/12\/web-21.jpg\" \/>\n\t<meta property=\"og:image:width\" content=\"1024\" \/>\n\t<meta property=\"og:image:height\" content=\"1024\" \/>\n\t<meta property=\"og:image:type\" content=\"image\/jpeg\" \/>\n<meta name=\"twitter:card\" content=\"summary_large_image\" \/>\n<meta name=\"twitter:label1\" content=\"Est. reading time\" \/>\n\t<meta name=\"twitter:data1\" content=\"2 minutes\" \/>\n<script type=\"application\/ld+json\" class=\"yoast-schema-graph\">{\"@context\":\"https:\/\/schema.org\",\"@graph\":[{\"@type\":\"WebPage\",\"@id\":\"https:\/\/4sezonai.lt\/en\/product\/tomatoes-with-salt-and-basil\/\",\"url\":\"https:\/\/4sezonai.lt\/en\/product\/tomatoes-with-salt-and-basil\/\",\"name\":\"Tomatoes with salt and basil%- For healthy eating - 4sezonai%\",\"isPartOf\":{\"@id\":\"https:\/\/4sezonai.lt\/en\/#website\"},\"primaryImageOfPage\":{\"@id\":\"https:\/\/4sezonai.lt\/en\/product\/tomatoes-with-salt-and-basil\/#primaryimage\"},\"image\":{\"@id\":\"https:\/\/4sezonai.lt\/en\/product\/tomatoes-with-salt-and-basil\/#primaryimage\"},\"thumbnailUrl\":\"https:\/\/4sezonai.lt\/wp-content\/uploads\/2023\/12\/web-21.jpg\",\"datePublished\":\"2023-12-01T13:45:18+00:00\",\"dateModified\":\"2025-11-06T16:30:57+00:00\",\"description\":\"A great snack that both children and adults will enjoy. The tomatoes are seasoned with Himalayan salt and freshly picked basil grown by us.\",\"breadcrumb\":{\"@id\":\"https:\/\/4sezonai.lt\/en\/product\/tomatoes-with-salt-and-basil\/#breadcrumb\"},\"inLanguage\":\"en-US\",\"potentialAction\":[{\"@type\":\"ReadAction\",\"target\":[\"https:\/\/4sezonai.lt\/en\/product\/tomatoes-with-salt-and-basil\/\"]}]},{\"@type\":\"ImageObject\",\"inLanguage\":\"en-US\",\"@id\":\"https:\/\/4sezonai.lt\/en\/product\/tomatoes-with-salt-and-basil\/#primaryimage\",\"url\":\"https:\/\/4sezonai.lt\/wp-content\/uploads\/2023\/12\/web-21.jpg\",\"contentUrl\":\"https:\/\/4sezonai.lt\/wp-content\/uploads\/2023\/12\/web-21.jpg\",\"width\":1024,\"height\":1024,\"caption\":\"healthy snacks\"},{\"@type\":\"BreadcrumbList\",\"@id\":\"https:\/\/4sezonai.lt\/en\/product\/tomatoes-with-salt-and-basil\/#breadcrumb\",\"itemListElement\":[{\"@type\":\"ListItem\",\"position\":1,\"name\":\"Pagrindinis\",\"item\":\"https:\/\/4sezonai.lt\/en\/\"},{\"@type\":\"ListItem\",\"position\":2,\"name\":\"Shop\",\"item\":\"https:\/\/4sezonai.lt\/en\/shop\/\"},{\"@type\":\"ListItem\",\"position\":3,\"name\":\"Tomatoes with salt and basil\"}]},{\"@type\":\"WebSite\",\"@id\":\"https:\/\/4sezonai.lt\/en\/#website\",\"url\":\"https:\/\/4sezonai.lt\/en\/\",\"name\":\"4sezonai\",\"description\":\"Auk\u0161\u010diausios kokyb\u0117s liofilzuoti produktai\",\"publisher\":{\"@id\":\"https:\/\/4sezonai.lt\/en\/#organization\"},\"potentialAction\":[{\"@type\":\"SearchAction\",\"target\":{\"@type\":\"EntryPoint\",\"urlTemplate\":\"https:\/\/4sezonai.lt\/en\/?s={search_term_string}\"},\"query-input\":{\"@type\":\"PropertyValueSpecification\",\"valueRequired\":true,\"valueName\":\"search_term_string\"}}],\"inLanguage\":\"en-US\"},{\"@type\":\"Organization\",\"@id\":\"https:\/\/4sezonai.lt\/en\/#organization\",\"name\":\"4sezonai\",\"url\":\"https:\/\/4sezonai.lt\/en\/\",\"logo\":{\"@type\":\"ImageObject\",\"inLanguage\":\"en-US\",\"@id\":\"https:\/\/4sezonai.lt\/en\/#\/schema\/logo\/image\/\",\"url\":\"https:\/\/4sezonai.lt\/wp-content\/uploads\/2024\/04\/4-Sezonai-logotipas.png\",\"contentUrl\":\"https:\/\/4sezonai.lt\/wp-content\/uploads\/2024\/04\/4-Sezonai-logotipas.png\",\"width\":712,\"height\":712,\"caption\":\"4sezonai\"},\"image\":{\"@id\":\"https:\/\/4sezonai.lt\/en\/#\/schema\/logo\/image\/\"},\"sameAs\":[\"https:\/\/www.facebook.com\/4sezonai.lt\",\"https:\/\/www.instagram.com\/4sezonai_\/\"]}]}<\/script>\n<!-- \/ Yoast SEO plugin. -->","yoast_head_json":{"title":"Tomatoes with salt and basil%- For healthy eating - 4sezonai%","description":"A great snack that both children and adults will enjoy. The tomatoes are seasoned with Himalayan salt and freshly picked basil grown by us.","robots":{"index":"index","follow":"follow","max-snippet":"max-snippet:-1","max-image-preview":"max-image-preview:large","max-video-preview":"max-video-preview:-1"},"canonical":"https:\/\/4sezonai.lt\/en\/product\/tomatoes-with-salt-and-basil\/","og_locale":"en_US","og_type":"article","og_title":"Tomatoes with salt and basil%- For healthy eating - 4sezonai%","og_description":"A great snack that both children and adults will enjoy. The tomatoes are seasoned with Himalayan salt and freshly picked basil grown by us.","og_url":"https:\/\/4sezonai.lt\/en\/product\/tomatoes-with-salt-and-basil\/","og_site_name":"4sezonai","article_publisher":"https:\/\/www.facebook.com\/4sezonai.lt","article_modified_time":"2025-11-06T16:30:57+00:00","og_image":[{"width":1024,"height":1024,"url":"https:\/\/4sezonai.lt\/wp-content\/uploads\/2023\/12\/web-21.jpg","type":"image\/jpeg"}],"twitter_card":"summary_large_image","twitter_misc":{"Est. reading time":"2 minutes"},"schema":{"@context":"https:\/\/schema.org","@graph":[{"@type":"WebPage","@id":"https:\/\/4sezonai.lt\/en\/product\/tomatoes-with-salt-and-basil\/","url":"https:\/\/4sezonai.lt\/en\/product\/tomatoes-with-salt-and-basil\/","name":"Tomatoes with salt and basil%- For healthy eating - 4sezonai%","isPartOf":{"@id":"https:\/\/4sezonai.lt\/en\/#website"},"primaryImageOfPage":{"@id":"https:\/\/4sezonai.lt\/en\/product\/tomatoes-with-salt-and-basil\/#primaryimage"},"image":{"@id":"https:\/\/4sezonai.lt\/en\/product\/tomatoes-with-salt-and-basil\/#primaryimage"},"thumbnailUrl":"https:\/\/4sezonai.lt\/wp-content\/uploads\/2023\/12\/web-21.jpg","datePublished":"2023-12-01T13:45:18+00:00","dateModified":"2025-11-06T16:30:57+00:00","description":"A great snack that both children and adults will enjoy. The tomatoes are seasoned with Himalayan salt and freshly picked basil grown by us.","breadcrumb":{"@id":"https:\/\/4sezonai.lt\/en\/product\/tomatoes-with-salt-and-basil\/#breadcrumb"},"inLanguage":"en-US","potentialAction":[{"@type":"ReadAction","target":["https:\/\/4sezonai.lt\/en\/product\/tomatoes-with-salt-and-basil\/"]}]},{"@type":"ImageObject","inLanguage":"en-US","@id":"https:\/\/4sezonai.lt\/en\/product\/tomatoes-with-salt-and-basil\/#primaryimage","url":"https:\/\/4sezonai.lt\/wp-content\/uploads\/2023\/12\/web-21.jpg","contentUrl":"https:\/\/4sezonai.lt\/wp-content\/uploads\/2023\/12\/web-21.jpg","width":1024,"height":1024,"caption":"healthy snacks"},{"@type":"BreadcrumbList","@id":"https:\/\/4sezonai.lt\/en\/product\/tomatoes-with-salt-and-basil\/#breadcrumb","itemListElement":[{"@type":"ListItem","position":1,"name":"Pagrindinis","item":"https:\/\/4sezonai.lt\/en\/"},{"@type":"ListItem","position":2,"name":"Shop","item":"https:\/\/4sezonai.lt\/en\/shop\/"},{"@type":"ListItem","position":3,"name":"Tomatoes with salt and basil"}]},{"@type":"WebSite","@id":"https:\/\/4sezonai.lt\/en\/#website","url":"https:\/\/4sezonai.lt\/en\/","name":"4sezonai","description":"Auk\u0161\u010diausios kokyb\u0117s liofilzuoti produktai","publisher":{"@id":"https:\/\/4sezonai.lt\/en\/#organization"},"potentialAction":[{"@type":"SearchAction","target":{"@type":"EntryPoint","urlTemplate":"https:\/\/4sezonai.lt\/en\/?s={search_term_string}"},"query-input":{"@type":"PropertyValueSpecification","valueRequired":true,"valueName":"search_term_string"}}],"inLanguage":"en-US"},{"@type":"Organization","@id":"https:\/\/4sezonai.lt\/en\/#organization","name":"4sezonai","url":"https:\/\/4sezonai.lt\/en\/","logo":{"@type":"ImageObject","inLanguage":"en-US","@id":"https:\/\/4sezonai.lt\/en\/#\/schema\/logo\/image\/","url":"https:\/\/4sezonai.lt\/wp-content\/uploads\/2024\/04\/4-Sezonai-logotipas.png","contentUrl":"https:\/\/4sezonai.lt\/wp-content\/uploads\/2024\/04\/4-Sezonai-logotipas.png","width":712,"height":712,"caption":"4sezonai"},"image":{"@id":"https:\/\/4sezonai.lt\/en\/#\/schema\/logo\/image\/"},"sameAs":["https:\/\/www.facebook.com\/4sezonai.lt","https:\/\/www.instagram.com\/4sezonai_\/"]}]}},"_links":{"self":[{"href":"https:\/\/4sezonai.lt\/en\/wp-json\/wp\/v2\/product\/6830","targetHints":{"allow":["GET"]}}],"collection":[{"href":"https:\/\/4sezonai.lt\/en\/wp-json\/wp\/v2\/product"}],"about":[{"href":"https:\/\/4sezonai.lt\/en\/wp-json\/wp\/v2\/types\/product"}],"replies":[{"embeddable":true,"href":"https:\/\/4sezonai.lt\/en\/wp-json\/wp\/v2\/comments?post=6830"}],"wp:featuredmedia":[{"embeddable":true,"href":"https:\/\/4sezonai.lt\/en\/wp-json\/wp\/v2\/media\/2016"}],"wp:attachment":[{"href":"https:\/\/4sezonai.lt\/en\/wp-json\/wp\/v2\/media?parent=6830"}],"wp:term":[{"taxonomy":"product_brand","embeddable":true,"href":"https:\/\/4sezonai.lt\/en\/wp-json\/wp\/v2\/product_brand?post=6830"},{"taxonomy":"product_cat","embeddable":true,"href":"https:\/\/4sezonai.lt\/en\/wp-json\/wp\/v2\/product_cat?post=6830"},{"taxonomy":"product_tag","embeddable":true,"href":"https:\/\/4sezonai.lt\/en\/wp-json\/wp\/v2\/product_tag?post=6830"}],"curies":[{"name":"wp","href":"https:\/\/api.w.org\/{rel}","templated":true}]}}