{"id":6850,"date":"2023-12-01T15:59:54","date_gmt":"2023-12-01T12:59:54","guid":{"rendered":"https:\/\/4sezonai.lt\/produktas\/berry-mixture\/"},"modified":"2025-11-15T11:18:01","modified_gmt":"2025-11-15T09:18:01","slug":"berry-mixture","status":"publish","type":"product","link":"https:\/\/4sezonai.lt\/en\/product\/berry-mixture\/","title":{"rendered":"Berry mixture"},"content":{"rendered":"<h2>Freeze-dried berries &#8211; a natural and healthy choice<\/h2>\n<p>What could be better than berries? Our freeze-dried berries, which are carefully selected and the blueberries and strawberries are hand-picked in local forests to ensure the highest quality. <\/p>\n<p>The pack contains our freeze-dried wild <a href=\"https:\/\/4sezonai.lt\/en\/produktas\/strawberries-2\/\">strawberries<\/a> and <a href=\"https:\/\/4sezonai.lt\/en\/produktas\/blueberries\/\">blueberries<\/a>, as well as <a href=\"https:\/\/4sezonai.lt\/en\/produktas\/strawberries\/\">Lithuanian strawberries<\/a> and raspberries.<\/p>\n<p>The freeze-drying process removes the water from the berries but preserves all the vitamins, minerals and antioxidants. As a result, they retain their natural flavour, aroma and nutrients. This process keeps the berries light, crisp and long-lasting, making them a great choice both as a healthy snack and as a versatile ingredient for your favourite dishes.  <\/p>\n<h2>Why choose freeze-dried berries?<\/h2>\n<p>&#8211; 100% natural: no sugar, preservatives or artificial colours.<br \/>\n&#8211; It retains almost all nutrients, making it an excellent supplement for a healthy diet.<br \/>\n&#8211; Crisp and aromatic: the freeze-drying process makes the berries extremely crisp and preserves their aroma.<br \/>\n&#8211; Convenience: freeze-dried berries are easy to eat on their own, take to work, school, travel or outings.<br \/>\n&#8211; A versatile ingredient: they can be used to flavour green smoothies, porridges, cottage cheese, yoghurts, and as a garnish for desserts or other food dishes.<\/p>\n<p><strong>Our product range<\/strong><\/p>\n<p>You can also buy freeze-dried <a href=\"https:\/\/4sezonai.lt\/produktas\/liofilizuotu-avieciu-gabaliuka\/\">raspberry chunks<\/a> and freeze-dried <a href=\"https:\/\/4sezonai.lt\/en\/produktas\/raspberry-powder\/\">raspberry powder<\/a> in our shop, which will add a special touch to your desserts. These products will add natural flavour and colour to your culinary creations. <\/p>\n<p><strong>Additional information<\/strong><\/p>\n<p>Freeze-dried berries are a great food supplement for hiking, camping or travelling as they are light, long-lasting and do not require refrigeration. The new packaging makes this healthy snack even more convenient to consume thanks to the resealable bag. They can be used in a variety of culinary recipes, such as granola, cookies, cakes or even ice cream. It is the perfect gift for health food lovers.   <\/p>\n<p><strong>Ingredients: strawberries, raspberries, blueberries, strawberries.<\/strong><\/p>\n<p><strong>Storage conditions<\/strong><\/p>\n<p>Store in a dry, dark and cool place.<\/p>\n<p>Net weight 35 g \/ 200 g<\/p>\n<p><em>The 200 g product is packed in a white doy-pack bag with a zip closure for easy resealing. The dimensions of the bag are 30 x 20 cm. <\/em><\/p>\n","protected":false},"excerpt":{"rendered":"<h2>Freeze-dried berries &#8211; a natural and healthy choice<\/h2>\n<p>What could be better than berries? Our freeze-dried berries, which are carefully selected and the blueberries and strawberries are hand-picked in local forests to ensure the highest quality. <\/p>\n<p>The pack contains our freeze-dried wild <a href=\"https:\/\/4sezonai.lt\/en\/produktas\/strawberries-2\/\">strawberries<\/a> and <a href=\"https:\/\/4sezonai.lt\/en\/produktas\/blueberries\/\">blueberries<\/a>, as well as <a href=\"https:\/\/4sezonai.lt\/en\/produktas\/strawberries\/\">Lithuanian strawberries<\/a> and raspberries.<\/p>\n","protected":false},"featured_media":6354,"comment_status":"open","ping_status":"closed","template":"","meta":{"_acf_changed":false,"wprm-recipe-roundup-name":"","wprm-recipe-roundup-description":""},"product_brand":[],"product_cat":[347,349,398],"product_tag":[],"class_list":{"0":"post-6850","1":"product","2":"type-product","3":"status-publish","4":"has-post-thumbnail","6":"product_cat-berries","7":"product_cat-natural-teas","8":"product_cat-snacks","10":"first","11":"instock","12":"shipping-taxable","13":"purchasable","14":"product-type-variable"},"acf":[],"yoast_head":"<!-- This site is optimized with the Yoast SEO plugin v25.5 - https:\/\/yoast.com\/wordpress\/plugins\/seo\/ -->\n<title>Premium quality freeze-dried berries %sep%%4sezonai%shop<\/title>\n<meta name=\"description\" content=\"Freeze-dried berries online. Buy larger quantities and save. Free delivery in Lithuania, by post, for orders from 39 \u20ac\" \/>\n<meta name=\"robots\" content=\"index, follow, max-snippet:-1, max-image-preview:large, max-video-preview:-1\" \/>\n<link rel=\"canonical\" href=\"https:\/\/4sezonai.lt\/en\/product\/berry-mixture\/\" \/>\n<meta property=\"og:locale\" content=\"en_US\" \/>\n<meta property=\"og:type\" content=\"article\" \/>\n<meta property=\"og:title\" content=\"Premium quality freeze-dried berries %sep%%4sezonai%shop\" \/>\n<meta property=\"og:description\" content=\"Freeze-dried berries online. Buy larger quantities and save. Free delivery in Lithuania, by post, for orders from 39 \u20ac\" \/>\n<meta property=\"og:url\" content=\"https:\/\/4sezonai.lt\/en\/product\/berry-mixture\/\" \/>\n<meta property=\"og:site_name\" content=\"4sezonai\" \/>\n<meta property=\"article:publisher\" content=\"https:\/\/www.facebook.com\/4sezonai.lt\" \/>\n<meta property=\"article:modified_time\" content=\"2025-11-15T09:18:01+00:00\" \/>\n<meta property=\"og:image\" content=\"https:\/\/4sezonai.lt\/wp-content\/uploads\/2023\/12\/web-23.jpg\" \/>\n\t<meta property=\"og:image:width\" content=\"1024\" \/>\n\t<meta property=\"og:image:height\" content=\"1024\" \/>\n\t<meta property=\"og:image:type\" content=\"image\/jpeg\" \/>\n<meta name=\"twitter:card\" content=\"summary_large_image\" \/>\n<meta name=\"twitter:label1\" content=\"Est. reading time\" \/>\n\t<meta name=\"twitter:data1\" content=\"2 minutes\" \/>\n<script type=\"application\/ld+json\" class=\"yoast-schema-graph\">{\"@context\":\"https:\/\/schema.org\",\"@graph\":[{\"@type\":\"WebPage\",\"@id\":\"https:\/\/4sezonai.lt\/en\/product\/berry-mixture\/\",\"url\":\"https:\/\/4sezonai.lt\/en\/product\/berry-mixture\/\",\"name\":\"Premium quality freeze-dried berries %sep%%4sezonai%shop\",\"isPartOf\":{\"@id\":\"https:\/\/4sezonai.lt\/en\/#website\"},\"primaryImageOfPage\":{\"@id\":\"https:\/\/4sezonai.lt\/en\/product\/berry-mixture\/#primaryimage\"},\"image\":{\"@id\":\"https:\/\/4sezonai.lt\/en\/product\/berry-mixture\/#primaryimage\"},\"thumbnailUrl\":\"https:\/\/4sezonai.lt\/wp-content\/uploads\/2023\/12\/web-23.jpg\",\"datePublished\":\"2023-12-01T12:59:54+00:00\",\"dateModified\":\"2025-11-15T09:18:01+00:00\",\"description\":\"Freeze-dried berries online. Buy larger quantities and save. Free delivery in Lithuania, by post, for orders from 39 \u20ac\",\"breadcrumb\":{\"@id\":\"https:\/\/4sezonai.lt\/en\/product\/berry-mixture\/#breadcrumb\"},\"inLanguage\":\"en-US\",\"potentialAction\":[{\"@type\":\"ReadAction\",\"target\":[\"https:\/\/4sezonai.lt\/en\/product\/berry-mixture\/\"]}]},{\"@type\":\"ImageObject\",\"inLanguage\":\"en-US\",\"@id\":\"https:\/\/4sezonai.lt\/en\/product\/berry-mixture\/#primaryimage\",\"url\":\"https:\/\/4sezonai.lt\/wp-content\/uploads\/2023\/12\/web-23.jpg\",\"contentUrl\":\"https:\/\/4sezonai.lt\/wp-content\/uploads\/2023\/12\/web-23.jpg\",\"width\":1024,\"height\":1024,\"caption\":\"freeze-dried berries\"},{\"@type\":\"BreadcrumbList\",\"@id\":\"https:\/\/4sezonai.lt\/en\/product\/berry-mixture\/#breadcrumb\",\"itemListElement\":[{\"@type\":\"ListItem\",\"position\":1,\"name\":\"Pagrindinis\",\"item\":\"https:\/\/4sezonai.lt\/en\/\"},{\"@type\":\"ListItem\",\"position\":2,\"name\":\"Shop\",\"item\":\"https:\/\/4sezonai.lt\/en\/shop\/\"},{\"@type\":\"ListItem\",\"position\":3,\"name\":\"Berry mixture\"}]},{\"@type\":\"WebSite\",\"@id\":\"https:\/\/4sezonai.lt\/en\/#website\",\"url\":\"https:\/\/4sezonai.lt\/en\/\",\"name\":\"4sezonai\",\"description\":\"Auk\u0161\u010diausios kokyb\u0117s liofilzuoti produktai\",\"publisher\":{\"@id\":\"https:\/\/4sezonai.lt\/en\/#organization\"},\"potentialAction\":[{\"@type\":\"SearchAction\",\"target\":{\"@type\":\"EntryPoint\",\"urlTemplate\":\"https:\/\/4sezonai.lt\/en\/?s={search_term_string}\"},\"query-input\":{\"@type\":\"PropertyValueSpecification\",\"valueRequired\":true,\"valueName\":\"search_term_string\"}}],\"inLanguage\":\"en-US\"},{\"@type\":\"Organization\",\"@id\":\"https:\/\/4sezonai.lt\/en\/#organization\",\"name\":\"4sezonai\",\"url\":\"https:\/\/4sezonai.lt\/en\/\",\"logo\":{\"@type\":\"ImageObject\",\"inLanguage\":\"en-US\",\"@id\":\"https:\/\/4sezonai.lt\/en\/#\/schema\/logo\/image\/\",\"url\":\"https:\/\/4sezonai.lt\/wp-content\/uploads\/2024\/04\/4-Sezonai-logotipas.png\",\"contentUrl\":\"https:\/\/4sezonai.lt\/wp-content\/uploads\/2024\/04\/4-Sezonai-logotipas.png\",\"width\":712,\"height\":712,\"caption\":\"4sezonai\"},\"image\":{\"@id\":\"https:\/\/4sezonai.lt\/en\/#\/schema\/logo\/image\/\"},\"sameAs\":[\"https:\/\/www.facebook.com\/4sezonai.lt\",\"https:\/\/www.instagram.com\/4sezonai_\/\"]}]}<\/script>\n<!-- \/ Yoast SEO plugin. -->","yoast_head_json":{"title":"Premium quality freeze-dried berries %sep%%4sezonai%shop","description":"Freeze-dried berries online. Buy larger quantities and save. Free delivery in Lithuania, by post, for orders from 39 \u20ac","robots":{"index":"index","follow":"follow","max-snippet":"max-snippet:-1","max-image-preview":"max-image-preview:large","max-video-preview":"max-video-preview:-1"},"canonical":"https:\/\/4sezonai.lt\/en\/product\/berry-mixture\/","og_locale":"en_US","og_type":"article","og_title":"Premium quality freeze-dried berries %sep%%4sezonai%shop","og_description":"Freeze-dried berries online. Buy larger quantities and save. Free delivery in Lithuania, by post, for orders from 39 \u20ac","og_url":"https:\/\/4sezonai.lt\/en\/product\/berry-mixture\/","og_site_name":"4sezonai","article_publisher":"https:\/\/www.facebook.com\/4sezonai.lt","article_modified_time":"2025-11-15T09:18:01+00:00","og_image":[{"width":1024,"height":1024,"url":"https:\/\/4sezonai.lt\/wp-content\/uploads\/2023\/12\/web-23.jpg","type":"image\/jpeg"}],"twitter_card":"summary_large_image","twitter_misc":{"Est. reading time":"2 minutes"},"schema":{"@context":"https:\/\/schema.org","@graph":[{"@type":"WebPage","@id":"https:\/\/4sezonai.lt\/en\/product\/berry-mixture\/","url":"https:\/\/4sezonai.lt\/en\/product\/berry-mixture\/","name":"Premium quality freeze-dried berries %sep%%4sezonai%shop","isPartOf":{"@id":"https:\/\/4sezonai.lt\/en\/#website"},"primaryImageOfPage":{"@id":"https:\/\/4sezonai.lt\/en\/product\/berry-mixture\/#primaryimage"},"image":{"@id":"https:\/\/4sezonai.lt\/en\/product\/berry-mixture\/#primaryimage"},"thumbnailUrl":"https:\/\/4sezonai.lt\/wp-content\/uploads\/2023\/12\/web-23.jpg","datePublished":"2023-12-01T12:59:54+00:00","dateModified":"2025-11-15T09:18:01+00:00","description":"Freeze-dried berries online. Buy larger quantities and save. Free delivery in Lithuania, by post, for orders from 39 \u20ac","breadcrumb":{"@id":"https:\/\/4sezonai.lt\/en\/product\/berry-mixture\/#breadcrumb"},"inLanguage":"en-US","potentialAction":[{"@type":"ReadAction","target":["https:\/\/4sezonai.lt\/en\/product\/berry-mixture\/"]}]},{"@type":"ImageObject","inLanguage":"en-US","@id":"https:\/\/4sezonai.lt\/en\/product\/berry-mixture\/#primaryimage","url":"https:\/\/4sezonai.lt\/wp-content\/uploads\/2023\/12\/web-23.jpg","contentUrl":"https:\/\/4sezonai.lt\/wp-content\/uploads\/2023\/12\/web-23.jpg","width":1024,"height":1024,"caption":"freeze-dried berries"},{"@type":"BreadcrumbList","@id":"https:\/\/4sezonai.lt\/en\/product\/berry-mixture\/#breadcrumb","itemListElement":[{"@type":"ListItem","position":1,"name":"Pagrindinis","item":"https:\/\/4sezonai.lt\/en\/"},{"@type":"ListItem","position":2,"name":"Shop","item":"https:\/\/4sezonai.lt\/en\/shop\/"},{"@type":"ListItem","position":3,"name":"Berry mixture"}]},{"@type":"WebSite","@id":"https:\/\/4sezonai.lt\/en\/#website","url":"https:\/\/4sezonai.lt\/en\/","name":"4sezonai","description":"Auk\u0161\u010diausios kokyb\u0117s liofilzuoti produktai","publisher":{"@id":"https:\/\/4sezonai.lt\/en\/#organization"},"potentialAction":[{"@type":"SearchAction","target":{"@type":"EntryPoint","urlTemplate":"https:\/\/4sezonai.lt\/en\/?s={search_term_string}"},"query-input":{"@type":"PropertyValueSpecification","valueRequired":true,"valueName":"search_term_string"}}],"inLanguage":"en-US"},{"@type":"Organization","@id":"https:\/\/4sezonai.lt\/en\/#organization","name":"4sezonai","url":"https:\/\/4sezonai.lt\/en\/","logo":{"@type":"ImageObject","inLanguage":"en-US","@id":"https:\/\/4sezonai.lt\/en\/#\/schema\/logo\/image\/","url":"https:\/\/4sezonai.lt\/wp-content\/uploads\/2024\/04\/4-Sezonai-logotipas.png","contentUrl":"https:\/\/4sezonai.lt\/wp-content\/uploads\/2024\/04\/4-Sezonai-logotipas.png","width":712,"height":712,"caption":"4sezonai"},"image":{"@id":"https:\/\/4sezonai.lt\/en\/#\/schema\/logo\/image\/"},"sameAs":["https:\/\/www.facebook.com\/4sezonai.lt","https:\/\/www.instagram.com\/4sezonai_\/"]}]}},"_links":{"self":[{"href":"https:\/\/4sezonai.lt\/en\/wp-json\/wp\/v2\/product\/6850","targetHints":{"allow":["GET"]}}],"collection":[{"href":"https:\/\/4sezonai.lt\/en\/wp-json\/wp\/v2\/product"}],"about":[{"href":"https:\/\/4sezonai.lt\/en\/wp-json\/wp\/v2\/types\/product"}],"replies":[{"embeddable":true,"href":"https:\/\/4sezonai.lt\/en\/wp-json\/wp\/v2\/comments?post=6850"}],"wp:featuredmedia":[{"embeddable":true,"href":"https:\/\/4sezonai.lt\/en\/wp-json\/wp\/v2\/media\/6354"}],"wp:attachment":[{"href":"https:\/\/4sezonai.lt\/en\/wp-json\/wp\/v2\/media?parent=6850"}],"wp:term":[{"taxonomy":"product_brand","embeddable":true,"href":"https:\/\/4sezonai.lt\/en\/wp-json\/wp\/v2\/product_brand?post=6850"},{"taxonomy":"product_cat","embeddable":true,"href":"https:\/\/4sezonai.lt\/en\/wp-json\/wp\/v2\/product_cat?post=6850"},{"taxonomy":"product_tag","embeddable":true,"href":"https:\/\/4sezonai.lt\/en\/wp-json\/wp\/v2\/product_tag?post=6850"}],"curies":[{"name":"wp","href":"https:\/\/api.w.org\/{rel}","templated":true}]}}