{"id":6858,"date":"2023-12-01T16:07:01","date_gmt":"2023-12-01T13:07:01","guid":{"rendered":"https:\/\/4sezonai.lt\/produktas\/pieces-of-raspberries\/"},"modified":"2023-12-01T16:07:01","modified_gmt":"2023-12-01T14:07:01","slug":"pieces-of-raspberries","status":"publish","type":"product","link":"https:\/\/4sezonai.lt\/en\/product\/pieces-of-raspberries\/","title":{"rendered":"Pieces of raspberries"},"content":{"rendered":"<h2>Freeze-dried raspberries<\/h2>\n<p>Freeze-dried raspberry pieces can be used to flavour green smoothies, porridges, cottage cheese, yoghurts, drinks, and to decorate desserts or other food dishes.<\/p>\n<p>In our shop you can also buy <strong><a href=\"https:\/\/4sezonai.lt\/produktas\/liofilizuotos-avietes\/\">freeze-dried raspberries<\/a> <\/strong>and<a href=\"https:\/\/4sezonai.lt\/en\/produktas\/raspberry-powder\/\"><strong> freeze-dried raspberry powder<\/strong><\/a>.<\/p>\n<ul>\n<li>Store in a particularly dry, dark and cool place.<\/li>\n<li>Net weight 40 g \/ 250 g<\/li>\n<li><em>The 250 g product is packaged in a white doy-pack bag with a zip closure for easy resealing. The dimensions of the bag are 30 x 20 cm. <\/em><\/li>\n<\/ul>\n","protected":false},"excerpt":{"rendered":"<ul>\n<li>Made from fresh raspberries grown in Lithuania<\/li>\n<li>Hand-picked and thoroughly freeze-dried<\/li>\n<li>Natural taste, aroma and colour<\/li>\n<li>Preserves up to 97% of vitamins and beneficial substances<\/li>\n<li>100% natural, without preservatives or additives<\/li>\n<\/ul>\n<p>&nbsp;<\/p>\n","protected":false},"featured_media":7210,"comment_status":"open","ping_status":"closed","template":"","meta":{"_acf_changed":false,"wprm-recipe-roundup-name":"","wprm-recipe-roundup-description":""},"product_brand":[],"product_cat":[347,349],"product_tag":[],"class_list":{"0":"post-6858","1":"product","2":"type-product","3":"status-publish","4":"has-post-thumbnail","6":"product_cat-berries","7":"product_cat-natural-teas","9":"first","10":"instock","11":"shipping-taxable","12":"purchasable","13":"product-type-variable"},"acf":[],"yoast_head":"<!-- This site is optimized with the Yoast SEO plugin v25.5 - https:\/\/yoast.com\/wordpress\/plugins\/seo\/ -->\n<title>Freeze-dried raspberries: enjoy freshness now! -%4sezonai%<\/title>\n<meta name=\"description\" content=\"Freeze-dried raspberries: longer shelf life without preservatives! Enjoy fresh raspberries, even out of season.\" \/>\n<meta name=\"robots\" content=\"index, follow, max-snippet:-1, max-image-preview:large, max-video-preview:-1\" \/>\n<link rel=\"canonical\" href=\"https:\/\/4sezonai.lt\/en\/product\/pieces-of-raspberries\/\" \/>\n<meta property=\"og:locale\" content=\"en_US\" \/>\n<meta property=\"og:type\" content=\"article\" \/>\n<meta property=\"og:title\" content=\"Freeze-dried raspberries: enjoy freshness now! -%4sezonai%\" \/>\n<meta property=\"og:description\" content=\"Freeze-dried raspberries: longer shelf life without preservatives! Enjoy fresh raspberries, even out of season.\" \/>\n<meta property=\"og:url\" content=\"https:\/\/4sezonai.lt\/en\/product\/pieces-of-raspberries\/\" \/>\n<meta property=\"og:site_name\" content=\"4sezonai\" \/>\n<meta property=\"article:publisher\" content=\"https:\/\/www.facebook.com\/4sezonai.lt\" \/>\n<meta property=\"article:modified_time\" content=\"2023-12-01T14:07:01+00:00\" \/>\n<meta property=\"og:image\" content=\"https:\/\/4sezonai.lt\/wp-content\/uploads\/2025\/06\/GB9A2736.jpg\" \/>\n\t<meta property=\"og:image:width\" content=\"1289\" \/>\n\t<meta property=\"og:image:height\" content=\"1290\" \/>\n\t<meta property=\"og:image:type\" content=\"image\/jpeg\" \/>\n<meta name=\"twitter:card\" content=\"summary_large_image\" \/>\n<script type=\"application\/ld+json\" class=\"yoast-schema-graph\">{\"@context\":\"https:\/\/schema.org\",\"@graph\":[{\"@type\":\"WebPage\",\"@id\":\"https:\/\/4sezonai.lt\/en\/product\/pieces-of-raspberries\/\",\"url\":\"https:\/\/4sezonai.lt\/en\/product\/pieces-of-raspberries\/\",\"name\":\"Freeze-dried raspberries: enjoy freshness now! -%4sezonai%\",\"isPartOf\":{\"@id\":\"https:\/\/4sezonai.lt\/en\/#website\"},\"primaryImageOfPage\":{\"@id\":\"https:\/\/4sezonai.lt\/en\/product\/pieces-of-raspberries\/#primaryimage\"},\"image\":{\"@id\":\"https:\/\/4sezonai.lt\/en\/product\/pieces-of-raspberries\/#primaryimage\"},\"thumbnailUrl\":\"https:\/\/4sezonai.lt\/wp-content\/uploads\/2025\/06\/GB9A2736.jpg\",\"datePublished\":\"2023-12-01T13:07:01+00:00\",\"dateModified\":\"2023-12-01T14:07:01+00:00\",\"description\":\"Freeze-dried raspberries: longer shelf life without preservatives! Enjoy fresh raspberries, even out of season.\",\"breadcrumb\":{\"@id\":\"https:\/\/4sezonai.lt\/en\/product\/pieces-of-raspberries\/#breadcrumb\"},\"inLanguage\":\"en-US\",\"potentialAction\":[{\"@type\":\"ReadAction\",\"target\":[\"https:\/\/4sezonai.lt\/en\/product\/pieces-of-raspberries\/\"]}]},{\"@type\":\"ImageObject\",\"inLanguage\":\"en-US\",\"@id\":\"https:\/\/4sezonai.lt\/en\/product\/pieces-of-raspberries\/#primaryimage\",\"url\":\"https:\/\/4sezonai.lt\/wp-content\/uploads\/2025\/06\/GB9A2736.jpg\",\"contentUrl\":\"https:\/\/4sezonai.lt\/wp-content\/uploads\/2025\/06\/GB9A2736.jpg\",\"width\":1289,\"height\":1290,\"caption\":\"Avie\u010di\u0173 gabaliukai (Gruod\u017eio 1-osios staigmena)\"},{\"@type\":\"BreadcrumbList\",\"@id\":\"https:\/\/4sezonai.lt\/en\/product\/pieces-of-raspberries\/#breadcrumb\",\"itemListElement\":[{\"@type\":\"ListItem\",\"position\":1,\"name\":\"Pagrindinis\",\"item\":\"https:\/\/4sezonai.lt\/en\/\"},{\"@type\":\"ListItem\",\"position\":2,\"name\":\"Shop\",\"item\":\"https:\/\/4sezonai.lt\/en\/shop\/\"},{\"@type\":\"ListItem\",\"position\":3,\"name\":\"Pieces of raspberries\"}]},{\"@type\":\"WebSite\",\"@id\":\"https:\/\/4sezonai.lt\/en\/#website\",\"url\":\"https:\/\/4sezonai.lt\/en\/\",\"name\":\"4sezonai\",\"description\":\"Auk\u0161\u010diausios kokyb\u0117s liofilzuoti produktai\",\"publisher\":{\"@id\":\"https:\/\/4sezonai.lt\/en\/#organization\"},\"potentialAction\":[{\"@type\":\"SearchAction\",\"target\":{\"@type\":\"EntryPoint\",\"urlTemplate\":\"https:\/\/4sezonai.lt\/en\/?s={search_term_string}\"},\"query-input\":{\"@type\":\"PropertyValueSpecification\",\"valueRequired\":true,\"valueName\":\"search_term_string\"}}],\"inLanguage\":\"en-US\"},{\"@type\":\"Organization\",\"@id\":\"https:\/\/4sezonai.lt\/en\/#organization\",\"name\":\"4sezonai\",\"url\":\"https:\/\/4sezonai.lt\/en\/\",\"logo\":{\"@type\":\"ImageObject\",\"inLanguage\":\"en-US\",\"@id\":\"https:\/\/4sezonai.lt\/en\/#\/schema\/logo\/image\/\",\"url\":\"https:\/\/4sezonai.lt\/wp-content\/uploads\/2024\/04\/4-Sezonai-logotipas.png\",\"contentUrl\":\"https:\/\/4sezonai.lt\/wp-content\/uploads\/2024\/04\/4-Sezonai-logotipas.png\",\"width\":712,\"height\":712,\"caption\":\"4sezonai\"},\"image\":{\"@id\":\"https:\/\/4sezonai.lt\/en\/#\/schema\/logo\/image\/\"},\"sameAs\":[\"https:\/\/www.facebook.com\/4sezonai.lt\",\"https:\/\/www.instagram.com\/4sezonai_\/\"]}]}<\/script>\n<!-- \/ Yoast SEO plugin. -->","yoast_head_json":{"title":"Freeze-dried raspberries: enjoy freshness now! -%4sezonai%","description":"Freeze-dried raspberries: longer shelf life without preservatives! Enjoy fresh raspberries, even out of season.","robots":{"index":"index","follow":"follow","max-snippet":"max-snippet:-1","max-image-preview":"max-image-preview:large","max-video-preview":"max-video-preview:-1"},"canonical":"https:\/\/4sezonai.lt\/en\/product\/pieces-of-raspberries\/","og_locale":"en_US","og_type":"article","og_title":"Freeze-dried raspberries: enjoy freshness now! -%4sezonai%","og_description":"Freeze-dried raspberries: longer shelf life without preservatives! Enjoy fresh raspberries, even out of season.","og_url":"https:\/\/4sezonai.lt\/en\/product\/pieces-of-raspberries\/","og_site_name":"4sezonai","article_publisher":"https:\/\/www.facebook.com\/4sezonai.lt","article_modified_time":"2023-12-01T14:07:01+00:00","og_image":[{"width":1289,"height":1290,"url":"https:\/\/4sezonai.lt\/wp-content\/uploads\/2025\/06\/GB9A2736.jpg","type":"image\/jpeg"}],"twitter_card":"summary_large_image","schema":{"@context":"https:\/\/schema.org","@graph":[{"@type":"WebPage","@id":"https:\/\/4sezonai.lt\/en\/product\/pieces-of-raspberries\/","url":"https:\/\/4sezonai.lt\/en\/product\/pieces-of-raspberries\/","name":"Freeze-dried raspberries: enjoy freshness now! -%4sezonai%","isPartOf":{"@id":"https:\/\/4sezonai.lt\/en\/#website"},"primaryImageOfPage":{"@id":"https:\/\/4sezonai.lt\/en\/product\/pieces-of-raspberries\/#primaryimage"},"image":{"@id":"https:\/\/4sezonai.lt\/en\/product\/pieces-of-raspberries\/#primaryimage"},"thumbnailUrl":"https:\/\/4sezonai.lt\/wp-content\/uploads\/2025\/06\/GB9A2736.jpg","datePublished":"2023-12-01T13:07:01+00:00","dateModified":"2023-12-01T14:07:01+00:00","description":"Freeze-dried raspberries: longer shelf life without preservatives! Enjoy fresh raspberries, even out of season.","breadcrumb":{"@id":"https:\/\/4sezonai.lt\/en\/product\/pieces-of-raspberries\/#breadcrumb"},"inLanguage":"en-US","potentialAction":[{"@type":"ReadAction","target":["https:\/\/4sezonai.lt\/en\/product\/pieces-of-raspberries\/"]}]},{"@type":"ImageObject","inLanguage":"en-US","@id":"https:\/\/4sezonai.lt\/en\/product\/pieces-of-raspberries\/#primaryimage","url":"https:\/\/4sezonai.lt\/wp-content\/uploads\/2025\/06\/GB9A2736.jpg","contentUrl":"https:\/\/4sezonai.lt\/wp-content\/uploads\/2025\/06\/GB9A2736.jpg","width":1289,"height":1290,"caption":"Avie\u010di\u0173 gabaliukai (Gruod\u017eio 1-osios staigmena)"},{"@type":"BreadcrumbList","@id":"https:\/\/4sezonai.lt\/en\/product\/pieces-of-raspberries\/#breadcrumb","itemListElement":[{"@type":"ListItem","position":1,"name":"Pagrindinis","item":"https:\/\/4sezonai.lt\/en\/"},{"@type":"ListItem","position":2,"name":"Shop","item":"https:\/\/4sezonai.lt\/en\/shop\/"},{"@type":"ListItem","position":3,"name":"Pieces of raspberries"}]},{"@type":"WebSite","@id":"https:\/\/4sezonai.lt\/en\/#website","url":"https:\/\/4sezonai.lt\/en\/","name":"4sezonai","description":"Auk\u0161\u010diausios kokyb\u0117s liofilzuoti produktai","publisher":{"@id":"https:\/\/4sezonai.lt\/en\/#organization"},"potentialAction":[{"@type":"SearchAction","target":{"@type":"EntryPoint","urlTemplate":"https:\/\/4sezonai.lt\/en\/?s={search_term_string}"},"query-input":{"@type":"PropertyValueSpecification","valueRequired":true,"valueName":"search_term_string"}}],"inLanguage":"en-US"},{"@type":"Organization","@id":"https:\/\/4sezonai.lt\/en\/#organization","name":"4sezonai","url":"https:\/\/4sezonai.lt\/en\/","logo":{"@type":"ImageObject","inLanguage":"en-US","@id":"https:\/\/4sezonai.lt\/en\/#\/schema\/logo\/image\/","url":"https:\/\/4sezonai.lt\/wp-content\/uploads\/2024\/04\/4-Sezonai-logotipas.png","contentUrl":"https:\/\/4sezonai.lt\/wp-content\/uploads\/2024\/04\/4-Sezonai-logotipas.png","width":712,"height":712,"caption":"4sezonai"},"image":{"@id":"https:\/\/4sezonai.lt\/en\/#\/schema\/logo\/image\/"},"sameAs":["https:\/\/www.facebook.com\/4sezonai.lt","https:\/\/www.instagram.com\/4sezonai_\/"]}]}},"_links":{"self":[{"href":"https:\/\/4sezonai.lt\/en\/wp-json\/wp\/v2\/product\/6858","targetHints":{"allow":["GET"]}}],"collection":[{"href":"https:\/\/4sezonai.lt\/en\/wp-json\/wp\/v2\/product"}],"about":[{"href":"https:\/\/4sezonai.lt\/en\/wp-json\/wp\/v2\/types\/product"}],"replies":[{"embeddable":true,"href":"https:\/\/4sezonai.lt\/en\/wp-json\/wp\/v2\/comments?post=6858"}],"wp:featuredmedia":[{"embeddable":true,"href":"https:\/\/4sezonai.lt\/en\/wp-json\/wp\/v2\/media\/7210"}],"wp:attachment":[{"href":"https:\/\/4sezonai.lt\/en\/wp-json\/wp\/v2\/media?parent=6858"}],"wp:term":[{"taxonomy":"product_brand","embeddable":true,"href":"https:\/\/4sezonai.lt\/en\/wp-json\/wp\/v2\/product_brand?post=6858"},{"taxonomy":"product_cat","embeddable":true,"href":"https:\/\/4sezonai.lt\/en\/wp-json\/wp\/v2\/product_cat?post=6858"},{"taxonomy":"product_tag","embeddable":true,"href":"https:\/\/4sezonai.lt\/en\/wp-json\/wp\/v2\/product_tag?post=6858"}],"curies":[{"name":"wp","href":"https:\/\/api.w.org\/{rel}","templated":true}]}}