{"id":6865,"date":"2023-12-01T16:19:20","date_gmt":"2023-12-01T13:19:20","guid":{"rendered":"https:\/\/4sezonai.lt\/produktas\/mini-blueberry-and-strawberry-set\/"},"modified":"2023-12-01T16:19:20","modified_gmt":"2023-12-01T14:19:20","slug":"mini-blueberry-and-strawberry-set","status":"publish","type":"product","link":"https:\/\/4sezonai.lt\/en\/product\/mini-blueberry-and-strawberry-set\/","title":{"rendered":"Mini blueberry and strawberry set"},"content":{"rendered":"<p>Freeze-dried berries are a great way to promote healthy eating in children. Instead of the usual treats, offer them a natural and tasty product &#8211; freeze-dried strawberries or blueberries. <\/p>\n<p>Freeze-dried blueberries and strawberries are packed with vitamins because they are 100% natural and grown on Lithuanian farms and prepared by us.<\/p>\n<p>The products come in a beautiful white box, gift-wrapped. You can also offer them as a healthy alternative to sweets for guests or children. <\/p>\n<p>*Everything is made with only plant-based ingredients. No added sugar, sweeteners, preservatives or additives. Take care of yourself and fill your body with vitamins!  <\/p>\n<p>The set includes:<\/p>\n<ul>\n<li><a href=\"https:\/\/4sezonai.lt\/en\/produktas\/blueberries\/\" target=\"_blank\" rel=\"noopener\">Freeze-dried blueberries<\/a><\/li>\n<li><a href=\"https:\/\/4sezonai.lt\/en\/produktas\/strawberries\/\" target=\"_blank\" rel=\"noopener\">Freeze-dried strawberries<\/a><\/li>\n<\/ul>\n","protected":false},"excerpt":{"rendered":"<p>Freeze-dried strawberries and blueberries &#8211; a healthy and tasty snack for children and the whole family. 100% natural, with no added sugars or additives, these berries preserve vitamins and delight with a sweet, summery taste. <\/p>\n","protected":false},"featured_media":6866,"comment_status":"open","ping_status":"closed","template":"","meta":{"_acf_changed":false,"wprm-recipe-roundup-name":"","wprm-recipe-roundup-description":""},"product_brand":[],"product_cat":[347,348],"product_tag":[],"class_list":{"0":"post-6865","1":"product","2":"type-product","3":"status-publish","4":"has-post-thumbnail","6":"product_cat-berries","7":"product_cat-gift-sets-2","9":"first","10":"instock","11":"shipping-taxable","12":"purchasable","13":"product-type-simple"},"acf":[],"yoast_head":"<!-- This site is optimized with the Yoast SEO plugin v25.5 - https:\/\/yoast.com\/wordpress\/plugins\/seo\/ -->\n<title>Mini blueberry and strawberry set%-% Freeze-dried berries for good price<\/title>\n<meta name=\"description\" content=\"A healthy alternative to sweets for guests or children. Freeze-dried blueberries and strawberries at a good price. 100% natural and grown in Lithuania.\" \/>\n<meta name=\"robots\" content=\"index, follow, max-snippet:-1, max-image-preview:large, max-video-preview:-1\" \/>\n<link rel=\"canonical\" href=\"https:\/\/4sezonai.lt\/en\/product\/mini-blueberry-and-strawberry-set\/\" \/>\n<meta property=\"og:locale\" content=\"en_US\" \/>\n<meta property=\"og:type\" content=\"article\" \/>\n<meta property=\"og:title\" content=\"Mini blueberry and strawberry set%-% Freeze-dried berries for good price\" \/>\n<meta property=\"og:description\" content=\"A healthy alternative to sweets for guests or children. Freeze-dried blueberries and strawberries at a good price. 100% natural and grown in Lithuania.\" \/>\n<meta property=\"og:url\" content=\"https:\/\/4sezonai.lt\/en\/product\/mini-blueberry-and-strawberry-set\/\" \/>\n<meta property=\"og:site_name\" content=\"4sezonai\" \/>\n<meta property=\"article:publisher\" content=\"https:\/\/www.facebook.com\/4sezonai.lt\" \/>\n<meta property=\"article:modified_time\" content=\"2023-12-01T14:19:20+00:00\" \/>\n<meta property=\"og:image\" content=\"https:\/\/4sezonai.lt\/wp-content\/uploads\/2023\/12\/Dovanu-riinkinys-moterims.jpeg\" \/>\n\t<meta property=\"og:image:width\" content=\"1000\" \/>\n\t<meta property=\"og:image:height\" content=\"952\" \/>\n\t<meta property=\"og:image:type\" content=\"image\/jpeg\" \/>\n<meta name=\"twitter:card\" content=\"summary_large_image\" \/>\n<meta name=\"twitter:label1\" content=\"Est. reading time\" \/>\n\t<meta name=\"twitter:data1\" content=\"1 minute\" \/>\n<script type=\"application\/ld+json\" class=\"yoast-schema-graph\">{\"@context\":\"https:\/\/schema.org\",\"@graph\":[{\"@type\":\"WebPage\",\"@id\":\"https:\/\/4sezonai.lt\/en\/product\/mini-blueberry-and-strawberry-set\/\",\"url\":\"https:\/\/4sezonai.lt\/en\/product\/mini-blueberry-and-strawberry-set\/\",\"name\":\"Mini blueberry and strawberry set%-% Freeze-dried berries for good price\",\"isPartOf\":{\"@id\":\"https:\/\/4sezonai.lt\/en\/#website\"},\"primaryImageOfPage\":{\"@id\":\"https:\/\/4sezonai.lt\/en\/product\/mini-blueberry-and-strawberry-set\/#primaryimage\"},\"image\":{\"@id\":\"https:\/\/4sezonai.lt\/en\/product\/mini-blueberry-and-strawberry-set\/#primaryimage\"},\"thumbnailUrl\":\"https:\/\/4sezonai.lt\/wp-content\/uploads\/2023\/12\/Dovanu-riinkinys-moterims.jpeg\",\"datePublished\":\"2023-12-01T13:19:20+00:00\",\"dateModified\":\"2023-12-01T14:19:20+00:00\",\"description\":\"A healthy alternative to sweets for guests or children. Freeze-dried blueberries and strawberries at a good price. 100% natural and grown in Lithuania.\",\"breadcrumb\":{\"@id\":\"https:\/\/4sezonai.lt\/en\/product\/mini-blueberry-and-strawberry-set\/#breadcrumb\"},\"inLanguage\":\"en-US\",\"potentialAction\":[{\"@type\":\"ReadAction\",\"target\":[\"https:\/\/4sezonai.lt\/en\/product\/mini-blueberry-and-strawberry-set\/\"]}]},{\"@type\":\"ImageObject\",\"inLanguage\":\"en-US\",\"@id\":\"https:\/\/4sezonai.lt\/en\/product\/mini-blueberry-and-strawberry-set\/#primaryimage\",\"url\":\"https:\/\/4sezonai.lt\/wp-content\/uploads\/2023\/12\/Dovanu-riinkinys-moterims.jpeg\",\"contentUrl\":\"https:\/\/4sezonai.lt\/wp-content\/uploads\/2023\/12\/Dovanu-riinkinys-moterims.jpeg\",\"width\":1000,\"height\":952,\"caption\":\"Gift set for women\"},{\"@type\":\"BreadcrumbList\",\"@id\":\"https:\/\/4sezonai.lt\/en\/product\/mini-blueberry-and-strawberry-set\/#breadcrumb\",\"itemListElement\":[{\"@type\":\"ListItem\",\"position\":1,\"name\":\"Pagrindinis\",\"item\":\"https:\/\/4sezonai.lt\/en\/\"},{\"@type\":\"ListItem\",\"position\":2,\"name\":\"Shop\",\"item\":\"https:\/\/4sezonai.lt\/en\/shop\/\"},{\"@type\":\"ListItem\",\"position\":3,\"name\":\"Mini blueberry and strawberry set\"}]},{\"@type\":\"WebSite\",\"@id\":\"https:\/\/4sezonai.lt\/en\/#website\",\"url\":\"https:\/\/4sezonai.lt\/en\/\",\"name\":\"4sezonai\",\"description\":\"Auk\u0161\u010diausios kokyb\u0117s liofilzuoti produktai\",\"publisher\":{\"@id\":\"https:\/\/4sezonai.lt\/en\/#organization\"},\"potentialAction\":[{\"@type\":\"SearchAction\",\"target\":{\"@type\":\"EntryPoint\",\"urlTemplate\":\"https:\/\/4sezonai.lt\/en\/?s={search_term_string}\"},\"query-input\":{\"@type\":\"PropertyValueSpecification\",\"valueRequired\":true,\"valueName\":\"search_term_string\"}}],\"inLanguage\":\"en-US\"},{\"@type\":\"Organization\",\"@id\":\"https:\/\/4sezonai.lt\/en\/#organization\",\"name\":\"4sezonai\",\"url\":\"https:\/\/4sezonai.lt\/en\/\",\"logo\":{\"@type\":\"ImageObject\",\"inLanguage\":\"en-US\",\"@id\":\"https:\/\/4sezonai.lt\/en\/#\/schema\/logo\/image\/\",\"url\":\"https:\/\/4sezonai.lt\/wp-content\/uploads\/2024\/04\/4-Sezonai-logotipas.png\",\"contentUrl\":\"https:\/\/4sezonai.lt\/wp-content\/uploads\/2024\/04\/4-Sezonai-logotipas.png\",\"width\":712,\"height\":712,\"caption\":\"4sezonai\"},\"image\":{\"@id\":\"https:\/\/4sezonai.lt\/en\/#\/schema\/logo\/image\/\"},\"sameAs\":[\"https:\/\/www.facebook.com\/4sezonai.lt\",\"https:\/\/www.instagram.com\/4sezonai_\/\"]}]}<\/script>\n<!-- \/ Yoast SEO plugin. -->","yoast_head_json":{"title":"Mini blueberry and strawberry set%-% Freeze-dried berries for good price","description":"A healthy alternative to sweets for guests or children. Freeze-dried blueberries and strawberries at a good price. 100% natural and grown in Lithuania.","robots":{"index":"index","follow":"follow","max-snippet":"max-snippet:-1","max-image-preview":"max-image-preview:large","max-video-preview":"max-video-preview:-1"},"canonical":"https:\/\/4sezonai.lt\/en\/product\/mini-blueberry-and-strawberry-set\/","og_locale":"en_US","og_type":"article","og_title":"Mini blueberry and strawberry set%-% Freeze-dried berries for good price","og_description":"A healthy alternative to sweets for guests or children. Freeze-dried blueberries and strawberries at a good price. 100% natural and grown in Lithuania.","og_url":"https:\/\/4sezonai.lt\/en\/product\/mini-blueberry-and-strawberry-set\/","og_site_name":"4sezonai","article_publisher":"https:\/\/www.facebook.com\/4sezonai.lt","article_modified_time":"2023-12-01T14:19:20+00:00","og_image":[{"width":1000,"height":952,"url":"https:\/\/4sezonai.lt\/wp-content\/uploads\/2023\/12\/Dovanu-riinkinys-moterims.jpeg","type":"image\/jpeg"}],"twitter_card":"summary_large_image","twitter_misc":{"Est. reading time":"1 minute"},"schema":{"@context":"https:\/\/schema.org","@graph":[{"@type":"WebPage","@id":"https:\/\/4sezonai.lt\/en\/product\/mini-blueberry-and-strawberry-set\/","url":"https:\/\/4sezonai.lt\/en\/product\/mini-blueberry-and-strawberry-set\/","name":"Mini blueberry and strawberry set%-% Freeze-dried berries for good price","isPartOf":{"@id":"https:\/\/4sezonai.lt\/en\/#website"},"primaryImageOfPage":{"@id":"https:\/\/4sezonai.lt\/en\/product\/mini-blueberry-and-strawberry-set\/#primaryimage"},"image":{"@id":"https:\/\/4sezonai.lt\/en\/product\/mini-blueberry-and-strawberry-set\/#primaryimage"},"thumbnailUrl":"https:\/\/4sezonai.lt\/wp-content\/uploads\/2023\/12\/Dovanu-riinkinys-moterims.jpeg","datePublished":"2023-12-01T13:19:20+00:00","dateModified":"2023-12-01T14:19:20+00:00","description":"A healthy alternative to sweets for guests or children. Freeze-dried blueberries and strawberries at a good price. 100% natural and grown in Lithuania.","breadcrumb":{"@id":"https:\/\/4sezonai.lt\/en\/product\/mini-blueberry-and-strawberry-set\/#breadcrumb"},"inLanguage":"en-US","potentialAction":[{"@type":"ReadAction","target":["https:\/\/4sezonai.lt\/en\/product\/mini-blueberry-and-strawberry-set\/"]}]},{"@type":"ImageObject","inLanguage":"en-US","@id":"https:\/\/4sezonai.lt\/en\/product\/mini-blueberry-and-strawberry-set\/#primaryimage","url":"https:\/\/4sezonai.lt\/wp-content\/uploads\/2023\/12\/Dovanu-riinkinys-moterims.jpeg","contentUrl":"https:\/\/4sezonai.lt\/wp-content\/uploads\/2023\/12\/Dovanu-riinkinys-moterims.jpeg","width":1000,"height":952,"caption":"Gift set for women"},{"@type":"BreadcrumbList","@id":"https:\/\/4sezonai.lt\/en\/product\/mini-blueberry-and-strawberry-set\/#breadcrumb","itemListElement":[{"@type":"ListItem","position":1,"name":"Pagrindinis","item":"https:\/\/4sezonai.lt\/en\/"},{"@type":"ListItem","position":2,"name":"Shop","item":"https:\/\/4sezonai.lt\/en\/shop\/"},{"@type":"ListItem","position":3,"name":"Mini blueberry and strawberry set"}]},{"@type":"WebSite","@id":"https:\/\/4sezonai.lt\/en\/#website","url":"https:\/\/4sezonai.lt\/en\/","name":"4sezonai","description":"Auk\u0161\u010diausios kokyb\u0117s liofilzuoti produktai","publisher":{"@id":"https:\/\/4sezonai.lt\/en\/#organization"},"potentialAction":[{"@type":"SearchAction","target":{"@type":"EntryPoint","urlTemplate":"https:\/\/4sezonai.lt\/en\/?s={search_term_string}"},"query-input":{"@type":"PropertyValueSpecification","valueRequired":true,"valueName":"search_term_string"}}],"inLanguage":"en-US"},{"@type":"Organization","@id":"https:\/\/4sezonai.lt\/en\/#organization","name":"4sezonai","url":"https:\/\/4sezonai.lt\/en\/","logo":{"@type":"ImageObject","inLanguage":"en-US","@id":"https:\/\/4sezonai.lt\/en\/#\/schema\/logo\/image\/","url":"https:\/\/4sezonai.lt\/wp-content\/uploads\/2024\/04\/4-Sezonai-logotipas.png","contentUrl":"https:\/\/4sezonai.lt\/wp-content\/uploads\/2024\/04\/4-Sezonai-logotipas.png","width":712,"height":712,"caption":"4sezonai"},"image":{"@id":"https:\/\/4sezonai.lt\/en\/#\/schema\/logo\/image\/"},"sameAs":["https:\/\/www.facebook.com\/4sezonai.lt","https:\/\/www.instagram.com\/4sezonai_\/"]}]}},"_links":{"self":[{"href":"https:\/\/4sezonai.lt\/en\/wp-json\/wp\/v2\/product\/6865","targetHints":{"allow":["GET"]}}],"collection":[{"href":"https:\/\/4sezonai.lt\/en\/wp-json\/wp\/v2\/product"}],"about":[{"href":"https:\/\/4sezonai.lt\/en\/wp-json\/wp\/v2\/types\/product"}],"replies":[{"embeddable":true,"href":"https:\/\/4sezonai.lt\/en\/wp-json\/wp\/v2\/comments?post=6865"}],"wp:featuredmedia":[{"embeddable":true,"href":"https:\/\/4sezonai.lt\/en\/wp-json\/wp\/v2\/media\/6866"}],"wp:attachment":[{"href":"https:\/\/4sezonai.lt\/en\/wp-json\/wp\/v2\/media?parent=6865"}],"wp:term":[{"taxonomy":"product_brand","embeddable":true,"href":"https:\/\/4sezonai.lt\/en\/wp-json\/wp\/v2\/product_brand?post=6865"},{"taxonomy":"product_cat","embeddable":true,"href":"https:\/\/4sezonai.lt\/en\/wp-json\/wp\/v2\/product_cat?post=6865"},{"taxonomy":"product_tag","embeddable":true,"href":"https:\/\/4sezonai.lt\/en\/wp-json\/wp\/v2\/product_tag?post=6865"}],"curies":[{"name":"wp","href":"https:\/\/api.w.org\/{rel}","templated":true}]}}