{"id":7042,"date":"2025-11-10T15:27:10","date_gmt":"2025-11-10T13:27:10","guid":{"rendered":"https:\/\/4sezonai.lt\/produktas\/advent-calendar-for-the-family\/"},"modified":"2025-12-25T12:24:49","modified_gmt":"2025-12-25T10:24:49","slug":"advent-calendar-for-the-family","status":"publish","type":"product","link":"https:\/\/4sezonai.lt\/en\/product\/advent-calendar-for-the-family\/","title":{"rendered":"Advent calendar for the family"},"content":{"rendered":"<div>A festive welcome for the whole family with surprises every day!<\/div>\n<div>Discover the magical joy of festive anticipation with the 4 Seasons <span class=\"il\">advent<\/span> calendar for families! It&#8217;s not just a box of freeze-dried products that taste extraordinary, it&#8217;s a 24-day journey for your children and parents, full of fun discoveries, new tastes and shared moments for the whole family.Inside the stylish box, you&#8217;ll find different products for the whole family &#8211; from delicious freeze-dried snacks to unique surprises you won&#8217;t find anywhere else! <\/p>\n<p>A new discovery every day:<br \/>\nNumbered gifts from 1 to 24 days. Suitable even for multiple children, please select at the product features. Not only will children be able to try the products, but there will also be extra bags (13 pcs) for parents.<br \/>\nEach pack has a QR code &#8211; scan it and you will find a digital <span class=\"il\">advent<\/span> calendar &#8211; activities for children, recipes, discounts, conversation ideas or fun activities for the family.<br \/>\nThe ideal way to create Christmas traditions, learn, laugh and look forward to Christmas together!  <\/p>\n<\/div>\n<div>\n<p>Why choose this <span class=\"il\">advent<\/span> calendar:<\/p>\n<ul>\n<li>Designed for the whole family &#8211; fun for both children and adults.<\/li>\n<li>Inside, freeze-dried products for you to taste first!<\/li>\n<li>The gifts are packaged stylishly and neatly, ready to delight you every day.<\/li>\n<li>The perfect Christmas gift for family or friends who love new flavours.<\/li>\n<\/ul>\n<p>Give yourself the joy of the holidays every day until Christmas!<\/p>\n<p>The stylish box contains 37 pieces (61 pieces for 2 children) of disposable bags with freeze-dried products inside<\/p>\n<\/div>\n","protected":false},"excerpt":{"rendered":"<p>Discover the joy of festive anticipation with the 4 Seasons Family Advent Calendar &#8211; a 24-day journey through surprises, flavours and shared moments. Each numbered pack hides freeze-dried snacks and QR codes with fun activities, recipes and surprises for both children and parents. The stylishly packaged calendar is the perfect gift for families who want to celebrate the holidays with taste and good cheer.  <\/p>\n<p>The stylish box contains 37 pieces (61 pieces for 2 children) of disposable bags with freeze-dried products inside<\/p>\n","protected":false},"featured_media":7047,"comment_status":"open","ping_status":"closed","template":"","meta":{"_acf_changed":false,"wprm-recipe-roundup-name":"","wprm-recipe-roundup-description":""},"product_brand":[],"product_cat":[348,362],"product_tag":[],"class_list":{"0":"post-7042","1":"product","2":"type-product","3":"status-publish","4":"has-post-thumbnail","6":"product_cat-gift-sets-2","7":"product_cat-popular-at","9":"first","10":"outofstock","11":"shipping-taxable","12":"purchasable","13":"product-type-variable"},"acf":[],"yoast_head":"<!-- This site is optimized with the Yoast SEO plugin v25.5 - https:\/\/yoast.com\/wordpress\/plugins\/seo\/ -->\n<title>Advent calendar for the family - 4sezonai<\/title>\n<meta name=\"description\" content=\"Discover the 4 Sezonai Advent Calendar for the family - 24 days of surprises with freeze-dried snacks, recipes and activities for kids and parents. Create a festive anticipation full of joy and new tastes!\" \/>\n<meta name=\"robots\" content=\"index, follow, max-snippet:-1, max-image-preview:large, max-video-preview:-1\" \/>\n<link rel=\"canonical\" href=\"https:\/\/4sezonai.lt\/en\/product\/advent-calendar-for-the-family\/\" \/>\n<meta property=\"og:locale\" content=\"en_US\" \/>\n<meta property=\"og:type\" content=\"article\" \/>\n<meta property=\"og:title\" content=\"Advent calendar for the family - 4sezonai\" \/>\n<meta property=\"og:description\" content=\"Discover the 4 Sezonai Advent Calendar for the family - 24 days of surprises with freeze-dried snacks, recipes and activities for kids and parents. Create a festive anticipation full of joy and new tastes!\" \/>\n<meta property=\"og:url\" content=\"https:\/\/4sezonai.lt\/en\/product\/advent-calendar-for-the-family\/\" \/>\n<meta property=\"og:site_name\" content=\"4sezonai\" \/>\n<meta property=\"article:publisher\" content=\"https:\/\/www.facebook.com\/4sezonai.lt\" \/>\n<meta property=\"article:modified_time\" content=\"2025-12-25T10:24:49+00:00\" \/>\n<meta property=\"og:image\" content=\"https:\/\/4sezonai.lt\/wp-content\/uploads\/2025\/11\/web-42.jpg\" \/>\n\t<meta property=\"og:image:width\" content=\"2048\" \/>\n\t<meta property=\"og:image:height\" content=\"2048\" \/>\n\t<meta property=\"og:image:type\" content=\"image\/jpeg\" \/>\n<meta name=\"twitter:card\" content=\"summary_large_image\" \/>\n<meta name=\"twitter:label1\" content=\"Est. reading time\" \/>\n\t<meta name=\"twitter:data1\" content=\"1 minute\" \/>\n<script type=\"application\/ld+json\" class=\"yoast-schema-graph\">{\"@context\":\"https:\/\/schema.org\",\"@graph\":[{\"@type\":\"WebPage\",\"@id\":\"https:\/\/4sezonai.lt\/en\/product\/advent-calendar-for-the-family\/\",\"url\":\"https:\/\/4sezonai.lt\/en\/product\/advent-calendar-for-the-family\/\",\"name\":\"Advent calendar for the family - 4sezonai\",\"isPartOf\":{\"@id\":\"https:\/\/4sezonai.lt\/en\/#website\"},\"primaryImageOfPage\":{\"@id\":\"https:\/\/4sezonai.lt\/en\/product\/advent-calendar-for-the-family\/#primaryimage\"},\"image\":{\"@id\":\"https:\/\/4sezonai.lt\/en\/product\/advent-calendar-for-the-family\/#primaryimage\"},\"thumbnailUrl\":\"https:\/\/4sezonai.lt\/wp-content\/uploads\/2025\/11\/web-42.jpg\",\"datePublished\":\"2025-11-10T13:27:10+00:00\",\"dateModified\":\"2025-12-25T10:24:49+00:00\",\"description\":\"Discover the 4 Sezonai Advent Calendar for the family - 24 days of surprises with freeze-dried snacks, recipes and activities for kids and parents. Create a festive anticipation full of joy and new tastes!\",\"breadcrumb\":{\"@id\":\"https:\/\/4sezonai.lt\/en\/product\/advent-calendar-for-the-family\/#breadcrumb\"},\"inLanguage\":\"en-US\",\"potentialAction\":[{\"@type\":\"ReadAction\",\"target\":[\"https:\/\/4sezonai.lt\/en\/product\/advent-calendar-for-the-family\/\"]}]},{\"@type\":\"ImageObject\",\"inLanguage\":\"en-US\",\"@id\":\"https:\/\/4sezonai.lt\/en\/product\/advent-calendar-for-the-family\/#primaryimage\",\"url\":\"https:\/\/4sezonai.lt\/wp-content\/uploads\/2025\/11\/web-42.jpg\",\"contentUrl\":\"https:\/\/4sezonai.lt\/wp-content\/uploads\/2025\/11\/web-42.jpg\",\"width\":2048,\"height\":2048,\"caption\":\"Gift\"},{\"@type\":\"BreadcrumbList\",\"@id\":\"https:\/\/4sezonai.lt\/en\/product\/advent-calendar-for-the-family\/#breadcrumb\",\"itemListElement\":[{\"@type\":\"ListItem\",\"position\":1,\"name\":\"Pagrindinis\",\"item\":\"https:\/\/4sezonai.lt\/en\/\"},{\"@type\":\"ListItem\",\"position\":2,\"name\":\"Shop\",\"item\":\"https:\/\/4sezonai.lt\/en\/shop\/\"},{\"@type\":\"ListItem\",\"position\":3,\"name\":\"Advent calendar for the family\"}]},{\"@type\":\"WebSite\",\"@id\":\"https:\/\/4sezonai.lt\/en\/#website\",\"url\":\"https:\/\/4sezonai.lt\/en\/\",\"name\":\"4sezonai\",\"description\":\"Auk\u0161\u010diausios kokyb\u0117s liofilzuoti produktai\",\"publisher\":{\"@id\":\"https:\/\/4sezonai.lt\/en\/#organization\"},\"potentialAction\":[{\"@type\":\"SearchAction\",\"target\":{\"@type\":\"EntryPoint\",\"urlTemplate\":\"https:\/\/4sezonai.lt\/en\/?s={search_term_string}\"},\"query-input\":{\"@type\":\"PropertyValueSpecification\",\"valueRequired\":true,\"valueName\":\"search_term_string\"}}],\"inLanguage\":\"en-US\"},{\"@type\":\"Organization\",\"@id\":\"https:\/\/4sezonai.lt\/en\/#organization\",\"name\":\"4sezonai\",\"url\":\"https:\/\/4sezonai.lt\/en\/\",\"logo\":{\"@type\":\"ImageObject\",\"inLanguage\":\"en-US\",\"@id\":\"https:\/\/4sezonai.lt\/en\/#\/schema\/logo\/image\/\",\"url\":\"https:\/\/4sezonai.lt\/wp-content\/uploads\/2024\/04\/4-Sezonai-logotipas.png\",\"contentUrl\":\"https:\/\/4sezonai.lt\/wp-content\/uploads\/2024\/04\/4-Sezonai-logotipas.png\",\"width\":712,\"height\":712,\"caption\":\"4sezonai\"},\"image\":{\"@id\":\"https:\/\/4sezonai.lt\/en\/#\/schema\/logo\/image\/\"},\"sameAs\":[\"https:\/\/www.facebook.com\/4sezonai.lt\",\"https:\/\/www.instagram.com\/4sezonai_\/\"]}]}<\/script>\n<!-- \/ Yoast SEO plugin. -->","yoast_head_json":{"title":"Advent calendar for the family - 4sezonai","description":"Discover the 4 Sezonai Advent Calendar for the family - 24 days of surprises with freeze-dried snacks, recipes and activities for kids and parents. Create a festive anticipation full of joy and new tastes!","robots":{"index":"index","follow":"follow","max-snippet":"max-snippet:-1","max-image-preview":"max-image-preview:large","max-video-preview":"max-video-preview:-1"},"canonical":"https:\/\/4sezonai.lt\/en\/product\/advent-calendar-for-the-family\/","og_locale":"en_US","og_type":"article","og_title":"Advent calendar for the family - 4sezonai","og_description":"Discover the 4 Sezonai Advent Calendar for the family - 24 days of surprises with freeze-dried snacks, recipes and activities for kids and parents. Create a festive anticipation full of joy and new tastes!","og_url":"https:\/\/4sezonai.lt\/en\/product\/advent-calendar-for-the-family\/","og_site_name":"4sezonai","article_publisher":"https:\/\/www.facebook.com\/4sezonai.lt","article_modified_time":"2025-12-25T10:24:49+00:00","og_image":[{"width":2048,"height":2048,"url":"https:\/\/4sezonai.lt\/wp-content\/uploads\/2025\/11\/web-42.jpg","type":"image\/jpeg"}],"twitter_card":"summary_large_image","twitter_misc":{"Est. reading time":"1 minute"},"schema":{"@context":"https:\/\/schema.org","@graph":[{"@type":"WebPage","@id":"https:\/\/4sezonai.lt\/en\/product\/advent-calendar-for-the-family\/","url":"https:\/\/4sezonai.lt\/en\/product\/advent-calendar-for-the-family\/","name":"Advent calendar for the family - 4sezonai","isPartOf":{"@id":"https:\/\/4sezonai.lt\/en\/#website"},"primaryImageOfPage":{"@id":"https:\/\/4sezonai.lt\/en\/product\/advent-calendar-for-the-family\/#primaryimage"},"image":{"@id":"https:\/\/4sezonai.lt\/en\/product\/advent-calendar-for-the-family\/#primaryimage"},"thumbnailUrl":"https:\/\/4sezonai.lt\/wp-content\/uploads\/2025\/11\/web-42.jpg","datePublished":"2025-11-10T13:27:10+00:00","dateModified":"2025-12-25T10:24:49+00:00","description":"Discover the 4 Sezonai Advent Calendar for the family - 24 days of surprises with freeze-dried snacks, recipes and activities for kids and parents. Create a festive anticipation full of joy and new tastes!","breadcrumb":{"@id":"https:\/\/4sezonai.lt\/en\/product\/advent-calendar-for-the-family\/#breadcrumb"},"inLanguage":"en-US","potentialAction":[{"@type":"ReadAction","target":["https:\/\/4sezonai.lt\/en\/product\/advent-calendar-for-the-family\/"]}]},{"@type":"ImageObject","inLanguage":"en-US","@id":"https:\/\/4sezonai.lt\/en\/product\/advent-calendar-for-the-family\/#primaryimage","url":"https:\/\/4sezonai.lt\/wp-content\/uploads\/2025\/11\/web-42.jpg","contentUrl":"https:\/\/4sezonai.lt\/wp-content\/uploads\/2025\/11\/web-42.jpg","width":2048,"height":2048,"caption":"Gift"},{"@type":"BreadcrumbList","@id":"https:\/\/4sezonai.lt\/en\/product\/advent-calendar-for-the-family\/#breadcrumb","itemListElement":[{"@type":"ListItem","position":1,"name":"Pagrindinis","item":"https:\/\/4sezonai.lt\/en\/"},{"@type":"ListItem","position":2,"name":"Shop","item":"https:\/\/4sezonai.lt\/en\/shop\/"},{"@type":"ListItem","position":3,"name":"Advent calendar for the family"}]},{"@type":"WebSite","@id":"https:\/\/4sezonai.lt\/en\/#website","url":"https:\/\/4sezonai.lt\/en\/","name":"4sezonai","description":"Auk\u0161\u010diausios kokyb\u0117s liofilzuoti produktai","publisher":{"@id":"https:\/\/4sezonai.lt\/en\/#organization"},"potentialAction":[{"@type":"SearchAction","target":{"@type":"EntryPoint","urlTemplate":"https:\/\/4sezonai.lt\/en\/?s={search_term_string}"},"query-input":{"@type":"PropertyValueSpecification","valueRequired":true,"valueName":"search_term_string"}}],"inLanguage":"en-US"},{"@type":"Organization","@id":"https:\/\/4sezonai.lt\/en\/#organization","name":"4sezonai","url":"https:\/\/4sezonai.lt\/en\/","logo":{"@type":"ImageObject","inLanguage":"en-US","@id":"https:\/\/4sezonai.lt\/en\/#\/schema\/logo\/image\/","url":"https:\/\/4sezonai.lt\/wp-content\/uploads\/2024\/04\/4-Sezonai-logotipas.png","contentUrl":"https:\/\/4sezonai.lt\/wp-content\/uploads\/2024\/04\/4-Sezonai-logotipas.png","width":712,"height":712,"caption":"4sezonai"},"image":{"@id":"https:\/\/4sezonai.lt\/en\/#\/schema\/logo\/image\/"},"sameAs":["https:\/\/www.facebook.com\/4sezonai.lt","https:\/\/www.instagram.com\/4sezonai_\/"]}]}},"_links":{"self":[{"href":"https:\/\/4sezonai.lt\/en\/wp-json\/wp\/v2\/product\/7042","targetHints":{"allow":["GET"]}}],"collection":[{"href":"https:\/\/4sezonai.lt\/en\/wp-json\/wp\/v2\/product"}],"about":[{"href":"https:\/\/4sezonai.lt\/en\/wp-json\/wp\/v2\/types\/product"}],"replies":[{"embeddable":true,"href":"https:\/\/4sezonai.lt\/en\/wp-json\/wp\/v2\/comments?post=7042"}],"wp:featuredmedia":[{"embeddable":true,"href":"https:\/\/4sezonai.lt\/en\/wp-json\/wp\/v2\/media\/7047"}],"wp:attachment":[{"href":"https:\/\/4sezonai.lt\/en\/wp-json\/wp\/v2\/media?parent=7042"}],"wp:term":[{"taxonomy":"product_brand","embeddable":true,"href":"https:\/\/4sezonai.lt\/en\/wp-json\/wp\/v2\/product_brand?post=7042"},{"taxonomy":"product_cat","embeddable":true,"href":"https:\/\/4sezonai.lt\/en\/wp-json\/wp\/v2\/product_cat?post=7042"},{"taxonomy":"product_tag","embeddable":true,"href":"https:\/\/4sezonai.lt\/en\/wp-json\/wp\/v2\/product_tag?post=7042"}],"curies":[{"name":"wp","href":"https:\/\/api.w.org\/{rel}","templated":true}]}}