{"id":7050,"date":"2025-11-10T15:28:35","date_gmt":"2025-11-10T13:28:35","guid":{"rendered":"https:\/\/4sezonai.lt\/produktas\/advent-calendar-for-a-couple\/"},"modified":"2025-11-10T15:28:35","modified_gmt":"2025-11-10T13:28:35","slug":"advent-calendar-for-a-couple","status":"publish","type":"product","link":"https:\/\/4sezonai.lt\/en\/product\/advent-calendar-for-a-couple\/","title":{"rendered":"Advent calendar for a couple"},"content":{"rendered":"<div>Discover new flavours and spices together, and look forward to a different holiday than always!<\/div>\n<div>\n<p>Embark on a journey of flavours for two with the 4 Seasons Couples <span class=\"il\">Advent<\/span> Calendar &#8211; a 24-day culinary adventure full of unexpected discoveries, interesting conversations, ideas and shared moments.<\/p>\n<p>From exotic fruits to interesting spices and herbs, you&#8217;ll find freeze-dried products every day to inspire you to try new recipes or revive forgotten flavours.<\/p>\n<p>24 days &#8211; 24 flavour stories.<br \/>\nEach day comes with a QR code with a link to a digital <span class=\"il\">advent<\/span> calendar, hiding recipes, discount codes, conversation ideas and tips on how to spend time together as a couple in the run up to Christmas.<br \/>\nIt&#8217;s not just a calendar &#8211; it&#8217;s a way to get closer together, to cook together, to laugh together, and to rediscover each other as we savour new tastes.<\/p>\n<p>Why you should try it:<\/p>\n<ul>\n<li>Designed for couples who like to discover flavours.<\/li>\n<li>Every day is a small gift and a new idea.<\/li>\n<li>Engaging content: from recipes to conversation topics.<\/li>\n<li>The perfect Christmas gift for a loved one or a couple who love surprises.<\/li>\n<\/ul>\n<p>Discover the flavours that bring people together &#8211; make this Christmas special!<\/p>\n<p>Stylish box with 29 disposable bags with freeze-dried products inside<\/p>\n<\/div>\n","protected":false},"excerpt":{"rendered":"<p>Embark on a 24-day journey of flavours with the 4 Seasons advent calendar for couples &#8211; each day features new freeze-dried products, inspiring recipes and ideas for couple time together. It&#8217;s more than a calendar &#8211; it&#8217;s a culinary adventure that brings you closer together and inspires you for the holidays. <\/p>\n<p>Stylish box with 29 disposable bags with freeze-dried products inside<\/p>\n","protected":false},"featured_media":7047,"comment_status":"open","ping_status":"closed","template":"","meta":{"_acf_changed":false,"wprm-recipe-roundup-name":"","wprm-recipe-roundup-description":""},"product_brand":[],"product_cat":[348,362],"product_tag":[],"class_list":{"0":"post-7050","1":"product","2":"type-product","3":"status-publish","4":"has-post-thumbnail","6":"product_cat-gift-sets-2","7":"product_cat-popular-at","9":"first","10":"outofstock","11":"shipping-taxable","12":"purchasable","13":"product-type-simple"},"acf":[],"yoast_head":"<!-- This site is optimized with the Yoast SEO plugin v25.5 - https:\/\/yoast.com\/wordpress\/plugins\/seo\/ -->\n<title>Advent calendar for a couple - 4sezonai<\/title>\n<meta name=\"description\" content=\"Discover the 4 Seasons Couples&#039; Advent Calendar - a 24-day culinary adventure with freeze-dried snacks, spices and ideas for couple time. The perfect gift for a loved one during the festive season.\" \/>\n<meta name=\"robots\" content=\"index, follow, max-snippet:-1, max-image-preview:large, max-video-preview:-1\" \/>\n<link rel=\"canonical\" href=\"https:\/\/4sezonai.lt\/en\/product\/advent-calendar-for-a-couple\/\" \/>\n<meta property=\"og:locale\" content=\"en_US\" \/>\n<meta property=\"og:type\" content=\"article\" \/>\n<meta property=\"og:title\" content=\"Advent calendar for a couple - 4sezonai\" \/>\n<meta property=\"og:description\" content=\"Discover the 4 Seasons Couples&#039; Advent Calendar - a 24-day culinary adventure with freeze-dried snacks, spices and ideas for couple time. The perfect gift for a loved one during the festive season.\" \/>\n<meta property=\"og:url\" content=\"https:\/\/4sezonai.lt\/en\/product\/advent-calendar-for-a-couple\/\" \/>\n<meta property=\"og:site_name\" content=\"4sezonai\" \/>\n<meta property=\"article:publisher\" content=\"https:\/\/www.facebook.com\/4sezonai.lt\" \/>\n<meta name=\"twitter:card\" content=\"summary_large_image\" \/>\n<meta name=\"twitter:label1\" content=\"Est. reading time\" \/>\n\t<meta name=\"twitter:data1\" content=\"1 minute\" \/>\n<script type=\"application\/ld+json\" class=\"yoast-schema-graph\">{\"@context\":\"https:\/\/schema.org\",\"@graph\":[{\"@type\":\"WebPage\",\"@id\":\"https:\/\/4sezonai.lt\/en\/product\/advent-calendar-for-a-couple\/\",\"url\":\"https:\/\/4sezonai.lt\/en\/product\/advent-calendar-for-a-couple\/\",\"name\":\"Advent calendar for a couple - 4sezonai\",\"isPartOf\":{\"@id\":\"https:\/\/4sezonai.lt\/en\/#website\"},\"primaryImageOfPage\":{\"@id\":\"https:\/\/4sezonai.lt\/en\/product\/advent-calendar-for-a-couple\/#primaryimage\"},\"image\":{\"@id\":\"https:\/\/4sezonai.lt\/en\/product\/advent-calendar-for-a-couple\/#primaryimage\"},\"thumbnailUrl\":\"https:\/\/4sezonai.lt\/wp-content\/uploads\/2025\/11\/web-42.jpg\",\"datePublished\":\"2025-11-10T13:28:35+00:00\",\"description\":\"Discover the 4 Seasons Couples' Advent Calendar - a 24-day culinary adventure with freeze-dried snacks, spices and ideas for couple time. The perfect gift for a loved one during the festive season.\",\"breadcrumb\":{\"@id\":\"https:\/\/4sezonai.lt\/en\/product\/advent-calendar-for-a-couple\/#breadcrumb\"},\"inLanguage\":\"en-US\",\"potentialAction\":[{\"@type\":\"ReadAction\",\"target\":[\"https:\/\/4sezonai.lt\/en\/product\/advent-calendar-for-a-couple\/\"]}]},{\"@type\":\"ImageObject\",\"inLanguage\":\"en-US\",\"@id\":\"https:\/\/4sezonai.lt\/en\/product\/advent-calendar-for-a-couple\/#primaryimage\",\"url\":\"https:\/\/4sezonai.lt\/wp-content\/uploads\/2025\/11\/web-42.jpg\",\"contentUrl\":\"https:\/\/4sezonai.lt\/wp-content\/uploads\/2025\/11\/web-42.jpg\",\"width\":2048,\"height\":2048,\"caption\":\"Gift\"},{\"@type\":\"BreadcrumbList\",\"@id\":\"https:\/\/4sezonai.lt\/en\/product\/advent-calendar-for-a-couple\/#breadcrumb\",\"itemListElement\":[{\"@type\":\"ListItem\",\"position\":1,\"name\":\"Pagrindinis\",\"item\":\"https:\/\/4sezonai.lt\/en\/\"},{\"@type\":\"ListItem\",\"position\":2,\"name\":\"Shop\",\"item\":\"https:\/\/4sezonai.lt\/en\/shop\/\"},{\"@type\":\"ListItem\",\"position\":3,\"name\":\"Advent calendar for a couple\"}]},{\"@type\":\"WebSite\",\"@id\":\"https:\/\/4sezonai.lt\/en\/#website\",\"url\":\"https:\/\/4sezonai.lt\/en\/\",\"name\":\"4sezonai\",\"description\":\"Auk\u0161\u010diausios kokyb\u0117s liofilzuoti produktai\",\"publisher\":{\"@id\":\"https:\/\/4sezonai.lt\/en\/#organization\"},\"potentialAction\":[{\"@type\":\"SearchAction\",\"target\":{\"@type\":\"EntryPoint\",\"urlTemplate\":\"https:\/\/4sezonai.lt\/en\/?s={search_term_string}\"},\"query-input\":{\"@type\":\"PropertyValueSpecification\",\"valueRequired\":true,\"valueName\":\"search_term_string\"}}],\"inLanguage\":\"en-US\"},{\"@type\":\"Organization\",\"@id\":\"https:\/\/4sezonai.lt\/en\/#organization\",\"name\":\"4sezonai\",\"url\":\"https:\/\/4sezonai.lt\/en\/\",\"logo\":{\"@type\":\"ImageObject\",\"inLanguage\":\"en-US\",\"@id\":\"https:\/\/4sezonai.lt\/en\/#\/schema\/logo\/image\/\",\"url\":\"https:\/\/4sezonai.lt\/wp-content\/uploads\/2024\/04\/4-Sezonai-logotipas.png\",\"contentUrl\":\"https:\/\/4sezonai.lt\/wp-content\/uploads\/2024\/04\/4-Sezonai-logotipas.png\",\"width\":712,\"height\":712,\"caption\":\"4sezonai\"},\"image\":{\"@id\":\"https:\/\/4sezonai.lt\/en\/#\/schema\/logo\/image\/\"},\"sameAs\":[\"https:\/\/www.facebook.com\/4sezonai.lt\",\"https:\/\/www.instagram.com\/4sezonai_\/\"]}]}<\/script>\n<!-- \/ Yoast SEO plugin. -->","yoast_head_json":{"title":"Advent calendar for a couple - 4sezonai","description":"Discover the 4 Seasons Couples' Advent Calendar - a 24-day culinary adventure with freeze-dried snacks, spices and ideas for couple time. The perfect gift for a loved one during the festive season.","robots":{"index":"index","follow":"follow","max-snippet":"max-snippet:-1","max-image-preview":"max-image-preview:large","max-video-preview":"max-video-preview:-1"},"canonical":"https:\/\/4sezonai.lt\/en\/product\/advent-calendar-for-a-couple\/","og_locale":"en_US","og_type":"article","og_title":"Advent calendar for a couple - 4sezonai","og_description":"Discover the 4 Seasons Couples' Advent Calendar - a 24-day culinary adventure with freeze-dried snacks, spices and ideas for couple time. The perfect gift for a loved one during the festive season.","og_url":"https:\/\/4sezonai.lt\/en\/product\/advent-calendar-for-a-couple\/","og_site_name":"4sezonai","article_publisher":"https:\/\/www.facebook.com\/4sezonai.lt","twitter_card":"summary_large_image","twitter_misc":{"Est. reading time":"1 minute"},"schema":{"@context":"https:\/\/schema.org","@graph":[{"@type":"WebPage","@id":"https:\/\/4sezonai.lt\/en\/product\/advent-calendar-for-a-couple\/","url":"https:\/\/4sezonai.lt\/en\/product\/advent-calendar-for-a-couple\/","name":"Advent calendar for a couple - 4sezonai","isPartOf":{"@id":"https:\/\/4sezonai.lt\/en\/#website"},"primaryImageOfPage":{"@id":"https:\/\/4sezonai.lt\/en\/product\/advent-calendar-for-a-couple\/#primaryimage"},"image":{"@id":"https:\/\/4sezonai.lt\/en\/product\/advent-calendar-for-a-couple\/#primaryimage"},"thumbnailUrl":"https:\/\/4sezonai.lt\/wp-content\/uploads\/2025\/11\/web-42.jpg","datePublished":"2025-11-10T13:28:35+00:00","description":"Discover the 4 Seasons Couples' Advent Calendar - a 24-day culinary adventure with freeze-dried snacks, spices and ideas for couple time. The perfect gift for a loved one during the festive season.","breadcrumb":{"@id":"https:\/\/4sezonai.lt\/en\/product\/advent-calendar-for-a-couple\/#breadcrumb"},"inLanguage":"en-US","potentialAction":[{"@type":"ReadAction","target":["https:\/\/4sezonai.lt\/en\/product\/advent-calendar-for-a-couple\/"]}]},{"@type":"ImageObject","inLanguage":"en-US","@id":"https:\/\/4sezonai.lt\/en\/product\/advent-calendar-for-a-couple\/#primaryimage","url":"https:\/\/4sezonai.lt\/wp-content\/uploads\/2025\/11\/web-42.jpg","contentUrl":"https:\/\/4sezonai.lt\/wp-content\/uploads\/2025\/11\/web-42.jpg","width":2048,"height":2048,"caption":"Gift"},{"@type":"BreadcrumbList","@id":"https:\/\/4sezonai.lt\/en\/product\/advent-calendar-for-a-couple\/#breadcrumb","itemListElement":[{"@type":"ListItem","position":1,"name":"Pagrindinis","item":"https:\/\/4sezonai.lt\/en\/"},{"@type":"ListItem","position":2,"name":"Shop","item":"https:\/\/4sezonai.lt\/en\/shop\/"},{"@type":"ListItem","position":3,"name":"Advent calendar for a couple"}]},{"@type":"WebSite","@id":"https:\/\/4sezonai.lt\/en\/#website","url":"https:\/\/4sezonai.lt\/en\/","name":"4sezonai","description":"Auk\u0161\u010diausios kokyb\u0117s liofilzuoti produktai","publisher":{"@id":"https:\/\/4sezonai.lt\/en\/#organization"},"potentialAction":[{"@type":"SearchAction","target":{"@type":"EntryPoint","urlTemplate":"https:\/\/4sezonai.lt\/en\/?s={search_term_string}"},"query-input":{"@type":"PropertyValueSpecification","valueRequired":true,"valueName":"search_term_string"}}],"inLanguage":"en-US"},{"@type":"Organization","@id":"https:\/\/4sezonai.lt\/en\/#organization","name":"4sezonai","url":"https:\/\/4sezonai.lt\/en\/","logo":{"@type":"ImageObject","inLanguage":"en-US","@id":"https:\/\/4sezonai.lt\/en\/#\/schema\/logo\/image\/","url":"https:\/\/4sezonai.lt\/wp-content\/uploads\/2024\/04\/4-Sezonai-logotipas.png","contentUrl":"https:\/\/4sezonai.lt\/wp-content\/uploads\/2024\/04\/4-Sezonai-logotipas.png","width":712,"height":712,"caption":"4sezonai"},"image":{"@id":"https:\/\/4sezonai.lt\/en\/#\/schema\/logo\/image\/"},"sameAs":["https:\/\/www.facebook.com\/4sezonai.lt","https:\/\/www.instagram.com\/4sezonai_\/"]}]}},"_links":{"self":[{"href":"https:\/\/4sezonai.lt\/en\/wp-json\/wp\/v2\/product\/7050","targetHints":{"allow":["GET"]}}],"collection":[{"href":"https:\/\/4sezonai.lt\/en\/wp-json\/wp\/v2\/product"}],"about":[{"href":"https:\/\/4sezonai.lt\/en\/wp-json\/wp\/v2\/types\/product"}],"replies":[{"embeddable":true,"href":"https:\/\/4sezonai.lt\/en\/wp-json\/wp\/v2\/comments?post=7050"}],"wp:featuredmedia":[{"embeddable":true,"href":"https:\/\/4sezonai.lt\/en\/wp-json\/wp\/v2\/media\/7047"}],"wp:attachment":[{"href":"https:\/\/4sezonai.lt\/en\/wp-json\/wp\/v2\/media?parent=7050"}],"wp:term":[{"taxonomy":"product_brand","embeddable":true,"href":"https:\/\/4sezonai.lt\/en\/wp-json\/wp\/v2\/product_brand?post=7050"},{"taxonomy":"product_cat","embeddable":true,"href":"https:\/\/4sezonai.lt\/en\/wp-json\/wp\/v2\/product_cat?post=7050"},{"taxonomy":"product_tag","embeddable":true,"href":"https:\/\/4sezonai.lt\/en\/wp-json\/wp\/v2\/product_tag?post=7050"}],"curies":[{"name":"wp","href":"https:\/\/api.w.org\/{rel}","templated":true}]}}