{"id":7417,"date":"2025-11-23T11:46:04","date_gmt":"2025-11-23T09:46:04","guid":{"rendered":"https:\/\/4sezonai.lt\/?post_type=product&#038;p=7417"},"modified":"2025-11-23T19:23:19","modified_gmt":"2025-11-23T17:23:19","slug":"advent-calendar-for-a-couple-kopija","status":"publish","type":"product","link":"https:\/\/4sezonai.lt\/en\/product\/advent-calendar-for-a-couple-kopija\/","title":{"rendered":"Gift set &#8220;Forest berries&#8221;"},"content":{"rendered":"<p data-start=\"389\" data-end=\"568\">Discover the taste of nature and the luxury of simplicity with the 4 Seasons gift set of freeze-dried blueberries and strawberries.<\/p>\n<p data-start=\"570\" data-end=\"644\">This set represents two distinct but complementary flavours:<\/p>\n<ul data-start=\"645\" data-end=\"915\">\n<li data-start=\"645\" data-end=\"795\">\n<p data-start=\"647\" data-end=\"795\"><a href=\"https:\/\/4sezonai.lt\/produktas\/liofilizuotos-melynes\/\"><strong data-start=\"647\" data-end=\"672\">Freeze-dried wild blueberries<\/strong> <\/a>&#8211; Hand-picked in the forests of Dz\u016bkija, freeze-dried to preserve the natural flavour, colour and beneficial substances.<\/p>\n<\/li>\n<li data-start=\"796\" data-end=\"915\">\n<p data-start=\"798\" data-end=\"915\"><a href=\"https:\/\/4sezonai.lt\/produktas\/liofilizuotos-zemuoges\/\"><strong data-start=\"798\" data-end=\"824\">Freeze-dried wild strawberries<\/strong> <\/a>&#8211; A symbol of summer, with an intense aroma, sweetness and delightful naturalness.<\/p>\n<\/li>\n<\/ul>\n<p data-start=\"917\" data-end=\"1072\">Thanks to freeze-drying technology, these berries retain up to 98% of their nutrients, making them a healthy, long-lasting and all-natural snack.<\/p>\n<p data-start=\"1074\" data-end=\"1310\">The gift box contains two separate, stylishly packaged packets &#8211; perfect for gifting to family, colleagues or friends.<br data-start=\"1209\" data-end=\"1212\">A small but special gesture of attention to the cleanliness of Lithuania&#8217;s forests and the memories of summer.<\/p>\n","protected":false},"excerpt":{"rendered":"<p>A gift set from the heart of the Dz\u016bkija forests &#8211; two types of hand-picked and freeze-dried berries: blueberries and strawberries. It is a natural, no added sugar gift, full of summer flavour and aroma, packaged in a stylish gift box. The perfect choice for those who want to impress with quality, authenticity and Lithuanian nature.  <\/p>\n","protected":false},"featured_media":7418,"comment_status":"open","ping_status":"closed","template":"","meta":{"_acf_changed":false,"wprm-recipe-roundup-name":"","wprm-recipe-roundup-description":""},"product_brand":[],"product_cat":[347,348,398],"product_tag":[],"class_list":{"0":"post-7417","1":"product","2":"type-product","3":"status-publish","4":"has-post-thumbnail","6":"product_cat-berries","7":"product_cat-gift-sets-2","8":"product_cat-snacks","10":"first","11":"instock","12":"shipping-taxable","13":"purchasable","14":"product-type-simple"},"acf":[],"yoast_head":"<!-- This site is optimized with the Yoast SEO plugin v25.5 - https:\/\/yoast.com\/wordpress\/plugins\/seo\/ -->\n<title>Gift set &quot;Forest berries&quot; - 4sezonai<\/title>\n<meta name=\"description\" content=\"Natural gift set with freeze-dried blueberries and strawberries. Hand-picked in the forests of Dz\u016bkija, without added sugar, in a stylish box - a healthy and authentic gift from Lithuanian nature.\" \/>\n<meta name=\"robots\" content=\"index, follow, max-snippet:-1, max-image-preview:large, max-video-preview:-1\" \/>\n<link rel=\"canonical\" href=\"https:\/\/4sezonai.lt\/en\/product\/advent-calendar-for-a-couple-kopija\/\" \/>\n<meta property=\"og:locale\" content=\"en_US\" \/>\n<meta property=\"og:type\" content=\"article\" \/>\n<meta property=\"og:title\" content=\"Gift set &quot;Forest berries&quot; - 4sezonai\" \/>\n<meta property=\"og:description\" content=\"Natural gift set with freeze-dried blueberries and strawberries. Hand-picked in the forests of Dz\u016bkija, without added sugar, in a stylish box - a healthy and authentic gift from Lithuanian nature.\" \/>\n<meta property=\"og:url\" content=\"https:\/\/4sezonai.lt\/en\/product\/advent-calendar-for-a-couple-kopija\/\" \/>\n<meta property=\"og:site_name\" content=\"4sezonai\" \/>\n<meta property=\"article:publisher\" content=\"https:\/\/www.facebook.com\/4sezonai.lt\" \/>\n<meta property=\"article:modified_time\" content=\"2025-11-23T17:23:19+00:00\" \/>\n<meta property=\"og:image\" content=\"https:\/\/4sezonai.lt\/wp-content\/uploads\/2025\/06\/web-35.jpg\" \/>\n\t<meta property=\"og:image:width\" content=\"1365\" \/>\n\t<meta property=\"og:image:height\" content=\"2048\" \/>\n\t<meta property=\"og:image:type\" content=\"image\/jpeg\" \/>\n<meta name=\"twitter:card\" content=\"summary_large_image\" \/>\n<meta name=\"twitter:label1\" content=\"Est. reading time\" \/>\n\t<meta name=\"twitter:data1\" content=\"1 minute\" \/>\n<script type=\"application\/ld+json\" class=\"yoast-schema-graph\">{\"@context\":\"https:\/\/schema.org\",\"@graph\":[{\"@type\":\"WebPage\",\"@id\":\"https:\/\/4sezonai.lt\/en\/product\/advent-calendar-for-a-couple-kopija\/\",\"url\":\"https:\/\/4sezonai.lt\/en\/product\/advent-calendar-for-a-couple-kopija\/\",\"name\":\"Gift set \\\"Forest berries\\\" - 4sezonai\",\"isPartOf\":{\"@id\":\"https:\/\/4sezonai.lt\/en\/#website\"},\"primaryImageOfPage\":{\"@id\":\"https:\/\/4sezonai.lt\/en\/product\/advent-calendar-for-a-couple-kopija\/#primaryimage\"},\"image\":{\"@id\":\"https:\/\/4sezonai.lt\/en\/product\/advent-calendar-for-a-couple-kopija\/#primaryimage\"},\"thumbnailUrl\":\"https:\/\/4sezonai.lt\/wp-content\/uploads\/2025\/06\/web-35.jpg\",\"datePublished\":\"2025-11-23T09:46:04+00:00\",\"dateModified\":\"2025-11-23T17:23:19+00:00\",\"description\":\"Natural gift set with freeze-dried blueberries and strawberries. Hand-picked in the forests of Dz\u016bkija, without added sugar, in a stylish box - a healthy and authentic gift from Lithuanian nature.\",\"breadcrumb\":{\"@id\":\"https:\/\/4sezonai.lt\/en\/product\/advent-calendar-for-a-couple-kopija\/#breadcrumb\"},\"inLanguage\":\"en-US\",\"potentialAction\":[{\"@type\":\"ReadAction\",\"target\":[\"https:\/\/4sezonai.lt\/en\/product\/advent-calendar-for-a-couple-kopija\/\"]}]},{\"@type\":\"ImageObject\",\"inLanguage\":\"en-US\",\"@id\":\"https:\/\/4sezonai.lt\/en\/product\/advent-calendar-for-a-couple-kopija\/#primaryimage\",\"url\":\"https:\/\/4sezonai.lt\/wp-content\/uploads\/2025\/06\/web-35.jpg\",\"contentUrl\":\"https:\/\/4sezonai.lt\/wp-content\/uploads\/2025\/06\/web-35.jpg\",\"width\":1365,\"height\":2048,\"caption\":\"Dovan\u0173 rinkinys liofilizuotos uogos\"},{\"@type\":\"BreadcrumbList\",\"@id\":\"https:\/\/4sezonai.lt\/en\/product\/advent-calendar-for-a-couple-kopija\/#breadcrumb\",\"itemListElement\":[{\"@type\":\"ListItem\",\"position\":1,\"name\":\"Pagrindinis\",\"item\":\"https:\/\/4sezonai.lt\/en\/\"},{\"@type\":\"ListItem\",\"position\":2,\"name\":\"Shop\",\"item\":\"https:\/\/4sezonai.lt\/en\/shop\/\"},{\"@type\":\"ListItem\",\"position\":3,\"name\":\"Gift set &#8222;Forest berries&#8221;\"}]},{\"@type\":\"WebSite\",\"@id\":\"https:\/\/4sezonai.lt\/en\/#website\",\"url\":\"https:\/\/4sezonai.lt\/en\/\",\"name\":\"4sezonai\",\"description\":\"Auk\u0161\u010diausios kokyb\u0117s liofilzuoti produktai\",\"publisher\":{\"@id\":\"https:\/\/4sezonai.lt\/en\/#organization\"},\"potentialAction\":[{\"@type\":\"SearchAction\",\"target\":{\"@type\":\"EntryPoint\",\"urlTemplate\":\"https:\/\/4sezonai.lt\/en\/?s={search_term_string}\"},\"query-input\":{\"@type\":\"PropertyValueSpecification\",\"valueRequired\":true,\"valueName\":\"search_term_string\"}}],\"inLanguage\":\"en-US\"},{\"@type\":\"Organization\",\"@id\":\"https:\/\/4sezonai.lt\/en\/#organization\",\"name\":\"4sezonai\",\"url\":\"https:\/\/4sezonai.lt\/en\/\",\"logo\":{\"@type\":\"ImageObject\",\"inLanguage\":\"en-US\",\"@id\":\"https:\/\/4sezonai.lt\/en\/#\/schema\/logo\/image\/\",\"url\":\"https:\/\/4sezonai.lt\/wp-content\/uploads\/2024\/04\/4-Sezonai-logotipas.png\",\"contentUrl\":\"https:\/\/4sezonai.lt\/wp-content\/uploads\/2024\/04\/4-Sezonai-logotipas.png\",\"width\":712,\"height\":712,\"caption\":\"4sezonai\"},\"image\":{\"@id\":\"https:\/\/4sezonai.lt\/en\/#\/schema\/logo\/image\/\"},\"sameAs\":[\"https:\/\/www.facebook.com\/4sezonai.lt\",\"https:\/\/www.instagram.com\/4sezonai_\/\"]}]}<\/script>\n<!-- \/ Yoast SEO plugin. -->","yoast_head_json":{"title":"Gift set \"Forest berries\" - 4sezonai","description":"Natural gift set with freeze-dried blueberries and strawberries. Hand-picked in the forests of Dz\u016bkija, without added sugar, in a stylish box - a healthy and authentic gift from Lithuanian nature.","robots":{"index":"index","follow":"follow","max-snippet":"max-snippet:-1","max-image-preview":"max-image-preview:large","max-video-preview":"max-video-preview:-1"},"canonical":"https:\/\/4sezonai.lt\/en\/product\/advent-calendar-for-a-couple-kopija\/","og_locale":"en_US","og_type":"article","og_title":"Gift set \"Forest berries\" - 4sezonai","og_description":"Natural gift set with freeze-dried blueberries and strawberries. Hand-picked in the forests of Dz\u016bkija, without added sugar, in a stylish box - a healthy and authentic gift from Lithuanian nature.","og_url":"https:\/\/4sezonai.lt\/en\/product\/advent-calendar-for-a-couple-kopija\/","og_site_name":"4sezonai","article_publisher":"https:\/\/www.facebook.com\/4sezonai.lt","article_modified_time":"2025-11-23T17:23:19+00:00","og_image":[{"width":1365,"height":2048,"url":"https:\/\/4sezonai.lt\/wp-content\/uploads\/2025\/06\/web-35.jpg","type":"image\/jpeg"}],"twitter_card":"summary_large_image","twitter_misc":{"Est. reading time":"1 minute"},"schema":{"@context":"https:\/\/schema.org","@graph":[{"@type":"WebPage","@id":"https:\/\/4sezonai.lt\/en\/product\/advent-calendar-for-a-couple-kopija\/","url":"https:\/\/4sezonai.lt\/en\/product\/advent-calendar-for-a-couple-kopija\/","name":"Gift set \"Forest berries\" - 4sezonai","isPartOf":{"@id":"https:\/\/4sezonai.lt\/en\/#website"},"primaryImageOfPage":{"@id":"https:\/\/4sezonai.lt\/en\/product\/advent-calendar-for-a-couple-kopija\/#primaryimage"},"image":{"@id":"https:\/\/4sezonai.lt\/en\/product\/advent-calendar-for-a-couple-kopija\/#primaryimage"},"thumbnailUrl":"https:\/\/4sezonai.lt\/wp-content\/uploads\/2025\/06\/web-35.jpg","datePublished":"2025-11-23T09:46:04+00:00","dateModified":"2025-11-23T17:23:19+00:00","description":"Natural gift set with freeze-dried blueberries and strawberries. Hand-picked in the forests of Dz\u016bkija, without added sugar, in a stylish box - a healthy and authentic gift from Lithuanian nature.","breadcrumb":{"@id":"https:\/\/4sezonai.lt\/en\/product\/advent-calendar-for-a-couple-kopija\/#breadcrumb"},"inLanguage":"en-US","potentialAction":[{"@type":"ReadAction","target":["https:\/\/4sezonai.lt\/en\/product\/advent-calendar-for-a-couple-kopija\/"]}]},{"@type":"ImageObject","inLanguage":"en-US","@id":"https:\/\/4sezonai.lt\/en\/product\/advent-calendar-for-a-couple-kopija\/#primaryimage","url":"https:\/\/4sezonai.lt\/wp-content\/uploads\/2025\/06\/web-35.jpg","contentUrl":"https:\/\/4sezonai.lt\/wp-content\/uploads\/2025\/06\/web-35.jpg","width":1365,"height":2048,"caption":"Dovan\u0173 rinkinys liofilizuotos uogos"},{"@type":"BreadcrumbList","@id":"https:\/\/4sezonai.lt\/en\/product\/advent-calendar-for-a-couple-kopija\/#breadcrumb","itemListElement":[{"@type":"ListItem","position":1,"name":"Pagrindinis","item":"https:\/\/4sezonai.lt\/en\/"},{"@type":"ListItem","position":2,"name":"Shop","item":"https:\/\/4sezonai.lt\/en\/shop\/"},{"@type":"ListItem","position":3,"name":"Gift set &#8222;Forest berries&#8221;"}]},{"@type":"WebSite","@id":"https:\/\/4sezonai.lt\/en\/#website","url":"https:\/\/4sezonai.lt\/en\/","name":"4sezonai","description":"Auk\u0161\u010diausios kokyb\u0117s liofilzuoti produktai","publisher":{"@id":"https:\/\/4sezonai.lt\/en\/#organization"},"potentialAction":[{"@type":"SearchAction","target":{"@type":"EntryPoint","urlTemplate":"https:\/\/4sezonai.lt\/en\/?s={search_term_string}"},"query-input":{"@type":"PropertyValueSpecification","valueRequired":true,"valueName":"search_term_string"}}],"inLanguage":"en-US"},{"@type":"Organization","@id":"https:\/\/4sezonai.lt\/en\/#organization","name":"4sezonai","url":"https:\/\/4sezonai.lt\/en\/","logo":{"@type":"ImageObject","inLanguage":"en-US","@id":"https:\/\/4sezonai.lt\/en\/#\/schema\/logo\/image\/","url":"https:\/\/4sezonai.lt\/wp-content\/uploads\/2024\/04\/4-Sezonai-logotipas.png","contentUrl":"https:\/\/4sezonai.lt\/wp-content\/uploads\/2024\/04\/4-Sezonai-logotipas.png","width":712,"height":712,"caption":"4sezonai"},"image":{"@id":"https:\/\/4sezonai.lt\/en\/#\/schema\/logo\/image\/"},"sameAs":["https:\/\/www.facebook.com\/4sezonai.lt","https:\/\/www.instagram.com\/4sezonai_\/"]}]}},"_links":{"self":[{"href":"https:\/\/4sezonai.lt\/en\/wp-json\/wp\/v2\/product\/7417","targetHints":{"allow":["GET"]}}],"collection":[{"href":"https:\/\/4sezonai.lt\/en\/wp-json\/wp\/v2\/product"}],"about":[{"href":"https:\/\/4sezonai.lt\/en\/wp-json\/wp\/v2\/types\/product"}],"replies":[{"embeddable":true,"href":"https:\/\/4sezonai.lt\/en\/wp-json\/wp\/v2\/comments?post=7417"}],"wp:featuredmedia":[{"embeddable":true,"href":"https:\/\/4sezonai.lt\/en\/wp-json\/wp\/v2\/media\/7418"}],"wp:attachment":[{"href":"https:\/\/4sezonai.lt\/en\/wp-json\/wp\/v2\/media?parent=7417"}],"wp:term":[{"taxonomy":"product_brand","embeddable":true,"href":"https:\/\/4sezonai.lt\/en\/wp-json\/wp\/v2\/product_brand?post=7417"},{"taxonomy":"product_cat","embeddable":true,"href":"https:\/\/4sezonai.lt\/en\/wp-json\/wp\/v2\/product_cat?post=7417"},{"taxonomy":"product_tag","embeddable":true,"href":"https:\/\/4sezonai.lt\/en\/wp-json\/wp\/v2\/product_tag?post=7417"}],"curies":[{"name":"wp","href":"https:\/\/api.w.org\/{rel}","templated":true}]}}