{"id":7420,"date":"2025-11-23T11:55:45","date_gmt":"2025-11-23T09:55:45","guid":{"rendered":"https:\/\/4sezonai.lt\/?post_type=product&#038;p=7420"},"modified":"2025-11-23T19:23:20","modified_gmt":"2025-11-23T17:23:20","slug":"advent-calendar-for-a-couple-kopija-kopija","status":"publish","type":"product","link":"https:\/\/4sezonai.lt\/en\/product\/advent-calendar-for-a-couple-kopija-kopija\/","title":{"rendered":"Lithuanian strawberries and apples gift"},"content":{"rendered":"<p data-start=\"339\" data-end=\"600\">Let the gift tell a story about summer, freshness and Lithuanian origins. This 4 Seasons gift set combines two classic flavours that everyone knows &#8211; strawberries and apples &#8211; subtly transformed into a light and natural snack. <\/p>\n<p data-start=\"602\" data-end=\"621\">The kit includes:<\/p>\n<ul data-start=\"622\" data-end=\"856\">\n<li data-start=\"622\" data-end=\"718\">\n<p data-start=\"624\" data-end=\"718\"><a href=\"https:\/\/4sezonai.lt\/produktas\/liofilizuotos-braskes\/\"><strong data-start=\"624\" data-end=\"649\">Freeze-dried strawberries<\/strong><\/a> &#8211; Sweet, aromatic strawberries, picked in season from local farmers.<\/p>\n<\/li>\n<li data-start=\"719\" data-end=\"856\">\n<p data-start=\"721\" data-end=\"856\"><a href=\"https:\/\/4sezonai.lt\/produktas\/liofilizuoti-obuoliai\/\"><strong data-start=\"721\" data-end=\"747\">Freeze-dried apples<\/strong><\/a> &#8211; light, crisp, naturally sweet and sour.<\/p>\n<\/li>\n<\/ul>\n<p data-start=\"858\" data-end=\"1076\">Freeze-drying helps to preserve the natural taste, colour and value, making these snacks suitable for both children and adults. Neatly and aesthetically packaged, it&#8217;s a gift that looks cosy, natural and thoughtful. <\/p>\n<p data-start=\"1078\" data-end=\"1214\">The perfect choice to impress with quality, encourage the discovery of healthier desserts or just give you a real summer memory.<\/p>\n","protected":false},"excerpt":{"rendered":"<p>A natural gift set of Lithuanian strawberries and apples &#8211; two freeze-dried snacks preserving the true taste of summer. Hand-picked fresh raw ingredients, gently freeze-dried and packaged in a stylish box. The perfect gift for those who love quality, light snacks and authentic Lithuanian products.  <\/p>\n","protected":false},"featured_media":7421,"comment_status":"open","ping_status":"closed","template":"","meta":{"_acf_changed":false,"wprm-recipe-roundup-name":"","wprm-recipe-roundup-description":""},"product_brand":[],"product_cat":[347,444,348,398],"product_tag":[],"class_list":{"0":"post-7420","1":"product","2":"type-product","3":"status-publish","4":"has-post-thumbnail","6":"product_cat-berries","7":"product_cat-fruits","8":"product_cat-gift-sets-2","9":"product_cat-snacks","11":"first","12":"instock","13":"shipping-taxable","14":"purchasable","15":"product-type-simple"},"acf":[],"yoast_head":"<!-- This site is optimized with the Yoast SEO plugin v25.5 - https:\/\/yoast.com\/wordpress\/plugins\/seo\/ -->\n<title>Lithuanian strawberries and apples gift - 4sezonai<\/title>\n<meta name=\"description\" content=\"Lithuanian strawberries and apples gift set, packaged in a stylish box. Hand-selected, freeze-dried fruit - a natural, healthy and aesthetically pleasing gift choice.\" \/>\n<meta name=\"robots\" content=\"index, follow, max-snippet:-1, max-image-preview:large, max-video-preview:-1\" \/>\n<link rel=\"canonical\" href=\"https:\/\/4sezonai.lt\/en\/product\/advent-calendar-for-a-couple-kopija-kopija\/\" \/>\n<meta property=\"og:locale\" content=\"en_US\" \/>\n<meta property=\"og:type\" content=\"article\" \/>\n<meta property=\"og:title\" content=\"Lithuanian strawberries and apples gift - 4sezonai\" \/>\n<meta property=\"og:description\" content=\"Lithuanian strawberries and apples gift set, packaged in a stylish box. Hand-selected, freeze-dried fruit - a natural, healthy and aesthetically pleasing gift choice.\" \/>\n<meta property=\"og:url\" content=\"https:\/\/4sezonai.lt\/en\/product\/advent-calendar-for-a-couple-kopija-kopija\/\" \/>\n<meta property=\"og:site_name\" content=\"4sezonai\" \/>\n<meta property=\"article:publisher\" content=\"https:\/\/www.facebook.com\/4sezonai.lt\" \/>\n<meta property=\"article:modified_time\" content=\"2025-11-23T17:23:20+00:00\" \/>\n<meta property=\"og:image\" content=\"https:\/\/4sezonai.lt\/wp-content\/uploads\/2025\/06\/web-37.jpg\" \/>\n\t<meta property=\"og:image:width\" content=\"2048\" \/>\n\t<meta property=\"og:image:height\" content=\"1365\" \/>\n\t<meta property=\"og:image:type\" content=\"image\/jpeg\" \/>\n<meta name=\"twitter:card\" content=\"summary_large_image\" \/>\n<meta name=\"twitter:label1\" content=\"Est. reading time\" \/>\n\t<meta name=\"twitter:data1\" content=\"1 minute\" \/>\n<script type=\"application\/ld+json\" class=\"yoast-schema-graph\">{\"@context\":\"https:\/\/schema.org\",\"@graph\":[{\"@type\":\"WebPage\",\"@id\":\"https:\/\/4sezonai.lt\/en\/product\/advent-calendar-for-a-couple-kopija-kopija\/\",\"url\":\"https:\/\/4sezonai.lt\/en\/product\/advent-calendar-for-a-couple-kopija-kopija\/\",\"name\":\"Lithuanian strawberries and apples gift - 4sezonai\",\"isPartOf\":{\"@id\":\"https:\/\/4sezonai.lt\/en\/#website\"},\"primaryImageOfPage\":{\"@id\":\"https:\/\/4sezonai.lt\/en\/product\/advent-calendar-for-a-couple-kopija-kopija\/#primaryimage\"},\"image\":{\"@id\":\"https:\/\/4sezonai.lt\/en\/product\/advent-calendar-for-a-couple-kopija-kopija\/#primaryimage\"},\"thumbnailUrl\":\"https:\/\/4sezonai.lt\/wp-content\/uploads\/2025\/06\/web-37.jpg\",\"datePublished\":\"2025-11-23T09:55:45+00:00\",\"dateModified\":\"2025-11-23T17:23:20+00:00\",\"description\":\"Lithuanian strawberries and apples gift set, packaged in a stylish box. Hand-selected, freeze-dried fruit - a natural, healthy and aesthetically pleasing gift choice.\",\"breadcrumb\":{\"@id\":\"https:\/\/4sezonai.lt\/en\/product\/advent-calendar-for-a-couple-kopija-kopija\/#breadcrumb\"},\"inLanguage\":\"en-US\",\"potentialAction\":[{\"@type\":\"ReadAction\",\"target\":[\"https:\/\/4sezonai.lt\/en\/product\/advent-calendar-for-a-couple-kopija-kopija\/\"]}]},{\"@type\":\"ImageObject\",\"inLanguage\":\"en-US\",\"@id\":\"https:\/\/4sezonai.lt\/en\/product\/advent-calendar-for-a-couple-kopija-kopija\/#primaryimage\",\"url\":\"https:\/\/4sezonai.lt\/wp-content\/uploads\/2025\/06\/web-37.jpg\",\"contentUrl\":\"https:\/\/4sezonai.lt\/wp-content\/uploads\/2025\/06\/web-37.jpg\",\"width\":2048,\"height\":1365,\"caption\":\"Dovan\u0173 rinkinys liofilizuoti vaisiai ir uogos\"},{\"@type\":\"BreadcrumbList\",\"@id\":\"https:\/\/4sezonai.lt\/en\/product\/advent-calendar-for-a-couple-kopija-kopija\/#breadcrumb\",\"itemListElement\":[{\"@type\":\"ListItem\",\"position\":1,\"name\":\"Pagrindinis\",\"item\":\"https:\/\/4sezonai.lt\/en\/\"},{\"@type\":\"ListItem\",\"position\":2,\"name\":\"Shop\",\"item\":\"https:\/\/4sezonai.lt\/en\/shop\/\"},{\"@type\":\"ListItem\",\"position\":3,\"name\":\"Lithuanian strawberries and apples gift\"}]},{\"@type\":\"WebSite\",\"@id\":\"https:\/\/4sezonai.lt\/en\/#website\",\"url\":\"https:\/\/4sezonai.lt\/en\/\",\"name\":\"4sezonai\",\"description\":\"Auk\u0161\u010diausios kokyb\u0117s liofilzuoti produktai\",\"publisher\":{\"@id\":\"https:\/\/4sezonai.lt\/en\/#organization\"},\"potentialAction\":[{\"@type\":\"SearchAction\",\"target\":{\"@type\":\"EntryPoint\",\"urlTemplate\":\"https:\/\/4sezonai.lt\/en\/?s={search_term_string}\"},\"query-input\":{\"@type\":\"PropertyValueSpecification\",\"valueRequired\":true,\"valueName\":\"search_term_string\"}}],\"inLanguage\":\"en-US\"},{\"@type\":\"Organization\",\"@id\":\"https:\/\/4sezonai.lt\/en\/#organization\",\"name\":\"4sezonai\",\"url\":\"https:\/\/4sezonai.lt\/en\/\",\"logo\":{\"@type\":\"ImageObject\",\"inLanguage\":\"en-US\",\"@id\":\"https:\/\/4sezonai.lt\/en\/#\/schema\/logo\/image\/\",\"url\":\"https:\/\/4sezonai.lt\/wp-content\/uploads\/2024\/04\/4-Sezonai-logotipas.png\",\"contentUrl\":\"https:\/\/4sezonai.lt\/wp-content\/uploads\/2024\/04\/4-Sezonai-logotipas.png\",\"width\":712,\"height\":712,\"caption\":\"4sezonai\"},\"image\":{\"@id\":\"https:\/\/4sezonai.lt\/en\/#\/schema\/logo\/image\/\"},\"sameAs\":[\"https:\/\/www.facebook.com\/4sezonai.lt\",\"https:\/\/www.instagram.com\/4sezonai_\/\"]}]}<\/script>\n<!-- \/ Yoast SEO plugin. -->","yoast_head_json":{"title":"Lithuanian strawberries and apples gift - 4sezonai","description":"Lithuanian strawberries and apples gift set, packaged in a stylish box. Hand-selected, freeze-dried fruit - a natural, healthy and aesthetically pleasing gift choice.","robots":{"index":"index","follow":"follow","max-snippet":"max-snippet:-1","max-image-preview":"max-image-preview:large","max-video-preview":"max-video-preview:-1"},"canonical":"https:\/\/4sezonai.lt\/en\/product\/advent-calendar-for-a-couple-kopija-kopija\/","og_locale":"en_US","og_type":"article","og_title":"Lithuanian strawberries and apples gift - 4sezonai","og_description":"Lithuanian strawberries and apples gift set, packaged in a stylish box. Hand-selected, freeze-dried fruit - a natural, healthy and aesthetically pleasing gift choice.","og_url":"https:\/\/4sezonai.lt\/en\/product\/advent-calendar-for-a-couple-kopija-kopija\/","og_site_name":"4sezonai","article_publisher":"https:\/\/www.facebook.com\/4sezonai.lt","article_modified_time":"2025-11-23T17:23:20+00:00","og_image":[{"width":2048,"height":1365,"url":"https:\/\/4sezonai.lt\/wp-content\/uploads\/2025\/06\/web-37.jpg","type":"image\/jpeg"}],"twitter_card":"summary_large_image","twitter_misc":{"Est. reading time":"1 minute"},"schema":{"@context":"https:\/\/schema.org","@graph":[{"@type":"WebPage","@id":"https:\/\/4sezonai.lt\/en\/product\/advent-calendar-for-a-couple-kopija-kopija\/","url":"https:\/\/4sezonai.lt\/en\/product\/advent-calendar-for-a-couple-kopija-kopija\/","name":"Lithuanian strawberries and apples gift - 4sezonai","isPartOf":{"@id":"https:\/\/4sezonai.lt\/en\/#website"},"primaryImageOfPage":{"@id":"https:\/\/4sezonai.lt\/en\/product\/advent-calendar-for-a-couple-kopija-kopija\/#primaryimage"},"image":{"@id":"https:\/\/4sezonai.lt\/en\/product\/advent-calendar-for-a-couple-kopija-kopija\/#primaryimage"},"thumbnailUrl":"https:\/\/4sezonai.lt\/wp-content\/uploads\/2025\/06\/web-37.jpg","datePublished":"2025-11-23T09:55:45+00:00","dateModified":"2025-11-23T17:23:20+00:00","description":"Lithuanian strawberries and apples gift set, packaged in a stylish box. Hand-selected, freeze-dried fruit - a natural, healthy and aesthetically pleasing gift choice.","breadcrumb":{"@id":"https:\/\/4sezonai.lt\/en\/product\/advent-calendar-for-a-couple-kopija-kopija\/#breadcrumb"},"inLanguage":"en-US","potentialAction":[{"@type":"ReadAction","target":["https:\/\/4sezonai.lt\/en\/product\/advent-calendar-for-a-couple-kopija-kopija\/"]}]},{"@type":"ImageObject","inLanguage":"en-US","@id":"https:\/\/4sezonai.lt\/en\/product\/advent-calendar-for-a-couple-kopija-kopija\/#primaryimage","url":"https:\/\/4sezonai.lt\/wp-content\/uploads\/2025\/06\/web-37.jpg","contentUrl":"https:\/\/4sezonai.lt\/wp-content\/uploads\/2025\/06\/web-37.jpg","width":2048,"height":1365,"caption":"Dovan\u0173 rinkinys liofilizuoti vaisiai ir uogos"},{"@type":"BreadcrumbList","@id":"https:\/\/4sezonai.lt\/en\/product\/advent-calendar-for-a-couple-kopija-kopija\/#breadcrumb","itemListElement":[{"@type":"ListItem","position":1,"name":"Pagrindinis","item":"https:\/\/4sezonai.lt\/en\/"},{"@type":"ListItem","position":2,"name":"Shop","item":"https:\/\/4sezonai.lt\/en\/shop\/"},{"@type":"ListItem","position":3,"name":"Lithuanian strawberries and apples gift"}]},{"@type":"WebSite","@id":"https:\/\/4sezonai.lt\/en\/#website","url":"https:\/\/4sezonai.lt\/en\/","name":"4sezonai","description":"Auk\u0161\u010diausios kokyb\u0117s liofilzuoti produktai","publisher":{"@id":"https:\/\/4sezonai.lt\/en\/#organization"},"potentialAction":[{"@type":"SearchAction","target":{"@type":"EntryPoint","urlTemplate":"https:\/\/4sezonai.lt\/en\/?s={search_term_string}"},"query-input":{"@type":"PropertyValueSpecification","valueRequired":true,"valueName":"search_term_string"}}],"inLanguage":"en-US"},{"@type":"Organization","@id":"https:\/\/4sezonai.lt\/en\/#organization","name":"4sezonai","url":"https:\/\/4sezonai.lt\/en\/","logo":{"@type":"ImageObject","inLanguage":"en-US","@id":"https:\/\/4sezonai.lt\/en\/#\/schema\/logo\/image\/","url":"https:\/\/4sezonai.lt\/wp-content\/uploads\/2024\/04\/4-Sezonai-logotipas.png","contentUrl":"https:\/\/4sezonai.lt\/wp-content\/uploads\/2024\/04\/4-Sezonai-logotipas.png","width":712,"height":712,"caption":"4sezonai"},"image":{"@id":"https:\/\/4sezonai.lt\/en\/#\/schema\/logo\/image\/"},"sameAs":["https:\/\/www.facebook.com\/4sezonai.lt","https:\/\/www.instagram.com\/4sezonai_\/"]}]}},"_links":{"self":[{"href":"https:\/\/4sezonai.lt\/en\/wp-json\/wp\/v2\/product\/7420","targetHints":{"allow":["GET"]}}],"collection":[{"href":"https:\/\/4sezonai.lt\/en\/wp-json\/wp\/v2\/product"}],"about":[{"href":"https:\/\/4sezonai.lt\/en\/wp-json\/wp\/v2\/types\/product"}],"replies":[{"embeddable":true,"href":"https:\/\/4sezonai.lt\/en\/wp-json\/wp\/v2\/comments?post=7420"}],"wp:featuredmedia":[{"embeddable":true,"href":"https:\/\/4sezonai.lt\/en\/wp-json\/wp\/v2\/media\/7421"}],"wp:attachment":[{"href":"https:\/\/4sezonai.lt\/en\/wp-json\/wp\/v2\/media?parent=7420"}],"wp:term":[{"taxonomy":"product_brand","embeddable":true,"href":"https:\/\/4sezonai.lt\/en\/wp-json\/wp\/v2\/product_brand?post=7420"},{"taxonomy":"product_cat","embeddable":true,"href":"https:\/\/4sezonai.lt\/en\/wp-json\/wp\/v2\/product_cat?post=7420"},{"taxonomy":"product_tag","embeddable":true,"href":"https:\/\/4sezonai.lt\/en\/wp-json\/wp\/v2\/product_tag?post=7420"}],"curies":[{"name":"wp","href":"https:\/\/api.w.org\/{rel}","templated":true}]}}