{"id":9078,"date":"2026-03-17T18:37:11","date_gmt":"2026-03-17T16:37:11","guid":{"rendered":"https:\/\/4sezonai.lt\/?post_type=product&#038;p=9078"},"modified":"2026-03-17T18:51:43","modified_gmt":"2026-03-17T16:51:43","slug":"garlic-chunks-kopija","status":"publish","type":"product","link":"https:\/\/4sezonai.lt\/en\/product\/garlic-chunks-kopija\/","title":{"rendered":"Garlic chunks (Kopija)"},"content":{"rendered":"<p>Freeze-dried garlic is one of the most valuable and versatile health-promoting foods. It is very good for our bodies and is therefore often used in cooking. <\/p>\n<p>Freeze-dried garlic pieces are particularly suitable for making sauces or marinades, for flavouring baked goods and even for eating on their own.<\/p>\n<p>In our shop you can also buy <strong><a href=\"https:\/\/4sezonai.lt\/en\/produktas\/garlic-powder\/\">freeze-dried garlic powder<\/a><\/strong>which is particularly suitable for sauces, baked goods and all kinds of dishes where you don&#8217;t want garlic pieces.<\/p>\n<ul>\n<li>Store in a particularly dry, dark and cool place.<\/li>\n<li>Net weight 85 g<\/li>\n<\/ul>\n","protected":false},"excerpt":{"rendered":"<ul>\n<li>Made from fresh garlic grown in Lithuania<\/li>\n<li>Thoroughly cleaned and lyophilised by hand<\/li>\n<li>Natural taste, aroma and colour<\/li>\n<li>Preserves up to 97% of vitamins and beneficial substances<\/li>\n<li>100% natural, without preservatives or additives<\/li>\n<\/ul>\n<p>&nbsp;<\/p>\n","protected":false},"featured_media":9081,"comment_status":"open","ping_status":"closed","template":"","meta":{"wprm-recipe-roundup-name":"","wprm-recipe-roundup-description":""},"product_brand":[],"product_cat":[344],"product_tag":[],"class_list":{"0":"post-9078","1":"product","2":"type-product","3":"status-publish","4":"has-post-thumbnail","6":"product_cat-uncategorized","8":"first","9":"instock","10":"shipping-taxable","11":"purchasable","12":"product-type-simple"},"yoast_head":"<!-- This site is optimized with the Yoast SEO plugin v27.5 - https:\/\/yoast.com\/product\/yoast-seo-wordpress\/ -->\n<title>Garlic chunks (Kopija)% - For your kitchen experiments - 4sezonai%<\/title>\n<meta name=\"description\" content=\"Freeze-dried garlic online. Try one of the most valuable and versatile health-enhancing foods in your kitchen experiments.\" \/>\n<meta name=\"robots\" content=\"index, follow, max-snippet:-1, max-image-preview:large, max-video-preview:-1\" \/>\n<link rel=\"canonical\" href=\"https:\/\/4sezonai.lt\/en\/product\/garlic-chunks-kopija\/\" \/>\n<meta property=\"og:locale\" content=\"en_US\" \/>\n<meta property=\"og:type\" content=\"article\" \/>\n<meta property=\"og:title\" content=\"Garlic chunks (Kopija)% - For your kitchen experiments - 4sezonai%\" \/>\n<meta property=\"og:description\" content=\"Freeze-dried garlic online. Try one of the most valuable and versatile health-enhancing foods in your kitchen experiments.\" \/>\n<meta property=\"og:url\" content=\"https:\/\/4sezonai.lt\/en\/product\/garlic-chunks-kopija\/\" \/>\n<meta property=\"og:site_name\" content=\"4sezonai\" \/>\n<meta property=\"article:publisher\" content=\"https:\/\/www.facebook.com\/4sezonai.lt\" \/>\n<meta property=\"article:modified_time\" content=\"2026-03-17T16:51:43+00:00\" \/>\n<meta name=\"twitter:card\" content=\"summary_large_image\" \/>\n<script type=\"application\/ld+json\" class=\"yoast-schema-graph\">{\"@context\":\"https:\\\/\\\/schema.org\",\"@graph\":[{\"@type\":\"WebPage\",\"@id\":\"https:\\\/\\\/4sezonai.lt\\\/en\\\/product\\\/garlic-chunks-kopija\\\/\",\"url\":\"https:\\\/\\\/4sezonai.lt\\\/en\\\/product\\\/garlic-chunks-kopija\\\/\",\"name\":\"Garlic chunks (Kopija)% - For your kitchen experiments - 4sezonai%\",\"isPartOf\":{\"@id\":\"https:\\\/\\\/4sezonai.lt\\\/en\\\/#website\"},\"primaryImageOfPage\":{\"@id\":\"https:\\\/\\\/4sezonai.lt\\\/en\\\/product\\\/garlic-chunks-kopija\\\/#primaryimage\"},\"image\":{\"@id\":\"https:\\\/\\\/4sezonai.lt\\\/en\\\/product\\\/garlic-chunks-kopija\\\/#primaryimage\"},\"thumbnailUrl\":\"https:\\\/\\\/4sezonai.lt\\\/wp-content\\\/uploads\\\/2026\\\/03\\\/ChatGPT-Image-Mar-17-2026-at-06_18_38-PM.png\",\"datePublished\":\"2026-03-17T16:37:11+00:00\",\"dateModified\":\"2026-03-17T16:51:43+00:00\",\"description\":\"Freeze-dried garlic online. Try one of the most valuable and versatile health-enhancing foods in your kitchen experiments.\",\"breadcrumb\":{\"@id\":\"https:\\\/\\\/4sezonai.lt\\\/en\\\/product\\\/garlic-chunks-kopija\\\/#breadcrumb\"},\"inLanguage\":\"en-US\",\"potentialAction\":[{\"@type\":\"ReadAction\",\"target\":[\"https:\\\/\\\/4sezonai.lt\\\/en\\\/product\\\/garlic-chunks-kopija\\\/\"]}]},{\"@type\":\"ImageObject\",\"inLanguage\":\"en-US\",\"@id\":\"https:\\\/\\\/4sezonai.lt\\\/en\\\/product\\\/garlic-chunks-kopija\\\/#primaryimage\",\"url\":\"https:\\\/\\\/4sezonai.lt\\\/wp-content\\\/uploads\\\/2026\\\/03\\\/ChatGPT-Image-Mar-17-2026-at-06_18_38-PM.png\",\"contentUrl\":\"https:\\\/\\\/4sezonai.lt\\\/wp-content\\\/uploads\\\/2026\\\/03\\\/ChatGPT-Image-Mar-17-2026-at-06_18_38-PM.png\",\"width\":1024,\"height\":1024,\"caption\":\"Intensyvus \u010desnako skonis be jokio pasiruo\u0161imo\"},{\"@type\":\"BreadcrumbList\",\"@id\":\"https:\\\/\\\/4sezonai.lt\\\/en\\\/product\\\/garlic-chunks-kopija\\\/#breadcrumb\",\"itemListElement\":[{\"@type\":\"ListItem\",\"position\":1,\"name\":\"Pagrindinis\",\"item\":\"https:\\\/\\\/4sezonai.lt\\\/en\\\/\"},{\"@type\":\"ListItem\",\"position\":2,\"name\":\"Shop\",\"item\":\"https:\\\/\\\/4sezonai.lt\\\/en\\\/shop\\\/\"},{\"@type\":\"ListItem\",\"position\":3,\"name\":\"Garlic chunks (Kopija)\"}]},{\"@type\":\"WebSite\",\"@id\":\"https:\\\/\\\/4sezonai.lt\\\/en\\\/#website\",\"url\":\"https:\\\/\\\/4sezonai.lt\\\/en\\\/\",\"name\":\"4sezonai\",\"description\":\"Auk\u0161\u010diausios kokyb\u0117s liofilzuoti produktai\",\"publisher\":{\"@id\":\"https:\\\/\\\/4sezonai.lt\\\/en\\\/#organization\"},\"potentialAction\":[{\"@type\":\"SearchAction\",\"target\":{\"@type\":\"EntryPoint\",\"urlTemplate\":\"https:\\\/\\\/4sezonai.lt\\\/en\\\/?s={search_term_string}\"},\"query-input\":{\"@type\":\"PropertyValueSpecification\",\"valueRequired\":true,\"valueName\":\"search_term_string\"}}],\"inLanguage\":\"en-US\"},{\"@type\":\"Organization\",\"@id\":\"https:\\\/\\\/4sezonai.lt\\\/en\\\/#organization\",\"name\":\"4sezonai\",\"url\":\"https:\\\/\\\/4sezonai.lt\\\/en\\\/\",\"logo\":{\"@type\":\"ImageObject\",\"inLanguage\":\"en-US\",\"@id\":\"https:\\\/\\\/4sezonai.lt\\\/en\\\/#\\\/schema\\\/logo\\\/image\\\/\",\"url\":\"https:\\\/\\\/4sezonai.lt\\\/wp-content\\\/uploads\\\/2024\\\/04\\\/4-Sezonai-logotipas.png\",\"contentUrl\":\"https:\\\/\\\/4sezonai.lt\\\/wp-content\\\/uploads\\\/2024\\\/04\\\/4-Sezonai-logotipas.png\",\"width\":712,\"height\":712,\"caption\":\"4sezonai\"},\"image\":{\"@id\":\"https:\\\/\\\/4sezonai.lt\\\/en\\\/#\\\/schema\\\/logo\\\/image\\\/\"},\"sameAs\":[\"https:\\\/\\\/www.facebook.com\\\/4sezonai.lt\",\"https:\\\/\\\/www.instagram.com\\\/4sezonai_\\\/\"]}]}<\/script>\n<!-- \/ Yoast SEO plugin. -->","yoast_head_json":{"title":"Garlic chunks (Kopija)% - For your kitchen experiments - 4sezonai%","description":"Freeze-dried garlic online. Try one of the most valuable and versatile health-enhancing foods in your kitchen experiments.","robots":{"index":"index","follow":"follow","max-snippet":"max-snippet:-1","max-image-preview":"max-image-preview:large","max-video-preview":"max-video-preview:-1"},"canonical":"https:\/\/4sezonai.lt\/en\/product\/garlic-chunks-kopija\/","og_locale":"en_US","og_type":"article","og_title":"Garlic chunks (Kopija)% - For your kitchen experiments - 4sezonai%","og_description":"Freeze-dried garlic online. Try one of the most valuable and versatile health-enhancing foods in your kitchen experiments.","og_url":"https:\/\/4sezonai.lt\/en\/product\/garlic-chunks-kopija\/","og_site_name":"4sezonai","article_publisher":"https:\/\/www.facebook.com\/4sezonai.lt","article_modified_time":"2026-03-17T16:51:43+00:00","twitter_card":"summary_large_image","schema":{"@context":"https:\/\/schema.org","@graph":[{"@type":"WebPage","@id":"https:\/\/4sezonai.lt\/en\/product\/garlic-chunks-kopija\/","url":"https:\/\/4sezonai.lt\/en\/product\/garlic-chunks-kopija\/","name":"Garlic chunks (Kopija)% - For your kitchen experiments - 4sezonai%","isPartOf":{"@id":"https:\/\/4sezonai.lt\/en\/#website"},"primaryImageOfPage":{"@id":"https:\/\/4sezonai.lt\/en\/product\/garlic-chunks-kopija\/#primaryimage"},"image":{"@id":"https:\/\/4sezonai.lt\/en\/product\/garlic-chunks-kopija\/#primaryimage"},"thumbnailUrl":"https:\/\/4sezonai.lt\/wp-content\/uploads\/2026\/03\/ChatGPT-Image-Mar-17-2026-at-06_18_38-PM.png","datePublished":"2026-03-17T16:37:11+00:00","dateModified":"2026-03-17T16:51:43+00:00","description":"Freeze-dried garlic online. Try one of the most valuable and versatile health-enhancing foods in your kitchen experiments.","breadcrumb":{"@id":"https:\/\/4sezonai.lt\/en\/product\/garlic-chunks-kopija\/#breadcrumb"},"inLanguage":"en-US","potentialAction":[{"@type":"ReadAction","target":["https:\/\/4sezonai.lt\/en\/product\/garlic-chunks-kopija\/"]}]},{"@type":"ImageObject","inLanguage":"en-US","@id":"https:\/\/4sezonai.lt\/en\/product\/garlic-chunks-kopija\/#primaryimage","url":"https:\/\/4sezonai.lt\/wp-content\/uploads\/2026\/03\/ChatGPT-Image-Mar-17-2026-at-06_18_38-PM.png","contentUrl":"https:\/\/4sezonai.lt\/wp-content\/uploads\/2026\/03\/ChatGPT-Image-Mar-17-2026-at-06_18_38-PM.png","width":1024,"height":1024,"caption":"Intensyvus \u010desnako skonis be jokio pasiruo\u0161imo"},{"@type":"BreadcrumbList","@id":"https:\/\/4sezonai.lt\/en\/product\/garlic-chunks-kopija\/#breadcrumb","itemListElement":[{"@type":"ListItem","position":1,"name":"Pagrindinis","item":"https:\/\/4sezonai.lt\/en\/"},{"@type":"ListItem","position":2,"name":"Shop","item":"https:\/\/4sezonai.lt\/en\/shop\/"},{"@type":"ListItem","position":3,"name":"Garlic chunks (Kopija)"}]},{"@type":"WebSite","@id":"https:\/\/4sezonai.lt\/en\/#website","url":"https:\/\/4sezonai.lt\/en\/","name":"4sezonai","description":"Auk\u0161\u010diausios kokyb\u0117s liofilzuoti produktai","publisher":{"@id":"https:\/\/4sezonai.lt\/en\/#organization"},"potentialAction":[{"@type":"SearchAction","target":{"@type":"EntryPoint","urlTemplate":"https:\/\/4sezonai.lt\/en\/?s={search_term_string}"},"query-input":{"@type":"PropertyValueSpecification","valueRequired":true,"valueName":"search_term_string"}}],"inLanguage":"en-US"},{"@type":"Organization","@id":"https:\/\/4sezonai.lt\/en\/#organization","name":"4sezonai","url":"https:\/\/4sezonai.lt\/en\/","logo":{"@type":"ImageObject","inLanguage":"en-US","@id":"https:\/\/4sezonai.lt\/en\/#\/schema\/logo\/image\/","url":"https:\/\/4sezonai.lt\/wp-content\/uploads\/2024\/04\/4-Sezonai-logotipas.png","contentUrl":"https:\/\/4sezonai.lt\/wp-content\/uploads\/2024\/04\/4-Sezonai-logotipas.png","width":712,"height":712,"caption":"4sezonai"},"image":{"@id":"https:\/\/4sezonai.lt\/en\/#\/schema\/logo\/image\/"},"sameAs":["https:\/\/www.facebook.com\/4sezonai.lt","https:\/\/www.instagram.com\/4sezonai_\/"]}]}},"_links":{"self":[{"href":"https:\/\/4sezonai.lt\/en\/wp-json\/wp\/v2\/product\/9078","targetHints":{"allow":["GET"]}}],"collection":[{"href":"https:\/\/4sezonai.lt\/en\/wp-json\/wp\/v2\/product"}],"about":[{"href":"https:\/\/4sezonai.lt\/en\/wp-json\/wp\/v2\/types\/product"}],"replies":[{"embeddable":true,"href":"https:\/\/4sezonai.lt\/en\/wp-json\/wp\/v2\/comments?post=9078"}],"wp:featuredmedia":[{"embeddable":true,"href":"https:\/\/4sezonai.lt\/en\/wp-json\/wp\/v2\/media\/9081"}],"wp:attachment":[{"href":"https:\/\/4sezonai.lt\/en\/wp-json\/wp\/v2\/media?parent=9078"}],"wp:term":[{"taxonomy":"product_brand","embeddable":true,"href":"https:\/\/4sezonai.lt\/en\/wp-json\/wp\/v2\/product_brand?post=9078"},{"taxonomy":"product_cat","embeddable":true,"href":"https:\/\/4sezonai.lt\/en\/wp-json\/wp\/v2\/product_cat?post=9078"},{"taxonomy":"product_tag","embeddable":true,"href":"https:\/\/4sezonai.lt\/en\/wp-json\/wp\/v2\/product_tag?post=9078"}],"curies":[{"name":"wp","href":"https:\/\/api.w.org\/{rel}","templated":true}]}}