{"id":9614,"date":"2026-05-11T19:48:32","date_gmt":"2026-05-11T16:48:32","guid":{"rendered":"https:\/\/4sezonai.lt\/?post_type=product&#038;p=9614"},"modified":"2026-05-11T20:02:38","modified_gmt":"2026-05-11T17:02:38","slug":"freeze-dried-orphan-flowers-kopija","status":"publish","type":"product","link":"https:\/\/4sezonai.lt\/en\/product\/freeze-dried-orphan-flowers-kopija\/","title":{"rendered":"Freeze-dried orphan flowers (Kopija)"},"content":{"rendered":"<p>Freeze-dried pansy flowers are edible flowers that are perfect for decorating food products.<\/p>\n<p>Brighten up your day by decorating your breakfast with freeze-dried pansy blossoms on a cold winter morning, or delight a customer in your restaurant by bringing a colourfully decorated dish on a rainy autumn day.<\/p>\n<p>Orphan rings are packed by hand only, to minimise breakages.<\/p>\n<ul>\n<li>Store in a particularly dark, dry and cool place.<\/li>\n<li>Packed in a 400 ml jar.<\/li>\n<\/ul>\n<p>In our shop you can also find <strong><a href=\"https:\/\/4sezonai.lt\/en\/produktas\/freeze-dried-dandelion-flowers\/\" target=\"_blank\" rel=\"noopener\">lyophilised dandelion flowers<\/a><\/strong>.<\/p>\n","protected":false},"excerpt":{"rendered":"<ul>\n<li>Made from fresh flower blossoms grown in Lithuania<\/li>\n<li>Hand-picked, carefully selected, washed and purified<\/li>\n<li>Natural taste, aroma and colour<\/li>\n<li>100% natural, without preservatives or additives<\/li>\n<li>Convenient for food or drink decoration<\/li>\n<\/ul>\n<p>&nbsp;<\/p>\n","protected":false},"featured_media":9385,"comment_status":"open","ping_status":"closed","template":"","meta":{"wprm-recipe-roundup-name":"","wprm-recipe-roundup-description":""},"product_brand":[],"product_cat":[407],"product_tag":[],"class_list":{"0":"post-9614","1":"product","2":"type-product","3":"status-publish","4":"has-post-thumbnail","6":"product_cat-salt-and-flowers","8":"first","9":"instock","10":"featured","11":"shipping-taxable","12":"purchasable","13":"product-type-simple"},"yoast_head":"<!-- This site is optimized with the Yoast SEO plugin v27.5 - https:\/\/yoast.com\/product\/yoast-seo-wordpress\/ -->\n<title>Edible Flowers |Freeze-dried orphan flowers (Kopija) | -%4sezonai%<\/title>\n<meta name=\"description\" content=\"Edible flowers - natural from Lithuanian fields, Freeze-dried pansy flowers are perfect for decorating food products. Perfect for restaurants and cafes.\" \/>\n<meta name=\"robots\" content=\"index, follow, max-snippet:-1, max-image-preview:large, max-video-preview:-1\" \/>\n<link rel=\"canonical\" href=\"https:\/\/4sezonai.lt\/en\/product\/freeze-dried-orphan-flowers-kopija\/\" \/>\n<meta property=\"og:locale\" content=\"en_US\" \/>\n<meta property=\"og:type\" content=\"article\" \/>\n<meta property=\"og:title\" content=\"Edible Flowers |Freeze-dried orphan flowers (Kopija) | -%4sezonai%\" \/>\n<meta property=\"og:description\" content=\"Edible flowers - natural from Lithuanian fields, Freeze-dried pansy flowers are perfect for decorating food products. Perfect for restaurants and cafes.\" \/>\n<meta property=\"og:url\" content=\"https:\/\/4sezonai.lt\/en\/product\/freeze-dried-orphan-flowers-kopija\/\" \/>\n<meta property=\"og:site_name\" content=\"4sezonai\" \/>\n<meta property=\"article:publisher\" content=\"https:\/\/www.facebook.com\/4sezonai.lt\" \/>\n<meta property=\"article:modified_time\" content=\"2026-05-11T17:02:38+00:00\" \/>\n<meta property=\"og:image\" content=\"https:\/\/4sezonai.lt\/wp-content\/uploads\/2025\/06\/GB9A2772.jpg\" \/>\n\t<meta property=\"og:image:width\" content=\"1219\" \/>\n\t<meta property=\"og:image:height\" content=\"1219\" \/>\n\t<meta property=\"og:image:type\" content=\"image\/jpeg\" \/>\n<meta name=\"twitter:card\" content=\"summary_large_image\" \/>\n<script type=\"application\/ld+json\" class=\"yoast-schema-graph\">{\"@context\":\"https:\\\/\\\/schema.org\",\"@graph\":[{\"@type\":\"WebPage\",\"@id\":\"https:\\\/\\\/4sezonai.lt\\\/en\\\/product\\\/freeze-dried-orphan-flowers-kopija\\\/\",\"url\":\"https:\\\/\\\/4sezonai.lt\\\/en\\\/product\\\/freeze-dried-orphan-flowers-kopija\\\/\",\"name\":\"Edible Flowers |Freeze-dried orphan flowers (Kopija) | -%4sezonai%\",\"isPartOf\":{\"@id\":\"https:\\\/\\\/4sezonai.lt\\\/en\\\/#website\"},\"primaryImageOfPage\":{\"@id\":\"https:\\\/\\\/4sezonai.lt\\\/en\\\/product\\\/freeze-dried-orphan-flowers-kopija\\\/#primaryimage\"},\"image\":{\"@id\":\"https:\\\/\\\/4sezonai.lt\\\/en\\\/product\\\/freeze-dried-orphan-flowers-kopija\\\/#primaryimage\"},\"thumbnailUrl\":\"https:\\\/\\\/4sezonai.lt\\\/wp-content\\\/uploads\\\/2025\\\/06\\\/GB9A2772.jpg\",\"datePublished\":\"2026-05-11T16:48:32+00:00\",\"dateModified\":\"2026-05-11T17:02:38+00:00\",\"description\":\"Edible flowers - natural from Lithuanian fields, Freeze-dried pansy flowers are perfect for decorating food products. Perfect for restaurants and cafes.\",\"breadcrumb\":{\"@id\":\"https:\\\/\\\/4sezonai.lt\\\/en\\\/product\\\/freeze-dried-orphan-flowers-kopija\\\/#breadcrumb\"},\"inLanguage\":\"en-US\",\"potentialAction\":[{\"@type\":\"ReadAction\",\"target\":[\"https:\\\/\\\/4sezonai.lt\\\/en\\\/product\\\/freeze-dried-orphan-flowers-kopija\\\/\"]}]},{\"@type\":\"ImageObject\",\"inLanguage\":\"en-US\",\"@id\":\"https:\\\/\\\/4sezonai.lt\\\/en\\\/product\\\/freeze-dried-orphan-flowers-kopija\\\/#primaryimage\",\"url\":\"https:\\\/\\\/4sezonai.lt\\\/wp-content\\\/uploads\\\/2025\\\/06\\\/GB9A2772.jpg\",\"contentUrl\":\"https:\\\/\\\/4sezonai.lt\\\/wp-content\\\/uploads\\\/2025\\\/06\\\/GB9A2772.jpg\",\"width\":1219,\"height\":1219,\"caption\":\"geliu ziedai\"},{\"@type\":\"BreadcrumbList\",\"@id\":\"https:\\\/\\\/4sezonai.lt\\\/en\\\/product\\\/freeze-dried-orphan-flowers-kopija\\\/#breadcrumb\",\"itemListElement\":[{\"@type\":\"ListItem\",\"position\":1,\"name\":\"Pagrindinis\",\"item\":\"https:\\\/\\\/4sezonai.lt\\\/en\\\/\"},{\"@type\":\"ListItem\",\"position\":2,\"name\":\"Shop\",\"item\":\"https:\\\/\\\/4sezonai.lt\\\/en\\\/shop\\\/\"},{\"@type\":\"ListItem\",\"position\":3,\"name\":\"Freeze-dried orphan flowers (Kopija)\"}]},{\"@type\":\"WebSite\",\"@id\":\"https:\\\/\\\/4sezonai.lt\\\/en\\\/#website\",\"url\":\"https:\\\/\\\/4sezonai.lt\\\/en\\\/\",\"name\":\"4sezonai\",\"description\":\"Auk\u0161\u010diausios kokyb\u0117s liofilzuoti produktai\",\"publisher\":{\"@id\":\"https:\\\/\\\/4sezonai.lt\\\/en\\\/#organization\"},\"potentialAction\":[{\"@type\":\"SearchAction\",\"target\":{\"@type\":\"EntryPoint\",\"urlTemplate\":\"https:\\\/\\\/4sezonai.lt\\\/en\\\/?s={search_term_string}\"},\"query-input\":{\"@type\":\"PropertyValueSpecification\",\"valueRequired\":true,\"valueName\":\"search_term_string\"}}],\"inLanguage\":\"en-US\"},{\"@type\":\"Organization\",\"@id\":\"https:\\\/\\\/4sezonai.lt\\\/en\\\/#organization\",\"name\":\"4sezonai\",\"url\":\"https:\\\/\\\/4sezonai.lt\\\/en\\\/\",\"logo\":{\"@type\":\"ImageObject\",\"inLanguage\":\"en-US\",\"@id\":\"https:\\\/\\\/4sezonai.lt\\\/en\\\/#\\\/schema\\\/logo\\\/image\\\/\",\"url\":\"https:\\\/\\\/4sezonai.lt\\\/wp-content\\\/uploads\\\/2024\\\/04\\\/4-Sezonai-logotipas.png\",\"contentUrl\":\"https:\\\/\\\/4sezonai.lt\\\/wp-content\\\/uploads\\\/2024\\\/04\\\/4-Sezonai-logotipas.png\",\"width\":712,\"height\":712,\"caption\":\"4sezonai\"},\"image\":{\"@id\":\"https:\\\/\\\/4sezonai.lt\\\/en\\\/#\\\/schema\\\/logo\\\/image\\\/\"},\"sameAs\":[\"https:\\\/\\\/www.facebook.com\\\/4sezonai.lt\",\"https:\\\/\\\/www.instagram.com\\\/4sezonai_\\\/\"]}]}<\/script>\n<!-- \/ Yoast SEO plugin. -->","yoast_head_json":{"title":"Edible Flowers |Freeze-dried orphan flowers (Kopija) | -%4sezonai%","description":"Edible flowers - natural from Lithuanian fields, Freeze-dried pansy flowers are perfect for decorating food products. Perfect for restaurants and cafes.","robots":{"index":"index","follow":"follow","max-snippet":"max-snippet:-1","max-image-preview":"max-image-preview:large","max-video-preview":"max-video-preview:-1"},"canonical":"https:\/\/4sezonai.lt\/en\/product\/freeze-dried-orphan-flowers-kopija\/","og_locale":"en_US","og_type":"article","og_title":"Edible Flowers |Freeze-dried orphan flowers (Kopija) | -%4sezonai%","og_description":"Edible flowers - natural from Lithuanian fields, Freeze-dried pansy flowers are perfect for decorating food products. Perfect for restaurants and cafes.","og_url":"https:\/\/4sezonai.lt\/en\/product\/freeze-dried-orphan-flowers-kopija\/","og_site_name":"4sezonai","article_publisher":"https:\/\/www.facebook.com\/4sezonai.lt","article_modified_time":"2026-05-11T17:02:38+00:00","og_image":[{"width":1219,"height":1219,"url":"https:\/\/4sezonai.lt\/wp-content\/uploads\/2025\/06\/GB9A2772.jpg","type":"image\/jpeg"}],"twitter_card":"summary_large_image","schema":{"@context":"https:\/\/schema.org","@graph":[{"@type":"WebPage","@id":"https:\/\/4sezonai.lt\/en\/product\/freeze-dried-orphan-flowers-kopija\/","url":"https:\/\/4sezonai.lt\/en\/product\/freeze-dried-orphan-flowers-kopija\/","name":"Edible Flowers |Freeze-dried orphan flowers (Kopija) | -%4sezonai%","isPartOf":{"@id":"https:\/\/4sezonai.lt\/en\/#website"},"primaryImageOfPage":{"@id":"https:\/\/4sezonai.lt\/en\/product\/freeze-dried-orphan-flowers-kopija\/#primaryimage"},"image":{"@id":"https:\/\/4sezonai.lt\/en\/product\/freeze-dried-orphan-flowers-kopija\/#primaryimage"},"thumbnailUrl":"https:\/\/4sezonai.lt\/wp-content\/uploads\/2025\/06\/GB9A2772.jpg","datePublished":"2026-05-11T16:48:32+00:00","dateModified":"2026-05-11T17:02:38+00:00","description":"Edible flowers - natural from Lithuanian fields, Freeze-dried pansy flowers are perfect for decorating food products. Perfect for restaurants and cafes.","breadcrumb":{"@id":"https:\/\/4sezonai.lt\/en\/product\/freeze-dried-orphan-flowers-kopija\/#breadcrumb"},"inLanguage":"en-US","potentialAction":[{"@type":"ReadAction","target":["https:\/\/4sezonai.lt\/en\/product\/freeze-dried-orphan-flowers-kopija\/"]}]},{"@type":"ImageObject","inLanguage":"en-US","@id":"https:\/\/4sezonai.lt\/en\/product\/freeze-dried-orphan-flowers-kopija\/#primaryimage","url":"https:\/\/4sezonai.lt\/wp-content\/uploads\/2025\/06\/GB9A2772.jpg","contentUrl":"https:\/\/4sezonai.lt\/wp-content\/uploads\/2025\/06\/GB9A2772.jpg","width":1219,"height":1219,"caption":"geliu ziedai"},{"@type":"BreadcrumbList","@id":"https:\/\/4sezonai.lt\/en\/product\/freeze-dried-orphan-flowers-kopija\/#breadcrumb","itemListElement":[{"@type":"ListItem","position":1,"name":"Pagrindinis","item":"https:\/\/4sezonai.lt\/en\/"},{"@type":"ListItem","position":2,"name":"Shop","item":"https:\/\/4sezonai.lt\/en\/shop\/"},{"@type":"ListItem","position":3,"name":"Freeze-dried orphan flowers (Kopija)"}]},{"@type":"WebSite","@id":"https:\/\/4sezonai.lt\/en\/#website","url":"https:\/\/4sezonai.lt\/en\/","name":"4sezonai","description":"Auk\u0161\u010diausios kokyb\u0117s liofilzuoti produktai","publisher":{"@id":"https:\/\/4sezonai.lt\/en\/#organization"},"potentialAction":[{"@type":"SearchAction","target":{"@type":"EntryPoint","urlTemplate":"https:\/\/4sezonai.lt\/en\/?s={search_term_string}"},"query-input":{"@type":"PropertyValueSpecification","valueRequired":true,"valueName":"search_term_string"}}],"inLanguage":"en-US"},{"@type":"Organization","@id":"https:\/\/4sezonai.lt\/en\/#organization","name":"4sezonai","url":"https:\/\/4sezonai.lt\/en\/","logo":{"@type":"ImageObject","inLanguage":"en-US","@id":"https:\/\/4sezonai.lt\/en\/#\/schema\/logo\/image\/","url":"https:\/\/4sezonai.lt\/wp-content\/uploads\/2024\/04\/4-Sezonai-logotipas.png","contentUrl":"https:\/\/4sezonai.lt\/wp-content\/uploads\/2024\/04\/4-Sezonai-logotipas.png","width":712,"height":712,"caption":"4sezonai"},"image":{"@id":"https:\/\/4sezonai.lt\/en\/#\/schema\/logo\/image\/"},"sameAs":["https:\/\/www.facebook.com\/4sezonai.lt","https:\/\/www.instagram.com\/4sezonai_\/"]}]}},"_links":{"self":[{"href":"https:\/\/4sezonai.lt\/en\/wp-json\/wp\/v2\/product\/9614","targetHints":{"allow":["GET"]}}],"collection":[{"href":"https:\/\/4sezonai.lt\/en\/wp-json\/wp\/v2\/product"}],"about":[{"href":"https:\/\/4sezonai.lt\/en\/wp-json\/wp\/v2\/types\/product"}],"replies":[{"embeddable":true,"href":"https:\/\/4sezonai.lt\/en\/wp-json\/wp\/v2\/comments?post=9614"}],"wp:featuredmedia":[{"embeddable":true,"href":"https:\/\/4sezonai.lt\/en\/wp-json\/wp\/v2\/media\/9385"}],"wp:attachment":[{"href":"https:\/\/4sezonai.lt\/en\/wp-json\/wp\/v2\/media?parent=9614"}],"wp:term":[{"taxonomy":"product_brand","embeddable":true,"href":"https:\/\/4sezonai.lt\/en\/wp-json\/wp\/v2\/product_brand?post=9614"},{"taxonomy":"product_cat","embeddable":true,"href":"https:\/\/4sezonai.lt\/en\/wp-json\/wp\/v2\/product_cat?post=9614"},{"taxonomy":"product_tag","embeddable":true,"href":"https:\/\/4sezonai.lt\/en\/wp-json\/wp\/v2\/product_tag?post=9614"}],"curies":[{"name":"wp","href":"https:\/\/api.w.org\/{rel}","templated":true}]}}